{"id":315,"date":"2023-09-07T16:54:20","date_gmt":"2023-09-07T16:54:20","guid":{"rendered":"https:\/\/www.nestwaerme.org\/?page_id=1937"},"modified":"2024-12-04T08:48:19","modified_gmt":"2024-12-04T07:48:19","slug":"termine","status":"publish","type":"page","link":"https:\/\/www.nestwaerme.org\/at\/angebote\/resilienz-training\/termine\/","title":{"rendered":"Resilienz Termine"},"content":{"rendered":"\n<h2 class=\"wp-block-heading\">Alle Termine auf einen Blick<\/h2>\n\n\n\n<h3 class=\"wp-block-heading\">Kostenlose Resilienz-Schnupperstunde<\/h3>\n\n\n\n\n\n\n<hr class=\"wp-block-separator has-alpha-channel-opacity\"\/>\n\n\n\n<h3 class=\"wp-block-heading\">Resilienz-Workshops<\/h3>\n\n\n\n\n\n\n<hr class=\"wp-block-separator has-alpha-channel-opacity\"\/>\n\n\n\n<h3 class=\"wp-block-heading\">Resilienz-Practitioner<\/h3>\n\n\n\n<p>Bei Interesse an einer Teilnahme schreib uns bitte eine Mail an&nbsp;<a href=\"mailto:resilienz@nestwaerme.de\"><u>resilienz@nestwaerme.de<\/u><\/a>, dann setzen wir dich gerne auf die&nbsp;<strong>Warteliste<\/strong>. Ab 5 Interessierten finden wir gemeinsam passende Termine.&nbsp;<\/p>\n\n\n\n<hr class=\"wp-block-separator has-alpha-channel-opacity\"\/>\n\n\n\n<h3 class=\"wp-block-heading\">Resilienz-Begleitung<\/h3>\n\n\n\n<p>Die ResilienzBegleiter-Ausbildung ist im Anschluss an den <a href=\"https:\/\/www.nestwaerme.org\/at\/angebote\/resilienz-training\/kursangebote\/\">Resilienz-Practitioner-Kurs<\/a> m\u00f6glich. Bei Interesse an einer Teilnahme schreib uns bitte eine Mail an\u00a0<a href=\"mailto:resilienz@nestwaerme.de\">resilienz@nestwaerme.de<\/a>, dann setzen wir dich gerne auf die\u00a0<strong>Warteliste<\/strong>. Ab 4 Interessierten finden wir gemeinsam passende Termine.<\/p>\n\n\n\n<hr class=\"wp-block-separator has-alpha-channel-opacity\"\/>\n\n\n\n<h3 class=\"wp-block-heading\">Deine Ansprechpartnerin<\/h3>\n\n\n\n\n<div class=\"c-section\" >\t\t\t\t\n\n\t\t\t\n\t<div class=\"c-person\">\n\t\t\t\t\n\t\t\t\t\t<div class=\"c-person__media\">\n\t\t\t\t\t\t\n\t\t\t\t\t\t\t\t<img decoding=\"async\" src=\"https:\/\/www.nestwaerme.org\/at\/wp-content\/uploads\/sites\/2\/2023\/10\/Anna-Scholtes-400x400.webp\"  \/>\t\t\t<\/div>\n\t\t\t<div class=\"c-person__content\">\n\t\t\t\t\t\t\t\t\t\t\t\t<h3 class=\"c-person__heading\">Anna Scholtes<\/h3>\t\t\t\n\t\t\t\t\t\t\t\t\t\t\t\t\t\t\t\t\t\t\t\t\t\t\t\t\t<ul class=\"c-person__list\">\t\t\t\t\n\t\t\t\t\t\t\t\t\t\t\t<li class=\"c-person__mail\">\n\t\t\t\t\t\t\t<a href=\"mailto:resilienz@nestwaerme.de\"><svg width=\"21\" height=\"21\" aria-hidden=\"true\" role=\"img\" focusable=\"false\"><use href=\"#utility-mail\"><\/use><\/svg>resilienz@nestwaerme.de<\/a>\n\t\t\t\t\t\t<\/li>\t\t\t\t\t\t\t\t\n\t\t\t\t\t\t\t\t\t\t\t\t\t\t\t\t<li class=\"c-person__phone\">\n\t\t\t\t\t\t\t<a href=\"tel:+49 (0) 651 99201 220\"> <svg width=\"21\" height=\"21\" aria-hidden=\"true\" role=\"img\" focusable=\"false\"><use href=\"#utility-phone\"><\/use><\/svg>+49 (0) 651 99201 220<\/a>\n\t\t\t\t\t\t<\/li>\n\t\t\t\t\t\t\t\t\t\n\t\t\t\t\t    \t\t\t\t\n\t\t\t\t<\/ul>\n\t\t\t\t\t\t\t<\/div>\n\t\t\t<\/div>\n<\/div>","protected":false},"excerpt":{"rendered":"<p>Finde jetzt den passenden Termin f\u00fcr dein Resilienz Training und melde dich an. Online oder in Pr\u00e4senz. <\/p>\n","protected":false},"author":3,"featured_media":316,"parent":832,"menu_order":5,"comment_status":"closed","ping_status":"closed","template":"","meta":{"_acf_changed":false,"footnotes":""},"class_list":{"2":"type-page"},"acf":[],"yoast_head":"<!-- This site is optimized with the Yoast SEO plugin v27.2 - https:\/\/yoast.com\/product\/yoast-seo-wordpress\/ -->\n<title>Resilienz Training \u2013 Termine - nestw\u00e4rme \u00d6sterreich<\/title>\n<meta name=\"description\" content=\"Finde jetzt den passenden Termin f\u00fcr dein Resilienz Training und melde dich an. Online oder in Pr\u00e4senz.\" \/>\n<meta name=\"robots\" content=\"noindex, follow, max-snippet:-1, max-image-preview:large, max-video-preview:-1\" \/>\n<meta property=\"og:locale\" content=\"de_DE\" \/>\n<meta property=\"og:type\" content=\"article\" \/>\n<meta property=\"og:title\" content=\"Resilienz Training \u2013 Termine - nestw\u00e4rme \u00d6sterreich\" \/>\n<meta property=\"og:description\" content=\"Finde jetzt den passenden Termin f\u00fcr dein Resilienz Training und melde dich an. Online oder in Pr\u00e4senz.\" \/>\n<meta property=\"og:url\" content=\"https:\/\/www.nestwaerme.org\/at\/angebote\/resilienz-training\/termine\/\" \/>\n<meta property=\"og:site_name\" content=\"nestw\u00e4rme \u00d6sterreich\" \/>\n<meta property=\"article:modified_time\" content=\"2024-12-04T07:48:19+00:00\" \/>\n<meta property=\"og:image\" content=\"https:\/\/www.nestwaerme.org\/at\/wp-content\/uploads\/sites\/2\/2023\/10\/Headerbild_Termine.jpg\" \/>\n\t<meta property=\"og:image:width\" content=\"2400\" \/>\n\t<meta property=\"og:image:height\" content=\"1599\" \/>\n\t<meta property=\"og:image:type\" content=\"image\/jpeg\" \/>\n<meta name=\"twitter:card\" content=\"summary_large_image\" \/>\n<meta name=\"twitter:label1\" content=\"Gesch\u00e4tzte Lesezeit\" \/>\n\t<meta name=\"twitter:data1\" content=\"1\u00a0Minute\" \/>\n<script type=\"application\/ld+json\" class=\"yoast-schema-graph\">{\"@context\":\"https:\/\/schema.org\",\"@graph\":[{\"@type\":\"WebPage\",\"@id\":\"https:\/\/www.nestwaerme.org\/at\/angebote\/resilienz-training\/termine\/\",\"url\":\"https:\/\/www.nestwaerme.org\/at\/angebote\/resilienz-training\/termine\/\",\"name\":\"Resilienz Training \u2013 Termine - nestw\u00e4rme \u00d6sterreich\",\"isPartOf\":{\"@id\":\"https:\/\/www.nestwaerme.org\/at\/#website\"},\"primaryImageOfPage\":{\"@id\":\"https:\/\/www.nestwaerme.org\/at\/angebote\/resilienz-training\/termine\/#primaryimage\"},\"image\":{\"@id\":\"https:\/\/www.nestwaerme.org\/at\/angebote\/resilienz-training\/termine\/#primaryimage\"},\"thumbnailUrl\":\"https:\/\/www.nestwaerme.org\/at\/wp-content\/uploads\/sites\/2\/2023\/10\/Headerbild_Termine.jpg\",\"datePublished\":\"2023-09-07T16:54:20+00:00\",\"dateModified\":\"2024-12-04T07:48:19+00:00\",\"description\":\"Finde jetzt den passenden Termin f\u00fcr dein Resilienz Training und melde dich an. Online oder in Pr\u00e4senz.\",\"breadcrumb\":{\"@id\":\"https:\/\/www.nestwaerme.org\/at\/angebote\/resilienz-training\/termine\/#breadcrumb\"},\"inLanguage\":\"de\",\"potentialAction\":[{\"@type\":\"ReadAction\",\"target\":[\"https:\/\/www.nestwaerme.org\/at\/angebote\/resilienz-training\/termine\/\"]}]},{\"@type\":\"ImageObject\",\"inLanguage\":\"de\",\"@id\":\"https:\/\/www.nestwaerme.org\/at\/angebote\/resilienz-training\/termine\/#primaryimage\",\"url\":\"https:\/\/www.nestwaerme.org\/at\/wp-content\/uploads\/sites\/2\/2023\/10\/Headerbild_Termine.jpg\",\"contentUrl\":\"https:\/\/www.nestwaerme.org\/at\/wp-content\/uploads\/sites\/2\/2023\/10\/Headerbild_Termine.jpg\",\"width\":2400,\"height\":1599},{\"@type\":\"BreadcrumbList\",\"@id\":\"https:\/\/www.nestwaerme.org\/at\/angebote\/resilienz-training\/termine\/#breadcrumb\",\"itemListElement\":[{\"@type\":\"ListItem\",\"position\":1,\"name\":\"Startseite\",\"item\":\"https:\/\/www.nestwaerme.org\/at\/\"},{\"@type\":\"ListItem\",\"position\":2,\"name\":\"Angebote\",\"item\":\"https:\/\/www.nestwaerme.org\/at\/angebote\/\"},{\"@type\":\"ListItem\",\"position\":3,\"name\":\"Resilienz-Training\",\"item\":\"https:\/\/www.nestwaerme.org\/at\/angebote\/resilienz-training\/\"},{\"@type\":\"ListItem\",\"position\":4,\"name\":\"Resilienz Termine\"}]},{\"@type\":\"WebSite\",\"@id\":\"https:\/\/www.nestwaerme.org\/at\/#website\",\"url\":\"https:\/\/www.nestwaerme.org\/at\/\",\"name\":\"nestw\u00e4rme \u00d6sterreich\",\"description\":\"\",\"potentialAction\":[{\"@type\":\"SearchAction\",\"target\":{\"@type\":\"EntryPoint\",\"urlTemplate\":\"https:\/\/www.nestwaerme.org\/at\/?s={search_term_string}\"},\"query-input\":{\"@type\":\"PropertyValueSpecification\",\"valueRequired\":true,\"valueName\":\"search_term_string\"}}],\"inLanguage\":\"de\"}]}<\/script>\n<!-- \/ Yoast SEO plugin. -->","yoast_head_json":{"title":"Resilienz Training \u2013 Termine - nestw\u00e4rme \u00d6sterreich","description":"Finde jetzt den passenden Termin f\u00fcr dein Resilienz Training und melde dich an. Online oder in Pr\u00e4senz.","robots":{"index":"noindex","follow":"follow","max-snippet":"max-snippet:-1","max-image-preview":"max-image-preview:large","max-video-preview":"max-video-preview:-1"},"og_locale":"de_DE","og_type":"article","og_title":"Resilienz Training \u2013 Termine - nestw\u00e4rme \u00d6sterreich","og_description":"Finde jetzt den passenden Termin f\u00fcr dein Resilienz Training und melde dich an. Online oder in Pr\u00e4senz.","og_url":"https:\/\/www.nestwaerme.org\/at\/angebote\/resilienz-training\/termine\/","og_site_name":"nestw\u00e4rme \u00d6sterreich","article_modified_time":"2024-12-04T07:48:19+00:00","og_image":[{"width":2400,"height":1599,"url":"https:\/\/www.nestwaerme.org\/at\/wp-content\/uploads\/sites\/2\/2023\/10\/Headerbild_Termine.jpg","type":"image\/jpeg"}],"twitter_card":"summary_large_image","twitter_misc":{"Gesch\u00e4tzte Lesezeit":"1\u00a0Minute"},"schema":{"@context":"https:\/\/schema.org","@graph":[{"@type":"WebPage","@id":"https:\/\/www.nestwaerme.org\/at\/angebote\/resilienz-training\/termine\/","url":"https:\/\/www.nestwaerme.org\/at\/angebote\/resilienz-training\/termine\/","name":"Resilienz Training \u2013 Termine - nestw\u00e4rme \u00d6sterreich","isPartOf":{"@id":"https:\/\/www.nestwaerme.org\/at\/#website"},"primaryImageOfPage":{"@id":"https:\/\/www.nestwaerme.org\/at\/angebote\/resilienz-training\/termine\/#primaryimage"},"image":{"@id":"https:\/\/www.nestwaerme.org\/at\/angebote\/resilienz-training\/termine\/#primaryimage"},"thumbnailUrl":"https:\/\/www.nestwaerme.org\/at\/wp-content\/uploads\/sites\/2\/2023\/10\/Headerbild_Termine.jpg","datePublished":"2023-09-07T16:54:20+00:00","dateModified":"2024-12-04T07:48:19+00:00","description":"Finde jetzt den passenden Termin f\u00fcr dein Resilienz Training und melde dich an. Online oder in Pr\u00e4senz.","breadcrumb":{"@id":"https:\/\/www.nestwaerme.org\/at\/angebote\/resilienz-training\/termine\/#breadcrumb"},"inLanguage":"de","potentialAction":[{"@type":"ReadAction","target":["https:\/\/www.nestwaerme.org\/at\/angebote\/resilienz-training\/termine\/"]}]},{"@type":"ImageObject","inLanguage":"de","@id":"https:\/\/www.nestwaerme.org\/at\/angebote\/resilienz-training\/termine\/#primaryimage","url":"https:\/\/www.nestwaerme.org\/at\/wp-content\/uploads\/sites\/2\/2023\/10\/Headerbild_Termine.jpg","contentUrl":"https:\/\/www.nestwaerme.org\/at\/wp-content\/uploads\/sites\/2\/2023\/10\/Headerbild_Termine.jpg","width":2400,"height":1599},{"@type":"BreadcrumbList","@id":"https:\/\/www.nestwaerme.org\/at\/angebote\/resilienz-training\/termine\/#breadcrumb","itemListElement":[{"@type":"ListItem","position":1,"name":"Startseite","item":"https:\/\/www.nestwaerme.org\/at\/"},{"@type":"ListItem","position":2,"name":"Angebote","item":"https:\/\/www.nestwaerme.org\/at\/angebote\/"},{"@type":"ListItem","position":3,"name":"Resilienz-Training","item":"https:\/\/www.nestwaerme.org\/at\/angebote\/resilienz-training\/"},{"@type":"ListItem","position":4,"name":"Resilienz Termine"}]},{"@type":"WebSite","@id":"https:\/\/www.nestwaerme.org\/at\/#website","url":"https:\/\/www.nestwaerme.org\/at\/","name":"nestw\u00e4rme \u00d6sterreich","description":"","potentialAction":[{"@type":"SearchAction","target":{"@type":"EntryPoint","urlTemplate":"https:\/\/www.nestwaerme.org\/at\/?s={search_term_string}"},"query-input":{"@type":"PropertyValueSpecification","valueRequired":true,"valueName":"search_term_string"}}],"inLanguage":"de"}]}},"_links":{"self":[{"href":"https:\/\/www.nestwaerme.org\/at\/wp-json\/wp\/v2\/pages\/315","targetHints":{"allow":["GET"]}}],"collection":[{"href":"https:\/\/www.nestwaerme.org\/at\/wp-json\/wp\/v2\/pages"}],"about":[{"href":"https:\/\/www.nestwaerme.org\/at\/wp-json\/wp\/v2\/types\/page"}],"author":[{"embeddable":true,"href":"https:\/\/www.nestwaerme.org\/at\/wp-json\/wp\/v2\/users\/3"}],"replies":[{"embeddable":true,"href":"https:\/\/www.nestwaerme.org\/at\/wp-json\/wp\/v2\/comments?post=315"}],"version-history":[{"count":10,"href":"https:\/\/www.nestwaerme.org\/at\/wp-json\/wp\/v2\/pages\/315\/revisions"}],"predecessor-version":[{"id":1275,"href":"https:\/\/www.nestwaerme.org\/at\/wp-json\/wp\/v2\/pages\/315\/revisions\/1275"}],"up":[{"embeddable":true,"href":"https:\/\/www.nestwaerme.org\/at\/wp-json\/wp\/v2\/pages\/832"}],"wp:featuredmedia":[{"embeddable":true,"href":"https:\/\/www.nestwaerme.org\/at\/wp-json\/wp\/v2\/media\/316"}],"wp:attachment":[{"href":"https:\/\/www.nestwaerme.org\/at\/wp-json\/wp\/v2\/media?parent=315"}],"curies":[{"name":"wp","href":"https:\/\/api.w.org\/{rel}","templated":true}]}}