{"id":324,"date":"2023-08-25T12:31:48","date_gmt":"2023-08-25T10:31:48","guid":{"rendered":"https:\/\/www.nestwaerme.org\/?page_id=1017"},"modified":"2024-02-02T11:01:28","modified_gmt":"2024-02-02T10:01:28","slug":"gutenachtgeschichten","status":"publish","type":"page","link":"https:\/\/www.nestwaerme.org\/at\/angebote\/online-angebote\/gutenachtgeschichten\/","title":{"rendered":"Gute-Nacht-Geschichten"},"content":{"rendered":"\n<h2 class=\"wp-block-heading\">Lieblingsgeschichten f\u00fcr Familien<\/h2>\n\n\n\n<p>Viele Ehrenamtliche und Prominente haben f\u00fcr unseren Podcast ihre Lieblingsgeschichten eingelesen. \u00dcber 200 Geschichten kannst du dir jederzeit kostenlos nach Hause holen und anh\u00f6ren.<\/p>\n\n\n\n<hr class=\"wp-block-separator has-alpha-channel-opacity\"\/>\n\n\n\n<h3 class=\"wp-block-heading has-text-align-center\">Hier kannst du unseren Podcast h\u00f6ren<\/h3>\n\n\n\n<div style=\"height:0\" aria-hidden=\"true\" class=\"wp-block-spacer\"><\/div>\n\n\n\n<div class=\"wp-block-columns is-layout-flex wp-container-core-columns-is-layout-28f84493 wp-block-columns-is-layout-flex\">\n<div class=\"wp-block-column is-layout-flow wp-block-column-is-layout-flow\">\n<div class=\"wp-block-buttons is-content-justification-center is-layout-flex wp-container-core-buttons-is-layout-a89b3969 wp-block-buttons-is-layout-flex\">\n<div class=\"wp-block-button\"><a class=\"wp-block-button__link wp-element-button\" href=\"https:\/\/open.spotify.com\/show\/6qd8K7geNpnlOrQUdL8Y6e\" target=\"_blank\" rel=\"noreferrer noopener\"><svg width=\"21\" height=\"21\" aria-hidden=\"true\" role=\"img\" focusable=\"false\"><use href=\"#utility-arrow-right-heavy\"><\/use><\/svg>Spotify<\/a><\/div>\n<\/div>\n<\/div>\n\n\n\n<div class=\"wp-block-column is-layout-flow wp-block-column-is-layout-flow\">\n<div class=\"wp-block-buttons is-content-justification-center is-layout-flex wp-container-core-buttons-is-layout-a89b3969 wp-block-buttons-is-layout-flex\">\n<div class=\"wp-block-button\"><a class=\"wp-block-button__link wp-element-button\" href=\"https:\/\/www.youtube.com\/channel\/UCG0mlyVrhB3Bhs2QicOCqeA\" target=\"_blank\" rel=\"noreferrer noopener\"><svg width=\"21\" height=\"21\" aria-hidden=\"true\" role=\"img\" focusable=\"false\"><use href=\"#utility-arrow-right-heavy\"><\/use><\/svg>Youtube<\/a><\/div>\n<\/div>\n<\/div>\n\n\n\n<div class=\"wp-block-column is-layout-flow wp-block-column-is-layout-flow\">\n<div class=\"wp-block-buttons is-content-justification-center is-layout-flex wp-container-core-buttons-is-layout-a89b3969 wp-block-buttons-is-layout-flex\">\n<div class=\"wp-block-button\"><a class=\"wp-block-button__link wp-element-button\" href=\"https:\/\/podcasts.google.com\/feed\/aHR0cHM6Ly9hbmNob3IuZm0vcy8xODI3NzM0OC9wb2RjYXN0L3Jzcw==\" target=\"_blank\" rel=\"noreferrer noopener\"><svg width=\"21\" height=\"21\" aria-hidden=\"true\" role=\"img\" focusable=\"false\"><use href=\"#utility-arrow-right-heavy\"><\/use><\/svg>Google Podcasts<\/a><\/div>\n<\/div>\n<\/div>\n<\/div>\n\n\n\n<hr class=\"wp-block-separator has-alpha-channel-opacity\"\/>\n\n\n\n<blockquote class=\"wp-block-quote is-layout-flow wp-block-quote-is-layout-flow\"><div class=\"wp-block-quote__inner\">\n<p>Lesen geh\u00f6rt zu dem Sch\u00f6nsten, was man Kindern geben kann.<\/p>\n<cite>Katharina Barley (nestw\u00e4rme Botschafterin)<\/cite><\/div><\/blockquote>\n\n\n\n<blockquote class=\"wp-block-quote is-layout-flow wp-block-quote-is-layout-flow\"><div class=\"wp-block-quote__inner\">\n<p>Dies ist eine wunderbare M\u00f6glichkeit, betroffenen Familien Nestw\u00e4rme auf digitalem Weg zu schenken.<\/p>\n<cite>L\u00e9a Linster (nestw\u00e4rme Botschafterin)<\/cite><\/div><\/blockquote>\n\n\n\n<hr class=\"wp-block-separator has-alpha-channel-opacity\"\/>\n\n\n\n<h3 class=\"wp-block-heading\">Lies auch du deine Lieblingsgeschichte ein. Dein digitales Engagement \u2013 ganz einfach von zu Hause aus.<\/h3>\n\n\n\n\n<div class=\"c-section\" >\t\t\t\t\n\n\t\t\t\n\t<div class=\"c-person\">\n\t\t\t\t\n\t\t\t\t\t\t\t\t<\/div>\n<\/div>\n\n\n<hr class=\"wp-block-separator has-alpha-channel-opacity\"\/>\n\n\n\n<h3 class=\"wp-block-heading\">Alle Geschichten zum direkt h\u00f6ren<\/h3>\n\n\n\n<div class=\"c-section alignwide \" ><article class=\"c-story \"><div class=\"c-story__media\"><img decoding=\"async\" src=\"https:\/\/www.nestwaerme.org\/at\/wp-content\/uploads\/sites\/2\/2023\/10\/Avatare_Kita-scaled-1-441x441.jpg\"  alt=\"\" \/><span class=\"story__author\">Vorgelesen von L\u00e9a Linster<\/span><\/div><div class=\"c-story__content\"><span class=\"c-story__id\">Folge 40<\/span><h3 class=\"c-story__title\">Die kleine Feldmaus leuchtet in der Nacht &#8211; Gelesen von L\u00e9a Linster<\/h3> <div class=\"brlbs-cmpnt-container brlbs-cmpnt-content-blocker brlbs-cmpnt-with-individual-styles\" data-borlabs-cookie-content-blocker-id=\"spotify\" data-borlabs-cookie-content=\"PGlmcmFtZSBzdHlsZT0iYm9yZGVyLXJhZGl1czoxMnB4IiBzcmM9Imh0dHBzOi8vb3Blbi5zcG90aWZ5LmNvbS9lbWJlZC9lcGlzb2RlLzNwdGRUZERadFJzeHhSMHlnVWVHQkM\/dXRtX3NvdXJjZT1nZW5lcmF0b3IiIHdpZHRoPSIxMDAlIiBoZWlnaHQ9IjM1MiIgZnJhbWVCb3JkZXI9IjAiIGFsbG93ZnVsbHNjcmVlbj0iIiBhbGxvdz0iYXV0b3BsYXk7IGNsaXBib2FyZC13cml0ZTsgZW5jcnlwdGVkLW1lZGlhOyBmdWxsc2NyZWVuOyBwaWN0dXJlLWluLXBpY3R1cmUiIGxvYWRpbmc9ImxhenkiPjwvaWZyYW1lPg==\"><div class=\"brlbs-cmpnt-cb-preset-b brlbs-cmpnt-cb-spotify\"> <div class=\"brlbs-cmpnt-cb-thumbnail\" style=\"background-image: url('https:\/\/www.nestwaerme.org\/at\/wp-content\/uploads\/borlabs-cookie\/2\/brlbs-cb-spotify-main.png')\"><\/div> <div class=\"brlbs-cmpnt-cb-main\"> <div class=\"brlbs-cmpnt-cb-content\"> <p class=\"brlbs-cmpnt-cb-description\">Sie sehen gerade einen Platzhalterinhalt von <strong>Spotify<\/strong>. Um auf den eigentlichen Inhalt zuzugreifen, klicken Sie auf die Schaltfl\u00e4che unten. Bitte beachten Sie, dass dabei Daten an Drittanbieter weitergegeben werden.<\/p> <a class=\"brlbs-cmpnt-cb-provider-toggle\" href=\"#\" data-borlabs-cookie-show-provider-information role=\"button\">Mehr Informationen<\/a> <\/div> <div class=\"brlbs-cmpnt-cb-buttons\"> <a class=\"brlbs-cmpnt-cb-btn\" href=\"#\" data-borlabs-cookie-unblock role=\"button\">Inhalt entsperren<\/a> <a class=\"brlbs-cmpnt-cb-btn\" href=\"#\" data-borlabs-cookie-accept-service role=\"button\" style=\"display: inherit\">Erforderlichen Service akzeptieren und Inhalte entsperren<\/a> <\/div> <\/div> <\/div><\/div><h2 class=\"js-expandmore c-collapsible\">Mehr erfahren<\/h2><div class=\"js-to_expand c-collapsible__expand\"><p>Luxemburgische K\u00f6chin, Gastronomin, Fernsehk\u00f6chin und Autorin von Kochb\u00fcchern. Als erste und bislang einzige Frau gewann L\u00e9a Linster 1989 den Bocuse d&#8217;Or, die h\u00f6chste internationale Auszeichnung f\u00fcr K\u00f6che. Mittlerweile hat ihr Sohn Louis das Restaurant in Frisange\u00fcbernommen \u2013so dassL\u00e9a endlich mehr Zeit f\u00fcr andere Herzensprojekte hat: Allen voran als Botschafterin von nestw\u00e4rme e.V. Deutschland und nestw\u00e4rme Luxembourg asbl. Und das getreu ihrem Motto AVEC AMOUR \u2013immer authentisch, bodenst\u00e4ndig und mit Leidenschaft.<\/p>\n<\/div><\/div><\/article><article class=\"c-story u-mt-rg\"><div class=\"c-story__media\"><img decoding=\"async\" src=\"https:\/\/www.nestwaerme.org\/at\/wp-content\/uploads\/sites\/2\/2023\/10\/Avatare_Pflege-scaled-1-441x441.jpg\"  alt=\"\" \/><span class=\"story__author\">Vorgelesen von Lotta Diederich<\/span><\/div><div class=\"c-story__content\"><span class=\"c-story__id\">Folge 39<\/span><h3 class=\"c-story__title\">Raffi Eichhorn findet einen Freund &#8211; Gelesen von Lotta Diederich<\/h3> <div class=\"brlbs-cmpnt-container brlbs-cmpnt-content-blocker brlbs-cmpnt-with-individual-styles\" data-borlabs-cookie-content-blocker-id=\"spotify\" data-borlabs-cookie-content=\"PGlmcmFtZSBzdHlsZT0iYm9yZGVyLXJhZGl1czoxMnB4IiBzcmM9Imh0dHBzOi8vb3Blbi5zcG90aWZ5LmNvbS9lbWJlZC9lcGlzb2RlLzFZb05rMjdsRnFiT0hNVDdHVnNUeFQ\/dXRtX3NvdXJjZT1nZW5lcmF0b3IiIHdpZHRoPSIxMDAlIiBoZWlnaHQ9IjM1MiIgZnJhbWVCb3JkZXI9IjAiIGFsbG93ZnVsbHNjcmVlbj0iIiBhbGxvdz0iYXV0b3BsYXk7IGNsaXBib2FyZC13cml0ZTsgZW5jcnlwdGVkLW1lZGlhOyBmdWxsc2NyZWVuOyBwaWN0dXJlLWluLXBpY3R1cmUiIGxvYWRpbmc9ImxhenkiPjwvaWZyYW1lPg==\"><div class=\"brlbs-cmpnt-cb-preset-b brlbs-cmpnt-cb-spotify\"> <div class=\"brlbs-cmpnt-cb-thumbnail\" style=\"background-image: url('https:\/\/www.nestwaerme.org\/at\/wp-content\/uploads\/borlabs-cookie\/2\/brlbs-cb-spotify-main.png')\"><\/div> <div class=\"brlbs-cmpnt-cb-main\"> <div class=\"brlbs-cmpnt-cb-content\"> <p class=\"brlbs-cmpnt-cb-description\">Sie sehen gerade einen Platzhalterinhalt von <strong>Spotify<\/strong>. Um auf den eigentlichen Inhalt zuzugreifen, klicken Sie auf die Schaltfl\u00e4che unten. Bitte beachten Sie, dass dabei Daten an Drittanbieter weitergegeben werden.<\/p> <a class=\"brlbs-cmpnt-cb-provider-toggle\" href=\"#\" data-borlabs-cookie-show-provider-information role=\"button\">Mehr Informationen<\/a> <\/div> <div class=\"brlbs-cmpnt-cb-buttons\"> <a class=\"brlbs-cmpnt-cb-btn\" href=\"#\" data-borlabs-cookie-unblock role=\"button\">Inhalt entsperren<\/a> <a class=\"brlbs-cmpnt-cb-btn\" href=\"#\" data-borlabs-cookie-accept-service role=\"button\" style=\"display: inherit\">Erforderlichen Service akzeptieren und Inhalte entsperren<\/a> <\/div> <\/div> <\/div><\/div><h2 class=\"js-expandmore c-collapsible\">Mehr erfahren<\/h2><div class=\"js-to_expand c-collapsible__expand\"><div class=\"xgmjVLxjqfcXK5BV_XyN\">\n<p class=\"Type__TypeElement-sc-goli3j-0 cSfdnZ umouqjSkMUbvF4I_Xz6r\" data-encore-id=\"type\">lesen &#8222;Raffi Eichhorn findet einen Freund\u201c aus dem Buch: Warum sind wir fr\u00f6hlich, traurig oder w\u00fctend? von Andrea Sch\u00fctze (Ullmann Medien).Anke ist P\u00e4dagogin, gro\u00dfer Resilienz-Fan und Mutter von Fine \u2013ein dreij\u00e4hriges Palliativkind, das w\u00e4hrend der Woche u.a. von einer nestw\u00e4rme-Nachtschwester versorgt wird. Die \u201egro\u00dfe\u201c Schwester Lotta ist gerne dabei, wenn es darum geht, sich zusammen mit ihrer Mama f\u00fcr alle Kinder, Familien und Helfer einzusetzen und stark zu machen.<\/p>\n<\/div>\n<\/div><\/div><\/article><article class=\"c-story u-mt-rg\"><div class=\"c-story__media\"><img decoding=\"async\" src=\"https:\/\/www.nestwaerme.org\/at\/wp-content\/uploads\/sites\/2\/2023\/10\/Avatare_Dachmarke-scaled-1-441x441.jpg\"  alt=\"\" \/><span class=\"story__author\">Vorgelesen von Edda Emich<\/span><\/div><div class=\"c-story__content\"><span class=\"c-story__id\">Folge 38<\/span><h3 class=\"c-story__title\">Der Prinz im B\u00e4renfell &#8211; Gelesen von Edda Emich<\/h3> <div class=\"brlbs-cmpnt-container brlbs-cmpnt-content-blocker brlbs-cmpnt-with-individual-styles\" data-borlabs-cookie-content-blocker-id=\"spotify\" data-borlabs-cookie-content=\"PGlmcmFtZSBzdHlsZT0iYm9yZGVyLXJhZGl1czoxMnB4IiBzcmM9Imh0dHBzOi8vb3Blbi5zcG90aWZ5LmNvbS9lbWJlZC9lcGlzb2RlLzRtUTVhTlFYSTNZZWlvQVdOcDh6WWI\/dXRtX3NvdXJjZT1nZW5lcmF0b3IiIHdpZHRoPSIxMDAlIiBoZWlnaHQ9IjM1MiIgZnJhbWVCb3JkZXI9IjAiIGFsbG93ZnVsbHNjcmVlbj0iIiBhbGxvdz0iYXV0b3BsYXk7IGNsaXBib2FyZC13cml0ZTsgZW5jcnlwdGVkLW1lZGlhOyBmdWxsc2NyZWVuOyBwaWN0dXJlLWluLXBpY3R1cmUiIGxvYWRpbmc9ImxhenkiPjwvaWZyYW1lPg==\"><div class=\"brlbs-cmpnt-cb-preset-b brlbs-cmpnt-cb-spotify\"> <div class=\"brlbs-cmpnt-cb-thumbnail\" style=\"background-image: url('https:\/\/www.nestwaerme.org\/at\/wp-content\/uploads\/borlabs-cookie\/2\/brlbs-cb-spotify-main.png')\"><\/div> <div class=\"brlbs-cmpnt-cb-main\"> <div class=\"brlbs-cmpnt-cb-content\"> <p class=\"brlbs-cmpnt-cb-description\">Sie sehen gerade einen Platzhalterinhalt von <strong>Spotify<\/strong>. Um auf den eigentlichen Inhalt zuzugreifen, klicken Sie auf die Schaltfl\u00e4che unten. Bitte beachten Sie, dass dabei Daten an Drittanbieter weitergegeben werden.<\/p> <a class=\"brlbs-cmpnt-cb-provider-toggle\" href=\"#\" data-borlabs-cookie-show-provider-information role=\"button\">Mehr Informationen<\/a> <\/div> <div class=\"brlbs-cmpnt-cb-buttons\"> <a class=\"brlbs-cmpnt-cb-btn\" href=\"#\" data-borlabs-cookie-unblock role=\"button\">Inhalt entsperren<\/a> <a class=\"brlbs-cmpnt-cb-btn\" href=\"#\" data-borlabs-cookie-accept-service role=\"button\" style=\"display: inherit\">Erforderlichen Service akzeptieren und Inhalte entsperren<\/a> <\/div> <\/div> <\/div><\/div><h2 class=\"js-expandmore c-collapsible\">Mehr erfahren<\/h2><div class=\"js-to_expand c-collapsible__expand\"><div class=\"Type__TypeElement-sc-goli3j-0 bGcjcI RKzJftL6TOVUXkXOPykT\" data-encore-id=\"type\">\n<div class=\"xgmjVLxjqfcXK5BV_XyN\">Edda Emich: \u00dcbersetzerin aus Homburg im Saarland und Fan vom nestw\u00e4rme-Radteam. Edda liest f\u00fcr uns \u201eDer Prinz im B\u00e4renfell\u201c.<\/div>\n<\/div>\n<div class=\"Type__TypeElement-sc-goli3j-0 bGcjcI RKzJftL6TOVUXkXOPykT\" data-encore-id=\"type\"><\/div>\n<\/div><\/div><\/article><\/div>\n\n\n<p class=\"has-text-align-center\">Mehr Gute-Nacht-Geschichten gibt es auf der deutschen nestw\u00e4rme Website:<\/p>\n\n\n\n<div class=\"wp-block-buttons is-content-justification-center is-layout-flex wp-container-core-buttons-is-layout-a89b3969 wp-block-buttons-is-layout-flex\">\n<div class=\"wp-block-button\"><a class=\"wp-block-button__link wp-element-button\" href=\"https:\/\/www.nestwaerme.org\/geschichten\/\" target=\"_blank\" rel=\"noreferrer noopener\"><svg width=\"21\" height=\"21\" aria-hidden=\"true\" role=\"img\" focusable=\"false\"><use href=\"#utility-arrow-right-heavy\"><\/use><\/svg>Alle Gute-Nacht-Geschichten<\/a><\/div>\n<\/div>\n\n\n\n<hr class=\"wp-block-separator has-alpha-channel-opacity\"\/>\n","protected":false},"excerpt":{"rendered":"<p>Prominente und Ehrenamtliche lesen ihre Lieblingsgeschichten. \u00dcber 200 Geschichten kostenlos und zeitlich flexibel abrufbar. <\/p>\n","protected":false},"author":3,"featured_media":325,"parent":672,"menu_order":4,"comment_status":"open","ping_status":"open","template":"","meta":{"_acf_changed":false,"footnotes":""},"class_list":{"2":"type-page"},"acf":[],"yoast_head":"<!-- This site is optimized with the Yoast SEO plugin v27.2 - https:\/\/yoast.com\/product\/yoast-seo-wordpress\/ -->\n<title>Kostenlose Gute-Nacht-Geschichten zum Anh\u00f6ren - nestw\u00e4rme \u00d6sterreich<\/title>\n<meta name=\"description\" content=\"Prominente und Ehrenamtliche lesen ihre Lieblingsgeschichten. \u00dcber 200 Geschichten kostenlos und zeitlich flexibel abrufbar.\" \/>\n<meta name=\"robots\" content=\"noindex, follow, max-snippet:-1, max-image-preview:large, max-video-preview:-1\" \/>\n<meta property=\"og:locale\" content=\"de_DE\" \/>\n<meta property=\"og:type\" content=\"article\" \/>\n<meta property=\"og:title\" content=\"Kostenlose Gute-Nacht-Geschichten zum Anh\u00f6ren - nestw\u00e4rme \u00d6sterreich\" \/>\n<meta property=\"og:description\" content=\"Prominente und Ehrenamtliche lesen ihre Lieblingsgeschichten. \u00dcber 200 Geschichten kostenlos und zeitlich flexibel abrufbar.\" \/>\n<meta property=\"og:url\" content=\"https:\/\/www.nestwaerme.org\/at\/angebote\/online-angebote\/gutenachtgeschichten\/\" \/>\n<meta property=\"og:site_name\" content=\"nestw\u00e4rme \u00d6sterreich\" \/>\n<meta property=\"article:modified_time\" content=\"2024-02-02T10:01:28+00:00\" \/>\n<meta property=\"og:image\" content=\"https:\/\/www.nestwaerme.org\/at\/wp-content\/uploads\/sites\/2\/2023\/10\/headerbild_gute-nacht.jpg\" \/>\n\t<meta property=\"og:image:width\" content=\"2400\" \/>\n\t<meta property=\"og:image:height\" content=\"1599\" \/>\n\t<meta property=\"og:image:type\" content=\"image\/jpeg\" \/>\n<meta name=\"twitter:card\" content=\"summary_large_image\" \/>\n<meta name=\"twitter:label1\" content=\"Gesch\u00e4tzte Lesezeit\" \/>\n\t<meta name=\"twitter:data1\" content=\"1\u00a0Minute\" \/>\n<script type=\"application\/ld+json\" class=\"yoast-schema-graph\">{\"@context\":\"https:\/\/schema.org\",\"@graph\":[{\"@type\":\"WebPage\",\"@id\":\"https:\/\/www.nestwaerme.org\/at\/angebote\/online-angebote\/gutenachtgeschichten\/\",\"url\":\"https:\/\/www.nestwaerme.org\/at\/angebote\/online-angebote\/gutenachtgeschichten\/\",\"name\":\"Kostenlose Gute-Nacht-Geschichten zum Anh\u00f6ren - nestw\u00e4rme \u00d6sterreich\",\"isPartOf\":{\"@id\":\"https:\/\/www.nestwaerme.org\/at\/#website\"},\"primaryImageOfPage\":{\"@id\":\"https:\/\/www.nestwaerme.org\/at\/angebote\/online-angebote\/gutenachtgeschichten\/#primaryimage\"},\"image\":{\"@id\":\"https:\/\/www.nestwaerme.org\/at\/angebote\/online-angebote\/gutenachtgeschichten\/#primaryimage\"},\"thumbnailUrl\":\"https:\/\/www.nestwaerme.org\/at\/wp-content\/uploads\/sites\/2\/2023\/10\/headerbild_gute-nacht.jpg\",\"datePublished\":\"2023-08-25T10:31:48+00:00\",\"dateModified\":\"2024-02-02T10:01:28+00:00\",\"description\":\"Prominente und Ehrenamtliche lesen ihre Lieblingsgeschichten. \u00dcber 200 Geschichten kostenlos und zeitlich flexibel abrufbar.\",\"breadcrumb\":{\"@id\":\"https:\/\/www.nestwaerme.org\/at\/angebote\/online-angebote\/gutenachtgeschichten\/#breadcrumb\"},\"inLanguage\":\"de\",\"potentialAction\":[{\"@type\":\"ReadAction\",\"target\":[\"https:\/\/www.nestwaerme.org\/at\/angebote\/online-angebote\/gutenachtgeschichten\/\"]}]},{\"@type\":\"ImageObject\",\"inLanguage\":\"de\",\"@id\":\"https:\/\/www.nestwaerme.org\/at\/angebote\/online-angebote\/gutenachtgeschichten\/#primaryimage\",\"url\":\"https:\/\/www.nestwaerme.org\/at\/wp-content\/uploads\/sites\/2\/2023\/10\/headerbild_gute-nacht.jpg\",\"contentUrl\":\"https:\/\/www.nestwaerme.org\/at\/wp-content\/uploads\/sites\/2\/2023\/10\/headerbild_gute-nacht.jpg\",\"width\":2400,\"height\":1599},{\"@type\":\"BreadcrumbList\",\"@id\":\"https:\/\/www.nestwaerme.org\/at\/angebote\/online-angebote\/gutenachtgeschichten\/#breadcrumb\",\"itemListElement\":[{\"@type\":\"ListItem\",\"position\":1,\"name\":\"Startseite\",\"item\":\"https:\/\/www.nestwaerme.org\/at\/\"},{\"@type\":\"ListItem\",\"position\":2,\"name\":\"Angebote\",\"item\":\"https:\/\/www.nestwaerme.org\/at\/angebote\/\"},{\"@type\":\"ListItem\",\"position\":3,\"name\":\"Online-Angebote\",\"item\":\"https:\/\/www.nestwaerme.org\/at\/angebote\/online-angebote\/\"},{\"@type\":\"ListItem\",\"position\":4,\"name\":\"Gute-Nacht-Geschichten\"}]},{\"@type\":\"WebSite\",\"@id\":\"https:\/\/www.nestwaerme.org\/at\/#website\",\"url\":\"https:\/\/www.nestwaerme.org\/at\/\",\"name\":\"nestw\u00e4rme \u00d6sterreich\",\"description\":\"\",\"potentialAction\":[{\"@type\":\"SearchAction\",\"target\":{\"@type\":\"EntryPoint\",\"urlTemplate\":\"https:\/\/www.nestwaerme.org\/at\/?s={search_term_string}\"},\"query-input\":{\"@type\":\"PropertyValueSpecification\",\"valueRequired\":true,\"valueName\":\"search_term_string\"}}],\"inLanguage\":\"de\"}]}<\/script>\n<!-- \/ Yoast SEO plugin. -->","yoast_head_json":{"title":"Kostenlose Gute-Nacht-Geschichten zum Anh\u00f6ren - nestw\u00e4rme \u00d6sterreich","description":"Prominente und Ehrenamtliche lesen ihre Lieblingsgeschichten. \u00dcber 200 Geschichten kostenlos und zeitlich flexibel abrufbar.","robots":{"index":"noindex","follow":"follow","max-snippet":"max-snippet:-1","max-image-preview":"max-image-preview:large","max-video-preview":"max-video-preview:-1"},"og_locale":"de_DE","og_type":"article","og_title":"Kostenlose Gute-Nacht-Geschichten zum Anh\u00f6ren - nestw\u00e4rme \u00d6sterreich","og_description":"Prominente und Ehrenamtliche lesen ihre Lieblingsgeschichten. \u00dcber 200 Geschichten kostenlos und zeitlich flexibel abrufbar.","og_url":"https:\/\/www.nestwaerme.org\/at\/angebote\/online-angebote\/gutenachtgeschichten\/","og_site_name":"nestw\u00e4rme \u00d6sterreich","article_modified_time":"2024-02-02T10:01:28+00:00","og_image":[{"width":2400,"height":1599,"url":"https:\/\/www.nestwaerme.org\/at\/wp-content\/uploads\/sites\/2\/2023\/10\/headerbild_gute-nacht.jpg","type":"image\/jpeg"}],"twitter_card":"summary_large_image","twitter_misc":{"Gesch\u00e4tzte Lesezeit":"1\u00a0Minute"},"schema":{"@context":"https:\/\/schema.org","@graph":[{"@type":"WebPage","@id":"https:\/\/www.nestwaerme.org\/at\/angebote\/online-angebote\/gutenachtgeschichten\/","url":"https:\/\/www.nestwaerme.org\/at\/angebote\/online-angebote\/gutenachtgeschichten\/","name":"Kostenlose Gute-Nacht-Geschichten zum Anh\u00f6ren - nestw\u00e4rme \u00d6sterreich","isPartOf":{"@id":"https:\/\/www.nestwaerme.org\/at\/#website"},"primaryImageOfPage":{"@id":"https:\/\/www.nestwaerme.org\/at\/angebote\/online-angebote\/gutenachtgeschichten\/#primaryimage"},"image":{"@id":"https:\/\/www.nestwaerme.org\/at\/angebote\/online-angebote\/gutenachtgeschichten\/#primaryimage"},"thumbnailUrl":"https:\/\/www.nestwaerme.org\/at\/wp-content\/uploads\/sites\/2\/2023\/10\/headerbild_gute-nacht.jpg","datePublished":"2023-08-25T10:31:48+00:00","dateModified":"2024-02-02T10:01:28+00:00","description":"Prominente und Ehrenamtliche lesen ihre Lieblingsgeschichten. \u00dcber 200 Geschichten kostenlos und zeitlich flexibel abrufbar.","breadcrumb":{"@id":"https:\/\/www.nestwaerme.org\/at\/angebote\/online-angebote\/gutenachtgeschichten\/#breadcrumb"},"inLanguage":"de","potentialAction":[{"@type":"ReadAction","target":["https:\/\/www.nestwaerme.org\/at\/angebote\/online-angebote\/gutenachtgeschichten\/"]}]},{"@type":"ImageObject","inLanguage":"de","@id":"https:\/\/www.nestwaerme.org\/at\/angebote\/online-angebote\/gutenachtgeschichten\/#primaryimage","url":"https:\/\/www.nestwaerme.org\/at\/wp-content\/uploads\/sites\/2\/2023\/10\/headerbild_gute-nacht.jpg","contentUrl":"https:\/\/www.nestwaerme.org\/at\/wp-content\/uploads\/sites\/2\/2023\/10\/headerbild_gute-nacht.jpg","width":2400,"height":1599},{"@type":"BreadcrumbList","@id":"https:\/\/www.nestwaerme.org\/at\/angebote\/online-angebote\/gutenachtgeschichten\/#breadcrumb","itemListElement":[{"@type":"ListItem","position":1,"name":"Startseite","item":"https:\/\/www.nestwaerme.org\/at\/"},{"@type":"ListItem","position":2,"name":"Angebote","item":"https:\/\/www.nestwaerme.org\/at\/angebote\/"},{"@type":"ListItem","position":3,"name":"Online-Angebote","item":"https:\/\/www.nestwaerme.org\/at\/angebote\/online-angebote\/"},{"@type":"ListItem","position":4,"name":"Gute-Nacht-Geschichten"}]},{"@type":"WebSite","@id":"https:\/\/www.nestwaerme.org\/at\/#website","url":"https:\/\/www.nestwaerme.org\/at\/","name":"nestw\u00e4rme \u00d6sterreich","description":"","potentialAction":[{"@type":"SearchAction","target":{"@type":"EntryPoint","urlTemplate":"https:\/\/www.nestwaerme.org\/at\/?s={search_term_string}"},"query-input":{"@type":"PropertyValueSpecification","valueRequired":true,"valueName":"search_term_string"}}],"inLanguage":"de"}]}},"_links":{"self":[{"href":"https:\/\/www.nestwaerme.org\/at\/wp-json\/wp\/v2\/pages\/324","targetHints":{"allow":["GET"]}}],"collection":[{"href":"https:\/\/www.nestwaerme.org\/at\/wp-json\/wp\/v2\/pages"}],"about":[{"href":"https:\/\/www.nestwaerme.org\/at\/wp-json\/wp\/v2\/types\/page"}],"author":[{"embeddable":true,"href":"https:\/\/www.nestwaerme.org\/at\/wp-json\/wp\/v2\/users\/3"}],"replies":[{"embeddable":true,"href":"https:\/\/www.nestwaerme.org\/at\/wp-json\/wp\/v2\/comments?post=324"}],"version-history":[{"count":4,"href":"https:\/\/www.nestwaerme.org\/at\/wp-json\/wp\/v2\/pages\/324\/revisions"}],"predecessor-version":[{"id":691,"href":"https:\/\/www.nestwaerme.org\/at\/wp-json\/wp\/v2\/pages\/324\/revisions\/691"}],"up":[{"embeddable":true,"href":"https:\/\/www.nestwaerme.org\/at\/wp-json\/wp\/v2\/pages\/672"}],"wp:featuredmedia":[{"embeddable":true,"href":"https:\/\/www.nestwaerme.org\/at\/wp-json\/wp\/v2\/media\/325"}],"wp:attachment":[{"href":"https:\/\/www.nestwaerme.org\/at\/wp-json\/wp\/v2\/media?parent=324"}],"curies":[{"name":"wp","href":"https:\/\/api.w.org\/{rel}","templated":true}]}}