{"id":326,"date":"2023-08-26T19:40:50","date_gmt":"2023-08-26T17:40:50","guid":{"rendered":"https:\/\/www.nestwaerme.org\/?page_id=1190"},"modified":"2023-10-06T10:29:54","modified_gmt":"2023-10-06T08:29:54","slug":"leichte-sprache","status":"publish","type":"page","link":"https:\/\/www.nestwaerme.org\/at\/leichte-sprache\/","title":{"rendered":"Leichte Sprache"},"content":{"rendered":"\n<h2 class=\"wp-block-heading\">nestw\u00e4rme ist ein soziales Unternehmen<\/h2>\n\n\n\n<p>Wir geh\u00f6ren keiner Partei an.<br>Wir geh\u00f6ren zu keiner Kirche.<br>Unsere Angebote sind f\u00fcr die ganze Familie.<\/p>\n\n\n\n<hr class=\"wp-block-separator has-alpha-channel-opacity\"\/>\n\n\n\n<div class=\"wp-block-columns is-layout-flex wp-container-core-columns-is-layout-28f84493 wp-block-columns-is-layout-flex\">\n<div class=\"wp-block-column is-layout-flow wp-block-column-is-layout-flow\" style=\"flex-basis:66.66%\">\n<h3 class=\"wp-block-heading\">Wir helfen Familien.<\/h3>\n\n\n\n<p>Wir beraten und begleiten Familien.<\/p>\n\n\n\n<p>Zum Beispiel:<\/p>\n\n\n\n<ul class=\"wp-block-list\">\n<li>Familien mit einem schwer kranken Kind<\/li>\n\n\n\n<li>Familien mit einem Kind mit Behinderung<\/li>\n\n\n\n<li>Familien mit vielen Problemen.<\/li>\n<\/ul>\n<\/div>\n\n\n\n<div class=\"wp-block-column is-layout-flow wp-block-column-is-layout-flow\" style=\"flex-basis:33.33%\">\n<figure class=\"wp-block-image size-large\"><img decoding=\"async\" src=\"https:\/\/www.nestwaerme.org\/wp-content\/uploads\/2023\/09\/eltern-mit-kind-1-656x1024.png\" alt=\"\" class=\"wp-image-4077\"\/><\/figure>\n<\/div>\n<\/div>\n\n\n\n<hr class=\"wp-block-separator has-alpha-channel-opacity\"\/>\n\n\n\n<div class=\"wp-block-columns is-layout-flex wp-container-core-columns-is-layout-28f84493 wp-block-columns-is-layout-flex\">\n<div class=\"wp-block-column is-layout-flow wp-block-column-is-layout-flow\" style=\"flex-basis:66.66%\">\n<h3 class=\"wp-block-heading\">Mit diesen Angeboten unterst\u00fctzen wir Familien:<\/h3>\n\n\n\n<ul class=\"wp-block-list\">\n<li>eine inklusive Kita in Trier<\/li>\n\n\n\n<li>ein Pflege-Dienst f\u00fcr kranke Kinder in Rheinland-Pfalz und im Saarland: der Pflege-Dienst kommt nach Hause.<\/li>\n\n\n\n<li>einen Dienst, der sehr kranke Kinder zuhause betreut in Rheinland-Pfalz und im Saarland. Wir beraten Familien in ganz Deutschland: am Telefon, per E-Mail oder in unserer Beratungs-Stelle in Trier.<\/li>\n\n\n\n<li>Wir unterst\u00fctzen Familien dabei, sich selbst zu helfen: in ganz Deutschland, online oder telefonisch<\/li>\n\n\n\n<li>ehrenamtliche Unterst\u00fctzung in ganz Deutschland<\/li>\n\n\n\n<li>inklusive Veranstaltungen<\/li>\n\n\n\n<li>inklusive M\u00f6glichkeiten, um sich mit Anderen auszutauschen<\/li>\n\n\n\n<li>ein Pflege-Dienst f\u00fcr kranke Kinder in Rheinland-Pfalz und im Saarland: der Pflege-Dienst kommt nach Hause.<\/li>\n<\/ul>\n<\/div>\n\n\n\n<div class=\"wp-block-column is-layout-flow wp-block-column-is-layout-flow\" style=\"flex-basis:33.33%\">\n<figure class=\"wp-block-image size-large\"><img decoding=\"async\" src=\"https:\/\/www.nestwaerme.org\/wp-content\/uploads\/2023\/09\/netzwerk-1010x1024.png\" alt=\"\" class=\"wp-image-4080\"\/><\/figure>\n<\/div>\n<\/div>\n\n\n\n<hr class=\"wp-block-separator has-alpha-channel-opacity\"\/>\n\n\n\n<div class=\"wp-block-columns is-layout-flex wp-container-core-columns-is-layout-28f84493 wp-block-columns-is-layout-flex\">\n<div class=\"wp-block-column is-layout-flow wp-block-column-is-layout-flow\" style=\"flex-basis:66.66%\">\n<h3 class=\"wp-block-heading\">Bei nestw\u00e4rme arbeiten etwa 100 Menschen.<\/h3>\n\n\n\n<p>Und \u00fcber 1500 Menschen arbeiten ehrenamtlich f\u00fcr uns.<br>Ehrenamtlich bedeutet: sie bekommen daf\u00fcr keinen Lohn.<br>Wir bieten ehrenamtliche Arbeit in ganz Deutschland an.<br>Bei uns gibt es viele M\u00f6glichkeiten f\u00fcr ehrenamtlichen Arbeit.<\/p>\n<\/div>\n\n\n\n<div class=\"wp-block-column is-layout-flow wp-block-column-is-layout-flow\" style=\"flex-basis:33.33%\">\n<figure class=\"wp-block-image size-large\"><img decoding=\"async\" src=\"https:\/\/www.nestwaerme.org\/wp-content\/uploads\/2023\/09\/beirat_angehoerige-1024x781.png\" alt=\"\" class=\"wp-image-4076\"\/><\/figure>\n<\/div>\n<\/div>\n\n\n\n<hr class=\"wp-block-separator has-alpha-channel-opacity\"\/>\n\n\n\n<div class=\"wp-block-columns is-layout-flex wp-container-core-columns-is-layout-28f84493 wp-block-columns-is-layout-flex\">\n<div class=\"wp-block-column is-layout-flow wp-block-column-is-layout-flow\" style=\"flex-basis:66.66%\">\n<h3 class=\"wp-block-heading\">Wir setzen uns f\u00fcr die Bed\u00fcrfnisse und Rechte von Familien ein.<\/h3>\n\n\n\n<p>Wir setzen uns f\u00fcr eine inklusive Gesellschaft ein.<br>Alle sollen gut am Leben teilhaben k\u00f6nnen.<br>Auch Menschen mit Krankheiten oder Behinderungen.<\/p>\n<\/div>\n\n\n\n<div class=\"wp-block-column is-layout-flow wp-block-column-is-layout-flow\" style=\"flex-basis:33.33%\">\n<figure class=\"wp-block-image size-large\"><img decoding=\"async\" src=\"https:\/\/www.nestwaerme.org\/wp-content\/uploads\/2023\/09\/Inklusion2-743_download-1-1024x758.png\" alt=\"\" class=\"wp-image-4120\"\/><\/figure>\n<\/div>\n<\/div>\n\n\n\n<hr class=\"wp-block-separator has-alpha-channel-opacity\"\/>\n\n\n\n<div class=\"wp-block-columns is-layout-flex wp-container-core-columns-is-layout-28f84493 wp-block-columns-is-layout-flex\">\n<div class=\"wp-block-column is-layout-flow wp-block-column-is-layout-flow\" style=\"flex-basis:66.66%\">\n<h3 class=\"wp-block-heading\"><strong>Kontakt<\/strong><\/h3>\n\n\n\n<h4 class=\"wp-block-heading\">Unterst\u00fctzung f\u00fcr Familien:<\/h4>\n\n\n\n<p>Mail: <a href=\"mailto:familien@nestwaerme.de\">familien@nestwaerme.de<\/a><br>Telefon: 06 51 99 201 220<\/p>\n\n\n\n<h4 class=\"wp-block-heading\">Ehrenamtliche Arbeit:<\/h4>\n\n\n\n<p>Mail: <a href=\"mailto:engagieren@nestwaerme.de\">engagieren@nestwaerme.de<\/a><br>Telefon: 06 51 99 201 220<\/p>\n\n\n\n<h4 class=\"wp-block-heading\">F\u00fcr alle anderen Fragen oder Themen:<\/h4>\n\n\n\n<p>Mail: <a href=\"mailto:kontakt@nestwaerme.de\">kontakt@nestwaerme.de<\/a><br>Telefon: 06 51 99 201 220<\/p>\n<\/div>\n\n\n\n<div class=\"wp-block-column is-layout-flow wp-block-column-is-layout-flow\" style=\"flex-basis:33.33%\">\n<figure class=\"wp-block-image size-large\"><img decoding=\"async\" src=\"https:\/\/www.nestwaerme.org\/wp-content\/uploads\/2023\/09\/telefonieren_frau-820x1024.png\" alt=\"\" class=\"wp-image-4081\"\/><\/figure>\n<\/div>\n<\/div>\n\n\n\n<hr class=\"wp-block-separator has-alpha-channel-opacity\"\/>\n\n\n\n<div class=\"wp-block-columns is-layout-flex wp-container-core-columns-is-layout-28f84493 wp-block-columns-is-layout-flex\">\n<div class=\"wp-block-column is-vertically-aligned-center is-layout-flow wp-block-column-is-layout-flow\" style=\"flex-basis:66.66%\">\n<p>Bilder: \u00a9 Lebenshilfe f\u00fcr Menschen mit geistiger Behinderung Bremen e.V., Illustrator Stefan Albers<br><br>Dieser Text wurde in Leichte Sprache \u00fcbersetzt und gepr\u00fcft vom: Wetterauer B\u00fcro f\u00fcr Leichte Sprache<\/p>\n<\/div>\n\n\n\n<div class=\"wp-block-column is-vertically-aligned-center is-layout-flow wp-block-column-is-layout-flow\" style=\"flex-basis:33.33%\">\n<figure class=\"wp-block-image aligncenter size-full is-resized\"><img decoding=\"async\" src=\"https:\/\/www.nestwaerme.org\/wp-content\/uploads\/2023\/09\/Logo-gute-Leichte-Sprache_Netzwerk.png\" alt=\"\" class=\"wp-image-4117\" style=\"width:200px\" width=\"200\"\/><\/figure>\n<\/div>\n<\/div>\n\n\n\n<div style=\"height:2rem\" aria-hidden=\"true\" class=\"wp-block-spacer\"><\/div>\n","protected":false},"excerpt":{"rendered":"<p>nestw\u00e4rme in leichter Sprache.<\/p>\n","protected":false},"author":3,"featured_media":0,"parent":0,"menu_order":1000,"comment_status":"open","ping_status":"open","template":"","meta":{"_acf_changed":false,"footnotes":""},"class_list":{"2":"type-page"},"acf":[],"yoast_head":"<!-- This site is optimized with the Yoast SEO plugin v27.2 - https:\/\/yoast.com\/product\/yoast-seo-wordpress\/ -->\n<title>nestw\u00e4rme in leichter Sprache - nestw\u00e4rme \u00d6sterreich<\/title>\n<meta name=\"description\" content=\"nestw\u00e4rme in leichter Sprache.\" \/>\n<meta name=\"robots\" content=\"noindex, follow, max-snippet:-1, max-image-preview:large, max-video-preview:-1\" \/>\n<meta property=\"og:locale\" content=\"de_DE\" \/>\n<meta property=\"og:type\" content=\"article\" \/>\n<meta property=\"og:title\" content=\"nestw\u00e4rme in leichter Sprache - nestw\u00e4rme \u00d6sterreich\" \/>\n<meta property=\"og:description\" content=\"nestw\u00e4rme in leichter Sprache.\" \/>\n<meta property=\"og:url\" content=\"https:\/\/www.nestwaerme.org\/at\/leichte-sprache\/\" \/>\n<meta property=\"og:site_name\" content=\"nestw\u00e4rme \u00d6sterreich\" \/>\n<meta property=\"og:image\" content=\"https:\/\/www.nestwaerme.org\/wp-content\/uploads\/2023\/09\/eltern-mit-kind-1-656x1024.png\" \/>\n<meta name=\"twitter:card\" content=\"summary_large_image\" \/>\n<meta name=\"twitter:label1\" content=\"Gesch\u00e4tzte Lesezeit\" \/>\n\t<meta name=\"twitter:data1\" content=\"3\u00a0Minuten\" \/>\n<script type=\"application\/ld+json\" class=\"yoast-schema-graph\">{\"@context\":\"https:\/\/schema.org\",\"@graph\":[{\"@type\":\"WebPage\",\"@id\":\"https:\/\/www.nestwaerme.org\/at\/leichte-sprache\/\",\"url\":\"https:\/\/www.nestwaerme.org\/at\/leichte-sprache\/\",\"name\":\"nestw\u00e4rme in leichter Sprache - nestw\u00e4rme \u00d6sterreich\",\"isPartOf\":{\"@id\":\"https:\/\/www.nestwaerme.org\/at\/#website\"},\"primaryImageOfPage\":{\"@id\":\"https:\/\/www.nestwaerme.org\/at\/leichte-sprache\/#primaryimage\"},\"image\":{\"@id\":\"https:\/\/www.nestwaerme.org\/at\/leichte-sprache\/#primaryimage\"},\"thumbnailUrl\":\"https:\/\/www.nestwaerme.org\/wp-content\/uploads\/2023\/09\/eltern-mit-kind-1-656x1024.png\",\"datePublished\":\"-0001-11-30T00:00:00+00:00\",\"description\":\"nestw\u00e4rme in leichter Sprache.\",\"breadcrumb\":{\"@id\":\"https:\/\/www.nestwaerme.org\/at\/leichte-sprache\/#breadcrumb\"},\"inLanguage\":\"de\",\"potentialAction\":[{\"@type\":\"ReadAction\",\"target\":[\"https:\/\/www.nestwaerme.org\/at\/leichte-sprache\/\"]}]},{\"@type\":\"ImageObject\",\"inLanguage\":\"de\",\"@id\":\"https:\/\/www.nestwaerme.org\/at\/leichte-sprache\/#primaryimage\",\"url\":\"https:\/\/www.nestwaerme.org\/wp-content\/uploads\/2023\/09\/eltern-mit-kind-1-656x1024.png\",\"contentUrl\":\"https:\/\/www.nestwaerme.org\/wp-content\/uploads\/2023\/09\/eltern-mit-kind-1-656x1024.png\"},{\"@type\":\"BreadcrumbList\",\"@id\":\"https:\/\/www.nestwaerme.org\/at\/leichte-sprache\/#breadcrumb\",\"itemListElement\":[{\"@type\":\"ListItem\",\"position\":1,\"name\":\"Startseite\",\"item\":\"https:\/\/www.nestwaerme.org\/at\/\"},{\"@type\":\"ListItem\",\"position\":2,\"name\":\"Leichte Sprache\"}]},{\"@type\":\"WebSite\",\"@id\":\"https:\/\/www.nestwaerme.org\/at\/#website\",\"url\":\"https:\/\/www.nestwaerme.org\/at\/\",\"name\":\"nestw\u00e4rme \u00d6sterreich\",\"description\":\"\",\"potentialAction\":[{\"@type\":\"SearchAction\",\"target\":{\"@type\":\"EntryPoint\",\"urlTemplate\":\"https:\/\/www.nestwaerme.org\/at\/?s={search_term_string}\"},\"query-input\":{\"@type\":\"PropertyValueSpecification\",\"valueRequired\":true,\"valueName\":\"search_term_string\"}}],\"inLanguage\":\"de\"}]}<\/script>\n<!-- \/ Yoast SEO plugin. -->","yoast_head_json":{"title":"nestw\u00e4rme in leichter Sprache - nestw\u00e4rme \u00d6sterreich","description":"nestw\u00e4rme in leichter Sprache.","robots":{"index":"noindex","follow":"follow","max-snippet":"max-snippet:-1","max-image-preview":"max-image-preview:large","max-video-preview":"max-video-preview:-1"},"og_locale":"de_DE","og_type":"article","og_title":"nestw\u00e4rme in leichter Sprache - nestw\u00e4rme \u00d6sterreich","og_description":"nestw\u00e4rme in leichter Sprache.","og_url":"https:\/\/www.nestwaerme.org\/at\/leichte-sprache\/","og_site_name":"nestw\u00e4rme \u00d6sterreich","og_image":[{"url":"https:\/\/www.nestwaerme.org\/wp-content\/uploads\/2023\/09\/eltern-mit-kind-1-656x1024.png","type":"","width":"","height":""}],"twitter_card":"summary_large_image","twitter_misc":{"Gesch\u00e4tzte Lesezeit":"3\u00a0Minuten"},"schema":{"@context":"https:\/\/schema.org","@graph":[{"@type":"WebPage","@id":"https:\/\/www.nestwaerme.org\/at\/leichte-sprache\/","url":"https:\/\/www.nestwaerme.org\/at\/leichte-sprache\/","name":"nestw\u00e4rme in leichter Sprache - nestw\u00e4rme \u00d6sterreich","isPartOf":{"@id":"https:\/\/www.nestwaerme.org\/at\/#website"},"primaryImageOfPage":{"@id":"https:\/\/www.nestwaerme.org\/at\/leichte-sprache\/#primaryimage"},"image":{"@id":"https:\/\/www.nestwaerme.org\/at\/leichte-sprache\/#primaryimage"},"thumbnailUrl":"https:\/\/www.nestwaerme.org\/wp-content\/uploads\/2023\/09\/eltern-mit-kind-1-656x1024.png","datePublished":"-0001-11-30T00:00:00+00:00","description":"nestw\u00e4rme in leichter Sprache.","breadcrumb":{"@id":"https:\/\/www.nestwaerme.org\/at\/leichte-sprache\/#breadcrumb"},"inLanguage":"de","potentialAction":[{"@type":"ReadAction","target":["https:\/\/www.nestwaerme.org\/at\/leichte-sprache\/"]}]},{"@type":"ImageObject","inLanguage":"de","@id":"https:\/\/www.nestwaerme.org\/at\/leichte-sprache\/#primaryimage","url":"https:\/\/www.nestwaerme.org\/wp-content\/uploads\/2023\/09\/eltern-mit-kind-1-656x1024.png","contentUrl":"https:\/\/www.nestwaerme.org\/wp-content\/uploads\/2023\/09\/eltern-mit-kind-1-656x1024.png"},{"@type":"BreadcrumbList","@id":"https:\/\/www.nestwaerme.org\/at\/leichte-sprache\/#breadcrumb","itemListElement":[{"@type":"ListItem","position":1,"name":"Startseite","item":"https:\/\/www.nestwaerme.org\/at\/"},{"@type":"ListItem","position":2,"name":"Leichte Sprache"}]},{"@type":"WebSite","@id":"https:\/\/www.nestwaerme.org\/at\/#website","url":"https:\/\/www.nestwaerme.org\/at\/","name":"nestw\u00e4rme \u00d6sterreich","description":"","potentialAction":[{"@type":"SearchAction","target":{"@type":"EntryPoint","urlTemplate":"https:\/\/www.nestwaerme.org\/at\/?s={search_term_string}"},"query-input":{"@type":"PropertyValueSpecification","valueRequired":true,"valueName":"search_term_string"}}],"inLanguage":"de"}]}},"_links":{"self":[{"href":"https:\/\/www.nestwaerme.org\/at\/wp-json\/wp\/v2\/pages\/326","targetHints":{"allow":["GET"]}}],"collection":[{"href":"https:\/\/www.nestwaerme.org\/at\/wp-json\/wp\/v2\/pages"}],"about":[{"href":"https:\/\/www.nestwaerme.org\/at\/wp-json\/wp\/v2\/types\/page"}],"author":[{"embeddable":true,"href":"https:\/\/www.nestwaerme.org\/at\/wp-json\/wp\/v2\/users\/3"}],"replies":[{"embeddable":true,"href":"https:\/\/www.nestwaerme.org\/at\/wp-json\/wp\/v2\/comments?post=326"}],"version-history":[{"count":0,"href":"https:\/\/www.nestwaerme.org\/at\/wp-json\/wp\/v2\/pages\/326\/revisions"}],"wp:attachment":[{"href":"https:\/\/www.nestwaerme.org\/at\/wp-json\/wp\/v2\/media?parent=326"}],"curies":[{"name":"wp","href":"https:\/\/api.w.org\/{rel}","templated":true}]}}