{"id":327,"date":"2023-08-27T07:19:36","date_gmt":"2023-08-27T05:19:36","guid":{"rendered":"https:\/\/www.nestwaerme.org\/?page_id=1230"},"modified":"2024-03-12T09:27:14","modified_gmt":"2024-03-12T08:27:14","slug":"kontakt","status":"publish","type":"page","link":"https:\/\/www.nestwaerme.org\/at\/kontakt\/","title":{"rendered":"Kontakt"},"content":{"rendered":"\n<h2 class=\"wp-block-heading\">So kannst Du direkten Kontakt mit uns aufnehmen:<\/h2>\n\n\n\n<section class=\"c-textbox  is-style-white\" ><div class=\"acf-innerblocks-container\">\n\n<p>nestw\u00e4rme \u00d6sterreich \u2013 das InklusionsNetzwerk f\u00fcr Familien<br>M\u00f6lker Gasse 3\/4 \u2013 AT-1080 Wien<br>\u00d6sterreich<\/p>\n\n\n\n<p>E-Mail: <a href=\"mailto:office@nestwaerme.org\">office@nestwaerme.org<\/a><\/p>\n\n\n\n<p>Tel: 00436607433308<\/p>\n\n<\/div><\/section>\n\n\n<div style=\"height:1rem\" aria-hidden=\"true\" class=\"wp-block-spacer\"><\/div>\n","protected":false},"excerpt":{"rendered":"<p>Du hast Fragen oder bist auch der Suche nach einer Kontaktperson. Wir sind f\u00fcr dich da. <\/p>\n","protected":false},"author":3,"featured_media":0,"parent":0,"menu_order":1006,"comment_status":"open","ping_status":"open","template":"","meta":{"_acf_changed":false,"footnotes":""},"class_list":{"2":"type-page"},"acf":[],"yoast_head":"<!-- This site is optimized with the Yoast SEO plugin v27.2 - https:\/\/yoast.com\/product\/yoast-seo-wordpress\/ -->\n<title>Kontakt - nestw\u00e4rme \u00d6sterreich<\/title>\n<meta name=\"description\" content=\"Du hast Fragen oder bist auch der Suche nach einer Kontaktperson. Wir sind f\u00fcr dich da.\" \/>\n<meta name=\"robots\" content=\"noindex, follow, max-snippet:-1, max-image-preview:large, max-video-preview:-1\" \/>\n<meta property=\"og:locale\" content=\"de_DE\" \/>\n<meta property=\"og:type\" content=\"article\" \/>\n<meta property=\"og:title\" content=\"Kontakt - nestw\u00e4rme \u00d6sterreich\" \/>\n<meta property=\"og:description\" content=\"Du hast Fragen oder bist auch der Suche nach einer Kontaktperson. Wir sind f\u00fcr dich da.\" \/>\n<meta property=\"og:url\" content=\"https:\/\/www.nestwaerme.org\/at\/kontakt\/\" \/>\n<meta property=\"og:site_name\" content=\"nestw\u00e4rme \u00d6sterreich\" \/>\n<meta property=\"article:modified_time\" content=\"2024-03-12T08:27:14+00:00\" \/>\n<meta name=\"twitter:card\" content=\"summary_large_image\" \/>\n<meta name=\"twitter:label1\" content=\"Gesch\u00e4tzte Lesezeit\" \/>\n\t<meta name=\"twitter:data1\" content=\"1\u00a0Minute\" \/>\n<script type=\"application\/ld+json\" class=\"yoast-schema-graph\">{\"@context\":\"https:\/\/schema.org\",\"@graph\":[{\"@type\":\"WebPage\",\"@id\":\"https:\/\/www.nestwaerme.org\/at\/kontakt\/\",\"url\":\"https:\/\/www.nestwaerme.org\/at\/kontakt\/\",\"name\":\"Kontakt - nestw\u00e4rme \u00d6sterreich\",\"isPartOf\":{\"@id\":\"https:\/\/www.nestwaerme.org\/at\/#website\"},\"datePublished\":\"2023-08-27T05:19:36+00:00\",\"dateModified\":\"2024-03-12T08:27:14+00:00\",\"description\":\"Du hast Fragen oder bist auch der Suche nach einer Kontaktperson. Wir sind f\u00fcr dich da.\",\"breadcrumb\":{\"@id\":\"https:\/\/www.nestwaerme.org\/at\/kontakt\/#breadcrumb\"},\"inLanguage\":\"de\",\"potentialAction\":[{\"@type\":\"ReadAction\",\"target\":[\"https:\/\/www.nestwaerme.org\/at\/kontakt\/\"]}]},{\"@type\":\"BreadcrumbList\",\"@id\":\"https:\/\/www.nestwaerme.org\/at\/kontakt\/#breadcrumb\",\"itemListElement\":[{\"@type\":\"ListItem\",\"position\":1,\"name\":\"Startseite\",\"item\":\"https:\/\/www.nestwaerme.org\/at\/\"},{\"@type\":\"ListItem\",\"position\":2,\"name\":\"Kontakt\"}]},{\"@type\":\"WebSite\",\"@id\":\"https:\/\/www.nestwaerme.org\/at\/#website\",\"url\":\"https:\/\/www.nestwaerme.org\/at\/\",\"name\":\"nestw\u00e4rme \u00d6sterreich\",\"description\":\"\",\"potentialAction\":[{\"@type\":\"SearchAction\",\"target\":{\"@type\":\"EntryPoint\",\"urlTemplate\":\"https:\/\/www.nestwaerme.org\/at\/?s={search_term_string}\"},\"query-input\":{\"@type\":\"PropertyValueSpecification\",\"valueRequired\":true,\"valueName\":\"search_term_string\"}}],\"inLanguage\":\"de\"}]}<\/script>\n<!-- \/ Yoast SEO plugin. -->","yoast_head_json":{"title":"Kontakt - nestw\u00e4rme \u00d6sterreich","description":"Du hast Fragen oder bist auch der Suche nach einer Kontaktperson. Wir sind f\u00fcr dich da.","robots":{"index":"noindex","follow":"follow","max-snippet":"max-snippet:-1","max-image-preview":"max-image-preview:large","max-video-preview":"max-video-preview:-1"},"og_locale":"de_DE","og_type":"article","og_title":"Kontakt - nestw\u00e4rme \u00d6sterreich","og_description":"Du hast Fragen oder bist auch der Suche nach einer Kontaktperson. Wir sind f\u00fcr dich da.","og_url":"https:\/\/www.nestwaerme.org\/at\/kontakt\/","og_site_name":"nestw\u00e4rme \u00d6sterreich","article_modified_time":"2024-03-12T08:27:14+00:00","twitter_card":"summary_large_image","twitter_misc":{"Gesch\u00e4tzte Lesezeit":"1\u00a0Minute"},"schema":{"@context":"https:\/\/schema.org","@graph":[{"@type":"WebPage","@id":"https:\/\/www.nestwaerme.org\/at\/kontakt\/","url":"https:\/\/www.nestwaerme.org\/at\/kontakt\/","name":"Kontakt - nestw\u00e4rme \u00d6sterreich","isPartOf":{"@id":"https:\/\/www.nestwaerme.org\/at\/#website"},"datePublished":"2023-08-27T05:19:36+00:00","dateModified":"2024-03-12T08:27:14+00:00","description":"Du hast Fragen oder bist auch der Suche nach einer Kontaktperson. Wir sind f\u00fcr dich da.","breadcrumb":{"@id":"https:\/\/www.nestwaerme.org\/at\/kontakt\/#breadcrumb"},"inLanguage":"de","potentialAction":[{"@type":"ReadAction","target":["https:\/\/www.nestwaerme.org\/at\/kontakt\/"]}]},{"@type":"BreadcrumbList","@id":"https:\/\/www.nestwaerme.org\/at\/kontakt\/#breadcrumb","itemListElement":[{"@type":"ListItem","position":1,"name":"Startseite","item":"https:\/\/www.nestwaerme.org\/at\/"},{"@type":"ListItem","position":2,"name":"Kontakt"}]},{"@type":"WebSite","@id":"https:\/\/www.nestwaerme.org\/at\/#website","url":"https:\/\/www.nestwaerme.org\/at\/","name":"nestw\u00e4rme \u00d6sterreich","description":"","potentialAction":[{"@type":"SearchAction","target":{"@type":"EntryPoint","urlTemplate":"https:\/\/www.nestwaerme.org\/at\/?s={search_term_string}"},"query-input":{"@type":"PropertyValueSpecification","valueRequired":true,"valueName":"search_term_string"}}],"inLanguage":"de"}]}},"_links":{"self":[{"href":"https:\/\/www.nestwaerme.org\/at\/wp-json\/wp\/v2\/pages\/327","targetHints":{"allow":["GET"]}}],"collection":[{"href":"https:\/\/www.nestwaerme.org\/at\/wp-json\/wp\/v2\/pages"}],"about":[{"href":"https:\/\/www.nestwaerme.org\/at\/wp-json\/wp\/v2\/types\/page"}],"author":[{"embeddable":true,"href":"https:\/\/www.nestwaerme.org\/at\/wp-json\/wp\/v2\/users\/3"}],"replies":[{"embeddable":true,"href":"https:\/\/www.nestwaerme.org\/at\/wp-json\/wp\/v2\/comments?post=327"}],"version-history":[{"count":3,"href":"https:\/\/www.nestwaerme.org\/at\/wp-json\/wp\/v2\/pages\/327\/revisions"}],"predecessor-version":[{"id":1005,"href":"https:\/\/www.nestwaerme.org\/at\/wp-json\/wp\/v2\/pages\/327\/revisions\/1005"}],"wp:attachment":[{"href":"https:\/\/www.nestwaerme.org\/at\/wp-json\/wp\/v2\/media?parent=327"}],"curies":[{"name":"wp","href":"https:\/\/api.w.org\/{rel}","templated":true}]}}