{"id":329,"date":"2023-07-21T16:15:44","date_gmt":"2023-07-21T14:15:44","guid":{"rendered":"https:\/\/www.nestwaerme.org\/?page_id=10"},"modified":"2024-03-06T13:29:50","modified_gmt":"2024-03-06T12:29:50","slug":"impressum","status":"publish","type":"page","link":"https:\/\/www.nestwaerme.org\/at\/impressum\/","title":{"rendered":"Impressum"},"content":{"rendered":"\n<h3 class=\"wp-block-heading\">Verantwortlich f\u00fcr den Inhalt:<\/h3>\n\n\n\n<p>nestw\u00e4rme \u00d6sterreich \u2013 das Inklusionsnetzwerk f\u00fcr Familien<br>M\u00f6lker Gasse 3\/4, AT-1080 Wien<br>\u00d6sterreich<\/p>\n\n\n\n<p>E-Mail: <a href=\"mailto:office@nestwaerme.org\">office@nestwaerme.org<\/a><br>Internet: <a href=\"https:\/\/www.nestwaerme.org\/at\">www.nestwaerme.org\/at<\/a><\/p>\n\n\n\n<p>Copyright Fotos<br>Theatertanten: Klara Leschanz<br>Impressionen: Steffie Rieger \/Ronnie Vero Wagner<\/p>\n\n\n\n<hr class=\"wp-block-separator has-alpha-channel-opacity\"\/>\n\n\n\n<p>Pr\u00e4sident: Stefan Konrad<br>Vize-Pr\u00e4sidentin: Barbara Obermeier<br>Vorstand: Petra Moske, Elisabeth Schuh, Dirk Hense<\/p>\n\n\n\n<hr class=\"wp-block-separator has-alpha-channel-opacity\"\/>\n\n\n\n<p>Steuernummer: 06 372 -5808<\/p>\n\n\n\n<hr class=\"wp-block-separator has-alpha-channel-opacity\"\/>\n\n\n\n<h3 class=\"wp-block-heading\">Spendenkonto<\/h3>\n\n\n\n<p><strong>ERSTE BANK<\/strong><\/p>\n\n\n\n<p>IBAN: AT24 2011 1841 9845 1601<br>BIC: GIBAATWWXXX<\/p>\n\n\n\n<hr class=\"wp-block-separator has-alpha-channel-opacity\"\/>\n\n\n\n<h3 class=\"wp-block-heading\">Disclaimer<\/h3>\n\n\n\n<p>Hiermit distanziert sich nestw\u00e4rme \u00d6sterreich ausdr\u00fccklich von allen Inhalten zu gelinkten Seiten auf diesem Internet-Angebot, da diese von Fremdanbietern zug\u00e4nglich gemacht werden und wir auf deren wahrheitsgem\u00e4\u00dfen Inhalt keinerlei Einfluss haben. Diese Erkl\u00e4rung gilt f\u00fcr alle auf den Seiten angebrachten Links.<\/p>\n\n\n\n<div style=\"height:2rem\" aria-hidden=\"true\" class=\"wp-block-spacer\"><\/div>\n","protected":false},"excerpt":{"rendered":"<p>Verantwortlich f\u00fcr den Inhalt: nestw\u00e4rme \u00d6sterreich \u2013 das Inklusionsnetzwerk f\u00fcr FamilienM\u00f6lker Gasse 3\/4, AT-1080 Wien\u00d6sterreich E-Mail: office@nestwaerme.orgInternet: www.nestwaerme.org\/at Copyright FotosTheatertanten: Klara LeschanzImpressionen: Steffie Rieger \/Ronnie Vero Wagner Pr\u00e4sident: Stefan KonradVize-Pr\u00e4sidentin: Barbara ObermeierVorstand: Petra Moske, Elisabeth Schuh, Dirk Hense Steuernummer: 06 372 -5808 Spendenkonto ERSTE BANK IBAN: AT24 2011 1841 9845 1601BIC: GIBAATWWXXX Disclaimer Hiermit distanziert&hellip;<\/p>\n","protected":false},"author":1,"featured_media":0,"parent":0,"menu_order":1100,"comment_status":"open","ping_status":"open","template":"","meta":{"_acf_changed":false,"footnotes":""},"class_list":{"2":"type-page"},"acf":[],"yoast_head":"<!-- This site is optimized with the Yoast SEO plugin v27.2 - https:\/\/yoast.com\/product\/yoast-seo-wordpress\/ -->\n<title>Impressum - nestw\u00e4rme \u00d6sterreich<\/title>\n<meta name=\"description\" content=\"Impressum. Verantwortlich f\u00fcr den Inhalt: nestw\u00e4rme e. V. Deutschland Liebfrauenstra\u00dfe 9 | 54290 Trier Tel.: 0651 99201-220***\" \/>\n<meta name=\"robots\" content=\"noindex, follow, max-snippet:-1, max-image-preview:large, max-video-preview:-1\" \/>\n<meta property=\"og:locale\" content=\"de_DE\" \/>\n<meta property=\"og:type\" content=\"article\" \/>\n<meta property=\"og:title\" content=\"Impressum - nestw\u00e4rme \u00d6sterreich\" \/>\n<meta property=\"og:description\" content=\"Impressum. Verantwortlich f\u00fcr den Inhalt: nestw\u00e4rme e. V. Deutschland Liebfrauenstra\u00dfe 9 | 54290 Trier Tel.: 0651 99201-220***\" \/>\n<meta property=\"og:url\" content=\"https:\/\/www.nestwaerme.org\/at\/impressum\/\" \/>\n<meta property=\"og:site_name\" content=\"nestw\u00e4rme \u00d6sterreich\" \/>\n<meta property=\"article:modified_time\" content=\"2024-03-06T12:29:50+00:00\" \/>\n<meta name=\"twitter:card\" content=\"summary_large_image\" \/>\n<meta name=\"twitter:label1\" content=\"Gesch\u00e4tzte Lesezeit\" \/>\n\t<meta name=\"twitter:data1\" content=\"1\u00a0Minute\" \/>\n<script type=\"application\/ld+json\" class=\"yoast-schema-graph\">{\"@context\":\"https:\/\/schema.org\",\"@graph\":[{\"@type\":\"WebPage\",\"@id\":\"https:\/\/www.nestwaerme.org\/at\/impressum\/\",\"url\":\"https:\/\/www.nestwaerme.org\/at\/impressum\/\",\"name\":\"Impressum - nestw\u00e4rme \u00d6sterreich\",\"isPartOf\":{\"@id\":\"https:\/\/www.nestwaerme.org\/at\/#website\"},\"datePublished\":\"2023-07-21T14:15:44+00:00\",\"dateModified\":\"2024-03-06T12:29:50+00:00\",\"description\":\"Impressum. Verantwortlich f\u00fcr den Inhalt: nestw\u00e4rme e. V. Deutschland Liebfrauenstra\u00dfe 9 | 54290 Trier Tel.: 0651 99201-220***\",\"breadcrumb\":{\"@id\":\"https:\/\/www.nestwaerme.org\/at\/impressum\/#breadcrumb\"},\"inLanguage\":\"de\",\"potentialAction\":[{\"@type\":\"ReadAction\",\"target\":[\"https:\/\/www.nestwaerme.org\/at\/impressum\/\"]}]},{\"@type\":\"BreadcrumbList\",\"@id\":\"https:\/\/www.nestwaerme.org\/at\/impressum\/#breadcrumb\",\"itemListElement\":[{\"@type\":\"ListItem\",\"position\":1,\"name\":\"Startseite\",\"item\":\"https:\/\/www.nestwaerme.org\/at\/\"},{\"@type\":\"ListItem\",\"position\":2,\"name\":\"Impressum\"}]},{\"@type\":\"WebSite\",\"@id\":\"https:\/\/www.nestwaerme.org\/at\/#website\",\"url\":\"https:\/\/www.nestwaerme.org\/at\/\",\"name\":\"nestw\u00e4rme \u00d6sterreich\",\"description\":\"\",\"potentialAction\":[{\"@type\":\"SearchAction\",\"target\":{\"@type\":\"EntryPoint\",\"urlTemplate\":\"https:\/\/www.nestwaerme.org\/at\/?s={search_term_string}\"},\"query-input\":{\"@type\":\"PropertyValueSpecification\",\"valueRequired\":true,\"valueName\":\"search_term_string\"}}],\"inLanguage\":\"de\"}]}<\/script>\n<!-- \/ Yoast SEO plugin. -->","yoast_head_json":{"title":"Impressum - nestw\u00e4rme \u00d6sterreich","description":"Impressum. Verantwortlich f\u00fcr den Inhalt: nestw\u00e4rme e. V. Deutschland Liebfrauenstra\u00dfe 9 | 54290 Trier Tel.: 0651 99201-220***","robots":{"index":"noindex","follow":"follow","max-snippet":"max-snippet:-1","max-image-preview":"max-image-preview:large","max-video-preview":"max-video-preview:-1"},"og_locale":"de_DE","og_type":"article","og_title":"Impressum - nestw\u00e4rme \u00d6sterreich","og_description":"Impressum. Verantwortlich f\u00fcr den Inhalt: nestw\u00e4rme e. V. Deutschland Liebfrauenstra\u00dfe 9 | 54290 Trier Tel.: 0651 99201-220***","og_url":"https:\/\/www.nestwaerme.org\/at\/impressum\/","og_site_name":"nestw\u00e4rme \u00d6sterreich","article_modified_time":"2024-03-06T12:29:50+00:00","twitter_card":"summary_large_image","twitter_misc":{"Gesch\u00e4tzte Lesezeit":"1\u00a0Minute"},"schema":{"@context":"https:\/\/schema.org","@graph":[{"@type":"WebPage","@id":"https:\/\/www.nestwaerme.org\/at\/impressum\/","url":"https:\/\/www.nestwaerme.org\/at\/impressum\/","name":"Impressum - nestw\u00e4rme \u00d6sterreich","isPartOf":{"@id":"https:\/\/www.nestwaerme.org\/at\/#website"},"datePublished":"2023-07-21T14:15:44+00:00","dateModified":"2024-03-06T12:29:50+00:00","description":"Impressum. Verantwortlich f\u00fcr den Inhalt: nestw\u00e4rme e. V. Deutschland Liebfrauenstra\u00dfe 9 | 54290 Trier Tel.: 0651 99201-220***","breadcrumb":{"@id":"https:\/\/www.nestwaerme.org\/at\/impressum\/#breadcrumb"},"inLanguage":"de","potentialAction":[{"@type":"ReadAction","target":["https:\/\/www.nestwaerme.org\/at\/impressum\/"]}]},{"@type":"BreadcrumbList","@id":"https:\/\/www.nestwaerme.org\/at\/impressum\/#breadcrumb","itemListElement":[{"@type":"ListItem","position":1,"name":"Startseite","item":"https:\/\/www.nestwaerme.org\/at\/"},{"@type":"ListItem","position":2,"name":"Impressum"}]},{"@type":"WebSite","@id":"https:\/\/www.nestwaerme.org\/at\/#website","url":"https:\/\/www.nestwaerme.org\/at\/","name":"nestw\u00e4rme \u00d6sterreich","description":"","potentialAction":[{"@type":"SearchAction","target":{"@type":"EntryPoint","urlTemplate":"https:\/\/www.nestwaerme.org\/at\/?s={search_term_string}"},"query-input":{"@type":"PropertyValueSpecification","valueRequired":true,"valueName":"search_term_string"}}],"inLanguage":"de"}]}},"_links":{"self":[{"href":"https:\/\/www.nestwaerme.org\/at\/wp-json\/wp\/v2\/pages\/329","targetHints":{"allow":["GET"]}}],"collection":[{"href":"https:\/\/www.nestwaerme.org\/at\/wp-json\/wp\/v2\/pages"}],"about":[{"href":"https:\/\/www.nestwaerme.org\/at\/wp-json\/wp\/v2\/types\/page"}],"author":[{"embeddable":true,"href":"https:\/\/www.nestwaerme.org\/at\/wp-json\/wp\/v2\/users\/1"}],"replies":[{"embeddable":true,"href":"https:\/\/www.nestwaerme.org\/at\/wp-json\/wp\/v2\/comments?post=329"}],"version-history":[{"count":2,"href":"https:\/\/www.nestwaerme.org\/at\/wp-json\/wp\/v2\/pages\/329\/revisions"}],"predecessor-version":[{"id":946,"href":"https:\/\/www.nestwaerme.org\/at\/wp-json\/wp\/v2\/pages\/329\/revisions\/946"}],"wp:attachment":[{"href":"https:\/\/www.nestwaerme.org\/at\/wp-json\/wp\/v2\/media?parent=329"}],"curies":[{"name":"wp","href":"https:\/\/api.w.org\/{rel}","templated":true}]}}