{"id":388,"date":"2023-08-27T07:16:54","date_gmt":"2023-08-27T05:16:54","guid":{"rendered":"https:\/\/www.nestwaerme.org\/?page_id=1218"},"modified":"2025-05-23T20:39:03","modified_gmt":"2025-05-23T18:39:03","slug":"unser-team","status":"publish","type":"page","link":"https:\/\/www.nestwaerme.org\/at\/unser-team\/","title":{"rendered":"Team"},"content":{"rendered":"\n<h2 class=\"wp-block-heading\">Seit 2020 wird es auch in \u00d6sterreich so richtig nestwarm!<\/h2>\n\n\n\n<p>Der \u00fcberregionale Verein <strong>\u201enestw\u00e4rme \u00d6sterreich \u2013 Das InklusionsNetzwerk f\u00fcr Familien\u201c<\/strong> stellt das Erleben und St\u00e4rken von Gemeinschaft, Selbstwirksamkeit, Inklusion und Herzensbildung in den Mittelpunkt seines Wirkens.<\/p>\n\n\n\n<p>Besonders soll dies Menschen erm\u00f6glicht werden, die in und durch Krisensituationen im gesellschaftlichen Abseits stehen \u2013 vor allem <strong>Alleinerziehende<\/strong>, sowie <strong>Familien mit behinderten, chronisch kranken und schwerkranken Kindern<\/strong>.<\/p>\n\n\n\n<p>F\u00fcr Informationen zu l\u00e4nder\u00fcbergreifenden Angeboten: <a href=\"http:\/\/www.nestwaerme.org\">www.nestwaerme.org<\/a><\/p>\n\n\n\n<hr class=\"wp-block-separator has-alpha-channel-opacity\"\/>\n\n\n\n<h3 class=\"wp-block-heading\">Team nestw\u00e4rme \u00d6sterreich<\/h3>\n\n\n\n<div class=\"wp-block-columns is-layout-flex wp-container-core-columns-is-layout-28f84493 wp-block-columns-is-layout-flex\">\n<div class=\"wp-block-column is-layout-flow wp-block-column-is-layout-flow\">\n<figure class=\"wp-block-image size-full is-resized\"><img loading=\"lazy\" decoding=\"async\" width=\"400\" height=\"600\" src=\"https:\/\/www.nestwaerme.org\/at\/wp-content\/uploads\/sites\/2\/2024\/02\/IMG_6391-400x600-1.jpg\" alt=\"\" class=\"wp-image-779\" style=\"aspect-ratio:0.6659919028340081;width:329px;height:auto\" srcset=\"https:\/\/www.nestwaerme.org\/at\/wp-content\/uploads\/sites\/2\/2024\/02\/IMG_6391-400x600-1.jpg 400w, https:\/\/www.nestwaerme.org\/at\/wp-content\/uploads\/sites\/2\/2024\/02\/IMG_6391-400x600-1-200x300.jpg 200w, https:\/\/www.nestwaerme.org\/at\/wp-content\/uploads\/sites\/2\/2024\/02\/IMG_6391-400x600-1-337x505.jpg 337w\" sizes=\"auto, (max-width: 400px) 100vw, 400px\" \/><\/figure>\n\n\n\n<p>Stefan Konrad <br>Pr\u00e4sident, Vorstand, Resilienz Coach, Projektmanagement<\/p>\n<\/div>\n\n\n\n<div class=\"wp-block-column is-layout-flow wp-block-column-is-layout-flow\">\n<figure class=\"wp-block-image size-large is-resized\"><img loading=\"lazy\" decoding=\"async\" width=\"683\" height=\"1024\" src=\"https:\/\/www.nestwaerme.org\/at\/wp-content\/uploads\/sites\/2\/2024\/10\/IMG_3341-683x1024.jpg\" alt=\"\" class=\"wp-image-1203\" style=\"aspect-ratio:0.6659919028340081;width:332px;height:auto\" srcset=\"https:\/\/www.nestwaerme.org\/at\/wp-content\/uploads\/sites\/2\/2024\/10\/IMG_3341-683x1024.jpg 683w, https:\/\/www.nestwaerme.org\/at\/wp-content\/uploads\/sites\/2\/2024\/10\/IMG_3341-200x300.jpg 200w, https:\/\/www.nestwaerme.org\/at\/wp-content\/uploads\/sites\/2\/2024\/10\/IMG_3341-768x1152.jpg 768w, https:\/\/www.nestwaerme.org\/at\/wp-content\/uploads\/sites\/2\/2024\/10\/IMG_3341-1024x1536.jpg 1024w, https:\/\/www.nestwaerme.org\/at\/wp-content\/uploads\/sites\/2\/2024\/10\/IMG_3341-431x647.jpg 431w, https:\/\/www.nestwaerme.org\/at\/wp-content\/uploads\/sites\/2\/2024\/10\/IMG_3341-337x505.jpg 337w, https:\/\/www.nestwaerme.org\/at\/wp-content\/uploads\/sites\/2\/2024\/10\/IMG_3341-520x780.jpg 520w\" sizes=\"auto, (max-width: 683px) 100vw, 683px\" \/><\/figure>\n\n\n\n<p>Barbara Obermeier <br>Vizepr\u00e4sidentin, Vorstand, Projektmanagement<\/p>\n<\/div>\n<\/div>\n\n\n\n<hr class=\"wp-block-separator has-alpha-channel-opacity\"\/>\n\n\n\n<p>Elisabeth Schuh (Vorstand, Gr\u00fcnderin von nestw\u00e4rme)<\/p>\n\n\n\n<p>Petra Moske (Vorstand, Kassier, Gr\u00fcnderin von nestw\u00e4rme)<\/p>\n\n\n\n<p>Dirk Hense (Vorstand, Schriftf\u00fchrer)<\/p>\n\n\n\n<p><strong>Ehrenamtliche Mitarbeiter:innen:<\/strong><\/p>\n\n\n\n<ul class=\"wp-block-list\">\n<li>Suzana Galic \u2013 Organisatorin Sonnenkinder-Camp<\/li>\n\n\n\n<li>Irene Hruska \u2013 Organisation Theatertanten<\/li>\n\n\n\n<li>Gernot Ottowitz \u2013 Graphik Design<\/li>\n\n\n\n<li>Edith Kessler &#8211; Organisation Theatertanten<\/li>\n\n\n\n<li>David Neubauer &#8211; Website und IT-Support<\/li>\n<\/ul>\n\n\n\n<hr class=\"wp-block-separator has-alpha-channel-opacity\"\/>\n\n\n\n<h3 class=\"wp-block-heading\">Kooperationspartner und Sponsoren<\/h3>\n\n\n\n\n\t<div class=\"c-imagerow alignfull\" >\t\t\t\t\t\t\t\t\t\t\n\t\t\t\t\t\t\t<img decoding=\"async\"  alt=\"\" src=\"https:\/\/www.nestwaerme.org\/at\/wp-content\/uploads\/sites\/2\/2024\/02\/Website_quadrate_ah_steuerberatung.jpg\" \/>\n\t\t\t\t\t\t\t\t\t\t\t\t\t\n\t\t\t\t\t\t\t<img decoding=\"async\"  alt=\"\" src=\"https:\/\/www.nestwaerme.org\/at\/wp-content\/uploads\/sites\/2\/2024\/02\/Website_quadrate_ape_academy.jpg\" \/>\n\t\t\t\t\t\t\t\t\t\t\t\t\t\n\t\t\t\t\t\t\t<img decoding=\"async\"  alt=\"\" src=\"https:\/\/www.nestwaerme.org\/at\/wp-content\/uploads\/sites\/2\/2024\/02\/Website_quadrate_creators.jpg\" \/>\n\t\t\t\t\t\t\t\t\t\t\t\t\t\n\t\t\t\t\t\t\t<img decoding=\"async\"  alt=\"\" src=\"https:\/\/www.nestwaerme.org\/at\/wp-content\/uploads\/sites\/2\/2024\/02\/Website_quadrate_indeed_unique.jpg\" \/>\n\t\t\t\t\t\t\t\t\t\t\t\t\t\n\t\t\t\t\t\t\t<img decoding=\"async\"  alt=\"\" src=\"https:\/\/www.nestwaerme.org\/at\/wp-content\/uploads\/sites\/2\/2024\/03\/Website_quadrate_kinder_in_wien.jpg\" \/>\n\t\t\t\t\t\t\t\t\t\t\t\t\t\n\t\t\t\t\t\t\t<img decoding=\"async\"  alt=\"\" src=\"https:\/\/www.nestwaerme.org\/at\/wp-content\/uploads\/sites\/2\/2024\/03\/Website_quadrate_primorama.jpg\" \/>\n\t\t\t\t\t\t\t\t\t\t\t\t\t\n\t\t\t\t\t\t\t<img decoding=\"async\"  alt=\"\" src=\"https:\/\/www.nestwaerme.org\/at\/wp-content\/uploads\/sites\/2\/2024\/03\/Website_quadrate_rehkids.jpg\" \/>\n\t\t\t\t\t\t\t\t\t\t\t\t\t\n\t\t\t\t\t\t\t<img decoding=\"async\"  alt=\"\" src=\"https:\/\/www.nestwaerme.org\/at\/wp-content\/uploads\/sites\/2\/2024\/03\/Website_quadrate_schonherr.jpg\" \/>\n\t\t\t\t\t\t\t\t\t\t\t\t\t\n\t\t\t\t\t\t\t<img decoding=\"async\"  alt=\"\" src=\"https:\/\/www.nestwaerme.org\/at\/wp-content\/uploads\/sites\/2\/2024\/03\/Website_quadrate_sonnentor.jpg\" \/>\n\t\t\t\t\t\t\t\t\t\t\t\t\t\n\t\t\t\t\t\t\t<img decoding=\"async\"  alt=\"\" src=\"https:\/\/www.nestwaerme.org\/at\/wp-content\/uploads\/sites\/2\/2024\/03\/Website_quadrate_waldabenteuer.jpg\" \/>\n\t\t\t\t\t\t\t\t\t\t\t\t\t\n\t\t\t\t\t\t\t<img decoding=\"async\"  alt=\"\" src=\"https:\/\/www.nestwaerme.org\/at\/wp-content\/uploads\/sites\/2\/2024\/03\/Zuckerlwerkstatt-Sponsor.png\" \/>\n\t\t\t\t\t\t<\/div>\n\n\n\n<h5 class=\"wp-block-heading\"><strong>Wie bedanken uns bei allen nestw\u00e4rme \u00d6sterreich Unterst\u00fctze<\/strong>rn<strong>:<\/strong><\/h5>\n\n\n\n<p>Perman Productions, <em>Denise Jastraunig, Felix Martin, Das Vindobona, Kabaret Simpl, Drew Sarich Fanclub, Ensemble Les Miserables St. Gallen\/M\u00fcnchen, Ensemble Jekyll&amp; Hyde Darmstadt, Anker Brot Fabrik, Steffi Rieger, Andr\u00e9 Bauer, Ariana Schirasi-Fard, Timo Verse, Die Vereinigten B\u00fchnen Wien, Das CATS Ensemble Wien, Das ELISABETH Ensemble Wien, Achtsamer Achter, Basiskultur Wien, Beat 1060, Bezirke Wieden, Mariahilf, Josefstadt &amp; Alsergrund, Drew Sarich, Gaby Roller, Himmer Buchheim &amp; Partner, Integration Wien, Kreativ-Lounge, Marjan Shaki &amp; Lukas Perman, Kronehit Radio, Localstore, Magdas, premium drinks &amp; more, Piatnik, SchreibereiHoch2, Sorgenetz, Tunnel Wien, Vincent Bueno, Walter Wegger, Wuffelliebe, XXXLutz, AVB Musical Sommer Amstetten, Ana Milva Gomes, Thomas von Kummant uvm.<\/em><\/p>\n\n\n\n<div style=\"height:1rem\" aria-hidden=\"true\" class=\"wp-block-spacer\"><\/div>\n","protected":false},"excerpt":{"rendered":"<p>Seit 2020 wird es auch in \u00d6sterreich so richtig nestwarm! Der \u00fcberregionale Verein \u201enestw\u00e4rme \u00d6sterreich \u2013 Das InklusionsNetzwerk f\u00fcr Familien\u201c stellt das Erleben und St\u00e4rken von Gemeinschaft, Selbstwirksamkeit, Inklusion und Herzensbildung in den Mittelpunkt seines Wirkens. Besonders soll dies Menschen erm\u00f6glicht werden, die in und durch Krisensituationen im gesellschaftlichen Abseits stehen \u2013 vor allem Alleinerziehende,&hellip;<\/p>\n","protected":false},"author":3,"featured_media":0,"parent":0,"menu_order":400,"comment_status":"open","ping_status":"open","template":"","meta":{"_acf_changed":false,"footnotes":""},"class_list":{"2":"type-page"},"acf":[],"yoast_head":"<!-- This site is optimized with the Yoast SEO plugin v27.2 - https:\/\/yoast.com\/product\/yoast-seo-wordpress\/ -->\n<title>Das Team- nestw\u00e4rme \u00d6sterreich<\/title>\n<meta name=\"description\" content=\"Das Team von nestw\u00e4rme \u00d6sterreich ist f\u00fcr Dich da. Wir freuen uns Dich kennen zu lernen und Dir unsere Angebote vorzustellen.\" \/>\n<meta name=\"robots\" content=\"noindex, follow, max-snippet:-1, max-image-preview:large, max-video-preview:-1\" \/>\n<meta property=\"og:locale\" content=\"de_DE\" \/>\n<meta property=\"og:type\" content=\"article\" \/>\n<meta property=\"og:title\" content=\"Das Team- nestw\u00e4rme \u00d6sterreich\" \/>\n<meta property=\"og:description\" content=\"Das Team von nestw\u00e4rme \u00d6sterreich ist f\u00fcr Dich da. Wir freuen uns Dich kennen zu lernen und Dir unsere Angebote vorzustellen.\" \/>\n<meta property=\"og:url\" content=\"https:\/\/www.nestwaerme.org\/at\/unser-team\/\" \/>\n<meta property=\"og:site_name\" content=\"nestw\u00e4rme \u00d6sterreich\" \/>\n<meta property=\"article:modified_time\" content=\"2025-05-23T18:39:03+00:00\" \/>\n<meta property=\"og:image\" content=\"https:\/\/www.nestwaerme.org\/at\/wp-content\/uploads\/sites\/2\/2024\/02\/IMG_6391-400x600-1.jpg\" \/>\n\t<meta property=\"og:image:width\" content=\"400\" \/>\n\t<meta property=\"og:image:height\" content=\"600\" \/>\n\t<meta property=\"og:image:type\" content=\"image\/jpeg\" \/>\n<meta name=\"twitter:card\" content=\"summary_large_image\" \/>\n<meta name=\"twitter:label1\" content=\"Gesch\u00e4tzte Lesezeit\" \/>\n\t<meta name=\"twitter:data1\" content=\"2\u00a0Minuten\" \/>\n<script type=\"application\/ld+json\" class=\"yoast-schema-graph\">{\"@context\":\"https:\/\/schema.org\",\"@graph\":[{\"@type\":\"WebPage\",\"@id\":\"https:\/\/www.nestwaerme.org\/at\/unser-team\/\",\"url\":\"https:\/\/www.nestwaerme.org\/at\/unser-team\/\",\"name\":\"Das Team- nestw\u00e4rme \u00d6sterreich\",\"isPartOf\":{\"@id\":\"https:\/\/www.nestwaerme.org\/at\/#website\"},\"primaryImageOfPage\":{\"@id\":\"https:\/\/www.nestwaerme.org\/at\/unser-team\/#primaryimage\"},\"image\":{\"@id\":\"https:\/\/www.nestwaerme.org\/at\/unser-team\/#primaryimage\"},\"thumbnailUrl\":\"https:\/\/www.nestwaerme.org\/at\/wp-content\/uploads\/sites\/2\/2024\/02\/IMG_6391-400x600-1.jpg\",\"datePublished\":\"2023-08-27T05:16:54+00:00\",\"dateModified\":\"2025-05-23T18:39:03+00:00\",\"description\":\"Das Team von nestw\u00e4rme \u00d6sterreich ist f\u00fcr Dich da. Wir freuen uns Dich kennen zu lernen und Dir unsere Angebote vorzustellen.\",\"breadcrumb\":{\"@id\":\"https:\/\/www.nestwaerme.org\/at\/unser-team\/#breadcrumb\"},\"inLanguage\":\"de\",\"potentialAction\":[{\"@type\":\"ReadAction\",\"target\":[\"https:\/\/www.nestwaerme.org\/at\/unser-team\/\"]}]},{\"@type\":\"ImageObject\",\"inLanguage\":\"de\",\"@id\":\"https:\/\/www.nestwaerme.org\/at\/unser-team\/#primaryimage\",\"url\":\"https:\/\/www.nestwaerme.org\/at\/wp-content\/uploads\/sites\/2\/2024\/02\/IMG_6391-400x600-1.jpg\",\"contentUrl\":\"https:\/\/www.nestwaerme.org\/at\/wp-content\/uploads\/sites\/2\/2024\/02\/IMG_6391-400x600-1.jpg\",\"width\":400,\"height\":600},{\"@type\":\"BreadcrumbList\",\"@id\":\"https:\/\/www.nestwaerme.org\/at\/unser-team\/#breadcrumb\",\"itemListElement\":[{\"@type\":\"ListItem\",\"position\":1,\"name\":\"Startseite\",\"item\":\"https:\/\/www.nestwaerme.org\/at\/\"},{\"@type\":\"ListItem\",\"position\":2,\"name\":\"Team\"}]},{\"@type\":\"WebSite\",\"@id\":\"https:\/\/www.nestwaerme.org\/at\/#website\",\"url\":\"https:\/\/www.nestwaerme.org\/at\/\",\"name\":\"nestw\u00e4rme \u00d6sterreich\",\"description\":\"\",\"potentialAction\":[{\"@type\":\"SearchAction\",\"target\":{\"@type\":\"EntryPoint\",\"urlTemplate\":\"https:\/\/www.nestwaerme.org\/at\/?s={search_term_string}\"},\"query-input\":{\"@type\":\"PropertyValueSpecification\",\"valueRequired\":true,\"valueName\":\"search_term_string\"}}],\"inLanguage\":\"de\"}]}<\/script>\n<!-- \/ Yoast SEO plugin. -->","yoast_head_json":{"title":"Das Team- nestw\u00e4rme \u00d6sterreich","description":"Das Team von nestw\u00e4rme \u00d6sterreich ist f\u00fcr Dich da. Wir freuen uns Dich kennen zu lernen und Dir unsere Angebote vorzustellen.","robots":{"index":"noindex","follow":"follow","max-snippet":"max-snippet:-1","max-image-preview":"max-image-preview:large","max-video-preview":"max-video-preview:-1"},"og_locale":"de_DE","og_type":"article","og_title":"Das Team- nestw\u00e4rme \u00d6sterreich","og_description":"Das Team von nestw\u00e4rme \u00d6sterreich ist f\u00fcr Dich da. Wir freuen uns Dich kennen zu lernen und Dir unsere Angebote vorzustellen.","og_url":"https:\/\/www.nestwaerme.org\/at\/unser-team\/","og_site_name":"nestw\u00e4rme \u00d6sterreich","article_modified_time":"2025-05-23T18:39:03+00:00","og_image":[{"width":400,"height":600,"url":"https:\/\/www.nestwaerme.org\/at\/wp-content\/uploads\/sites\/2\/2024\/02\/IMG_6391-400x600-1.jpg","type":"image\/jpeg"}],"twitter_card":"summary_large_image","twitter_misc":{"Gesch\u00e4tzte Lesezeit":"2\u00a0Minuten"},"schema":{"@context":"https:\/\/schema.org","@graph":[{"@type":"WebPage","@id":"https:\/\/www.nestwaerme.org\/at\/unser-team\/","url":"https:\/\/www.nestwaerme.org\/at\/unser-team\/","name":"Das Team- nestw\u00e4rme \u00d6sterreich","isPartOf":{"@id":"https:\/\/www.nestwaerme.org\/at\/#website"},"primaryImageOfPage":{"@id":"https:\/\/www.nestwaerme.org\/at\/unser-team\/#primaryimage"},"image":{"@id":"https:\/\/www.nestwaerme.org\/at\/unser-team\/#primaryimage"},"thumbnailUrl":"https:\/\/www.nestwaerme.org\/at\/wp-content\/uploads\/sites\/2\/2024\/02\/IMG_6391-400x600-1.jpg","datePublished":"2023-08-27T05:16:54+00:00","dateModified":"2025-05-23T18:39:03+00:00","description":"Das Team von nestw\u00e4rme \u00d6sterreich ist f\u00fcr Dich da. Wir freuen uns Dich kennen zu lernen und Dir unsere Angebote vorzustellen.","breadcrumb":{"@id":"https:\/\/www.nestwaerme.org\/at\/unser-team\/#breadcrumb"},"inLanguage":"de","potentialAction":[{"@type":"ReadAction","target":["https:\/\/www.nestwaerme.org\/at\/unser-team\/"]}]},{"@type":"ImageObject","inLanguage":"de","@id":"https:\/\/www.nestwaerme.org\/at\/unser-team\/#primaryimage","url":"https:\/\/www.nestwaerme.org\/at\/wp-content\/uploads\/sites\/2\/2024\/02\/IMG_6391-400x600-1.jpg","contentUrl":"https:\/\/www.nestwaerme.org\/at\/wp-content\/uploads\/sites\/2\/2024\/02\/IMG_6391-400x600-1.jpg","width":400,"height":600},{"@type":"BreadcrumbList","@id":"https:\/\/www.nestwaerme.org\/at\/unser-team\/#breadcrumb","itemListElement":[{"@type":"ListItem","position":1,"name":"Startseite","item":"https:\/\/www.nestwaerme.org\/at\/"},{"@type":"ListItem","position":2,"name":"Team"}]},{"@type":"WebSite","@id":"https:\/\/www.nestwaerme.org\/at\/#website","url":"https:\/\/www.nestwaerme.org\/at\/","name":"nestw\u00e4rme \u00d6sterreich","description":"","potentialAction":[{"@type":"SearchAction","target":{"@type":"EntryPoint","urlTemplate":"https:\/\/www.nestwaerme.org\/at\/?s={search_term_string}"},"query-input":{"@type":"PropertyValueSpecification","valueRequired":true,"valueName":"search_term_string"}}],"inLanguage":"de"}]}},"_links":{"self":[{"href":"https:\/\/www.nestwaerme.org\/at\/wp-json\/wp\/v2\/pages\/388","targetHints":{"allow":["GET"]}}],"collection":[{"href":"https:\/\/www.nestwaerme.org\/at\/wp-json\/wp\/v2\/pages"}],"about":[{"href":"https:\/\/www.nestwaerme.org\/at\/wp-json\/wp\/v2\/types\/page"}],"author":[{"embeddable":true,"href":"https:\/\/www.nestwaerme.org\/at\/wp-json\/wp\/v2\/users\/3"}],"replies":[{"embeddable":true,"href":"https:\/\/www.nestwaerme.org\/at\/wp-json\/wp\/v2\/comments?post=388"}],"version-history":[{"count":36,"href":"https:\/\/www.nestwaerme.org\/at\/wp-json\/wp\/v2\/pages\/388\/revisions"}],"predecessor-version":[{"id":1462,"href":"https:\/\/www.nestwaerme.org\/at\/wp-json\/wp\/v2\/pages\/388\/revisions\/1462"}],"wp:attachment":[{"href":"https:\/\/www.nestwaerme.org\/at\/wp-json\/wp\/v2\/media?parent=388"}],"curies":[{"name":"wp","href":"https:\/\/api.w.org\/{rel}","templated":true}]}}