{"id":566,"date":"2023-10-10T12:21:36","date_gmt":"2023-10-10T10:21:36","guid":{"rendered":"https:\/\/www.nestwaerme.org\/at\/?page_id=566"},"modified":"2025-05-23T16:03:12","modified_gmt":"2025-05-23T14:03:12","slug":"angebote","status":"publish","type":"page","link":"https:\/\/www.nestwaerme.org\/at\/angebote\/","title":{"rendered":"Angebote"},"content":{"rendered":"\n<h2 class=\"wp-block-heading\">Wir sind f\u00fcr dich da!<\/h2>\n\n\n\n<h3 class=\"wp-block-heading\">Finde das passende Angebot f\u00fcr Dich und Deine Familie. <\/h3>\n\n\n\n<p>Egal ob alleinerziehend, Familie mit beeintr\u00e4chtigten Kindern oder begeisterte Mitgestaltende \u2013 Vielfalt wird bei nestw\u00e4rme \u00d6sterreich gro\u00dfgeschrieben und das zeigt sich auch in unserem Tun:&nbsp;&nbsp;<\/p>\n\n\n\n\n<section class=\"c-section  is-style-primary is-style-col-3\" >\n\n<ul class=\"o-grid o-grid-1-2-3 o-list-bare\">\n    <li class=\"c-card c-card--teaser\">\n\n    \n    \n    \n        \n    \n            \n    \n    \n    <img loading=\"lazy\" decoding=\"async\" width=\"951\" height=\"951\" src=\"https:\/\/www.nestwaerme.org\/at\/wp-content\/uploads\/sites\/2\/2023\/10\/Headerbild_Sonnenkinder-Camps-951x951.jpg\" class=\"attachment-teaser size-teaser wp-post-image\" alt=\"\" srcset=\"https:\/\/www.nestwaerme.org\/at\/wp-content\/uploads\/sites\/2\/2023\/10\/Headerbild_Sonnenkinder-Camps-951x951.jpg 951w, https:\/\/www.nestwaerme.org\/at\/wp-content\/uploads\/sites\/2\/2023\/10\/Headerbild_Sonnenkinder-Camps-150x150.jpg 150w, https:\/\/www.nestwaerme.org\/at\/wp-content\/uploads\/sites\/2\/2023\/10\/Headerbild_Sonnenkinder-Camps-320x320.jpg 320w, https:\/\/www.nestwaerme.org\/at\/wp-content\/uploads\/sites\/2\/2023\/10\/Headerbild_Sonnenkinder-Camps-400x400.jpg 400w, https:\/\/www.nestwaerme.org\/at\/wp-content\/uploads\/sites\/2\/2023\/10\/Headerbild_Sonnenkinder-Camps-441x441.jpg 441w\" sizes=\"auto, (max-width: 800px) 100vw, 800px\" \/>    <h3 class=\"c-card__title\">Kinderbetreuung<\/h3>    <div class=\"c-card__text\">Du brauchst Unterst\u00fctzung w\u00e4hrend der Ferien?<\/div>    \n<div class=\"wp-block-button aligncenter is-style-black\"><a class=\"wp-block-button__link \" href=\"https:\/\/www.nestwaerme.org\/at\/angebote\/kinderbetreuung\/\" target=\"_self\"><svg width=\"21\" height=\"21\" aria-hidden=\"true\" role=\"img\" focusable=\"false\"><use href=\"#utility-arrow-right-heavy\"><\/use><\/svg>mehr erfahren<\/a><\/div>\n  <\/li>\n    <li class=\"c-card c-card--teaser\">\n\n    \n    \n    \n        \n    \n            \n    \n    \n    <img loading=\"lazy\" decoding=\"async\" width=\"951\" height=\"951\" src=\"https:\/\/www.nestwaerme.org\/at\/wp-content\/uploads\/sites\/2\/2024\/03\/Theatertanten-951x951.jpeg\" class=\"attachment-teaser size-teaser wp-post-image\" alt=\"\" srcset=\"https:\/\/www.nestwaerme.org\/at\/wp-content\/uploads\/sites\/2\/2024\/03\/Theatertanten-951x951.jpeg 951w, https:\/\/www.nestwaerme.org\/at\/wp-content\/uploads\/sites\/2\/2024\/03\/Theatertanten-150x150.jpeg 150w, https:\/\/www.nestwaerme.org\/at\/wp-content\/uploads\/sites\/2\/2024\/03\/Theatertanten-320x320.jpeg 320w, https:\/\/www.nestwaerme.org\/at\/wp-content\/uploads\/sites\/2\/2024\/03\/Theatertanten-180x180.jpeg 180w, https:\/\/www.nestwaerme.org\/at\/wp-content\/uploads\/sites\/2\/2024\/03\/Theatertanten-441x441.jpeg 441w, https:\/\/www.nestwaerme.org\/at\/wp-content\/uploads\/sites\/2\/2024\/03\/Theatertanten-400x400.jpeg 400w\" sizes=\"auto, (max-width: 800px) 100vw, 800px\" \/>    <h3 class=\"c-card__title\">Theatererlebnis<\/h3>    <div class=\"c-card__text\">Du hast Freude daran gemeinsam mit uns ins Theater zu gehen?<\/div>    \n<div class=\"wp-block-button aligncenter is-style-black\"><a class=\"wp-block-button__link \" href=\"https:\/\/www.nestwaerme.org\/at\/angebote\/theatertanten\/\" target=\"_self\"><svg width=\"21\" height=\"21\" aria-hidden=\"true\" role=\"img\" focusable=\"false\"><use href=\"#utility-arrow-right-heavy\"><\/use><\/svg>mehr erfahren<\/a><\/div>\n  <\/li>\n    <li class=\"c-card c-card--teaser\">\n\n    \n    \n    \n        \n    \n            \n    \n    \n    <img loading=\"lazy\" decoding=\"async\" width=\"951\" height=\"951\" src=\"https:\/\/www.nestwaerme.org\/at\/wp-content\/uploads\/sites\/2\/2024\/03\/Header-Zeichenkurs-951x951.jpg\" class=\"attachment-teaser size-teaser wp-post-image\" alt=\"\" srcset=\"https:\/\/www.nestwaerme.org\/at\/wp-content\/uploads\/sites\/2\/2024\/03\/Header-Zeichenkurs-951x951.jpg 951w, https:\/\/www.nestwaerme.org\/at\/wp-content\/uploads\/sites\/2\/2024\/03\/Header-Zeichenkurs-150x150.jpg 150w, https:\/\/www.nestwaerme.org\/at\/wp-content\/uploads\/sites\/2\/2024\/03\/Header-Zeichenkurs-320x320.jpg 320w, https:\/\/www.nestwaerme.org\/at\/wp-content\/uploads\/sites\/2\/2024\/03\/Header-Zeichenkurs-180x180.jpg 180w, https:\/\/www.nestwaerme.org\/at\/wp-content\/uploads\/sites\/2\/2024\/03\/Header-Zeichenkurs-441x441.jpg 441w, https:\/\/www.nestwaerme.org\/at\/wp-content\/uploads\/sites\/2\/2024\/03\/Header-Zeichenkurs-400x400.jpg 400w\" sizes=\"auto, (max-width: 800px) 100vw, 800px\" \/>    <h3 class=\"c-card__title\">Zeichenkurs<\/h3>    <div class=\"c-card__text\">Du liebst den Sommer beim Zeichnen und Austauschen unter Gleichgesinnten?<\/div>    \n<div class=\"wp-block-button aligncenter is-style-black\"><a class=\"wp-block-button__link \" href=\"https:\/\/www.nestwaerme.org\/at\/angebote\/inklusiver-zeichenkurs\/\" target=\"_self\"><svg width=\"21\" height=\"21\" aria-hidden=\"true\" role=\"img\" focusable=\"false\"><use href=\"#utility-arrow-right-heavy\"><\/use><\/svg>mehr erfahren<\/a><\/div>\n  <\/li>\n    <li class=\"c-card c-card--teaser\">\n\n    \n    \n    \n        \n    \n            \n    \n    \n                  <\/li>\n  <\/ul>\n<\/section>\n\n\n\n\n<section class=\"c-section  is-style-primary is-style-col-3\" >\n\n<ul class=\"o-grid o-grid-1-2-3 o-list-bare\">\n    <li class=\"c-card c-card--teaser\">\n\n    \n    \n    \n        \n    \n            \n    \n    \n    <div class=\"c-card__media\"><img decoding=\"async\" alt=\"\" src=\"https:\/\/www.nestwaerme.org\/at\/wp-content\/uploads\/sites\/2\/2024\/10\/maedn_baer_1-951x951.jpg\"><\/div>    <h3 class=\"c-card__title\">mensch-\u00e4rgere-dich-nicht!<\/h3>    <div class=\"c-card__text\">Du lernst gerne etwas \u00fcber Dich selbst und m\u00f6chtest mehr aus Deinem Leben machen?<\/div>    \n<div class=\"wp-block-button aligncenter is-style-black\"><a class=\"wp-block-button__link \" href=\"https:\/\/www.nestwaerme.org\/at\/angebote\/online-angebote\/mensch-aergere-dich-nicht\/\" target=\"_self\"><svg width=\"21\" height=\"21\" aria-hidden=\"true\" role=\"img\" focusable=\"false\"><use href=\"#utility-arrow-right-heavy\"><\/use><\/svg>mehr erfahren<\/a><\/div>\n  <\/li>\n    <li class=\"c-card c-card--teaser\">\n\n    \n    \n    \n        \n    \n            \n    \n    \n    <img loading=\"lazy\" decoding=\"async\" width=\"951\" height=\"951\" src=\"https:\/\/www.nestwaerme.org\/at\/wp-content\/uploads\/sites\/2\/2024\/05\/Header-Paulinen-Plausch-951x951.jpeg\" class=\"attachment-teaser size-teaser wp-post-image\" alt=\"\" srcset=\"https:\/\/www.nestwaerme.org\/at\/wp-content\/uploads\/sites\/2\/2024\/05\/Header-Paulinen-Plausch-951x951.jpeg 951w, https:\/\/www.nestwaerme.org\/at\/wp-content\/uploads\/sites\/2\/2024\/05\/Header-Paulinen-Plausch-150x150.jpeg 150w, https:\/\/www.nestwaerme.org\/at\/wp-content\/uploads\/sites\/2\/2024\/05\/Header-Paulinen-Plausch-320x320.jpeg 320w, https:\/\/www.nestwaerme.org\/at\/wp-content\/uploads\/sites\/2\/2024\/05\/Header-Paulinen-Plausch-180x180.jpeg 180w, https:\/\/www.nestwaerme.org\/at\/wp-content\/uploads\/sites\/2\/2024\/05\/Header-Paulinen-Plausch-441x441.jpeg 441w, https:\/\/www.nestwaerme.org\/at\/wp-content\/uploads\/sites\/2\/2024\/05\/Header-Paulinen-Plausch-400x400.jpeg 400w\" sizes=\"auto, (max-width: 800px) 100vw, 800px\" \/>    <h3 class=\"c-card__title\">paulinen plausch<\/h3>    <div class=\"c-card__text\">Du vernetzt Dich gerne mit Menschen, die sozial engagiert sind?<\/div>    \n<div class=\"wp-block-button aligncenter is-style-black\"><a class=\"wp-block-button__link \" href=\"https:\/\/www.nestwaerme.org\/at\/angebote\/online-angebote\/paulinenplausch\/\" target=\"_self\"><svg width=\"21\" height=\"21\" aria-hidden=\"true\" role=\"img\" focusable=\"false\"><use href=\"#utility-arrow-right-heavy\"><\/use><\/svg>mehr erfahren<\/a><\/div>\n  <\/li>\n    <li class=\"c-card c-card--teaser\">\n\n    \n    \n    \n        \n    \n            \n    \n    \n                  <\/li>\n  <\/ul>\n<\/section>\n","protected":false},"excerpt":{"rendered":"<p>Kostenlose Online- und Pr\u00e4senz-Veranstaltungen f\u00fcr Familien mit beeintr\u00e4chtigten Kindern. Begegnung, Spa\u00df, Kreativit\u00e4t, Selbstf\u00fcrsorge.<\/p>\n","protected":false},"author":1,"featured_media":0,"parent":0,"menu_order":200,"comment_status":"open","ping_status":"open","template":"","meta":{"_acf_changed":false,"footnotes":""},"class_list":{"2":"type-page"},"acf":[],"yoast_head":"<!-- This site is optimized with the Yoast SEO plugin v27.2 - https:\/\/yoast.com\/product\/yoast-seo-wordpress\/ -->\n<title>Angebote - nestw\u00e4rme \u00d6sterreich<\/title>\n<meta name=\"description\" content=\"Kostenlose Online- und Pr\u00e4senz-Veranstaltungen f\u00fcr Familien mit beeintr\u00e4chtigten Kindern. Begegnung, Spa\u00df, Kreativit\u00e4t, Selbstf\u00fcrsorge.\" \/>\n<meta name=\"robots\" content=\"noindex, follow, max-snippet:-1, max-image-preview:large, max-video-preview:-1\" \/>\n<meta property=\"og:locale\" content=\"de_DE\" \/>\n<meta property=\"og:type\" content=\"article\" \/>\n<meta property=\"og:title\" content=\"Angebote - nestw\u00e4rme \u00d6sterreich\" \/>\n<meta property=\"og:description\" content=\"Kostenlose Online- und Pr\u00e4senz-Veranstaltungen f\u00fcr Familien mit beeintr\u00e4chtigten Kindern. Begegnung, Spa\u00df, Kreativit\u00e4t, Selbstf\u00fcrsorge.\" \/>\n<meta property=\"og:url\" content=\"https:\/\/www.nestwaerme.org\/at\/angebote\/\" \/>\n<meta property=\"og:site_name\" content=\"nestw\u00e4rme \u00d6sterreich\" \/>\n<meta property=\"article:modified_time\" content=\"2025-05-23T14:03:12+00:00\" \/>\n<meta name=\"twitter:card\" content=\"summary_large_image\" \/>\n<meta name=\"twitter:label1\" content=\"Gesch\u00e4tzte Lesezeit\" \/>\n\t<meta name=\"twitter:data1\" content=\"1\u00a0Minute\" \/>\n<script type=\"application\/ld+json\" class=\"yoast-schema-graph\">{\"@context\":\"https:\/\/schema.org\",\"@graph\":[{\"@type\":\"WebPage\",\"@id\":\"https:\/\/www.nestwaerme.org\/at\/angebote\/\",\"url\":\"https:\/\/www.nestwaerme.org\/at\/angebote\/\",\"name\":\"Angebote - nestw\u00e4rme \u00d6sterreich\",\"isPartOf\":{\"@id\":\"https:\/\/www.nestwaerme.org\/at\/#website\"},\"datePublished\":\"2023-10-10T10:21:36+00:00\",\"dateModified\":\"2025-05-23T14:03:12+00:00\",\"description\":\"Kostenlose Online- und Pr\u00e4senz-Veranstaltungen f\u00fcr Familien mit beeintr\u00e4chtigten Kindern. Begegnung, Spa\u00df, Kreativit\u00e4t, Selbstf\u00fcrsorge.\",\"breadcrumb\":{\"@id\":\"https:\/\/www.nestwaerme.org\/at\/angebote\/#breadcrumb\"},\"inLanguage\":\"de\",\"potentialAction\":[{\"@type\":\"ReadAction\",\"target\":[\"https:\/\/www.nestwaerme.org\/at\/angebote\/\"]}]},{\"@type\":\"BreadcrumbList\",\"@id\":\"https:\/\/www.nestwaerme.org\/at\/angebote\/#breadcrumb\",\"itemListElement\":[{\"@type\":\"ListItem\",\"position\":1,\"name\":\"Startseite\",\"item\":\"https:\/\/www.nestwaerme.org\/at\/\"},{\"@type\":\"ListItem\",\"position\":2,\"name\":\"Angebote\"}]},{\"@type\":\"WebSite\",\"@id\":\"https:\/\/www.nestwaerme.org\/at\/#website\",\"url\":\"https:\/\/www.nestwaerme.org\/at\/\",\"name\":\"nestw\u00e4rme \u00d6sterreich\",\"description\":\"\",\"potentialAction\":[{\"@type\":\"SearchAction\",\"target\":{\"@type\":\"EntryPoint\",\"urlTemplate\":\"https:\/\/www.nestwaerme.org\/at\/?s={search_term_string}\"},\"query-input\":{\"@type\":\"PropertyValueSpecification\",\"valueRequired\":true,\"valueName\":\"search_term_string\"}}],\"inLanguage\":\"de\"}]}<\/script>\n<!-- \/ Yoast SEO plugin. -->","yoast_head_json":{"title":"Angebote - nestw\u00e4rme \u00d6sterreich","description":"Kostenlose Online- und Pr\u00e4senz-Veranstaltungen f\u00fcr Familien mit beeintr\u00e4chtigten Kindern. Begegnung, Spa\u00df, Kreativit\u00e4t, Selbstf\u00fcrsorge.","robots":{"index":"noindex","follow":"follow","max-snippet":"max-snippet:-1","max-image-preview":"max-image-preview:large","max-video-preview":"max-video-preview:-1"},"og_locale":"de_DE","og_type":"article","og_title":"Angebote - nestw\u00e4rme \u00d6sterreich","og_description":"Kostenlose Online- und Pr\u00e4senz-Veranstaltungen f\u00fcr Familien mit beeintr\u00e4chtigten Kindern. Begegnung, Spa\u00df, Kreativit\u00e4t, Selbstf\u00fcrsorge.","og_url":"https:\/\/www.nestwaerme.org\/at\/angebote\/","og_site_name":"nestw\u00e4rme \u00d6sterreich","article_modified_time":"2025-05-23T14:03:12+00:00","twitter_card":"summary_large_image","twitter_misc":{"Gesch\u00e4tzte Lesezeit":"1\u00a0Minute"},"schema":{"@context":"https:\/\/schema.org","@graph":[{"@type":"WebPage","@id":"https:\/\/www.nestwaerme.org\/at\/angebote\/","url":"https:\/\/www.nestwaerme.org\/at\/angebote\/","name":"Angebote - nestw\u00e4rme \u00d6sterreich","isPartOf":{"@id":"https:\/\/www.nestwaerme.org\/at\/#website"},"datePublished":"2023-10-10T10:21:36+00:00","dateModified":"2025-05-23T14:03:12+00:00","description":"Kostenlose Online- und Pr\u00e4senz-Veranstaltungen f\u00fcr Familien mit beeintr\u00e4chtigten Kindern. Begegnung, Spa\u00df, Kreativit\u00e4t, Selbstf\u00fcrsorge.","breadcrumb":{"@id":"https:\/\/www.nestwaerme.org\/at\/angebote\/#breadcrumb"},"inLanguage":"de","potentialAction":[{"@type":"ReadAction","target":["https:\/\/www.nestwaerme.org\/at\/angebote\/"]}]},{"@type":"BreadcrumbList","@id":"https:\/\/www.nestwaerme.org\/at\/angebote\/#breadcrumb","itemListElement":[{"@type":"ListItem","position":1,"name":"Startseite","item":"https:\/\/www.nestwaerme.org\/at\/"},{"@type":"ListItem","position":2,"name":"Angebote"}]},{"@type":"WebSite","@id":"https:\/\/www.nestwaerme.org\/at\/#website","url":"https:\/\/www.nestwaerme.org\/at\/","name":"nestw\u00e4rme \u00d6sterreich","description":"","potentialAction":[{"@type":"SearchAction","target":{"@type":"EntryPoint","urlTemplate":"https:\/\/www.nestwaerme.org\/at\/?s={search_term_string}"},"query-input":{"@type":"PropertyValueSpecification","valueRequired":true,"valueName":"search_term_string"}}],"inLanguage":"de"}]}},"_links":{"self":[{"href":"https:\/\/www.nestwaerme.org\/at\/wp-json\/wp\/v2\/pages\/566","targetHints":{"allow":["GET"]}}],"collection":[{"href":"https:\/\/www.nestwaerme.org\/at\/wp-json\/wp\/v2\/pages"}],"about":[{"href":"https:\/\/www.nestwaerme.org\/at\/wp-json\/wp\/v2\/types\/page"}],"author":[{"embeddable":true,"href":"https:\/\/www.nestwaerme.org\/at\/wp-json\/wp\/v2\/users\/1"}],"replies":[{"embeddable":true,"href":"https:\/\/www.nestwaerme.org\/at\/wp-json\/wp\/v2\/comments?post=566"}],"version-history":[{"count":29,"href":"https:\/\/www.nestwaerme.org\/at\/wp-json\/wp\/v2\/pages\/566\/revisions"}],"predecessor-version":[{"id":1450,"href":"https:\/\/www.nestwaerme.org\/at\/wp-json\/wp\/v2\/pages\/566\/revisions\/1450"}],"wp:attachment":[{"href":"https:\/\/www.nestwaerme.org\/at\/wp-json\/wp\/v2\/media?parent=566"}],"curies":[{"name":"wp","href":"https:\/\/api.w.org\/{rel}","templated":true}]}}