{"id":586,"date":"2023-10-10T12:34:38","date_gmt":"2023-10-10T10:34:38","guid":{"rendered":"https:\/\/www.nestwaerme.org\/at\/?page_id=586"},"modified":"2025-10-12T17:04:43","modified_gmt":"2025-10-12T15:04:43","slug":"aktuelle-termine","status":"publish","type":"page","link":"https:\/\/www.nestwaerme.org\/at\/aktuelle-termine\/","title":{"rendered":"Termine"},"content":{"rendered":"\n<h2 class=\"wp-block-heading\">theatertanten<\/h2>\n\n\n\n<p>Gemeinsamer, kostenfreier Theaterspa\u00df f\u00fcr Familien in \u00d6sterreich!<\/p>\n\n\n\n<div class=\"wp-block-buttons is-layout-flex wp-block-buttons-is-layout-flex\">\n<div class=\"wp-block-button is-style-secondary\"><a class=\"wp-block-button__link wp-element-button\" href=\"https:\/\/www.nestwaerme.org\/at\/angebote\/theatertanten\/\"><svg width=\"21\" height=\"21\" aria-hidden=\"true\" role=\"img\" focusable=\"false\"><use href=\"#utility-arrow-right-heavy\"><\/use><\/svg>Alle Infos zu den Theatertanten<\/a><\/div>\n<\/div>\n\n\n\n<p>Demn\u00e4chst besuchen wir diese Vorstellungen:<\/p>\n\n\n\n<div class=\"c-slider c-termineslider alignwide \" ><div class=\"swiper\"><div class=\"swiper-wrapper\"><div class=\"swiper-slide\"><article class=\"c-event c-event--slider\"><div class=\"c-event__data\"><span class=\"c-event__day\">05.04.<\/span><span>17:00&nbsp;Uhr<\/span><\/div><div class=\"c-event__content\"><h2 class=\"c-event__title\">\u201eShrek \u2013 Das Musical\u201c<\/h2><div class=\"c-event__text\"><p><span class=\"TextRun SCXW267668185 BCX0\" lang=\"DE-DE\" xml:lang=\"DE-DE\" data-contrast=\"auto\"><span class=\"NormalTextRun SCXW267668185 BCX0\">Kultur-Aktion die theatertanten<\/span><\/span><span class=\"LineBreakBlob BlobObject DragDrop SCXW267668185 BCX0\"><span class=\"SCXW267668185 BCX0\">\u00a0<\/span><br class=\"SCXW267668185 BCX0\" \/><\/span><span class=\"TextRun SCXW267668185 BCX0\" lang=\"DE-DE\" xml:lang=\"DE-DE\" data-contrast=\"auto\"><span class=\"NormalTextRun SCXW267668185 BCX0\">Gemeinsamer, kostenfreier Theaterspa\u00df f\u00fcr Familien in \u00d6sterreich!<\/span><\/span><span class=\"EOP SCXW267668185 BCX0\" data-ccp-props=\"{&quot;134233117&quot;:false,&quot;134233118&quot;:false,&quot;335551550&quot;:0,&quot;335551620&quot;:0,&quot;335557856&quot;:14017274,&quot;335559738&quot;:240,&quot;335559739&quot;:240}\">\u00a0<\/span><\/p>\n<p><span data-contrast=\"auto\">Altersempfehlung: ab 8 Jahren<\/span><br \/>\n<span data-contrast=\"auto\">Besonderes: Rollst\u00fchle<\/span><span data-ccp-props=\"{&quot;134233117&quot;:false,&quot;134233118&quot;:false,&quot;335551550&quot;:0,&quot;335551620&quot;:0,&quot;335557856&quot;:14017274,&quot;335559738&quot;:240,&quot;335559739&quot;:240}\">\u00a0<\/span><\/p>\n<p><span data-contrast=\"auto\">Wir freuen uns auf Deine Anmeldung unter:<\/span><br \/>\n<a href=\"mailto:dietheatertanten@nestwaerme.org\"><b><span data-contrast=\"none\">dietheatertanten@nestwaerme.org<\/span><\/b><\/a><span data-ccp-props=\"{&quot;134233117&quot;:false,&quot;134233118&quot;:false,&quot;335551550&quot;:0,&quot;335551620&quot;:0,&quot;335557856&quot;:14017274,&quot;335559738&quot;:240,&quot;335559739&quot;:240}\">\u00a0<\/span><\/p>\n<p> Musiktheater Linz <\/p><div class=\"c-button__row\">\n<div class=\"wp-block-button aligncenter is-style-secondary\"><a class=\"wp-block-button__link \" href=\"mailto:dietheatertanten@nestwaerme.org\" target=\"_self\"><svg width=\"21\" height=\"21\" aria-hidden=\"true\" role=\"img\" focusable=\"false\"><use href=\"#utility-arrow-right-heavy\"><\/use><\/svg>Jetzt anmelden<\/a><\/div>\n<\/div><\/div><\/div><\/article><\/div><\/div><\/div><div class=\"swiper-pagination\"><\/div><div class=\"swiper-button-prev\"><\/div><div class=\"swiper-button-next\"><\/div><\/div>\n\n\n<hr class=\"wp-block-separator has-alpha-channel-opacity\"\/>\n\n\n\n<h2 class=\"wp-block-heading\">sonnenkinder-camp<\/h2>\n\n\n\n<p>Anmeldung unter <a href=\"mailto:sonnenkinder-camp@nestwaerme.org\">sonnenkinder-camp@nestwaerme.org<\/a><\/p>\n\n\n\n<div class=\"wp-block-buttons is-layout-flex wp-block-buttons-is-layout-flex\">\n<div class=\"wp-block-button is-style-secondary\"><a class=\"wp-block-button__link wp-element-button\" href=\"https:\/\/www.nestwaerme.org\/at\/angebote\/kinderbetreuung\/\"><svg width=\"21\" height=\"21\" aria-hidden=\"true\" role=\"img\" focusable=\"false\"><use href=\"#utility-arrow-right-heavy\"><\/use><\/svg>Infos zu den Sonnenkinder Camps<\/a><\/div>\n<\/div>\n\n\n\n<hr class=\"wp-block-separator has-alpha-channel-opacity\"\/>\n\n\n\n<h2 class=\"wp-block-heading\">gr\u00e4tzl-zeichenkurs<\/h2>\n\n\n\n\n\n\n<p>Anmeldung unter: <a href=\"mailto:graetzl-zeichenkurs@nestwaerme.org\">graetzl-zeichenkurs@nestwaerme.org<\/a><\/p>\n\n\n\n<div class=\"wp-block-buttons is-layout-flex wp-block-buttons-is-layout-flex\">\n<div class=\"wp-block-button is-style-secondary\"><a class=\"wp-block-button__link wp-element-button\"><svg width=\"21\" height=\"21\" aria-hidden=\"true\" role=\"img\" focusable=\"false\"><use href=\"#utility-arrow-right-heavy\"><\/use><\/svg>Alle Infos zum Gr\u00e4tzl Zeichenkurs<\/a><\/div>\n<\/div>\n\n\n\n<hr class=\"wp-block-separator has-alpha-channel-opacity\"\/>\n\n\n\n<h2 class=\"wp-block-heading\">mensch-\u00e4rgere-dich-nicht!<\/h2>\n\n\n\n\n\n\n<p>Anmeldung unter: <a href=\"mailto:mensch-aergere-dich-nicht@nestwaerme.org\" rel=\"nofollow\">mensch-aergere-dich-nicht@nestwaerme.org<\/a><\/p>\n\n\n\n<div class=\"wp-block-buttons is-layout-flex wp-block-buttons-is-layout-flex\">\n<div class=\"wp-block-button is-style-secondary\"><a class=\"wp-block-button__link wp-element-button\" href=\"https:\/\/www.nestwaerme.org\/at\/angebote\/online-angebote\/mensch-aergere-dich-nicht\/\"><svg width=\"21\" height=\"21\" aria-hidden=\"true\" role=\"img\" focusable=\"false\"><use href=\"#utility-arrow-right-heavy\"><\/use><\/svg>Alle Infos zu mensch-\u00e4rgere-dich-nicht!<\/a><\/div>\n<\/div>\n\n\n\n<p><\/p>\n","protected":false},"excerpt":{"rendered":"<p>theatertanten Gemeinsamer, kostenfreier Theaterspa\u00df f\u00fcr Familien in \u00d6sterreich! Demn\u00e4chst besuchen wir diese Vorstellungen: sonnenkinder-camp Anmeldung unter sonnenkinder-camp@nestwaerme.org gr\u00e4tzl-zeichenkurs Anmeldung unter: graetzl-zeichenkurs@nestwaerme.org mensch-\u00e4rgere-dich-nicht! Anmeldung unter: mensch-aergere-dich-nicht@nestwaerme.org<\/p>\n","protected":false},"author":1,"featured_media":0,"parent":0,"menu_order":500,"comment_status":"open","ping_status":"open","template":"","meta":{"_acf_changed":false,"footnotes":""},"class_list":{"2":"type-page"},"acf":[],"yoast_head":"<!-- This site is optimized with the Yoast SEO plugin v27.2 - https:\/\/yoast.com\/product\/yoast-seo-wordpress\/ -->\n<title>Aktuelle Termine - nestw\u00e4rme \u00d6sterreich<\/title>\n<meta name=\"description\" content=\"Hier findest du alle Termine in der \u00dcbersicht. Wir freuen uns darauf, Dich bald pers\u00f6nlich kennen zu lernen.\" \/>\n<meta name=\"robots\" content=\"noindex, follow, max-snippet:-1, max-image-preview:large, max-video-preview:-1\" \/>\n<meta property=\"og:locale\" content=\"de_DE\" \/>\n<meta property=\"og:type\" content=\"article\" \/>\n<meta property=\"og:title\" content=\"Aktuelle Termine - nestw\u00e4rme \u00d6sterreich\" \/>\n<meta property=\"og:description\" content=\"Hier findest du alle Termine in der \u00dcbersicht. Wir freuen uns darauf, Dich bald pers\u00f6nlich kennen zu lernen.\" \/>\n<meta property=\"og:url\" content=\"https:\/\/www.nestwaerme.org\/at\/aktuelle-termine\/\" \/>\n<meta property=\"og:site_name\" content=\"nestw\u00e4rme \u00d6sterreich\" \/>\n<meta property=\"article:modified_time\" content=\"2025-10-12T15:04:43+00:00\" \/>\n<meta name=\"twitter:card\" content=\"summary_large_image\" \/>\n<meta name=\"twitter:label1\" content=\"Gesch\u00e4tzte Lesezeit\" \/>\n\t<meta name=\"twitter:data1\" content=\"1\u00a0Minute\" \/>\n<script type=\"application\/ld+json\" class=\"yoast-schema-graph\">{\"@context\":\"https:\/\/schema.org\",\"@graph\":[{\"@type\":\"WebPage\",\"@id\":\"https:\/\/www.nestwaerme.org\/at\/aktuelle-termine\/\",\"url\":\"https:\/\/www.nestwaerme.org\/at\/aktuelle-termine\/\",\"name\":\"Aktuelle Termine - nestw\u00e4rme \u00d6sterreich\",\"isPartOf\":{\"@id\":\"https:\/\/www.nestwaerme.org\/at\/#website\"},\"datePublished\":\"2023-10-10T10:34:38+00:00\",\"dateModified\":\"2025-10-12T15:04:43+00:00\",\"description\":\"Hier findest du alle Termine in der \u00dcbersicht. Wir freuen uns darauf, Dich bald pers\u00f6nlich kennen zu lernen.\",\"breadcrumb\":{\"@id\":\"https:\/\/www.nestwaerme.org\/at\/aktuelle-termine\/#breadcrumb\"},\"inLanguage\":\"de\",\"potentialAction\":[{\"@type\":\"ReadAction\",\"target\":[\"https:\/\/www.nestwaerme.org\/at\/aktuelle-termine\/\"]}]},{\"@type\":\"BreadcrumbList\",\"@id\":\"https:\/\/www.nestwaerme.org\/at\/aktuelle-termine\/#breadcrumb\",\"itemListElement\":[{\"@type\":\"ListItem\",\"position\":1,\"name\":\"Startseite\",\"item\":\"https:\/\/www.nestwaerme.org\/at\/\"},{\"@type\":\"ListItem\",\"position\":2,\"name\":\"Termine\"}]},{\"@type\":\"WebSite\",\"@id\":\"https:\/\/www.nestwaerme.org\/at\/#website\",\"url\":\"https:\/\/www.nestwaerme.org\/at\/\",\"name\":\"nestw\u00e4rme \u00d6sterreich\",\"description\":\"\",\"potentialAction\":[{\"@type\":\"SearchAction\",\"target\":{\"@type\":\"EntryPoint\",\"urlTemplate\":\"https:\/\/www.nestwaerme.org\/at\/?s={search_term_string}\"},\"query-input\":{\"@type\":\"PropertyValueSpecification\",\"valueRequired\":true,\"valueName\":\"search_term_string\"}}],\"inLanguage\":\"de\"}]}<\/script>\n<!-- \/ Yoast SEO plugin. -->","yoast_head_json":{"title":"Aktuelle Termine - nestw\u00e4rme \u00d6sterreich","description":"Hier findest du alle Termine in der \u00dcbersicht. Wir freuen uns darauf, Dich bald pers\u00f6nlich kennen zu lernen.","robots":{"index":"noindex","follow":"follow","max-snippet":"max-snippet:-1","max-image-preview":"max-image-preview:large","max-video-preview":"max-video-preview:-1"},"og_locale":"de_DE","og_type":"article","og_title":"Aktuelle Termine - nestw\u00e4rme \u00d6sterreich","og_description":"Hier findest du alle Termine in der \u00dcbersicht. Wir freuen uns darauf, Dich bald pers\u00f6nlich kennen zu lernen.","og_url":"https:\/\/www.nestwaerme.org\/at\/aktuelle-termine\/","og_site_name":"nestw\u00e4rme \u00d6sterreich","article_modified_time":"2025-10-12T15:04:43+00:00","twitter_card":"summary_large_image","twitter_misc":{"Gesch\u00e4tzte Lesezeit":"1\u00a0Minute"},"schema":{"@context":"https:\/\/schema.org","@graph":[{"@type":"WebPage","@id":"https:\/\/www.nestwaerme.org\/at\/aktuelle-termine\/","url":"https:\/\/www.nestwaerme.org\/at\/aktuelle-termine\/","name":"Aktuelle Termine - nestw\u00e4rme \u00d6sterreich","isPartOf":{"@id":"https:\/\/www.nestwaerme.org\/at\/#website"},"datePublished":"2023-10-10T10:34:38+00:00","dateModified":"2025-10-12T15:04:43+00:00","description":"Hier findest du alle Termine in der \u00dcbersicht. Wir freuen uns darauf, Dich bald pers\u00f6nlich kennen zu lernen.","breadcrumb":{"@id":"https:\/\/www.nestwaerme.org\/at\/aktuelle-termine\/#breadcrumb"},"inLanguage":"de","potentialAction":[{"@type":"ReadAction","target":["https:\/\/www.nestwaerme.org\/at\/aktuelle-termine\/"]}]},{"@type":"BreadcrumbList","@id":"https:\/\/www.nestwaerme.org\/at\/aktuelle-termine\/#breadcrumb","itemListElement":[{"@type":"ListItem","position":1,"name":"Startseite","item":"https:\/\/www.nestwaerme.org\/at\/"},{"@type":"ListItem","position":2,"name":"Termine"}]},{"@type":"WebSite","@id":"https:\/\/www.nestwaerme.org\/at\/#website","url":"https:\/\/www.nestwaerme.org\/at\/","name":"nestw\u00e4rme \u00d6sterreich","description":"","potentialAction":[{"@type":"SearchAction","target":{"@type":"EntryPoint","urlTemplate":"https:\/\/www.nestwaerme.org\/at\/?s={search_term_string}"},"query-input":{"@type":"PropertyValueSpecification","valueRequired":true,"valueName":"search_term_string"}}],"inLanguage":"de"}]}},"_links":{"self":[{"href":"https:\/\/www.nestwaerme.org\/at\/wp-json\/wp\/v2\/pages\/586","targetHints":{"allow":["GET"]}}],"collection":[{"href":"https:\/\/www.nestwaerme.org\/at\/wp-json\/wp\/v2\/pages"}],"about":[{"href":"https:\/\/www.nestwaerme.org\/at\/wp-json\/wp\/v2\/types\/page"}],"author":[{"embeddable":true,"href":"https:\/\/www.nestwaerme.org\/at\/wp-json\/wp\/v2\/users\/1"}],"replies":[{"embeddable":true,"href":"https:\/\/www.nestwaerme.org\/at\/wp-json\/wp\/v2\/comments?post=586"}],"version-history":[{"count":60,"href":"https:\/\/www.nestwaerme.org\/at\/wp-json\/wp\/v2\/pages\/586\/revisions"}],"predecessor-version":[{"id":1542,"href":"https:\/\/www.nestwaerme.org\/at\/wp-json\/wp\/v2\/pages\/586\/revisions\/1542"}],"wp:attachment":[{"href":"https:\/\/www.nestwaerme.org\/at\/wp-json\/wp\/v2\/media?parent=586"}],"curies":[{"name":"wp","href":"https:\/\/api.w.org\/{rel}","templated":true}]}}