{"id":637,"date":"2023-08-26T19:13:50","date_gmt":"2023-08-26T17:13:50","guid":{"rendered":"https:\/\/www.nestwaerme.org\/?page_id=1182"},"modified":"2025-05-23T15:32:56","modified_gmt":"2025-05-23T13:32:56","slug":"events","status":"publish","type":"page","link":"https:\/\/www.nestwaerme.org\/at\/angebote\/events\/","title":{"rendered":"Events"},"content":{"rendered":"\n<h2 class=\"wp-block-heading\">nestw\u00e4rme erleben<\/h2>\n\n\n\n<blockquote class=\"wp-block-quote is-layout-flow wp-block-quote-is-layout-flow\"><div class=\"wp-block-quote__inner\">\n<p>Es sind die Begegnungen mit Menschen, die das Leben lebenswert machen.<\/p>\n\n\n\n<p><\/p>\n\n\n\n<p><\/p>\n<cite>Guy de Maupassant<\/cite><\/div><\/blockquote>\n\n\n\n\n\n\n<hr class=\"wp-block-separator has-alpha-channel-opacity\"\/>\n","protected":false},"excerpt":{"rendered":"<p>Charity Veranstaltungen, Resilienz-Kurse, Begegnungsfeste, Info-Veranstaltungen. Erlebe Teilhabe, Inklusion, Austausch, sp\u00fcre das Gef\u00fchl von Nestw\u00e4rme. <\/p>\n","protected":false},"author":3,"featured_media":0,"parent":566,"menu_order":4,"comment_status":"open","ping_status":"open","template":"","meta":{"_acf_changed":false,"footnotes":""},"class_list":{"2":"type-page"},"acf":[],"yoast_head":"<!-- This site is optimized with the Yoast SEO plugin v27.2 - https:\/\/yoast.com\/product\/yoast-seo-wordpress\/ -->\n<title>Nestw\u00e4rme Events - nestw\u00e4rme \u00d6sterreich<\/title>\n<meta name=\"description\" content=\"Charity Veranstaltungen, Resilienz-Kurse, Begegnungsfeste, Info-Veranstaltungen. Erlebe Teilhabe, Inklusion, Austausch, sp\u00fcre das Gef\u00fchl von Nestw\u00e4rme.\" \/>\n<meta name=\"robots\" content=\"noindex, follow, max-snippet:-1, max-image-preview:large, max-video-preview:-1\" \/>\n<meta property=\"og:locale\" content=\"de_DE\" \/>\n<meta property=\"og:type\" content=\"article\" \/>\n<meta property=\"og:title\" content=\"Nestw\u00e4rme Events - nestw\u00e4rme \u00d6sterreich\" \/>\n<meta property=\"og:description\" content=\"Charity Veranstaltungen, Resilienz-Kurse, Begegnungsfeste, Info-Veranstaltungen. Erlebe Teilhabe, Inklusion, Austausch, sp\u00fcre das Gef\u00fchl von Nestw\u00e4rme.\" \/>\n<meta property=\"og:url\" content=\"https:\/\/www.nestwaerme.org\/at\/angebote\/events\/\" \/>\n<meta property=\"og:site_name\" content=\"nestw\u00e4rme \u00d6sterreich\" \/>\n<meta property=\"article:modified_time\" content=\"2025-05-23T13:32:56+00:00\" \/>\n<meta name=\"twitter:card\" content=\"summary_large_image\" \/>\n<meta name=\"twitter:label1\" content=\"Gesch\u00e4tzte Lesezeit\" \/>\n\t<meta name=\"twitter:data1\" content=\"1\u00a0Minute\" \/>\n<script type=\"application\/ld+json\" class=\"yoast-schema-graph\">{\"@context\":\"https:\/\/schema.org\",\"@graph\":[{\"@type\":\"WebPage\",\"@id\":\"https:\/\/www.nestwaerme.org\/at\/angebote\/events\/\",\"url\":\"https:\/\/www.nestwaerme.org\/at\/angebote\/events\/\",\"name\":\"Nestw\u00e4rme Events - nestw\u00e4rme \u00d6sterreich\",\"isPartOf\":{\"@id\":\"https:\/\/www.nestwaerme.org\/at\/#website\"},\"datePublished\":\"2023-08-26T17:13:50+00:00\",\"dateModified\":\"2025-05-23T13:32:56+00:00\",\"description\":\"Charity Veranstaltungen, Resilienz-Kurse, Begegnungsfeste, Info-Veranstaltungen. Erlebe Teilhabe, Inklusion, Austausch, sp\u00fcre das Gef\u00fchl von Nestw\u00e4rme.\",\"breadcrumb\":{\"@id\":\"https:\/\/www.nestwaerme.org\/at\/angebote\/events\/#breadcrumb\"},\"inLanguage\":\"de\",\"potentialAction\":[{\"@type\":\"ReadAction\",\"target\":[\"https:\/\/www.nestwaerme.org\/at\/angebote\/events\/\"]}]},{\"@type\":\"BreadcrumbList\",\"@id\":\"https:\/\/www.nestwaerme.org\/at\/angebote\/events\/#breadcrumb\",\"itemListElement\":[{\"@type\":\"ListItem\",\"position\":1,\"name\":\"Startseite\",\"item\":\"https:\/\/www.nestwaerme.org\/at\/\"},{\"@type\":\"ListItem\",\"position\":2,\"name\":\"Angebote\",\"item\":\"https:\/\/www.nestwaerme.org\/at\/angebote\/\"},{\"@type\":\"ListItem\",\"position\":3,\"name\":\"Events\"}]},{\"@type\":\"WebSite\",\"@id\":\"https:\/\/www.nestwaerme.org\/at\/#website\",\"url\":\"https:\/\/www.nestwaerme.org\/at\/\",\"name\":\"nestw\u00e4rme \u00d6sterreich\",\"description\":\"\",\"potentialAction\":[{\"@type\":\"SearchAction\",\"target\":{\"@type\":\"EntryPoint\",\"urlTemplate\":\"https:\/\/www.nestwaerme.org\/at\/?s={search_term_string}\"},\"query-input\":{\"@type\":\"PropertyValueSpecification\",\"valueRequired\":true,\"valueName\":\"search_term_string\"}}],\"inLanguage\":\"de\"}]}<\/script>\n<!-- \/ Yoast SEO plugin. -->","yoast_head_json":{"title":"Nestw\u00e4rme Events - nestw\u00e4rme \u00d6sterreich","description":"Charity Veranstaltungen, Resilienz-Kurse, Begegnungsfeste, Info-Veranstaltungen. Erlebe Teilhabe, Inklusion, Austausch, sp\u00fcre das Gef\u00fchl von Nestw\u00e4rme.","robots":{"index":"noindex","follow":"follow","max-snippet":"max-snippet:-1","max-image-preview":"max-image-preview:large","max-video-preview":"max-video-preview:-1"},"og_locale":"de_DE","og_type":"article","og_title":"Nestw\u00e4rme Events - nestw\u00e4rme \u00d6sterreich","og_description":"Charity Veranstaltungen, Resilienz-Kurse, Begegnungsfeste, Info-Veranstaltungen. Erlebe Teilhabe, Inklusion, Austausch, sp\u00fcre das Gef\u00fchl von Nestw\u00e4rme.","og_url":"https:\/\/www.nestwaerme.org\/at\/angebote\/events\/","og_site_name":"nestw\u00e4rme \u00d6sterreich","article_modified_time":"2025-05-23T13:32:56+00:00","twitter_card":"summary_large_image","twitter_misc":{"Gesch\u00e4tzte Lesezeit":"1\u00a0Minute"},"schema":{"@context":"https:\/\/schema.org","@graph":[{"@type":"WebPage","@id":"https:\/\/www.nestwaerme.org\/at\/angebote\/events\/","url":"https:\/\/www.nestwaerme.org\/at\/angebote\/events\/","name":"Nestw\u00e4rme Events - nestw\u00e4rme \u00d6sterreich","isPartOf":{"@id":"https:\/\/www.nestwaerme.org\/at\/#website"},"datePublished":"2023-08-26T17:13:50+00:00","dateModified":"2025-05-23T13:32:56+00:00","description":"Charity Veranstaltungen, Resilienz-Kurse, Begegnungsfeste, Info-Veranstaltungen. Erlebe Teilhabe, Inklusion, Austausch, sp\u00fcre das Gef\u00fchl von Nestw\u00e4rme.","breadcrumb":{"@id":"https:\/\/www.nestwaerme.org\/at\/angebote\/events\/#breadcrumb"},"inLanguage":"de","potentialAction":[{"@type":"ReadAction","target":["https:\/\/www.nestwaerme.org\/at\/angebote\/events\/"]}]},{"@type":"BreadcrumbList","@id":"https:\/\/www.nestwaerme.org\/at\/angebote\/events\/#breadcrumb","itemListElement":[{"@type":"ListItem","position":1,"name":"Startseite","item":"https:\/\/www.nestwaerme.org\/at\/"},{"@type":"ListItem","position":2,"name":"Angebote","item":"https:\/\/www.nestwaerme.org\/at\/angebote\/"},{"@type":"ListItem","position":3,"name":"Events"}]},{"@type":"WebSite","@id":"https:\/\/www.nestwaerme.org\/at\/#website","url":"https:\/\/www.nestwaerme.org\/at\/","name":"nestw\u00e4rme \u00d6sterreich","description":"","potentialAction":[{"@type":"SearchAction","target":{"@type":"EntryPoint","urlTemplate":"https:\/\/www.nestwaerme.org\/at\/?s={search_term_string}"},"query-input":{"@type":"PropertyValueSpecification","valueRequired":true,"valueName":"search_term_string"}}],"inLanguage":"de"}]}},"_links":{"self":[{"href":"https:\/\/www.nestwaerme.org\/at\/wp-json\/wp\/v2\/pages\/637","targetHints":{"allow":["GET"]}}],"collection":[{"href":"https:\/\/www.nestwaerme.org\/at\/wp-json\/wp\/v2\/pages"}],"about":[{"href":"https:\/\/www.nestwaerme.org\/at\/wp-json\/wp\/v2\/types\/page"}],"author":[{"embeddable":true,"href":"https:\/\/www.nestwaerme.org\/at\/wp-json\/wp\/v2\/users\/3"}],"replies":[{"embeddable":true,"href":"https:\/\/www.nestwaerme.org\/at\/wp-json\/wp\/v2\/comments?post=637"}],"version-history":[{"count":6,"href":"https:\/\/www.nestwaerme.org\/at\/wp-json\/wp\/v2\/pages\/637\/revisions"}],"predecessor-version":[{"id":1437,"href":"https:\/\/www.nestwaerme.org\/at\/wp-json\/wp\/v2\/pages\/637\/revisions\/1437"}],"up":[{"embeddable":true,"href":"https:\/\/www.nestwaerme.org\/at\/wp-json\/wp\/v2\/pages\/566"}],"wp:attachment":[{"href":"https:\/\/www.nestwaerme.org\/at\/wp-json\/wp\/v2\/media?parent=637"}],"curies":[{"name":"wp","href":"https:\/\/api.w.org\/{rel}","templated":true}]}}