{"id":652,"date":"2023-08-26T08:40:27","date_gmt":"2023-08-26T06:40:27","guid":{"rendered":"https:\/\/www.nestwaerme.org\/?page_id=1086"},"modified":"2024-02-02T11:01:15","modified_gmt":"2024-02-02T10:01:15","slug":"gute-nestwaerme-gerichte","status":"publish","type":"page","link":"https:\/\/www.nestwaerme.org\/at\/angebote\/online-angebote\/gute-nestwaerme-gerichte\/","title":{"rendered":"Gute-Nestw\u00e4rme-Gerichte"},"content":{"rendered":"\n<h2 class=\"wp-block-heading\">Es ist angerichtet.<\/h2>\n\n\n\n<p>Liebe geht bekanntlich durch den Magen. F\u00fcr uns hei\u00dft das auch: Selbstf\u00fcrsorge geht durch den Magen. Denn Kochen, Backen, Zubereiten und das gemeinsame Verspeisen eigener Kreationen sorgen f\u00fcr ein Gef\u00fchl von Geborgenheit und Gemeinschaft.<\/p>\n\n\n\n<p>Doch unsere Gute-nestw\u00e4rme-Gerichte k\u00f6nnen noch mehr. Und zwar Geschichten erz\u00e4hlen \u2013 Geschichten nestwarmer Momente in Verbindung mit dem ganz pers\u00f6nlichen Lieblingsgericht.<br><br>Wir m\u00f6chten zum gemeinsamen Kochen, Brutzeln, Backen anregen. Und dich dazu ermuntern, die sch\u00f6nsten kulinarischen Erinnerungen mit uns und der ganzen nestw\u00e4rme-Community zu teilen. Oder lass dich von anderen zum Nachkochen inspirieren. <\/p>\n\n\n\n<hr class=\"wp-block-separator has-alpha-channel-opacity\"\/>\n\n\n\n<h3 class=\"wp-block-heading\">Teile dein Gericht mit uns&nbsp;<\/h3>\n\n\n\n<p>Wir alle haben ein \u201aMood Food\u2018: Das eine Gericht, Geb\u00e4ck oder Getr\u00e4nk, das uns an eine ganz bestimmte Situation oder Emotion erinnert. Dabei geht es nicht darum, ein Gericht zu perfektionieren, sondern um den gemeinsamen Genuss und darum, gemeinsam Spa\u00df zu haben, gemeinsam H\u00fcrden zu \u00fcberwinden und sich gemeinsam etwas Gutes zu tun.<\/p>\n\n\n\n<p>Daran m\u00f6chten wir alle teilhaben lassen.<\/p>\n\n\n\n<p>Egal ob lustig, romantisch, melancholisch, zufrieden oder dankbar \u2013 alle nestwarmen Momente sind gute Momente und alle Gerichte sind gute Gerichte! Es darf nach Herzenslust gebacken, gekocht, gemixt oder geschnippelt werden!<\/p>\n\n\n\n<p>Ern\u00e4hrungsberater Stefan Rheine gibt zu jedem Rezept seinen Expertentipp dazu!&nbsp;<\/p>\n\n\n\n\n\t\n\n<div class=\"c-cta alignfull\" >\t\n\t<div class=\"c-cta__inner\">\t\n\t\t<div class=\"c-cta__content\">\t\t\t\n\t\t\t<h3 class=\"c-cta__title\">Erz\u00e4hl uns deine ganz pers\u00f6nliche Geschichte zu eurem Gute-nestw\u00e4rme-Gericht! <\/h3>\t\t\t\t\n\t\t\t<div class=\"c-cta__text\">Mit unserer Vorlage kannst du dein Rezept mit Fotos und der Geschichte zum nestwarmen Moment verbinden. Mach so deine Genuss-Momente sichtbar und f\u00fcr alle sp\u00fcrbar!\r\n\r\nWir freuen uns auf deine Zusendungen an: <a href=\"mailto:GNG@nestwaerme.de\">GNG@nestwaerme.de<\/a>. Alle Gerichte samt Geschichten werden hier auf dieser Website pr\u00e4sentiert und \u00fcber Social Media verbreitet.<\/div>\t\t\t\t\n\t\t<\/div>\n\t\t\t\t\t\t\t\t\t\t\t\t\n\t\t<div class=\"c-cta__link\">\n<div class=\"wp-block-button aligncenter is-style-black-xl\"><a class=\"wp-block-button__link \" href=\"https:\/\/www.nestwaerme.org\/wp-content\/uploads\/2023\/09\/Gute-nestwaerme-Gerichte_Vorlage.pdf\" target=\"_self\"><svg width=\"21\" height=\"21\" aria-hidden=\"true\" role=\"img\" focusable=\"false\"><use href=\"#utility-arrow-right-heavy\"><\/use><\/svg>Vorlage (PDF)<\/a><\/div>\n<\/div>\t<\/div>\n<\/div>\n\n\n<div style=\"height:2rem\" aria-hidden=\"true\" class=\"wp-block-spacer\"><\/div>\n\n\n\n<h3 class=\"wp-block-heading\">Unsere Gute-nestw\u00e4rme-Gerichte<\/h3>\n\n\n\n<div class=\"c-section alignwide \" ><article class=\"c-story--rezepte c-story \"><div class=\"c-story__media\"><img decoding=\"async\" src=\"https:\/\/www.nestwaerme.org\/at\/wp-content\/uploads\/sites\/2\/2023\/10\/Avatar_GnG-441x441.jpg\"  alt=\"\" \/><span class=\"story__author\">von foodloose<\/span><\/div><div class=\"c-story__content\"><span class=\"c-story__id\">#32<\/span><h2 class=\"c-story__title\">Vegane Gem\u00fcse-Paella \u2013 von foodloose<\/h2><p>Das foodloose Team hat den Veganuary gefeiert! Und ihren monatlichen Team-Abend unseren Guten nestw\u00e4rme Gerichten mit einem veganen Koch-Event gewidmet! Das Rezept wurde dankbar angenommen und hat f\u00fcr einen sch\u00f6nen, gem\u00fctlichen und vor allem schmackhaften Teamabend gesorgt! \u00a0Genau so haben wir uns das vorgestellt!<\/p>\n<p>foodloose ist langj\u00e4hriger und treuer nestw\u00e4rme Kooperationspartner. Die innovativen Snack-Profis haben ihren Sitz in Hamburg und versorgen uns ihre Fans mit gesunden Bio-Leckereien.<\/p>\n<\/div><\/article><article class=\"c-story--rezepte c-story u-mt-rg\"><div class=\"c-story__media\"><img decoding=\"async\" src=\"https:\/\/www.nestwaerme.org\/at\/wp-content\/uploads\/sites\/2\/2023\/10\/GnG_Profilbild_BarbaraWade_DABBNP-1-2-441x441.jpg\"  alt=\"\" \/><span class=\"story__author\">von Barbara<\/span><\/div><div class=\"c-story__content\"><span class=\"c-story__id\">#31<\/span><h2 class=\"c-story__title\">Winter Paella \u2013 von Barbara<\/h2><div class=\"x11i5rnm xat24cr x1mh8g0r x1vvkbs xtlvy1s x126k92a\">\n<div dir=\"auto\">\n<p>Paella mit fruchtigen Sultaninen? Geht das?<\/p>\n<p>Und wie das geht!<\/p>\n<p>Und am besten drinnen im Warmen genie\u00dfen, wenn es drau\u00dfen so richtig winterlich-k\u00fchl ist.<\/p>\n<\/div>\n<\/div>\n<div class=\"x11i5rnm xat24cr x1mh8g0r x1vvkbs xtlvy1s x126k92a\">\n<div dir=\"auto\">Barbara hat uns bereits mit einigen tollen Rezepten versorgt.<\/div>\n<div dir=\"auto\">Sie wurde im Rahmen des Corporate Volunteering-Programmes der BNP Paribas auf uns aufmerksam und hat gleich ganze vier wundervolle Gerichte f\u00fcr die nestw\u00e4rme Community gezaubert.<\/div>\n<div dir=\"auto\">Auch an dieser Stelle nochmal ein riesengro\u00dfes Danke an dich.<\/div>\n<div dir=\"auto\">Liebe geht eben einfach durch den Magen.<\/div>\n<\/div>\n<\/div><\/article><article class=\"c-story--rezepte c-story u-mt-rg\"><div class=\"c-story__media\"><img decoding=\"async\" src=\"https:\/\/www.nestwaerme.org\/at\/wp-content\/uploads\/sites\/2\/2023\/10\/Avatar_GnG-441x441.jpg\"  alt=\"\" \/><span class=\"story__author\">von Susanne<\/span><\/div><div class=\"c-story__content\"><span class=\"c-story__id\">#30<\/span><h2 class=\"c-story__title\">Pfannkuchen \u2013 von Susanne<\/h2><p>Susanne liebt Pfannkuchen! Und das schon immer. Das liegt vermutlich daran, dass ihre Oma die feinsten Mehlspeisen gezaubert hat, von denen Susanne einfach nicht genug kriegen konnte! Ihre s\u00fc\u00dfen Erinnerungen dazu lest ihr im Guten nestw\u00e4rme Gericht Nr. 30! Lasst es euch schmecken!<\/p>\n<p>Susanne war auch beim Volunteering Tag der Consors Finanz dabei \u2013 wir freuen uns \u00fcber so viel Gourmet-K\u00fcnste! Danke daf\u00fcr!<\/p>\n<\/div><\/article><\/div>\n\n\n<div class=\"wp-block-buttons is-content-justification-center is-layout-flex wp-container-core-buttons-is-layout-a89b3969 wp-block-buttons-is-layout-flex\">\n<div class=\"wp-block-button\"><a class=\"wp-block-button__link wp-element-button\" href=\"https:\/\/www.nestwaerme.org\/rezepte\/\" target=\"_blank\" rel=\"noreferrer noopener\"><svg width=\"21\" height=\"21\" aria-hidden=\"true\" role=\"img\" focusable=\"false\"><use href=\"#utility-arrow-right-heavy\"><\/use><\/svg>Alle Gute nestw\u00e4rme Gerichte<\/a><\/div>\n<\/div>\n\n\n\n<div style=\"height:2rem\" aria-hidden=\"true\" class=\"wp-block-spacer\"><\/div>\n","protected":false},"excerpt":{"rendered":"<p>Leckere Gerichte zum Nachkochen. Eigene Lieblingsgerichte teilen. Expertentipps. <\/p>\n","protected":false},"author":3,"featured_media":653,"parent":672,"menu_order":5,"comment_status":"open","ping_status":"open","template":"","meta":{"_acf_changed":false,"footnotes":""},"class_list":{"2":"type-page"},"acf":[],"yoast_head":"<!-- This site is optimized with the Yoast SEO plugin v27.2 - https:\/\/yoast.com\/product\/yoast-seo-wordpress\/ -->\n<title>Kostenlose Rezepte zum Nachkochen und inspirieren lassen - nestw\u00e4rme \u00d6sterreich<\/title>\n<meta name=\"description\" content=\"Leckere Gerichte zum nachkochen. Eigene Lieblingsgerichte teilen. Expertentipps.\" \/>\n<meta name=\"robots\" content=\"noindex, follow, max-snippet:-1, max-image-preview:large, max-video-preview:-1\" \/>\n<meta property=\"og:locale\" content=\"de_DE\" \/>\n<meta property=\"og:type\" content=\"article\" \/>\n<meta property=\"og:title\" content=\"Kostenlose Rezepte zum Nachkochen und inspirieren lassen - nestw\u00e4rme \u00d6sterreich\" \/>\n<meta property=\"og:description\" content=\"Leckere Gerichte zum nachkochen. Eigene Lieblingsgerichte teilen. Expertentipps.\" \/>\n<meta property=\"og:url\" content=\"https:\/\/www.nestwaerme.org\/at\/angebote\/online-angebote\/gute-nestwaerme-gerichte\/\" \/>\n<meta property=\"og:site_name\" content=\"nestw\u00e4rme \u00d6sterreich\" \/>\n<meta property=\"article:modified_time\" content=\"2024-02-02T10:01:15+00:00\" \/>\n<meta property=\"og:image\" content=\"https:\/\/www.nestwaerme.org\/at\/wp-content\/uploads\/sites\/2\/2024\/02\/headerbild_gerichte.jpg\" \/>\n\t<meta property=\"og:image:width\" content=\"2400\" \/>\n\t<meta property=\"og:image:height\" content=\"1500\" \/>\n\t<meta property=\"og:image:type\" content=\"image\/jpeg\" \/>\n<meta name=\"twitter:card\" content=\"summary_large_image\" \/>\n<meta name=\"twitter:label1\" content=\"Gesch\u00e4tzte Lesezeit\" \/>\n\t<meta name=\"twitter:data1\" content=\"2\u00a0Minuten\" \/>\n<script type=\"application\/ld+json\" class=\"yoast-schema-graph\">{\"@context\":\"https:\/\/schema.org\",\"@graph\":[{\"@type\":\"WebPage\",\"@id\":\"https:\/\/www.nestwaerme.org\/at\/angebote\/online-angebote\/gute-nestwaerme-gerichte\/\",\"url\":\"https:\/\/www.nestwaerme.org\/at\/angebote\/online-angebote\/gute-nestwaerme-gerichte\/\",\"name\":\"Kostenlose Rezepte zum Nachkochen und inspirieren lassen - nestw\u00e4rme \u00d6sterreich\",\"isPartOf\":{\"@id\":\"https:\/\/www.nestwaerme.org\/at\/#website\"},\"primaryImageOfPage\":{\"@id\":\"https:\/\/www.nestwaerme.org\/at\/angebote\/online-angebote\/gute-nestwaerme-gerichte\/#primaryimage\"},\"image\":{\"@id\":\"https:\/\/www.nestwaerme.org\/at\/angebote\/online-angebote\/gute-nestwaerme-gerichte\/#primaryimage\"},\"thumbnailUrl\":\"https:\/\/www.nestwaerme.org\/at\/wp-content\/uploads\/sites\/2\/2024\/02\/headerbild_gerichte.jpg\",\"datePublished\":\"2023-08-26T06:40:27+00:00\",\"dateModified\":\"2024-02-02T10:01:15+00:00\",\"description\":\"Leckere Gerichte zum nachkochen. Eigene Lieblingsgerichte teilen. Expertentipps.\",\"breadcrumb\":{\"@id\":\"https:\/\/www.nestwaerme.org\/at\/angebote\/online-angebote\/gute-nestwaerme-gerichte\/#breadcrumb\"},\"inLanguage\":\"de\",\"potentialAction\":[{\"@type\":\"ReadAction\",\"target\":[\"https:\/\/www.nestwaerme.org\/at\/angebote\/online-angebote\/gute-nestwaerme-gerichte\/\"]}]},{\"@type\":\"ImageObject\",\"inLanguage\":\"de\",\"@id\":\"https:\/\/www.nestwaerme.org\/at\/angebote\/online-angebote\/gute-nestwaerme-gerichte\/#primaryimage\",\"url\":\"https:\/\/www.nestwaerme.org\/at\/wp-content\/uploads\/sites\/2\/2024\/02\/headerbild_gerichte.jpg\",\"contentUrl\":\"https:\/\/www.nestwaerme.org\/at\/wp-content\/uploads\/sites\/2\/2024\/02\/headerbild_gerichte.jpg\",\"width\":2400,\"height\":1500},{\"@type\":\"BreadcrumbList\",\"@id\":\"https:\/\/www.nestwaerme.org\/at\/angebote\/online-angebote\/gute-nestwaerme-gerichte\/#breadcrumb\",\"itemListElement\":[{\"@type\":\"ListItem\",\"position\":1,\"name\":\"Startseite\",\"item\":\"https:\/\/www.nestwaerme.org\/at\/\"},{\"@type\":\"ListItem\",\"position\":2,\"name\":\"Angebote\",\"item\":\"https:\/\/www.nestwaerme.org\/at\/angebote\/\"},{\"@type\":\"ListItem\",\"position\":3,\"name\":\"Online-Angebote\",\"item\":\"https:\/\/www.nestwaerme.org\/at\/angebote\/online-angebote\/\"},{\"@type\":\"ListItem\",\"position\":4,\"name\":\"Gute-Nestw\u00e4rme-Gerichte\"}]},{\"@type\":\"WebSite\",\"@id\":\"https:\/\/www.nestwaerme.org\/at\/#website\",\"url\":\"https:\/\/www.nestwaerme.org\/at\/\",\"name\":\"nestw\u00e4rme \u00d6sterreich\",\"description\":\"\",\"potentialAction\":[{\"@type\":\"SearchAction\",\"target\":{\"@type\":\"EntryPoint\",\"urlTemplate\":\"https:\/\/www.nestwaerme.org\/at\/?s={search_term_string}\"},\"query-input\":{\"@type\":\"PropertyValueSpecification\",\"valueRequired\":true,\"valueName\":\"search_term_string\"}}],\"inLanguage\":\"de\"}]}<\/script>\n<!-- \/ Yoast SEO plugin. -->","yoast_head_json":{"title":"Kostenlose Rezepte zum Nachkochen und inspirieren lassen - nestw\u00e4rme \u00d6sterreich","description":"Leckere Gerichte zum nachkochen. Eigene Lieblingsgerichte teilen. Expertentipps.","robots":{"index":"noindex","follow":"follow","max-snippet":"max-snippet:-1","max-image-preview":"max-image-preview:large","max-video-preview":"max-video-preview:-1"},"og_locale":"de_DE","og_type":"article","og_title":"Kostenlose Rezepte zum Nachkochen und inspirieren lassen - nestw\u00e4rme \u00d6sterreich","og_description":"Leckere Gerichte zum nachkochen. Eigene Lieblingsgerichte teilen. Expertentipps.","og_url":"https:\/\/www.nestwaerme.org\/at\/angebote\/online-angebote\/gute-nestwaerme-gerichte\/","og_site_name":"nestw\u00e4rme \u00d6sterreich","article_modified_time":"2024-02-02T10:01:15+00:00","og_image":[{"width":2400,"height":1500,"url":"https:\/\/www.nestwaerme.org\/at\/wp-content\/uploads\/sites\/2\/2024\/02\/headerbild_gerichte.jpg","type":"image\/jpeg"}],"twitter_card":"summary_large_image","twitter_misc":{"Gesch\u00e4tzte Lesezeit":"2\u00a0Minuten"},"schema":{"@context":"https:\/\/schema.org","@graph":[{"@type":"WebPage","@id":"https:\/\/www.nestwaerme.org\/at\/angebote\/online-angebote\/gute-nestwaerme-gerichte\/","url":"https:\/\/www.nestwaerme.org\/at\/angebote\/online-angebote\/gute-nestwaerme-gerichte\/","name":"Kostenlose Rezepte zum Nachkochen und inspirieren lassen - nestw\u00e4rme \u00d6sterreich","isPartOf":{"@id":"https:\/\/www.nestwaerme.org\/at\/#website"},"primaryImageOfPage":{"@id":"https:\/\/www.nestwaerme.org\/at\/angebote\/online-angebote\/gute-nestwaerme-gerichte\/#primaryimage"},"image":{"@id":"https:\/\/www.nestwaerme.org\/at\/angebote\/online-angebote\/gute-nestwaerme-gerichte\/#primaryimage"},"thumbnailUrl":"https:\/\/www.nestwaerme.org\/at\/wp-content\/uploads\/sites\/2\/2024\/02\/headerbild_gerichte.jpg","datePublished":"2023-08-26T06:40:27+00:00","dateModified":"2024-02-02T10:01:15+00:00","description":"Leckere Gerichte zum nachkochen. Eigene Lieblingsgerichte teilen. Expertentipps.","breadcrumb":{"@id":"https:\/\/www.nestwaerme.org\/at\/angebote\/online-angebote\/gute-nestwaerme-gerichte\/#breadcrumb"},"inLanguage":"de","potentialAction":[{"@type":"ReadAction","target":["https:\/\/www.nestwaerme.org\/at\/angebote\/online-angebote\/gute-nestwaerme-gerichte\/"]}]},{"@type":"ImageObject","inLanguage":"de","@id":"https:\/\/www.nestwaerme.org\/at\/angebote\/online-angebote\/gute-nestwaerme-gerichte\/#primaryimage","url":"https:\/\/www.nestwaerme.org\/at\/wp-content\/uploads\/sites\/2\/2024\/02\/headerbild_gerichte.jpg","contentUrl":"https:\/\/www.nestwaerme.org\/at\/wp-content\/uploads\/sites\/2\/2024\/02\/headerbild_gerichte.jpg","width":2400,"height":1500},{"@type":"BreadcrumbList","@id":"https:\/\/www.nestwaerme.org\/at\/angebote\/online-angebote\/gute-nestwaerme-gerichte\/#breadcrumb","itemListElement":[{"@type":"ListItem","position":1,"name":"Startseite","item":"https:\/\/www.nestwaerme.org\/at\/"},{"@type":"ListItem","position":2,"name":"Angebote","item":"https:\/\/www.nestwaerme.org\/at\/angebote\/"},{"@type":"ListItem","position":3,"name":"Online-Angebote","item":"https:\/\/www.nestwaerme.org\/at\/angebote\/online-angebote\/"},{"@type":"ListItem","position":4,"name":"Gute-Nestw\u00e4rme-Gerichte"}]},{"@type":"WebSite","@id":"https:\/\/www.nestwaerme.org\/at\/#website","url":"https:\/\/www.nestwaerme.org\/at\/","name":"nestw\u00e4rme \u00d6sterreich","description":"","potentialAction":[{"@type":"SearchAction","target":{"@type":"EntryPoint","urlTemplate":"https:\/\/www.nestwaerme.org\/at\/?s={search_term_string}"},"query-input":{"@type":"PropertyValueSpecification","valueRequired":true,"valueName":"search_term_string"}}],"inLanguage":"de"}]}},"_links":{"self":[{"href":"https:\/\/www.nestwaerme.org\/at\/wp-json\/wp\/v2\/pages\/652","targetHints":{"allow":["GET"]}}],"collection":[{"href":"https:\/\/www.nestwaerme.org\/at\/wp-json\/wp\/v2\/pages"}],"about":[{"href":"https:\/\/www.nestwaerme.org\/at\/wp-json\/wp\/v2\/types\/page"}],"author":[{"embeddable":true,"href":"https:\/\/www.nestwaerme.org\/at\/wp-json\/wp\/v2\/users\/3"}],"replies":[{"embeddable":true,"href":"https:\/\/www.nestwaerme.org\/at\/wp-json\/wp\/v2\/comments?post=652"}],"version-history":[{"count":2,"href":"https:\/\/www.nestwaerme.org\/at\/wp-json\/wp\/v2\/pages\/652\/revisions"}],"predecessor-version":[{"id":690,"href":"https:\/\/www.nestwaerme.org\/at\/wp-json\/wp\/v2\/pages\/652\/revisions\/690"}],"up":[{"embeddable":true,"href":"https:\/\/www.nestwaerme.org\/at\/wp-json\/wp\/v2\/pages\/672"}],"wp:featuredmedia":[{"embeddable":true,"href":"https:\/\/www.nestwaerme.org\/at\/wp-json\/wp\/v2\/media\/653"}],"wp:attachment":[{"href":"https:\/\/www.nestwaerme.org\/at\/wp-json\/wp\/v2\/media?parent=652"}],"curies":[{"name":"wp","href":"https:\/\/api.w.org\/{rel}","templated":true}]}}