{"id":661,"date":"2024-02-02T10:28:23","date_gmt":"2024-02-02T09:28:23","guid":{"rendered":"https:\/\/www.nestwaerme.org\/at\/?page_id=661"},"modified":"2025-10-12T16:55:08","modified_gmt":"2025-10-12T14:55:08","slug":"theatertanten","status":"publish","type":"page","link":"https:\/\/www.nestwaerme.org\/at\/angebote\/theatertanten\/","title":{"rendered":"Theatererlebnis"},"content":{"rendered":"\n<h2 class=\"wp-block-heading\">Aktion die theatertanten<\/h2>\n\n\n\n<p><\/p>\n\n\n\n<p>Familien mit kranken, schwerkranken und behinderten Kindern\/Angeh\u00f6rigen, Familien in finanzieller Not, sowie Alleinerziehenden einen gemeinsamen Theaterbesuch zu erm\u00f6glichen, ist Ziel der Kultur-Aktion die theatertanten. Und das Beste ist: Dieses Angebot ist KOSTENLOS!&nbsp;<\/p>\n\n\n\n<p>Kurz nach Deiner Anmeldung erfolgt eine schriftliche Anmeldungsbest\u00e4tigung von unserer Seite. Wir informieren daraufhin, ob wir noch ein Pl\u00e4tzchen zum besagten Termin frei haben. Da unser Kartenkontingent begrenzt ist, wird es nicht immer m\u00f6glich sein, allen Anfragen zu entsprechen. Wir sind sehr um eine faire L\u00f6sung bem\u00fcht!&nbsp;&nbsp;<\/p>\n\n\n\n<p>Sollte es also nicht gleich klappen: abwarten, Tee trinken und beim n\u00e4chsten Mal unbedingt wieder anmelden \u2013 wir freuen uns schon auf viele herrliche Vorstellungen miteinander!&nbsp;<\/p>\n\n\n\n<p>Im Zuge der Aktion die theatertanten werden alle Tickets aus der nestw\u00e4rme Spendenbox bezahlt. Folglich ist mit unserer Zusage Dein Erscheinen samt Familie zum Theaterspektakel bindend und wir sehen es als selbstverst\u00e4ndlich an, Verhinderungen jeglicher Form raschest mitzuteilen.&nbsp;<\/p>\n\n\n\n<p>Wir freuen uns RIESIG auf Dich, auf euch auf ALLE!&nbsp;<br>Bis bald und Gr\u00fc\u00dfchen&nbsp;<br>Eure Theatertanten&nbsp;<\/p>\n\n\n\n<div class=\"wp-block-columns is-layout-flex wp-container-core-columns-is-layout-28f84493 wp-block-columns-is-layout-flex\">\n<div class=\"wp-block-column is-layout-flow wp-block-column-is-layout-flow\">\n<div class=\"wp-block-buttons is-layout-flex wp-block-buttons-is-layout-flex\">\n<div class=\"wp-block-button is-style-black-xl\"><a class=\"wp-block-button__link wp-element-button\" href=\"https:\/\/www.nestwaerme.org\/at\/wp-content\/uploads\/sites\/2\/2024\/03\/Theatertanten_Flyer_print_v2.pdf\" target=\"_blank\" rel=\"noreferrer noopener\"><svg width=\"21\" height=\"21\" aria-hidden=\"true\" role=\"img\" focusable=\"false\"><use href=\"#utility-arrow-right-heavy\"><\/use><\/svg>Download Flyer<\/a><\/div>\n<\/div>\n<\/div>\n<\/div>\n\n\n\n<h3 class=\"wp-block-heading\">Anmeldung<\/h3>\n\n\n\n<p>Anmeldung nur unter dietheatertanten@nestwaerme.org m\u00f6glich!<\/p>\n\n\n\n<p> Bitte Name, Alter, Infos zur Familiensituation und Theaterst\u00fcck nicht vergessen.<\/p>\n\n\n\n<div class=\"wp-block-buttons is-layout-flex wp-block-buttons-is-layout-flex\">\n<div class=\"wp-block-button is-style-secondary-xl\"><a class=\"wp-block-button__link wp-element-button\" href=\"mailto:dietheatertanten@nestwaerme.org\"><svg width=\"21\" height=\"21\" aria-hidden=\"true\" role=\"img\" focusable=\"false\"><use href=\"#utility-arrow-right-heavy\"><\/use><\/svg>Jetzt anmelden<\/a><\/div>\n<\/div>\n\n\n\n<h3 class=\"wp-block-heading\">Die n\u00e4chsten Termine:<\/h3>\n\n\n\n","protected":false},"excerpt":{"rendered":"<p>Du suchst eine M\u00f6glichkeit gemeinsam mit uns ins Theater zu gehen<\/p>\n","protected":false},"author":1,"featured_media":962,"parent":566,"menu_order":2,"comment_status":"closed","ping_status":"closed","template":"","meta":{"_acf_changed":false,"footnotes":""},"class_list":{"2":"type-page"},"acf":[],"yoast_head":"<!-- This site is optimized with the Yoast SEO plugin v27.2 - https:\/\/yoast.com\/product\/yoast-seo-wordpress\/ -->\n<title>Theatererlebnis - nestw\u00e4rme \u00d6sterreich<\/title>\n<meta name=\"description\" content=\"Kostenloser Theaterbesuch f\u00fcr Familien mit kranken, schwerkranken und behinderten Kindern\/ Angeh\u00f6rigen, Familien in finanzieller Not sowie Alleinerziehenden.\" \/>\n<meta name=\"robots\" content=\"noindex, follow, max-snippet:-1, max-image-preview:large, max-video-preview:-1\" \/>\n<meta property=\"og:locale\" content=\"de_DE\" \/>\n<meta property=\"og:type\" content=\"article\" \/>\n<meta property=\"og:title\" content=\"Theatererlebnis - nestw\u00e4rme \u00d6sterreich\" \/>\n<meta property=\"og:description\" content=\"Kostenloser Theaterbesuch f\u00fcr Familien mit kranken, schwerkranken und behinderten Kindern\/ Angeh\u00f6rigen, Familien in finanzieller Not sowie Alleinerziehenden.\" \/>\n<meta property=\"og:url\" content=\"https:\/\/www.nestwaerme.org\/at\/angebote\/theatertanten\/\" \/>\n<meta property=\"og:site_name\" content=\"nestw\u00e4rme \u00d6sterreich\" \/>\n<meta property=\"article:modified_time\" content=\"2025-10-12T14:55:08+00:00\" \/>\n<meta property=\"og:image\" content=\"https:\/\/www.nestwaerme.org\/at\/wp-content\/uploads\/sites\/2\/2024\/03\/Theatertanten.jpeg\" \/>\n\t<meta property=\"og:image:width\" content=\"2093\" \/>\n\t<meta property=\"og:image:height\" content=\"1380\" \/>\n\t<meta property=\"og:image:type\" content=\"image\/jpeg\" \/>\n<meta name=\"twitter:card\" content=\"summary_large_image\" \/>\n<meta name=\"twitter:label1\" content=\"Gesch\u00e4tzte Lesezeit\" \/>\n\t<meta name=\"twitter:data1\" content=\"2\u00a0Minuten\" \/>\n<script type=\"application\/ld+json\" class=\"yoast-schema-graph\">{\"@context\":\"https:\/\/schema.org\",\"@graph\":[{\"@type\":\"WebPage\",\"@id\":\"https:\/\/www.nestwaerme.org\/at\/angebote\/theatertanten\/\",\"url\":\"https:\/\/www.nestwaerme.org\/at\/angebote\/theatertanten\/\",\"name\":\"Theatererlebnis - nestw\u00e4rme \u00d6sterreich\",\"isPartOf\":{\"@id\":\"https:\/\/www.nestwaerme.org\/at\/#website\"},\"primaryImageOfPage\":{\"@id\":\"https:\/\/www.nestwaerme.org\/at\/angebote\/theatertanten\/#primaryimage\"},\"image\":{\"@id\":\"https:\/\/www.nestwaerme.org\/at\/angebote\/theatertanten\/#primaryimage\"},\"thumbnailUrl\":\"https:\/\/www.nestwaerme.org\/at\/wp-content\/uploads\/sites\/2\/2024\/03\/Theatertanten.jpeg\",\"datePublished\":\"2024-02-02T09:28:23+00:00\",\"dateModified\":\"2025-10-12T14:55:08+00:00\",\"description\":\"Kostenloser Theaterbesuch f\u00fcr Familien mit kranken, schwerkranken und behinderten Kindern\/ Angeh\u00f6rigen, Familien in finanzieller Not sowie Alleinerziehenden.\",\"breadcrumb\":{\"@id\":\"https:\/\/www.nestwaerme.org\/at\/angebote\/theatertanten\/#breadcrumb\"},\"inLanguage\":\"de\",\"potentialAction\":[{\"@type\":\"ReadAction\",\"target\":[\"https:\/\/www.nestwaerme.org\/at\/angebote\/theatertanten\/\"]}]},{\"@type\":\"ImageObject\",\"inLanguage\":\"de\",\"@id\":\"https:\/\/www.nestwaerme.org\/at\/angebote\/theatertanten\/#primaryimage\",\"url\":\"https:\/\/www.nestwaerme.org\/at\/wp-content\/uploads\/sites\/2\/2024\/03\/Theatertanten.jpeg\",\"contentUrl\":\"https:\/\/www.nestwaerme.org\/at\/wp-content\/uploads\/sites\/2\/2024\/03\/Theatertanten.jpeg\",\"width\":2093,\"height\":1380},{\"@type\":\"BreadcrumbList\",\"@id\":\"https:\/\/www.nestwaerme.org\/at\/angebote\/theatertanten\/#breadcrumb\",\"itemListElement\":[{\"@type\":\"ListItem\",\"position\":1,\"name\":\"Startseite\",\"item\":\"https:\/\/www.nestwaerme.org\/at\/\"},{\"@type\":\"ListItem\",\"position\":2,\"name\":\"Angebote\",\"item\":\"https:\/\/www.nestwaerme.org\/at\/angebote\/\"},{\"@type\":\"ListItem\",\"position\":3,\"name\":\"Theatererlebnis\"}]},{\"@type\":\"WebSite\",\"@id\":\"https:\/\/www.nestwaerme.org\/at\/#website\",\"url\":\"https:\/\/www.nestwaerme.org\/at\/\",\"name\":\"nestw\u00e4rme \u00d6sterreich\",\"description\":\"\",\"potentialAction\":[{\"@type\":\"SearchAction\",\"target\":{\"@type\":\"EntryPoint\",\"urlTemplate\":\"https:\/\/www.nestwaerme.org\/at\/?s={search_term_string}\"},\"query-input\":{\"@type\":\"PropertyValueSpecification\",\"valueRequired\":true,\"valueName\":\"search_term_string\"}}],\"inLanguage\":\"de\"}]}<\/script>\n<!-- \/ Yoast SEO plugin. -->","yoast_head_json":{"title":"Theatererlebnis - nestw\u00e4rme \u00d6sterreich","description":"Kostenloser Theaterbesuch f\u00fcr Familien mit kranken, schwerkranken und behinderten Kindern\/ Angeh\u00f6rigen, Familien in finanzieller Not sowie Alleinerziehenden.","robots":{"index":"noindex","follow":"follow","max-snippet":"max-snippet:-1","max-image-preview":"max-image-preview:large","max-video-preview":"max-video-preview:-1"},"og_locale":"de_DE","og_type":"article","og_title":"Theatererlebnis - nestw\u00e4rme \u00d6sterreich","og_description":"Kostenloser Theaterbesuch f\u00fcr Familien mit kranken, schwerkranken und behinderten Kindern\/ Angeh\u00f6rigen, Familien in finanzieller Not sowie Alleinerziehenden.","og_url":"https:\/\/www.nestwaerme.org\/at\/angebote\/theatertanten\/","og_site_name":"nestw\u00e4rme \u00d6sterreich","article_modified_time":"2025-10-12T14:55:08+00:00","og_image":[{"width":2093,"height":1380,"url":"https:\/\/www.nestwaerme.org\/at\/wp-content\/uploads\/sites\/2\/2024\/03\/Theatertanten.jpeg","type":"image\/jpeg"}],"twitter_card":"summary_large_image","twitter_misc":{"Gesch\u00e4tzte Lesezeit":"2\u00a0Minuten"},"schema":{"@context":"https:\/\/schema.org","@graph":[{"@type":"WebPage","@id":"https:\/\/www.nestwaerme.org\/at\/angebote\/theatertanten\/","url":"https:\/\/www.nestwaerme.org\/at\/angebote\/theatertanten\/","name":"Theatererlebnis - nestw\u00e4rme \u00d6sterreich","isPartOf":{"@id":"https:\/\/www.nestwaerme.org\/at\/#website"},"primaryImageOfPage":{"@id":"https:\/\/www.nestwaerme.org\/at\/angebote\/theatertanten\/#primaryimage"},"image":{"@id":"https:\/\/www.nestwaerme.org\/at\/angebote\/theatertanten\/#primaryimage"},"thumbnailUrl":"https:\/\/www.nestwaerme.org\/at\/wp-content\/uploads\/sites\/2\/2024\/03\/Theatertanten.jpeg","datePublished":"2024-02-02T09:28:23+00:00","dateModified":"2025-10-12T14:55:08+00:00","description":"Kostenloser Theaterbesuch f\u00fcr Familien mit kranken, schwerkranken und behinderten Kindern\/ Angeh\u00f6rigen, Familien in finanzieller Not sowie Alleinerziehenden.","breadcrumb":{"@id":"https:\/\/www.nestwaerme.org\/at\/angebote\/theatertanten\/#breadcrumb"},"inLanguage":"de","potentialAction":[{"@type":"ReadAction","target":["https:\/\/www.nestwaerme.org\/at\/angebote\/theatertanten\/"]}]},{"@type":"ImageObject","inLanguage":"de","@id":"https:\/\/www.nestwaerme.org\/at\/angebote\/theatertanten\/#primaryimage","url":"https:\/\/www.nestwaerme.org\/at\/wp-content\/uploads\/sites\/2\/2024\/03\/Theatertanten.jpeg","contentUrl":"https:\/\/www.nestwaerme.org\/at\/wp-content\/uploads\/sites\/2\/2024\/03\/Theatertanten.jpeg","width":2093,"height":1380},{"@type":"BreadcrumbList","@id":"https:\/\/www.nestwaerme.org\/at\/angebote\/theatertanten\/#breadcrumb","itemListElement":[{"@type":"ListItem","position":1,"name":"Startseite","item":"https:\/\/www.nestwaerme.org\/at\/"},{"@type":"ListItem","position":2,"name":"Angebote","item":"https:\/\/www.nestwaerme.org\/at\/angebote\/"},{"@type":"ListItem","position":3,"name":"Theatererlebnis"}]},{"@type":"WebSite","@id":"https:\/\/www.nestwaerme.org\/at\/#website","url":"https:\/\/www.nestwaerme.org\/at\/","name":"nestw\u00e4rme \u00d6sterreich","description":"","potentialAction":[{"@type":"SearchAction","target":{"@type":"EntryPoint","urlTemplate":"https:\/\/www.nestwaerme.org\/at\/?s={search_term_string}"},"query-input":{"@type":"PropertyValueSpecification","valueRequired":true,"valueName":"search_term_string"}}],"inLanguage":"de"}]}},"_links":{"self":[{"href":"https:\/\/www.nestwaerme.org\/at\/wp-json\/wp\/v2\/pages\/661","targetHints":{"allow":["GET"]}}],"collection":[{"href":"https:\/\/www.nestwaerme.org\/at\/wp-json\/wp\/v2\/pages"}],"about":[{"href":"https:\/\/www.nestwaerme.org\/at\/wp-json\/wp\/v2\/types\/page"}],"author":[{"embeddable":true,"href":"https:\/\/www.nestwaerme.org\/at\/wp-json\/wp\/v2\/users\/1"}],"replies":[{"embeddable":true,"href":"https:\/\/www.nestwaerme.org\/at\/wp-json\/wp\/v2\/comments?post=661"}],"version-history":[{"count":35,"href":"https:\/\/www.nestwaerme.org\/at\/wp-json\/wp\/v2\/pages\/661\/revisions"}],"predecessor-version":[{"id":1538,"href":"https:\/\/www.nestwaerme.org\/at\/wp-json\/wp\/v2\/pages\/661\/revisions\/1538"}],"up":[{"embeddable":true,"href":"https:\/\/www.nestwaerme.org\/at\/wp-json\/wp\/v2\/pages\/566"}],"wp:featuredmedia":[{"embeddable":true,"href":"https:\/\/www.nestwaerme.org\/at\/wp-json\/wp\/v2\/media\/962"}],"wp:attachment":[{"href":"https:\/\/www.nestwaerme.org\/at\/wp-json\/wp\/v2\/media?parent=661"}],"curies":[{"name":"wp","href":"https:\/\/api.w.org\/{rel}","templated":true}]}}