{"id":663,"date":"2024-02-02T10:28:38","date_gmt":"2024-02-02T09:28:38","guid":{"rendered":"https:\/\/www.nestwaerme.org\/at\/?page_id=663"},"modified":"2025-05-23T15:50:03","modified_gmt":"2025-05-23T13:50:03","slug":"inklusiver-zeichenkurs","status":"publish","type":"page","link":"https:\/\/www.nestwaerme.org\/at\/angebote\/inklusiver-zeichenkurs\/","title":{"rendered":"Zeichenkurs"},"content":{"rendered":"\n<h2 class=\"wp-block-heading\">Kultur-Schmankerl gr\u00e4tzl-zeichenkurs&nbsp;<\/h2>\n\n\n\n<p><\/p>\n\n\n\n<p>Ein kostenloses Kulturschmankerl zum gemeinsamen Erleben f\u00fcr die ganze Familie.&nbsp;<\/p>\n\n\n\n<p>Bei unserem Event gr\u00e4tzl-zeichenkurs widmen wir uns mit Stift und Papier den Sehensw\u00fcrdigkeiten und malerischen Ecken in verschiedenen Stadtteilen Wiens. Der Verein nestw\u00e4rme \u00d6sterreich m\u00f6chte mit den Bezirken auf diese Weise ein KOSTENLOSES Kulturschmankerl f\u00fcr alle Interessierten\/Familien\/Zeichenfreudigen anbieten, welches Spa\u00df macht und einen Ort f\u00fcr gemeinschaftliches Erleben erm\u00f6glicht.&nbsp;<\/p>\n\n\n\n<p>Wie gewohnt leitet die Kurse ein professioneller Zeichenlehrer, w\u00e4hrend ein feiner Show-Act f\u00fcr Untermalung sorgen. Zum uneingeschr\u00e4nkten Zeichengenuss empfehlen wir eine Zeichenunterlage mitzubringen. Stifte und Papier werden von unserer Seite zur Verf\u00fcgung gestellt.&nbsp;<\/p>\n\n\n\n<p><br>Wir freuen uns auf Anmeldung unter: graetzl-zeichenku<a href=\"mailto:graetzl-zeichenkurs@nestwaerme.org\">rs@nestwaerme.org<\/a><\/p>\n\n\n\n<div class=\"wp-block-buttons is-layout-flex wp-block-buttons-is-layout-flex\">\n<div class=\"wp-block-button is-style-secondary-xl\"><a class=\"wp-block-button__link wp-element-button\" href=\"mailto:graetzl-zeichenkurs@nestwaerme.org\"><svg width=\"21\" height=\"21\" aria-hidden=\"true\" role=\"img\" focusable=\"false\"><use href=\"#utility-arrow-right-heavy\"><\/use><\/svg>jetzt anmelden<\/a><\/div>\n<\/div>\n\n\n\n<h3 class=\"wp-block-heading\">Aktuelle Termine<\/h3>\n\n\n\n\n\n\n<p><\/p>\n\n\n\n<div class=\"wp-block-buttons is-layout-flex wp-block-buttons-is-layout-flex\">\n<div class=\"wp-block-button is-style-black-xl\"><a class=\"wp-block-button__link wp-element-button\" href=\"https:\/\/www.nestwaerme.org\/at\/wp-content\/uploads\/sites\/2\/2025\/05\/NW-GZK-2025-Flyer-print.pdf\" target=\"_blank\" rel=\"noreferrer noopener\"><svg width=\"21\" height=\"21\" aria-hidden=\"true\" role=\"img\" focusable=\"false\"><use href=\"#utility-arrow-right-heavy\"><\/use><\/svg>Download Flyer<\/a><\/div>\n<\/div>\n","protected":false},"excerpt":{"rendered":"<p>Sommergenuss mit Zeichnen und Austausch unter Gleichgesinnten<\/p>\n","protected":false},"author":1,"featured_media":927,"parent":566,"menu_order":3,"comment_status":"closed","ping_status":"closed","template":"","meta":{"_acf_changed":false,"footnotes":""},"class_list":{"2":"type-page"},"acf":[],"yoast_head":"<!-- This site is optimized with the Yoast SEO plugin v27.2 - https:\/\/yoast.com\/product\/yoast-seo-wordpress\/ -->\n<title>Zeichenkurs - nestw\u00e4rme \u00d6sterreich<\/title>\n<meta name=\"description\" content=\"Kostenloser Zeichenkurs in Wien f\u00fcr alle Interessierten, Familien und Zeichenfreudige mit Maler Walter Wegger und Schauspieler Stefan Konrad in Wien.\" \/>\n<meta name=\"robots\" content=\"noindex, follow, max-snippet:-1, max-image-preview:large, max-video-preview:-1\" \/>\n<meta property=\"og:locale\" content=\"de_DE\" \/>\n<meta property=\"og:type\" content=\"article\" \/>\n<meta property=\"og:title\" content=\"Zeichenkurs - nestw\u00e4rme \u00d6sterreich\" \/>\n<meta property=\"og:description\" content=\"Kostenloser Zeichenkurs in Wien f\u00fcr alle Interessierten, Familien und Zeichenfreudige mit Maler Walter Wegger und Schauspieler Stefan Konrad in Wien.\" \/>\n<meta property=\"og:url\" content=\"https:\/\/www.nestwaerme.org\/at\/angebote\/inklusiver-zeichenkurs\/\" \/>\n<meta property=\"og:site_name\" content=\"nestw\u00e4rme \u00d6sterreich\" \/>\n<meta property=\"article:modified_time\" content=\"2025-05-23T13:50:03+00:00\" \/>\n<meta property=\"og:image\" content=\"https:\/\/www.nestwaerme.org\/at\/wp-content\/uploads\/sites\/2\/2024\/03\/Header-Zeichenkurs.jpg\" \/>\n\t<meta property=\"og:image:width\" content=\"2048\" \/>\n\t<meta property=\"og:image:height\" content=\"1542\" \/>\n\t<meta property=\"og:image:type\" content=\"image\/jpeg\" \/>\n<meta name=\"twitter:card\" content=\"summary_large_image\" \/>\n<meta name=\"twitter:label1\" content=\"Gesch\u00e4tzte Lesezeit\" \/>\n\t<meta name=\"twitter:data1\" content=\"1\u00a0Minute\" \/>\n<script type=\"application\/ld+json\" class=\"yoast-schema-graph\">{\"@context\":\"https:\/\/schema.org\",\"@graph\":[{\"@type\":\"WebPage\",\"@id\":\"https:\/\/www.nestwaerme.org\/at\/angebote\/inklusiver-zeichenkurs\/\",\"url\":\"https:\/\/www.nestwaerme.org\/at\/angebote\/inklusiver-zeichenkurs\/\",\"name\":\"Zeichenkurs - nestw\u00e4rme \u00d6sterreich\",\"isPartOf\":{\"@id\":\"https:\/\/www.nestwaerme.org\/at\/#website\"},\"primaryImageOfPage\":{\"@id\":\"https:\/\/www.nestwaerme.org\/at\/angebote\/inklusiver-zeichenkurs\/#primaryimage\"},\"image\":{\"@id\":\"https:\/\/www.nestwaerme.org\/at\/angebote\/inklusiver-zeichenkurs\/#primaryimage\"},\"thumbnailUrl\":\"https:\/\/www.nestwaerme.org\/at\/wp-content\/uploads\/sites\/2\/2024\/03\/Header-Zeichenkurs.jpg\",\"datePublished\":\"2024-02-02T09:28:38+00:00\",\"dateModified\":\"2025-05-23T13:50:03+00:00\",\"description\":\"Kostenloser Zeichenkurs in Wien f\u00fcr alle Interessierten, Familien und Zeichenfreudige mit Maler Walter Wegger und Schauspieler Stefan Konrad in Wien.\",\"breadcrumb\":{\"@id\":\"https:\/\/www.nestwaerme.org\/at\/angebote\/inklusiver-zeichenkurs\/#breadcrumb\"},\"inLanguage\":\"de\",\"potentialAction\":[{\"@type\":\"ReadAction\",\"target\":[\"https:\/\/www.nestwaerme.org\/at\/angebote\/inklusiver-zeichenkurs\/\"]}]},{\"@type\":\"ImageObject\",\"inLanguage\":\"de\",\"@id\":\"https:\/\/www.nestwaerme.org\/at\/angebote\/inklusiver-zeichenkurs\/#primaryimage\",\"url\":\"https:\/\/www.nestwaerme.org\/at\/wp-content\/uploads\/sites\/2\/2024\/03\/Header-Zeichenkurs.jpg\",\"contentUrl\":\"https:\/\/www.nestwaerme.org\/at\/wp-content\/uploads\/sites\/2\/2024\/03\/Header-Zeichenkurs.jpg\",\"width\":2048,\"height\":1542},{\"@type\":\"BreadcrumbList\",\"@id\":\"https:\/\/www.nestwaerme.org\/at\/angebote\/inklusiver-zeichenkurs\/#breadcrumb\",\"itemListElement\":[{\"@type\":\"ListItem\",\"position\":1,\"name\":\"Startseite\",\"item\":\"https:\/\/www.nestwaerme.org\/at\/\"},{\"@type\":\"ListItem\",\"position\":2,\"name\":\"Angebote\",\"item\":\"https:\/\/www.nestwaerme.org\/at\/angebote\/\"},{\"@type\":\"ListItem\",\"position\":3,\"name\":\"Zeichenkurs\"}]},{\"@type\":\"WebSite\",\"@id\":\"https:\/\/www.nestwaerme.org\/at\/#website\",\"url\":\"https:\/\/www.nestwaerme.org\/at\/\",\"name\":\"nestw\u00e4rme \u00d6sterreich\",\"description\":\"\",\"potentialAction\":[{\"@type\":\"SearchAction\",\"target\":{\"@type\":\"EntryPoint\",\"urlTemplate\":\"https:\/\/www.nestwaerme.org\/at\/?s={search_term_string}\"},\"query-input\":{\"@type\":\"PropertyValueSpecification\",\"valueRequired\":true,\"valueName\":\"search_term_string\"}}],\"inLanguage\":\"de\"}]}<\/script>\n<!-- \/ Yoast SEO plugin. -->","yoast_head_json":{"title":"Zeichenkurs - nestw\u00e4rme \u00d6sterreich","description":"Kostenloser Zeichenkurs in Wien f\u00fcr alle Interessierten, Familien und Zeichenfreudige mit Maler Walter Wegger und Schauspieler Stefan Konrad in Wien.","robots":{"index":"noindex","follow":"follow","max-snippet":"max-snippet:-1","max-image-preview":"max-image-preview:large","max-video-preview":"max-video-preview:-1"},"og_locale":"de_DE","og_type":"article","og_title":"Zeichenkurs - nestw\u00e4rme \u00d6sterreich","og_description":"Kostenloser Zeichenkurs in Wien f\u00fcr alle Interessierten, Familien und Zeichenfreudige mit Maler Walter Wegger und Schauspieler Stefan Konrad in Wien.","og_url":"https:\/\/www.nestwaerme.org\/at\/angebote\/inklusiver-zeichenkurs\/","og_site_name":"nestw\u00e4rme \u00d6sterreich","article_modified_time":"2025-05-23T13:50:03+00:00","og_image":[{"width":2048,"height":1542,"url":"https:\/\/www.nestwaerme.org\/at\/wp-content\/uploads\/sites\/2\/2024\/03\/Header-Zeichenkurs.jpg","type":"image\/jpeg"}],"twitter_card":"summary_large_image","twitter_misc":{"Gesch\u00e4tzte Lesezeit":"1\u00a0Minute"},"schema":{"@context":"https:\/\/schema.org","@graph":[{"@type":"WebPage","@id":"https:\/\/www.nestwaerme.org\/at\/angebote\/inklusiver-zeichenkurs\/","url":"https:\/\/www.nestwaerme.org\/at\/angebote\/inklusiver-zeichenkurs\/","name":"Zeichenkurs - nestw\u00e4rme \u00d6sterreich","isPartOf":{"@id":"https:\/\/www.nestwaerme.org\/at\/#website"},"primaryImageOfPage":{"@id":"https:\/\/www.nestwaerme.org\/at\/angebote\/inklusiver-zeichenkurs\/#primaryimage"},"image":{"@id":"https:\/\/www.nestwaerme.org\/at\/angebote\/inklusiver-zeichenkurs\/#primaryimage"},"thumbnailUrl":"https:\/\/www.nestwaerme.org\/at\/wp-content\/uploads\/sites\/2\/2024\/03\/Header-Zeichenkurs.jpg","datePublished":"2024-02-02T09:28:38+00:00","dateModified":"2025-05-23T13:50:03+00:00","description":"Kostenloser Zeichenkurs in Wien f\u00fcr alle Interessierten, Familien und Zeichenfreudige mit Maler Walter Wegger und Schauspieler Stefan Konrad in Wien.","breadcrumb":{"@id":"https:\/\/www.nestwaerme.org\/at\/angebote\/inklusiver-zeichenkurs\/#breadcrumb"},"inLanguage":"de","potentialAction":[{"@type":"ReadAction","target":["https:\/\/www.nestwaerme.org\/at\/angebote\/inklusiver-zeichenkurs\/"]}]},{"@type":"ImageObject","inLanguage":"de","@id":"https:\/\/www.nestwaerme.org\/at\/angebote\/inklusiver-zeichenkurs\/#primaryimage","url":"https:\/\/www.nestwaerme.org\/at\/wp-content\/uploads\/sites\/2\/2024\/03\/Header-Zeichenkurs.jpg","contentUrl":"https:\/\/www.nestwaerme.org\/at\/wp-content\/uploads\/sites\/2\/2024\/03\/Header-Zeichenkurs.jpg","width":2048,"height":1542},{"@type":"BreadcrumbList","@id":"https:\/\/www.nestwaerme.org\/at\/angebote\/inklusiver-zeichenkurs\/#breadcrumb","itemListElement":[{"@type":"ListItem","position":1,"name":"Startseite","item":"https:\/\/www.nestwaerme.org\/at\/"},{"@type":"ListItem","position":2,"name":"Angebote","item":"https:\/\/www.nestwaerme.org\/at\/angebote\/"},{"@type":"ListItem","position":3,"name":"Zeichenkurs"}]},{"@type":"WebSite","@id":"https:\/\/www.nestwaerme.org\/at\/#website","url":"https:\/\/www.nestwaerme.org\/at\/","name":"nestw\u00e4rme \u00d6sterreich","description":"","potentialAction":[{"@type":"SearchAction","target":{"@type":"EntryPoint","urlTemplate":"https:\/\/www.nestwaerme.org\/at\/?s={search_term_string}"},"query-input":{"@type":"PropertyValueSpecification","valueRequired":true,"valueName":"search_term_string"}}],"inLanguage":"de"}]}},"_links":{"self":[{"href":"https:\/\/www.nestwaerme.org\/at\/wp-json\/wp\/v2\/pages\/663","targetHints":{"allow":["GET"]}}],"collection":[{"href":"https:\/\/www.nestwaerme.org\/at\/wp-json\/wp\/v2\/pages"}],"about":[{"href":"https:\/\/www.nestwaerme.org\/at\/wp-json\/wp\/v2\/types\/page"}],"author":[{"embeddable":true,"href":"https:\/\/www.nestwaerme.org\/at\/wp-json\/wp\/v2\/users\/1"}],"replies":[{"embeddable":true,"href":"https:\/\/www.nestwaerme.org\/at\/wp-json\/wp\/v2\/comments?post=663"}],"version-history":[{"count":22,"href":"https:\/\/www.nestwaerme.org\/at\/wp-json\/wp\/v2\/pages\/663\/revisions"}],"predecessor-version":[{"id":1405,"href":"https:\/\/www.nestwaerme.org\/at\/wp-json\/wp\/v2\/pages\/663\/revisions\/1405"}],"up":[{"embeddable":true,"href":"https:\/\/www.nestwaerme.org\/at\/wp-json\/wp\/v2\/pages\/566"}],"wp:featuredmedia":[{"embeddable":true,"href":"https:\/\/www.nestwaerme.org\/at\/wp-json\/wp\/v2\/media\/927"}],"wp:attachment":[{"href":"https:\/\/www.nestwaerme.org\/at\/wp-json\/wp\/v2\/media?parent=663"}],"curies":[{"name":"wp","href":"https:\/\/api.w.org\/{rel}","templated":true}]}}