{"id":672,"date":"2024-02-02T10:38:55","date_gmt":"2024-02-02T09:38:55","guid":{"rendered":"https:\/\/www.nestwaerme.org\/at\/?page_id=672"},"modified":"2024-02-22T09:00:59","modified_gmt":"2024-02-22T08:00:59","slug":"online-angebote","status":"publish","type":"page","link":"https:\/\/www.nestwaerme.org\/at\/angebote\/online-angebote\/","title":{"rendered":"Online-Angebote"},"content":{"rendered":"\n<p>Egal wo du wohnst &#8211; unsere Online-Angebote sind f\u00fcr alle da. <\/p>\n\n\n\n<p>Unsere Online-Resilienz-Angebote sind geeignet f\u00fcr Familien, Engagierte und Menschen, die ihr Leben resilient und gesund meistern wollen sowie f\u00fcr diejenigen, die sich pers\u00f6nlich weiterentwickeln m\u00f6chten. <\/p>\n\n\n\n<p>Das <a href=\"https:\/\/www.nestwaerme.org\/at\/angebote\/online-angebote\/coaching\/\">Online-Coaching<\/a> ist diskret, professionell, unkompliziert. Hier kannst du Ressourcen und Bew\u00e4ltigungsstrategien aktivieren und Herausforderungen neu beleuchten.<\/p>\n\n\n\n<p>Unsere&nbsp;<a href=\"https:\/\/www.nestwaerme.org\/freizeit\/gutenachtgeschichten\/\">Gute-Nacht-Geschichten<\/a>&nbsp;kannst du jederzeit bequem und kostenlos von Zuhause aus anh\u00f6ren. Daf\u00fcr haben viele ehrenamtliche und Prominente ihre Lieblingsgeschichten eingelesen.<\/p>\n\n\n\n<p>Unsere\u00a0<a href=\"https:\/\/www.nestwaerme.org\/freizeit\/gute-nestwaerme-gerichte\/\">Gute-nestw\u00e4rme-Gerichte<\/a>\u00a0liefern tolle Inspiration und leckere Gerichte zum Nachkochen. Immer mit einer gro\u00dfen Portion Nestw\u00e4rme.<\/p>\n\n\n\n<p>Mensch \u00e4rgere dich nicht &#8230;..<\/p>\n\n\n\n<p>Der <a href=\"https:\/\/www.nestwaerme.org\/at\/angebote\/online-angebote\/paulinenplausch\/\">Paulinenplausch<\/a> ist ein Online-Treffen zum Kennenlernen und Austauschen f\u00fcr Philanthropinnen. Im Fokus des Zusammenkommens steht ein Vernetzen, Kennenlernen, wie auch ein Erfahrungsaustausch.<\/p>\n\n\n\n\n<section class=\"c-section  is-style-primary is-style-col-3\" >\n\n<ul class=\"o-grid o-grid-1-2-3 o-list-bare\">\n    <li class=\"c-card c-card--teaser\">\n\n    \n    \n    \n        \n    \n            \n    \n    \n    <img loading=\"lazy\" decoding=\"async\" width=\"951\" height=\"951\" src=\"https:\/\/www.nestwaerme.org\/at\/wp-content\/uploads\/sites\/2\/2023\/10\/headerbild_blickwechsel-951x951.jpg\" class=\"attachment-teaser size-teaser wp-post-image\" alt=\"\" srcset=\"https:\/\/www.nestwaerme.org\/at\/wp-content\/uploads\/sites\/2\/2023\/10\/headerbild_blickwechsel-951x951.jpg 951w, https:\/\/www.nestwaerme.org\/at\/wp-content\/uploads\/sites\/2\/2023\/10\/headerbild_blickwechsel-150x150.jpg 150w, https:\/\/www.nestwaerme.org\/at\/wp-content\/uploads\/sites\/2\/2023\/10\/headerbild_blickwechsel-320x320.jpg 320w, https:\/\/www.nestwaerme.org\/at\/wp-content\/uploads\/sites\/2\/2023\/10\/headerbild_blickwechsel-400x400.jpg 400w, https:\/\/www.nestwaerme.org\/at\/wp-content\/uploads\/sites\/2\/2023\/10\/headerbild_blickwechsel-441x441.jpg 441w\" sizes=\"auto, (max-width: 800px) 100vw, 800px\" \/>    <h3 class=\"c-card__title\">Blickwechsel-Coaching<\/h3>    <div class=\"c-card__text\">Dein Online- Coaching, diskret, professionell, unkompliziert. Ressourcen und Bew\u00e4ltigungsstrategien aktivieren und Herausforderungen neu beleuchten.<\/div>    \n<div class=\"wp-block-button aligncenter is-style-black\"><a class=\"wp-block-button__link \" href=\"https:\/\/www.nestwaerme.org\/at\/angebote\/online-angebote\/coaching\/\" target=\"_self\"><svg width=\"21\" height=\"21\" aria-hidden=\"true\" role=\"img\" focusable=\"false\"><use href=\"#utility-arrow-right-heavy\"><\/use><\/svg>mehr erfahren<\/a><\/div>\n  <\/li>\n    <li class=\"c-card c-card--teaser\">\n\n    \n    \n    \n        \n    \n            \n    \n    \n                  <\/li>\n    <li class=\"c-card c-card--teaser\">\n\n    \n    \n    \n        \n    \n            \n    \n    \n    <img loading=\"lazy\" decoding=\"async\" width=\"951\" height=\"951\" src=\"https:\/\/www.nestwaerme.org\/at\/wp-content\/uploads\/sites\/2\/2023\/10\/headerbild_gute-nacht-951x951.jpg\" class=\"attachment-teaser size-teaser wp-post-image\" alt=\"\" srcset=\"https:\/\/www.nestwaerme.org\/at\/wp-content\/uploads\/sites\/2\/2023\/10\/headerbild_gute-nacht-951x951.jpg 951w, https:\/\/www.nestwaerme.org\/at\/wp-content\/uploads\/sites\/2\/2023\/10\/headerbild_gute-nacht-150x150.jpg 150w, https:\/\/www.nestwaerme.org\/at\/wp-content\/uploads\/sites\/2\/2023\/10\/headerbild_gute-nacht-320x320.jpg 320w, https:\/\/www.nestwaerme.org\/at\/wp-content\/uploads\/sites\/2\/2023\/10\/headerbild_gute-nacht-400x400.jpg 400w, https:\/\/www.nestwaerme.org\/at\/wp-content\/uploads\/sites\/2\/2023\/10\/headerbild_gute-nacht-441x441.jpg 441w\" sizes=\"auto, (max-width: 800px) 100vw, 800px\" \/>    <h3 class=\"c-card__title\">Gute-Nacht-Geschichten<\/h3>    <div class=\"c-card__text\">Prominente und Ehrenamtliche lesen ihre Lieblingsgeschichten. \u00dcber 200 Geschichten kostenlos und zeitlich flexibel abrufbar. <\/div>    \n<div class=\"wp-block-button aligncenter is-style-black\"><a class=\"wp-block-button__link \" href=\"https:\/\/www.nestwaerme.org\/at\/angebote\/online-angebote\/gutenachtgeschichten\/\" target=\"_self\"><svg width=\"21\" height=\"21\" aria-hidden=\"true\" role=\"img\" focusable=\"false\"><use href=\"#utility-arrow-right-heavy\"><\/use><\/svg>mehr erfahren<\/a><\/div>\n  <\/li>\n  <\/ul>\n<\/section>\n\n\n\n\n<section class=\"c-section  is-style-primary is-style-col-3\" >\n\n<ul class=\"o-grid o-grid-1-2-3 o-list-bare\">\n    <li class=\"c-card c-card--teaser\">\n\n    \n    \n    \n        \n    \n            \n    \n    \n    <img loading=\"lazy\" decoding=\"async\" width=\"951\" height=\"951\" src=\"https:\/\/www.nestwaerme.org\/at\/wp-content\/uploads\/sites\/2\/2024\/05\/Header-Mensch-Aerger-dich-nicht-951x951.jpg\" class=\"attachment-teaser size-teaser wp-post-image\" alt=\"\" srcset=\"https:\/\/www.nestwaerme.org\/at\/wp-content\/uploads\/sites\/2\/2024\/05\/Header-Mensch-Aerger-dich-nicht-951x951.jpg 951w, https:\/\/www.nestwaerme.org\/at\/wp-content\/uploads\/sites\/2\/2024\/05\/Header-Mensch-Aerger-dich-nicht-150x150.jpg 150w, https:\/\/www.nestwaerme.org\/at\/wp-content\/uploads\/sites\/2\/2024\/05\/Header-Mensch-Aerger-dich-nicht-320x320.jpg 320w, https:\/\/www.nestwaerme.org\/at\/wp-content\/uploads\/sites\/2\/2024\/05\/Header-Mensch-Aerger-dich-nicht-180x180.jpg 180w, https:\/\/www.nestwaerme.org\/at\/wp-content\/uploads\/sites\/2\/2024\/05\/Header-Mensch-Aerger-dich-nicht-441x441.jpg 441w, https:\/\/www.nestwaerme.org\/at\/wp-content\/uploads\/sites\/2\/2024\/05\/Header-Mensch-Aerger-dich-nicht-400x400.jpg 400w\" sizes=\"auto, (max-width: 800px) 100vw, 800px\" \/>    <h3 class=\"c-card__title\">mensch-\u00e4rgere-dich-nicht!<\/h3>    <div class=\"c-card__text\">Workshops zur Selbsthilfe<\/div>    \n<div class=\"wp-block-button aligncenter is-style-black\"><a class=\"wp-block-button__link \" href=\"https:\/\/www.nestwaerme.org\/at\/angebote\/online-angebote\/mensch-aergere-dich-nicht\/\" target=\"_self\"><svg width=\"21\" height=\"21\" aria-hidden=\"true\" role=\"img\" focusable=\"false\"><use href=\"#utility-arrow-right-heavy\"><\/use><\/svg>mehr erfahren<\/a><\/div>\n  <\/li>\n    <li class=\"c-card c-card--teaser\">\n\n    \n    \n    \n        \n    \n            \n    \n    \n    <img loading=\"lazy\" decoding=\"async\" width=\"951\" height=\"951\" src=\"https:\/\/www.nestwaerme.org\/at\/wp-content\/uploads\/sites\/2\/2024\/05\/Header-Paulinen-Plausch-951x951.jpeg\" class=\"attachment-teaser size-teaser wp-post-image\" alt=\"\" srcset=\"https:\/\/www.nestwaerme.org\/at\/wp-content\/uploads\/sites\/2\/2024\/05\/Header-Paulinen-Plausch-951x951.jpeg 951w, https:\/\/www.nestwaerme.org\/at\/wp-content\/uploads\/sites\/2\/2024\/05\/Header-Paulinen-Plausch-150x150.jpeg 150w, https:\/\/www.nestwaerme.org\/at\/wp-content\/uploads\/sites\/2\/2024\/05\/Header-Paulinen-Plausch-320x320.jpeg 320w, https:\/\/www.nestwaerme.org\/at\/wp-content\/uploads\/sites\/2\/2024\/05\/Header-Paulinen-Plausch-180x180.jpeg 180w, https:\/\/www.nestwaerme.org\/at\/wp-content\/uploads\/sites\/2\/2024\/05\/Header-Paulinen-Plausch-441x441.jpeg 441w, https:\/\/www.nestwaerme.org\/at\/wp-content\/uploads\/sites\/2\/2024\/05\/Header-Paulinen-Plausch-400x400.jpeg 400w\" sizes=\"auto, (max-width: 800px) 100vw, 800px\" \/>    <h3 class=\"c-card__title\">paulinen plausch<\/h3>    <div class=\"c-card__text\">Das Online Treffen zum Kennenlernen und Austausch f\u00fcr Philanthropinnen<\/div>    \n<div class=\"wp-block-button aligncenter is-style-black\"><a class=\"wp-block-button__link \" href=\"https:\/\/www.nestwaerme.org\/at\/angebote\/online-angebote\/paulinenplausch\/\" target=\"_self\"><svg width=\"21\" height=\"21\" aria-hidden=\"true\" role=\"img\" focusable=\"false\"><use href=\"#utility-arrow-right-heavy\"><\/use><\/svg>mehr erfahren<\/a><\/div>\n  <\/li>\n    <li class=\"c-card c-card--teaser\">\n\n    \n    \n    \n        \n    \n            \n    \n    \n    <img loading=\"lazy\" decoding=\"async\" width=\"951\" height=\"951\" src=\"https:\/\/www.nestwaerme.org\/at\/wp-content\/uploads\/sites\/2\/2024\/02\/headerbild_gerichte-951x951.jpg\" class=\"attachment-teaser size-teaser wp-post-image\" alt=\"\" srcset=\"https:\/\/www.nestwaerme.org\/at\/wp-content\/uploads\/sites\/2\/2024\/02\/headerbild_gerichte-951x951.jpg 951w, https:\/\/www.nestwaerme.org\/at\/wp-content\/uploads\/sites\/2\/2024\/02\/headerbild_gerichte-150x150.jpg 150w, https:\/\/www.nestwaerme.org\/at\/wp-content\/uploads\/sites\/2\/2024\/02\/headerbild_gerichte-320x320.jpg 320w, https:\/\/www.nestwaerme.org\/at\/wp-content\/uploads\/sites\/2\/2024\/02\/headerbild_gerichte-400x400.jpg 400w, https:\/\/www.nestwaerme.org\/at\/wp-content\/uploads\/sites\/2\/2024\/02\/headerbild_gerichte-441x441.jpg 441w\" sizes=\"auto, (max-width: 800px) 100vw, 800px\" \/>    <h3 class=\"c-card__title\">Gute-Nestw\u00e4rme-Gerichte<\/h3>    <div class=\"c-card__text\">Leckere Gerichte zum Nachkochen. Eigene Lieblingsgerichte teilen. Expertentipps. <\/div>    \n<div class=\"wp-block-button aligncenter is-style-black\"><a class=\"wp-block-button__link \" href=\"https:\/\/www.nestwaerme.org\/at\/angebote\/online-angebote\/gute-nestwaerme-gerichte\/\" target=\"_self\"><svg width=\"21\" height=\"21\" aria-hidden=\"true\" role=\"img\" focusable=\"false\"><use href=\"#utility-arrow-right-heavy\"><\/use><\/svg>mehr erfahren<\/a><\/div>\n  <\/li>\n  <\/ul>\n<\/section>\n","protected":false},"excerpt":{"rendered":"<p>Kostenlose Online- und Pr\u00e4senz-Veranstaltungen f\u00fcr Familien mit beeintr\u00e4chtigten Kindern. Begegnung, Spa\u00df, Kreativit\u00e4t, Selbstf\u00fcrsorge.<\/p>\n","protected":false},"author":1,"featured_media":0,"parent":566,"menu_order":6,"comment_status":"open","ping_status":"open","template":"","meta":{"_acf_changed":false,"footnotes":""},"class_list":{"2":"type-page"},"acf":[],"yoast_head":"<!-- This site is optimized with the Yoast SEO plugin v27.2 - https:\/\/yoast.com\/product\/yoast-seo-wordpress\/ -->\n<title>Angebote - nestw\u00e4rme \u00d6sterreich<\/title>\n<meta name=\"robots\" content=\"noindex, follow, max-snippet:-1, max-image-preview:large, max-video-preview:-1\" \/>\n<meta property=\"og:locale\" content=\"de_DE\" \/>\n<meta property=\"og:type\" content=\"article\" \/>\n<meta property=\"og:title\" content=\"Angebote - nestw\u00e4rme \u00d6sterreich\" \/>\n<meta property=\"og:description\" content=\"Kostenlose Online- und Pr\u00e4senz-Veranstaltungen f\u00fcr Familien mit beeintr\u00e4chtigten Kindern. Begegnung, Spa\u00df, Kreativit\u00e4t, Selbstf\u00fcrsorge.\" \/>\n<meta property=\"og:url\" content=\"https:\/\/www.nestwaerme.org\/at\/angebote\/online-angebote\/\" \/>\n<meta property=\"og:site_name\" content=\"nestw\u00e4rme \u00d6sterreich\" \/>\n<meta property=\"article:modified_time\" content=\"2024-02-22T08:00:59+00:00\" \/>\n<meta name=\"twitter:card\" content=\"summary_large_image\" \/>\n<meta name=\"twitter:label1\" content=\"Gesch\u00e4tzte Lesezeit\" \/>\n\t<meta name=\"twitter:data1\" content=\"1\u00a0Minute\" \/>\n<script type=\"application\/ld+json\" class=\"yoast-schema-graph\">{\"@context\":\"https:\/\/schema.org\",\"@graph\":[{\"@type\":\"WebPage\",\"@id\":\"https:\/\/www.nestwaerme.org\/at\/angebote\/online-angebote\/\",\"url\":\"https:\/\/www.nestwaerme.org\/at\/angebote\/online-angebote\/\",\"name\":\"Angebote - nestw\u00e4rme \u00d6sterreich\",\"isPartOf\":{\"@id\":\"https:\/\/www.nestwaerme.org\/at\/#website\"},\"datePublished\":\"2024-02-02T09:38:55+00:00\",\"dateModified\":\"2024-02-22T08:00:59+00:00\",\"breadcrumb\":{\"@id\":\"https:\/\/www.nestwaerme.org\/at\/angebote\/online-angebote\/#breadcrumb\"},\"inLanguage\":\"de\",\"potentialAction\":[{\"@type\":\"ReadAction\",\"target\":[\"https:\/\/www.nestwaerme.org\/at\/angebote\/online-angebote\/\"]}]},{\"@type\":\"BreadcrumbList\",\"@id\":\"https:\/\/www.nestwaerme.org\/at\/angebote\/online-angebote\/#breadcrumb\",\"itemListElement\":[{\"@type\":\"ListItem\",\"position\":1,\"name\":\"Startseite\",\"item\":\"https:\/\/www.nestwaerme.org\/at\/\"},{\"@type\":\"ListItem\",\"position\":2,\"name\":\"Angebote\",\"item\":\"https:\/\/www.nestwaerme.org\/at\/angebote\/\"},{\"@type\":\"ListItem\",\"position\":3,\"name\":\"Online-Angebote\"}]},{\"@type\":\"WebSite\",\"@id\":\"https:\/\/www.nestwaerme.org\/at\/#website\",\"url\":\"https:\/\/www.nestwaerme.org\/at\/\",\"name\":\"nestw\u00e4rme \u00d6sterreich\",\"description\":\"\",\"potentialAction\":[{\"@type\":\"SearchAction\",\"target\":{\"@type\":\"EntryPoint\",\"urlTemplate\":\"https:\/\/www.nestwaerme.org\/at\/?s={search_term_string}\"},\"query-input\":{\"@type\":\"PropertyValueSpecification\",\"valueRequired\":true,\"valueName\":\"search_term_string\"}}],\"inLanguage\":\"de\"}]}<\/script>\n<!-- \/ Yoast SEO plugin. -->","yoast_head_json":{"title":"Angebote - nestw\u00e4rme \u00d6sterreich","robots":{"index":"noindex","follow":"follow","max-snippet":"max-snippet:-1","max-image-preview":"max-image-preview:large","max-video-preview":"max-video-preview:-1"},"og_locale":"de_DE","og_type":"article","og_title":"Angebote - nestw\u00e4rme \u00d6sterreich","og_description":"Kostenlose Online- und Pr\u00e4senz-Veranstaltungen f\u00fcr Familien mit beeintr\u00e4chtigten Kindern. Begegnung, Spa\u00df, Kreativit\u00e4t, Selbstf\u00fcrsorge.","og_url":"https:\/\/www.nestwaerme.org\/at\/angebote\/online-angebote\/","og_site_name":"nestw\u00e4rme \u00d6sterreich","article_modified_time":"2024-02-22T08:00:59+00:00","twitter_card":"summary_large_image","twitter_misc":{"Gesch\u00e4tzte Lesezeit":"1\u00a0Minute"},"schema":{"@context":"https:\/\/schema.org","@graph":[{"@type":"WebPage","@id":"https:\/\/www.nestwaerme.org\/at\/angebote\/online-angebote\/","url":"https:\/\/www.nestwaerme.org\/at\/angebote\/online-angebote\/","name":"Angebote - nestw\u00e4rme \u00d6sterreich","isPartOf":{"@id":"https:\/\/www.nestwaerme.org\/at\/#website"},"datePublished":"2024-02-02T09:38:55+00:00","dateModified":"2024-02-22T08:00:59+00:00","breadcrumb":{"@id":"https:\/\/www.nestwaerme.org\/at\/angebote\/online-angebote\/#breadcrumb"},"inLanguage":"de","potentialAction":[{"@type":"ReadAction","target":["https:\/\/www.nestwaerme.org\/at\/angebote\/online-angebote\/"]}]},{"@type":"BreadcrumbList","@id":"https:\/\/www.nestwaerme.org\/at\/angebote\/online-angebote\/#breadcrumb","itemListElement":[{"@type":"ListItem","position":1,"name":"Startseite","item":"https:\/\/www.nestwaerme.org\/at\/"},{"@type":"ListItem","position":2,"name":"Angebote","item":"https:\/\/www.nestwaerme.org\/at\/angebote\/"},{"@type":"ListItem","position":3,"name":"Online-Angebote"}]},{"@type":"WebSite","@id":"https:\/\/www.nestwaerme.org\/at\/#website","url":"https:\/\/www.nestwaerme.org\/at\/","name":"nestw\u00e4rme \u00d6sterreich","description":"","potentialAction":[{"@type":"SearchAction","target":{"@type":"EntryPoint","urlTemplate":"https:\/\/www.nestwaerme.org\/at\/?s={search_term_string}"},"query-input":{"@type":"PropertyValueSpecification","valueRequired":true,"valueName":"search_term_string"}}],"inLanguage":"de"}]}},"_links":{"self":[{"href":"https:\/\/www.nestwaerme.org\/at\/wp-json\/wp\/v2\/pages\/672","targetHints":{"allow":["GET"]}}],"collection":[{"href":"https:\/\/www.nestwaerme.org\/at\/wp-json\/wp\/v2\/pages"}],"about":[{"href":"https:\/\/www.nestwaerme.org\/at\/wp-json\/wp\/v2\/types\/page"}],"author":[{"embeddable":true,"href":"https:\/\/www.nestwaerme.org\/at\/wp-json\/wp\/v2\/users\/1"}],"replies":[{"embeddable":true,"href":"https:\/\/www.nestwaerme.org\/at\/wp-json\/wp\/v2\/comments?post=672"}],"version-history":[{"count":5,"href":"https:\/\/www.nestwaerme.org\/at\/wp-json\/wp\/v2\/pages\/672\/revisions"}],"predecessor-version":[{"id":825,"href":"https:\/\/www.nestwaerme.org\/at\/wp-json\/wp\/v2\/pages\/672\/revisions\/825"}],"up":[{"embeddable":true,"href":"https:\/\/www.nestwaerme.org\/at\/wp-json\/wp\/v2\/pages\/566"}],"wp:attachment":[{"href":"https:\/\/www.nestwaerme.org\/at\/wp-json\/wp\/v2\/media?parent=672"}],"curies":[{"name":"wp","href":"https:\/\/api.w.org\/{rel}","templated":true}]}}