{"id":680,"date":"2024-02-02T10:49:12","date_gmt":"2024-02-02T09:49:12","guid":{"rendered":"https:\/\/www.nestwaerme.org\/at\/?page_id=680"},"modified":"2025-06-19T10:59:31","modified_gmt":"2025-06-19T08:59:31","slug":"mensch-aergere-dich-nicht","status":"publish","type":"page","link":"https:\/\/www.nestwaerme.org\/at\/angebote\/online-angebote\/mensch-aergere-dich-nicht\/","title":{"rendered":"mensch-\u00e4rgere-dich-nicht!"},"content":{"rendered":"\n<p>Alle Seminare und Trainings unter dem Titel mensch-\u00e4rgere-dich-nicht! bieten Informationen und praktische Anwendungstipps rund um die Themen Kommunikation, Selbstbehauptung, Resilienz und Entspannung im Alltag. Zudem bieten jene Kurse die Chance, vom Wissen und den Erfahrungen anderer zu profitieren.<br>Sowohl online als auch in Pr\u00e4senz sind unsere Kurse interaktiv, kurzweilig und selbstredend unterhaltsam gestaltet.<\/p>\n\n\n\n<p><br>Die Workshop-Reihe versteht sich als perfekte Erg\u00e4nzung und Vertiefung zu den<br>Angeboten der \u00fcberregionalen Resilienz-Akademie in Deutschland, \u00d6sterreich,<br>Luxemburg und der Schweiz.<\/p>\n\n\n\n<p><br>F\u00fcr Eltern mit kranken, schwerkranken und behinderten Kindern\/Angeh\u00f6rigen, Eltern in<br>finanzieller Not, Alleinerziehenden sowie Mitgestalter: innen ist die Teilnahme<br>KOSTENLOS!<\/p>\n\n\n\n<h2 class=\"wp-block-heading\">Termine<\/h2>\n\n\n\n\n\n\n\n\n\n<ul class=\"wp-block-list\"><\/ul>\n\n\n\n<p>Stark bleiben, nestw\u00e4rme sp\u00fcren!<br><br>Infos und Anmeldung unter:<br><a href=\"mailto:mensch-aergere-dich-nicht@nestwaerme.org\">mensch-aergere-dich-nicht@nestwaerme.org<\/a><\/p>\n","protected":false},"excerpt":{"rendered":"<p>Workshops zur Selbsthilfe<\/p>\n","protected":false},"author":1,"featured_media":1017,"parent":672,"menu_order":1,"comment_status":"closed","ping_status":"closed","template":"","meta":{"_acf_changed":false,"footnotes":""},"class_list":{"2":"type-page"},"acf":[],"yoast_head":"<!-- This site is optimized with the Yoast SEO plugin v27.2 - https:\/\/yoast.com\/product\/yoast-seo-wordpress\/ -->\n<title>mensch-\u00e4rgere-dich-nicht! - nestw\u00e4rme \u00d6sterreich<\/title>\n<meta name=\"robots\" content=\"noindex, follow, max-snippet:-1, max-image-preview:large, max-video-preview:-1\" \/>\n<meta property=\"og:locale\" content=\"de_DE\" \/>\n<meta property=\"og:type\" content=\"article\" \/>\n<meta property=\"og:title\" content=\"mensch-\u00e4rgere-dich-nicht! - nestw\u00e4rme \u00d6sterreich\" \/>\n<meta property=\"og:description\" content=\"Workshops zur Selbsthilfe\" \/>\n<meta property=\"og:url\" content=\"https:\/\/www.nestwaerme.org\/at\/angebote\/online-angebote\/mensch-aergere-dich-nicht\/\" \/>\n<meta property=\"og:site_name\" content=\"nestw\u00e4rme \u00d6sterreich\" \/>\n<meta property=\"article:modified_time\" content=\"2025-06-19T08:59:31+00:00\" \/>\n<meta property=\"og:image\" content=\"https:\/\/www.nestwaerme.org\/at\/wp-content\/uploads\/sites\/2\/2024\/05\/Header-Mensch-Aerger-dich-nicht.jpg\" \/>\n\t<meta property=\"og:image:width\" content=\"1920\" \/>\n\t<meta property=\"og:image:height\" content=\"1281\" \/>\n\t<meta property=\"og:image:type\" content=\"image\/jpeg\" \/>\n<meta name=\"twitter:card\" content=\"summary_large_image\" \/>\n<meta name=\"twitter:label1\" content=\"Gesch\u00e4tzte Lesezeit\" \/>\n\t<meta name=\"twitter:data1\" content=\"1\u00a0Minute\" \/>\n<script type=\"application\/ld+json\" class=\"yoast-schema-graph\">{\"@context\":\"https:\/\/schema.org\",\"@graph\":[{\"@type\":\"WebPage\",\"@id\":\"https:\/\/www.nestwaerme.org\/at\/angebote\/online-angebote\/mensch-aergere-dich-nicht\/\",\"url\":\"https:\/\/www.nestwaerme.org\/at\/angebote\/online-angebote\/mensch-aergere-dich-nicht\/\",\"name\":\"mensch-\u00e4rgere-dich-nicht! - nestw\u00e4rme \u00d6sterreich\",\"isPartOf\":{\"@id\":\"https:\/\/www.nestwaerme.org\/at\/#website\"},\"primaryImageOfPage\":{\"@id\":\"https:\/\/www.nestwaerme.org\/at\/angebote\/online-angebote\/mensch-aergere-dich-nicht\/#primaryimage\"},\"image\":{\"@id\":\"https:\/\/www.nestwaerme.org\/at\/angebote\/online-angebote\/mensch-aergere-dich-nicht\/#primaryimage\"},\"thumbnailUrl\":\"https:\/\/www.nestwaerme.org\/at\/wp-content\/uploads\/sites\/2\/2024\/05\/Header-Mensch-Aerger-dich-nicht.jpg\",\"datePublished\":\"2024-02-02T09:49:12+00:00\",\"dateModified\":\"2025-06-19T08:59:31+00:00\",\"breadcrumb\":{\"@id\":\"https:\/\/www.nestwaerme.org\/at\/angebote\/online-angebote\/mensch-aergere-dich-nicht\/#breadcrumb\"},\"inLanguage\":\"de\",\"potentialAction\":[{\"@type\":\"ReadAction\",\"target\":[\"https:\/\/www.nestwaerme.org\/at\/angebote\/online-angebote\/mensch-aergere-dich-nicht\/\"]}]},{\"@type\":\"ImageObject\",\"inLanguage\":\"de\",\"@id\":\"https:\/\/www.nestwaerme.org\/at\/angebote\/online-angebote\/mensch-aergere-dich-nicht\/#primaryimage\",\"url\":\"https:\/\/www.nestwaerme.org\/at\/wp-content\/uploads\/sites\/2\/2024\/05\/Header-Mensch-Aerger-dich-nicht.jpg\",\"contentUrl\":\"https:\/\/www.nestwaerme.org\/at\/wp-content\/uploads\/sites\/2\/2024\/05\/Header-Mensch-Aerger-dich-nicht.jpg\",\"width\":1920,\"height\":1281},{\"@type\":\"BreadcrumbList\",\"@id\":\"https:\/\/www.nestwaerme.org\/at\/angebote\/online-angebote\/mensch-aergere-dich-nicht\/#breadcrumb\",\"itemListElement\":[{\"@type\":\"ListItem\",\"position\":1,\"name\":\"Startseite\",\"item\":\"https:\/\/www.nestwaerme.org\/at\/\"},{\"@type\":\"ListItem\",\"position\":2,\"name\":\"Angebote\",\"item\":\"https:\/\/www.nestwaerme.org\/at\/angebote\/\"},{\"@type\":\"ListItem\",\"position\":3,\"name\":\"Online-Angebote\",\"item\":\"https:\/\/www.nestwaerme.org\/at\/angebote\/online-angebote\/\"},{\"@type\":\"ListItem\",\"position\":4,\"name\":\"mensch-\u00e4rgere-dich-nicht!\"}]},{\"@type\":\"WebSite\",\"@id\":\"https:\/\/www.nestwaerme.org\/at\/#website\",\"url\":\"https:\/\/www.nestwaerme.org\/at\/\",\"name\":\"nestw\u00e4rme \u00d6sterreich\",\"description\":\"\",\"potentialAction\":[{\"@type\":\"SearchAction\",\"target\":{\"@type\":\"EntryPoint\",\"urlTemplate\":\"https:\/\/www.nestwaerme.org\/at\/?s={search_term_string}\"},\"query-input\":{\"@type\":\"PropertyValueSpecification\",\"valueRequired\":true,\"valueName\":\"search_term_string\"}}],\"inLanguage\":\"de\"}]}<\/script>\n<!-- \/ Yoast SEO plugin. -->","yoast_head_json":{"title":"mensch-\u00e4rgere-dich-nicht! - nestw\u00e4rme \u00d6sterreich","robots":{"index":"noindex","follow":"follow","max-snippet":"max-snippet:-1","max-image-preview":"max-image-preview:large","max-video-preview":"max-video-preview:-1"},"og_locale":"de_DE","og_type":"article","og_title":"mensch-\u00e4rgere-dich-nicht! - nestw\u00e4rme \u00d6sterreich","og_description":"Workshops zur Selbsthilfe","og_url":"https:\/\/www.nestwaerme.org\/at\/angebote\/online-angebote\/mensch-aergere-dich-nicht\/","og_site_name":"nestw\u00e4rme \u00d6sterreich","article_modified_time":"2025-06-19T08:59:31+00:00","og_image":[{"width":1920,"height":1281,"url":"https:\/\/www.nestwaerme.org\/at\/wp-content\/uploads\/sites\/2\/2024\/05\/Header-Mensch-Aerger-dich-nicht.jpg","type":"image\/jpeg"}],"twitter_card":"summary_large_image","twitter_misc":{"Gesch\u00e4tzte Lesezeit":"1\u00a0Minute"},"schema":{"@context":"https:\/\/schema.org","@graph":[{"@type":"WebPage","@id":"https:\/\/www.nestwaerme.org\/at\/angebote\/online-angebote\/mensch-aergere-dich-nicht\/","url":"https:\/\/www.nestwaerme.org\/at\/angebote\/online-angebote\/mensch-aergere-dich-nicht\/","name":"mensch-\u00e4rgere-dich-nicht! - nestw\u00e4rme \u00d6sterreich","isPartOf":{"@id":"https:\/\/www.nestwaerme.org\/at\/#website"},"primaryImageOfPage":{"@id":"https:\/\/www.nestwaerme.org\/at\/angebote\/online-angebote\/mensch-aergere-dich-nicht\/#primaryimage"},"image":{"@id":"https:\/\/www.nestwaerme.org\/at\/angebote\/online-angebote\/mensch-aergere-dich-nicht\/#primaryimage"},"thumbnailUrl":"https:\/\/www.nestwaerme.org\/at\/wp-content\/uploads\/sites\/2\/2024\/05\/Header-Mensch-Aerger-dich-nicht.jpg","datePublished":"2024-02-02T09:49:12+00:00","dateModified":"2025-06-19T08:59:31+00:00","breadcrumb":{"@id":"https:\/\/www.nestwaerme.org\/at\/angebote\/online-angebote\/mensch-aergere-dich-nicht\/#breadcrumb"},"inLanguage":"de","potentialAction":[{"@type":"ReadAction","target":["https:\/\/www.nestwaerme.org\/at\/angebote\/online-angebote\/mensch-aergere-dich-nicht\/"]}]},{"@type":"ImageObject","inLanguage":"de","@id":"https:\/\/www.nestwaerme.org\/at\/angebote\/online-angebote\/mensch-aergere-dich-nicht\/#primaryimage","url":"https:\/\/www.nestwaerme.org\/at\/wp-content\/uploads\/sites\/2\/2024\/05\/Header-Mensch-Aerger-dich-nicht.jpg","contentUrl":"https:\/\/www.nestwaerme.org\/at\/wp-content\/uploads\/sites\/2\/2024\/05\/Header-Mensch-Aerger-dich-nicht.jpg","width":1920,"height":1281},{"@type":"BreadcrumbList","@id":"https:\/\/www.nestwaerme.org\/at\/angebote\/online-angebote\/mensch-aergere-dich-nicht\/#breadcrumb","itemListElement":[{"@type":"ListItem","position":1,"name":"Startseite","item":"https:\/\/www.nestwaerme.org\/at\/"},{"@type":"ListItem","position":2,"name":"Angebote","item":"https:\/\/www.nestwaerme.org\/at\/angebote\/"},{"@type":"ListItem","position":3,"name":"Online-Angebote","item":"https:\/\/www.nestwaerme.org\/at\/angebote\/online-angebote\/"},{"@type":"ListItem","position":4,"name":"mensch-\u00e4rgere-dich-nicht!"}]},{"@type":"WebSite","@id":"https:\/\/www.nestwaerme.org\/at\/#website","url":"https:\/\/www.nestwaerme.org\/at\/","name":"nestw\u00e4rme \u00d6sterreich","description":"","potentialAction":[{"@type":"SearchAction","target":{"@type":"EntryPoint","urlTemplate":"https:\/\/www.nestwaerme.org\/at\/?s={search_term_string}"},"query-input":{"@type":"PropertyValueSpecification","valueRequired":true,"valueName":"search_term_string"}}],"inLanguage":"de"}]}},"_links":{"self":[{"href":"https:\/\/www.nestwaerme.org\/at\/wp-json\/wp\/v2\/pages\/680","targetHints":{"allow":["GET"]}}],"collection":[{"href":"https:\/\/www.nestwaerme.org\/at\/wp-json\/wp\/v2\/pages"}],"about":[{"href":"https:\/\/www.nestwaerme.org\/at\/wp-json\/wp\/v2\/types\/page"}],"author":[{"embeddable":true,"href":"https:\/\/www.nestwaerme.org\/at\/wp-json\/wp\/v2\/users\/1"}],"replies":[{"embeddable":true,"href":"https:\/\/www.nestwaerme.org\/at\/wp-json\/wp\/v2\/comments?post=680"}],"version-history":[{"count":15,"href":"https:\/\/www.nestwaerme.org\/at\/wp-json\/wp\/v2\/pages\/680\/revisions"}],"predecessor-version":[{"id":1509,"href":"https:\/\/www.nestwaerme.org\/at\/wp-json\/wp\/v2\/pages\/680\/revisions\/1509"}],"up":[{"embeddable":true,"href":"https:\/\/www.nestwaerme.org\/at\/wp-json\/wp\/v2\/pages\/672"}],"wp:featuredmedia":[{"embeddable":true,"href":"https:\/\/www.nestwaerme.org\/at\/wp-json\/wp\/v2\/media\/1017"}],"wp:attachment":[{"href":"https:\/\/www.nestwaerme.org\/at\/wp-json\/wp\/v2\/media?parent=680"}],"curies":[{"name":"wp","href":"https:\/\/api.w.org\/{rel}","templated":true}]}}