{"id":683,"date":"2024-02-02T10:49:34","date_gmt":"2024-02-02T09:49:34","guid":{"rendered":"https:\/\/www.nestwaerme.org\/at\/?page_id=683"},"modified":"2025-11-14T16:08:21","modified_gmt":"2025-11-14T15:08:21","slug":"paulinenplausch","status":"publish","type":"page","link":"https:\/\/www.nestwaerme.org\/at\/angebote\/online-angebote\/paulinenplausch\/","title":{"rendered":"paulinen plausch"},"content":{"rendered":"\n<h2 class=\"wp-block-heading\">Online-Treff<\/h2>\n\n\n\n<p>Der Pflichttermin zum Kennenlernen und Austauschen f\u00fcr Philanthropinnen!<\/p>\n\n\n\n<p>In Form eines interaktiven Workshops l\u00e4dt nestw\u00e4rme \u00d6sterreich zum Gedenken an die ber\u00fchmte Salondame Pauline von Metternich zum Plausch mit Tiefgang jene Damen ein, die sich durch ihr soziales Engagement und ihre unerm\u00fcdliche Arbeit f\u00fcr das Gemeinwohl auszeichnen. Der Online-Treff paulinen plausch bietet die M\u00f6glichkeit zum regelm\u00e4\u00dfigen Kennenlernen und Austauschen im Zuge eines kurzweiligen Empowerment- Workshops.<\/p>\n\n\n\n<p><br>Als Salonni\u00e9re und Moderatorin geleitet Caroline Athanasiadis durch den Abend.<\/p>\n\n\n\n\n\n\n<p><\/p>\n\n\n\n<p><br>Anfragen oder Anmeldung zum Treffen unter: <a href=\"mailto:paulinenplausch@nestwaerme.org\">paulinenplausch@nestwaerme.org<\/a><\/p>\n\n\n\n<div class=\"wp-block-buttons is-layout-flex wp-block-buttons-is-layout-flex\">\n<div class=\"wp-block-button is-style-black-xl\"><a class=\"wp-block-button__link wp-element-button\" href=\"https:\/\/www.nestwaerme.org\/at\/wp-content\/uploads\/sites\/2\/2025\/11\/NW_PP_Flyer_2025.01.11.pdf\"><svg width=\"21\" height=\"21\" aria-hidden=\"true\" role=\"img\" focusable=\"false\"><use href=\"#utility-arrow-right-heavy\"><\/use><\/svg>Download Flyer<\/a><\/div>\n<\/div>\n","protected":false},"excerpt":{"rendered":"<p>Das Online Treffen zum Kennenlernen und Austausch f\u00fcr Philanthropinnen<\/p>\n","protected":false},"author":1,"featured_media":1028,"parent":672,"menu_order":2,"comment_status":"closed","ping_status":"closed","template":"","meta":{"_acf_changed":false,"footnotes":""},"class_list":{"2":"type-page"},"acf":[],"yoast_head":"<!-- This site is optimized with the Yoast SEO plugin v27.2 - https:\/\/yoast.com\/product\/yoast-seo-wordpress\/ -->\n<title>paulinen plausch - nestw\u00e4rme \u00d6sterreich<\/title>\n<meta name=\"description\" content=\"In Form eines interaktiven Workshops l\u00e4dt nestw\u00e4rme \u00d6sterreich zum Plausch jene Damen ein, die sich durch ihr soziales Engagement und ihre unerm\u00fcdliche Arbeit f\u00fcr das Gemeinwohl auszeichnen.\" \/>\n<meta name=\"robots\" content=\"noindex, follow, max-snippet:-1, max-image-preview:large, max-video-preview:-1\" \/>\n<meta property=\"og:locale\" content=\"de_DE\" \/>\n<meta property=\"og:type\" content=\"article\" \/>\n<meta property=\"og:title\" content=\"paulinen plausch - nestw\u00e4rme \u00d6sterreich\" \/>\n<meta property=\"og:description\" content=\"In Form eines interaktiven Workshops l\u00e4dt nestw\u00e4rme \u00d6sterreich zum Plausch jene Damen ein, die sich durch ihr soziales Engagement und ihre unerm\u00fcdliche Arbeit f\u00fcr das Gemeinwohl auszeichnen.\" \/>\n<meta property=\"og:url\" content=\"https:\/\/www.nestwaerme.org\/at\/angebote\/online-angebote\/paulinenplausch\/\" \/>\n<meta property=\"og:site_name\" content=\"nestw\u00e4rme \u00d6sterreich\" \/>\n<meta property=\"article:modified_time\" content=\"2025-11-14T15:08:21+00:00\" \/>\n<meta property=\"og:image\" content=\"https:\/\/www.nestwaerme.org\/at\/wp-content\/uploads\/sites\/2\/2024\/05\/Header-Paulinen-Plausch.jpeg\" \/>\n\t<meta property=\"og:image:width\" content=\"2048\" \/>\n\t<meta property=\"og:image:height\" content=\"1383\" \/>\n\t<meta property=\"og:image:type\" content=\"image\/jpeg\" \/>\n<meta name=\"twitter:card\" content=\"summary_large_image\" \/>\n<meta name=\"twitter:label1\" content=\"Gesch\u00e4tzte Lesezeit\" \/>\n\t<meta name=\"twitter:data1\" content=\"1\u00a0Minute\" \/>\n<script type=\"application\/ld+json\" class=\"yoast-schema-graph\">{\"@context\":\"https:\/\/schema.org\",\"@graph\":[{\"@type\":\"WebPage\",\"@id\":\"https:\/\/www.nestwaerme.org\/at\/angebote\/online-angebote\/paulinenplausch\/\",\"url\":\"https:\/\/www.nestwaerme.org\/at\/angebote\/online-angebote\/paulinenplausch\/\",\"name\":\"paulinen plausch - nestw\u00e4rme \u00d6sterreich\",\"isPartOf\":{\"@id\":\"https:\/\/www.nestwaerme.org\/at\/#website\"},\"primaryImageOfPage\":{\"@id\":\"https:\/\/www.nestwaerme.org\/at\/angebote\/online-angebote\/paulinenplausch\/#primaryimage\"},\"image\":{\"@id\":\"https:\/\/www.nestwaerme.org\/at\/angebote\/online-angebote\/paulinenplausch\/#primaryimage\"},\"thumbnailUrl\":\"https:\/\/www.nestwaerme.org\/at\/wp-content\/uploads\/sites\/2\/2024\/05\/Header-Paulinen-Plausch.jpeg\",\"datePublished\":\"2024-02-02T09:49:34+00:00\",\"dateModified\":\"2025-11-14T15:08:21+00:00\",\"description\":\"In Form eines interaktiven Workshops l\u00e4dt nestw\u00e4rme \u00d6sterreich zum Plausch jene Damen ein, die sich durch ihr soziales Engagement und ihre unerm\u00fcdliche Arbeit f\u00fcr das Gemeinwohl auszeichnen.\",\"breadcrumb\":{\"@id\":\"https:\/\/www.nestwaerme.org\/at\/angebote\/online-angebote\/paulinenplausch\/#breadcrumb\"},\"inLanguage\":\"de\",\"potentialAction\":[{\"@type\":\"ReadAction\",\"target\":[\"https:\/\/www.nestwaerme.org\/at\/angebote\/online-angebote\/paulinenplausch\/\"]}]},{\"@type\":\"ImageObject\",\"inLanguage\":\"de\",\"@id\":\"https:\/\/www.nestwaerme.org\/at\/angebote\/online-angebote\/paulinenplausch\/#primaryimage\",\"url\":\"https:\/\/www.nestwaerme.org\/at\/wp-content\/uploads\/sites\/2\/2024\/05\/Header-Paulinen-Plausch.jpeg\",\"contentUrl\":\"https:\/\/www.nestwaerme.org\/at\/wp-content\/uploads\/sites\/2\/2024\/05\/Header-Paulinen-Plausch.jpeg\",\"width\":2048,\"height\":1383},{\"@type\":\"BreadcrumbList\",\"@id\":\"https:\/\/www.nestwaerme.org\/at\/angebote\/online-angebote\/paulinenplausch\/#breadcrumb\",\"itemListElement\":[{\"@type\":\"ListItem\",\"position\":1,\"name\":\"Startseite\",\"item\":\"https:\/\/www.nestwaerme.org\/at\/\"},{\"@type\":\"ListItem\",\"position\":2,\"name\":\"Angebote\",\"item\":\"https:\/\/www.nestwaerme.org\/at\/angebote\/\"},{\"@type\":\"ListItem\",\"position\":3,\"name\":\"Online-Angebote\",\"item\":\"https:\/\/www.nestwaerme.org\/at\/angebote\/online-angebote\/\"},{\"@type\":\"ListItem\",\"position\":4,\"name\":\"paulinen plausch\"}]},{\"@type\":\"WebSite\",\"@id\":\"https:\/\/www.nestwaerme.org\/at\/#website\",\"url\":\"https:\/\/www.nestwaerme.org\/at\/\",\"name\":\"nestw\u00e4rme \u00d6sterreich\",\"description\":\"\",\"potentialAction\":[{\"@type\":\"SearchAction\",\"target\":{\"@type\":\"EntryPoint\",\"urlTemplate\":\"https:\/\/www.nestwaerme.org\/at\/?s={search_term_string}\"},\"query-input\":{\"@type\":\"PropertyValueSpecification\",\"valueRequired\":true,\"valueName\":\"search_term_string\"}}],\"inLanguage\":\"de\"}]}<\/script>\n<!-- \/ Yoast SEO plugin. -->","yoast_head_json":{"title":"paulinen plausch - nestw\u00e4rme \u00d6sterreich","description":"In Form eines interaktiven Workshops l\u00e4dt nestw\u00e4rme \u00d6sterreich zum Plausch jene Damen ein, die sich durch ihr soziales Engagement und ihre unerm\u00fcdliche Arbeit f\u00fcr das Gemeinwohl auszeichnen.","robots":{"index":"noindex","follow":"follow","max-snippet":"max-snippet:-1","max-image-preview":"max-image-preview:large","max-video-preview":"max-video-preview:-1"},"og_locale":"de_DE","og_type":"article","og_title":"paulinen plausch - nestw\u00e4rme \u00d6sterreich","og_description":"In Form eines interaktiven Workshops l\u00e4dt nestw\u00e4rme \u00d6sterreich zum Plausch jene Damen ein, die sich durch ihr soziales Engagement und ihre unerm\u00fcdliche Arbeit f\u00fcr das Gemeinwohl auszeichnen.","og_url":"https:\/\/www.nestwaerme.org\/at\/angebote\/online-angebote\/paulinenplausch\/","og_site_name":"nestw\u00e4rme \u00d6sterreich","article_modified_time":"2025-11-14T15:08:21+00:00","og_image":[{"width":2048,"height":1383,"url":"https:\/\/www.nestwaerme.org\/at\/wp-content\/uploads\/sites\/2\/2024\/05\/Header-Paulinen-Plausch.jpeg","type":"image\/jpeg"}],"twitter_card":"summary_large_image","twitter_misc":{"Gesch\u00e4tzte Lesezeit":"1\u00a0Minute"},"schema":{"@context":"https:\/\/schema.org","@graph":[{"@type":"WebPage","@id":"https:\/\/www.nestwaerme.org\/at\/angebote\/online-angebote\/paulinenplausch\/","url":"https:\/\/www.nestwaerme.org\/at\/angebote\/online-angebote\/paulinenplausch\/","name":"paulinen plausch - nestw\u00e4rme \u00d6sterreich","isPartOf":{"@id":"https:\/\/www.nestwaerme.org\/at\/#website"},"primaryImageOfPage":{"@id":"https:\/\/www.nestwaerme.org\/at\/angebote\/online-angebote\/paulinenplausch\/#primaryimage"},"image":{"@id":"https:\/\/www.nestwaerme.org\/at\/angebote\/online-angebote\/paulinenplausch\/#primaryimage"},"thumbnailUrl":"https:\/\/www.nestwaerme.org\/at\/wp-content\/uploads\/sites\/2\/2024\/05\/Header-Paulinen-Plausch.jpeg","datePublished":"2024-02-02T09:49:34+00:00","dateModified":"2025-11-14T15:08:21+00:00","description":"In Form eines interaktiven Workshops l\u00e4dt nestw\u00e4rme \u00d6sterreich zum Plausch jene Damen ein, die sich durch ihr soziales Engagement und ihre unerm\u00fcdliche Arbeit f\u00fcr das Gemeinwohl auszeichnen.","breadcrumb":{"@id":"https:\/\/www.nestwaerme.org\/at\/angebote\/online-angebote\/paulinenplausch\/#breadcrumb"},"inLanguage":"de","potentialAction":[{"@type":"ReadAction","target":["https:\/\/www.nestwaerme.org\/at\/angebote\/online-angebote\/paulinenplausch\/"]}]},{"@type":"ImageObject","inLanguage":"de","@id":"https:\/\/www.nestwaerme.org\/at\/angebote\/online-angebote\/paulinenplausch\/#primaryimage","url":"https:\/\/www.nestwaerme.org\/at\/wp-content\/uploads\/sites\/2\/2024\/05\/Header-Paulinen-Plausch.jpeg","contentUrl":"https:\/\/www.nestwaerme.org\/at\/wp-content\/uploads\/sites\/2\/2024\/05\/Header-Paulinen-Plausch.jpeg","width":2048,"height":1383},{"@type":"BreadcrumbList","@id":"https:\/\/www.nestwaerme.org\/at\/angebote\/online-angebote\/paulinenplausch\/#breadcrumb","itemListElement":[{"@type":"ListItem","position":1,"name":"Startseite","item":"https:\/\/www.nestwaerme.org\/at\/"},{"@type":"ListItem","position":2,"name":"Angebote","item":"https:\/\/www.nestwaerme.org\/at\/angebote\/"},{"@type":"ListItem","position":3,"name":"Online-Angebote","item":"https:\/\/www.nestwaerme.org\/at\/angebote\/online-angebote\/"},{"@type":"ListItem","position":4,"name":"paulinen plausch"}]},{"@type":"WebSite","@id":"https:\/\/www.nestwaerme.org\/at\/#website","url":"https:\/\/www.nestwaerme.org\/at\/","name":"nestw\u00e4rme \u00d6sterreich","description":"","potentialAction":[{"@type":"SearchAction","target":{"@type":"EntryPoint","urlTemplate":"https:\/\/www.nestwaerme.org\/at\/?s={search_term_string}"},"query-input":{"@type":"PropertyValueSpecification","valueRequired":true,"valueName":"search_term_string"}}],"inLanguage":"de"}]}},"_links":{"self":[{"href":"https:\/\/www.nestwaerme.org\/at\/wp-json\/wp\/v2\/pages\/683","targetHints":{"allow":["GET"]}}],"collection":[{"href":"https:\/\/www.nestwaerme.org\/at\/wp-json\/wp\/v2\/pages"}],"about":[{"href":"https:\/\/www.nestwaerme.org\/at\/wp-json\/wp\/v2\/types\/page"}],"author":[{"embeddable":true,"href":"https:\/\/www.nestwaerme.org\/at\/wp-json\/wp\/v2\/users\/1"}],"replies":[{"embeddable":true,"href":"https:\/\/www.nestwaerme.org\/at\/wp-json\/wp\/v2\/comments?post=683"}],"version-history":[{"count":14,"href":"https:\/\/www.nestwaerme.org\/at\/wp-json\/wp\/v2\/pages\/683\/revisions"}],"predecessor-version":[{"id":1549,"href":"https:\/\/www.nestwaerme.org\/at\/wp-json\/wp\/v2\/pages\/683\/revisions\/1549"}],"up":[{"embeddable":true,"href":"https:\/\/www.nestwaerme.org\/at\/wp-json\/wp\/v2\/pages\/672"}],"wp:featuredmedia":[{"embeddable":true,"href":"https:\/\/www.nestwaerme.org\/at\/wp-json\/wp\/v2\/media\/1028"}],"wp:attachment":[{"href":"https:\/\/www.nestwaerme.org\/at\/wp-json\/wp\/v2\/media?parent=683"}],"curies":[{"name":"wp","href":"https:\/\/api.w.org\/{rel}","templated":true}]}}