{"id":832,"date":"2024-02-27T20:07:20","date_gmt":"2024-02-27T19:07:20","guid":{"rendered":"https:\/\/www.nestwaerme.org\/at\/?page_id=832"},"modified":"2024-12-04T10:27:57","modified_gmt":"2024-12-04T09:27:57","slug":"resilienz-training","status":"publish","type":"page","link":"https:\/\/www.nestwaerme.org\/at\/angebote\/resilienz-training\/","title":{"rendered":"Resilienz-Training"},"content":{"rendered":"\n<h2 class=\"wp-block-heading\">Wir alle brauchen Resilienz<\/h2>\n\n\n\n<p>Es gibt in unserem Leben immer wieder Herausforderungen, in denen unsere k\u00f6rperliche und seelische Gesundheit auf die Probe gestellt wird. Belastbarkeit und Widerstandsf\u00e4higkeit in diesen Situationen sind nicht angeboren. Resilienz hilft uns dabei Krisen erfolgreich zu meistern und daran zu wachsen.<\/p>\n\n\n\n<p>Deine ganz pers\u00f6nliche Resilienz kannst du lernen, trainieren und immer wieder st\u00e4rken. Unser Resilienz-Training basiert auf einem fundierten Ansatz: Neben der notwendigen Theorie gibt es viel Raum zum \u00dcben. So stellen wir sicher, dass du das Gelernte auch dauerhaft in die Praxis umsetzten kannst und du f\u00fcr deine eigenen Ressourcen sensibilisiert wirst. Erfahre in einem vertrauensvollen Umfeld mit welchen Methoden und \u00dcbungen du deine Resilienz \u2013 das Immunsystem deiner Seele st\u00e4rken kannst.<\/p>\n\n\n\n<hr class=\"wp-block-separator has-alpha-channel-opacity\"\/>\n\n\n\n<h3 class=\"wp-block-heading\"><strong>Finde dein passendes Angebot<\/strong><\/h3>\n\n\n\n\n<section class=\"c-section alignwide is-style-primary is-style-col-3\" >\n\n<ul class=\"o-grid o-grid-1-2-3 o-list-bare\">\n    <li class=\"c-card c-card--teaser\">\n\n    \n    \n    \n        \n    \n            \n    \n    \n    <img loading=\"lazy\" decoding=\"async\" width=\"951\" height=\"951\" src=\"https:\/\/www.nestwaerme.org\/at\/wp-content\/uploads\/sites\/2\/2024\/11\/Kursangebote_Resilienz-scaled-1-951x951.jpg\" class=\"attachment-teaser size-teaser wp-post-image\" alt=\"Frau mit Wollpullover und Hut sitzt im Wald auf Laub und hatte eine Tasse in der Hand\" srcset=\"https:\/\/www.nestwaerme.org\/at\/wp-content\/uploads\/sites\/2\/2024\/11\/Kursangebote_Resilienz-scaled-1-951x951.jpg 951w, https:\/\/www.nestwaerme.org\/at\/wp-content\/uploads\/sites\/2\/2024\/11\/Kursangebote_Resilienz-scaled-1-150x150.jpg 150w, https:\/\/www.nestwaerme.org\/at\/wp-content\/uploads\/sites\/2\/2024\/11\/Kursangebote_Resilienz-scaled-1-320x320.jpg 320w, https:\/\/www.nestwaerme.org\/at\/wp-content\/uploads\/sites\/2\/2024\/11\/Kursangebote_Resilienz-scaled-1-180x180.jpg 180w, https:\/\/www.nestwaerme.org\/at\/wp-content\/uploads\/sites\/2\/2024\/11\/Kursangebote_Resilienz-scaled-1-441x441.jpg 441w, https:\/\/www.nestwaerme.org\/at\/wp-content\/uploads\/sites\/2\/2024\/11\/Kursangebote_Resilienz-scaled-1-400x400.jpg 400w\" sizes=\"auto, (max-width: 800px) 100vw, 800px\" \/>    <h3 class=\"c-card__title\">Kursangebote<\/h3>    <div class=\"c-card__text\">Jetzt Resilienz trainieren. Finde deinen passenden Kurs. Kostenloser Schnupperkurs, vier Stunden Workshop, vier Tage Practitioner-Kurs.<\/div>    \n<div class=\"wp-block-button aligncenter is-style-black\"><a class=\"wp-block-button__link \" href=\"https:\/\/www.nestwaerme.org\/at\/angebote\/resilienz-training\/kursangebote\/\" target=\"_self\"><svg width=\"21\" height=\"21\" aria-hidden=\"true\" role=\"img\" focusable=\"false\"><use href=\"#utility-arrow-right-heavy\"><\/use><\/svg>mehr erfahren<\/a><\/div>\n  <\/li>\n    <li class=\"c-card c-card--teaser\">\n\n    \n    \n    \n        \n    \n            \n    \n    \n    <div class=\"c-card__media\"><img decoding=\"async\" alt=\"\" src=\"https:\/\/www.nestwaerme.org\/at\/wp-content\/uploads\/sites\/2\/2024\/12\/Headerbild_careyoo_Version3-e1716803222690-951x951.webp\"><\/div>    <h3 class=\"c-card__title\">careyoo \u2013 neue Online-Plattform f\u00fcr Selbstf\u00fcrsorge<\/h3>    <div class=\"c-card__text\">Entdecke careyoo \u2013 eine neue E-Learning Plattform zur St\u00e4rkung der seelischen Gesundheit und ein Ort f\u00fcr Selbstf\u00fcrsorge. <\/div>    \n<div class=\"wp-block-button aligncenter is-style-black\"><a class=\"wp-block-button__link \" href=\"https:\/\/www.careyoo.org\/\" target=\"_blank\"><svg width=\"21\" height=\"21\" aria-hidden=\"true\" role=\"img\" focusable=\"false\"><use href=\"#utility-arrow-right-heavy\"><\/use><\/svg>Zur Online-Plattform<\/a><\/div>\n  <\/li>\n    <li class=\"c-card c-card--teaser\">\n\n    \n    \n    \n        \n    \n            \n    \n    \n    <img loading=\"lazy\" decoding=\"async\" width=\"951\" height=\"951\" src=\"https:\/\/www.nestwaerme.org\/at\/wp-content\/uploads\/sites\/2\/2023\/10\/headerbild_blickwechsel-951x951.jpg\" class=\"attachment-teaser size-teaser wp-post-image\" alt=\"\" srcset=\"https:\/\/www.nestwaerme.org\/at\/wp-content\/uploads\/sites\/2\/2023\/10\/headerbild_blickwechsel-951x951.jpg 951w, https:\/\/www.nestwaerme.org\/at\/wp-content\/uploads\/sites\/2\/2023\/10\/headerbild_blickwechsel-150x150.jpg 150w, https:\/\/www.nestwaerme.org\/at\/wp-content\/uploads\/sites\/2\/2023\/10\/headerbild_blickwechsel-320x320.jpg 320w, https:\/\/www.nestwaerme.org\/at\/wp-content\/uploads\/sites\/2\/2023\/10\/headerbild_blickwechsel-400x400.jpg 400w, https:\/\/www.nestwaerme.org\/at\/wp-content\/uploads\/sites\/2\/2023\/10\/headerbild_blickwechsel-441x441.jpg 441w\" sizes=\"auto, (max-width: 800px) 100vw, 800px\" \/>    <h3 class=\"c-card__title\">Blickwechsel-Coaching<\/h3>    <div class=\"c-card__text\">Dein Online- Coaching, diskret, professionell, unkompliziert. Ressourcen und Bew\u00e4ltigungsstrategien aktivieren und Herausforderungen neu beleuchten.<\/div>    \n<div class=\"wp-block-button aligncenter is-style-black\"><a class=\"wp-block-button__link \" href=\"https:\/\/www.nestwaerme.org\/at\/angebote\/online-angebote\/coaching\/\" target=\"_self\"><svg width=\"21\" height=\"21\" aria-hidden=\"true\" role=\"img\" focusable=\"false\"><use href=\"#utility-arrow-right-heavy\"><\/use><\/svg>mehr erfahren<\/a><\/div>\n  <\/li>\n  <\/ul>\n<\/section>\n\n\n\n<p>Unsere Resilienz-Angebote sind geeignet f\u00fcr Familien, Ehrenamtliche und Menschen, die ihr Leben resilient und gesund meistern wollen sowie f\u00fcr diejenigen, die sich pers\u00f6nlich weiterentwickeln m\u00f6chten. F\u00fcr Betriebe, Organisationen, Institutionen und Tr\u00e4ger bieten wir individuell abgestimmte Resilienz-Formate zur Aus- und Weiterbildung ihrer Mitarbeitenden an.<\/p>\n\n\n\n<div class=\"wp-block-buttons is-layout-flex wp-block-buttons-is-layout-flex\">\n<div class=\"wp-block-button\"><a class=\"wp-block-button__link wp-element-button\" href=\"https:\/\/www.nestwaerme.org\/at\/angebote\/resilienz-training\/termine\/\"><svg width=\"21\" height=\"21\" aria-hidden=\"true\" role=\"img\" focusable=\"false\"><use href=\"#utility-arrow-right-heavy\"><\/use><\/svg>Zu den Terminen<\/a><\/div>\n<\/div>\n\n\n\n\n<div class=\"c-section\" >\t<h3 class=\"c-section__title\">Deine Ansprechpartnerin<\/h3>\t\t\t\n\n\t\t\t\n\t<div class=\"c-person\">\n\t\t\t\t\n\t\t\t\t\t<div class=\"c-person__media\">\n\t\t\t\t\t\t\n\t\t\t\t\t\t\t\t<img decoding=\"async\" src=\"https:\/\/www.nestwaerme.org\/at\/wp-content\/uploads\/sites\/2\/2023\/10\/Anna-Scholtes-400x400.webp\"  \/>\t\t\t<\/div>\n\t\t\t<div class=\"c-person__content\">\n\t\t\t\t\t\t\t\t\t\t\t\t<h3 class=\"c-person__heading\">Anna Scholtes<\/h3>\t\t\t\n\t\t\t\t\t\t\t\t\t\t\t\t\t\t\t\t\t\t\t\t\t\t\t\t\t<ul class=\"c-person__list\">\t\t\t\t\n\t\t\t\t\t\t\t\t\t\t\t<li class=\"c-person__mail\">\n\t\t\t\t\t\t\t<a href=\"mailto:resilienz@nestwaerme.de\"><svg width=\"21\" height=\"21\" aria-hidden=\"true\" role=\"img\" focusable=\"false\"><use href=\"#utility-mail\"><\/use><\/svg>resilienz@nestwaerme.de<\/a>\n\t\t\t\t\t\t<\/li>\t\t\t\t\t\t\t\t\n\t\t\t\t\t\t\t\t\t\t\t\t\t\t\t\t<li class=\"c-person__phone\">\n\t\t\t\t\t\t\t<a href=\"tel:+49 (0) 651 99201 220\"> <svg width=\"21\" height=\"21\" aria-hidden=\"true\" role=\"img\" focusable=\"false\"><use href=\"#utility-phone\"><\/use><\/svg>+49 (0) 651 99201 220<\/a>\n\t\t\t\t\t\t<\/li>\n\t\t\t\t\t\t\t\t\t\n\t\t\t\t\t    \t\t\t\t\n\t\t\t\t<\/ul>\n\t\t\t\t\t\t\t<\/div>\n\t\t\t<\/div>\n<\/div>\n\n\n<blockquote class=\"wp-block-quote is-layout-flow wp-block-quote-is-layout-flow\"><div class=\"wp-block-quote__inner\">\n<p><em>Ich habe gelernt, mehr auf mich und meine Bed\u00fcrfnisse zu achten und in Stresssituationen meine Gedanken und meinen K\u00f6rper besser wahrzunehmen.<\/em><\/p>\n<cite>Susanne K. (Teilnehmerin Resilienz Workshop)<\/cite><\/div><\/blockquote>\n\n\n\n<p>Du m\u00f6chtest direkt loslegen? Wir haben dir einige Video, mediationen und \u00dcbungen zusammengestellt, mit denen du kostenlos und in das Thema Resilienz reinschnuppern kannst. Viel Spa\u00df! <\/p>\n\n\n\n<div class=\"wp-block-buttons is-layout-flex wp-block-buttons-is-layout-flex\">\n<div class=\"wp-block-button\"><a class=\"wp-block-button__link wp-element-button\" href=\"https:\/\/www.nestwaerme.org\/at\/angebote\/resilienz-training\/digitale-angebote\/\"><svg width=\"21\" height=\"21\" aria-hidden=\"true\" role=\"img\" focusable=\"false\"><use href=\"#utility-arrow-right-heavy\"><\/use><\/svg>jetzt reinschauen<\/a><\/div>\n<\/div>\n\n\n\n<p><\/p>\n","protected":false},"excerpt":{"rendered":"<p>Workshops und Kursangebote f\u00fcr mehr seelische Gesundheit, individuelle Angebote f\u00fcr Gruppen und Unternehmen. <\/p>\n","protected":false},"author":1,"featured_media":1245,"parent":566,"menu_order":5,"comment_status":"open","ping_status":"open","template":"","meta":{"_acf_changed":false,"footnotes":""},"class_list":{"2":"type-page"},"acf":[],"yoast_head":"<!-- This site is optimized with the Yoast SEO plugin v27.2 - https:\/\/yoast.com\/product\/yoast-seo-wordpress\/ -->\n<title>Das nestw\u00e4rme Resilienz-Training - nestw\u00e4rme \u00d6sterreich<\/title>\n<meta name=\"description\" content=\"Workshops und Kursangebote f\u00fcr mehr seelische Gesundheit, individuelle Angebote f\u00fcr Gruppen und Unternehmen.\" \/>\n<meta name=\"robots\" content=\"noindex, follow, max-snippet:-1, max-image-preview:large, max-video-preview:-1\" \/>\n<meta property=\"og:locale\" content=\"de_DE\" \/>\n<meta property=\"og:type\" content=\"article\" \/>\n<meta property=\"og:title\" content=\"Das nestw\u00e4rme Resilienz-Training - nestw\u00e4rme \u00d6sterreich\" \/>\n<meta property=\"og:description\" content=\"Workshops und Kursangebote f\u00fcr mehr seelische Gesundheit, individuelle Angebote f\u00fcr Gruppen und Unternehmen.\" \/>\n<meta property=\"og:url\" content=\"https:\/\/www.nestwaerme.org\/at\/angebote\/resilienz-training\/\" \/>\n<meta property=\"og:site_name\" content=\"nestw\u00e4rme \u00d6sterreich\" \/>\n<meta property=\"article:modified_time\" content=\"2024-12-04T09:27:57+00:00\" \/>\n<meta property=\"og:image\" content=\"https:\/\/www.nestwaerme.org\/at\/wp-content\/uploads\/sites\/2\/2024\/11\/Landingspage_Resilienz-scaled-e1732015810650.jpg\" \/>\n\t<meta property=\"og:image:width\" content=\"2560\" \/>\n\t<meta property=\"og:image:height\" content=\"1181\" \/>\n\t<meta property=\"og:image:type\" content=\"image\/jpeg\" \/>\n<meta name=\"twitter:card\" content=\"summary_large_image\" \/>\n<meta name=\"twitter:label1\" content=\"Gesch\u00e4tzte Lesezeit\" \/>\n\t<meta name=\"twitter:data1\" content=\"2\u00a0Minuten\" \/>\n<script type=\"application\/ld+json\" class=\"yoast-schema-graph\">{\"@context\":\"https:\/\/schema.org\",\"@graph\":[{\"@type\":\"WebPage\",\"@id\":\"https:\/\/www.nestwaerme.org\/at\/angebote\/resilienz-training\/\",\"url\":\"https:\/\/www.nestwaerme.org\/at\/angebote\/resilienz-training\/\",\"name\":\"Das nestw\u00e4rme Resilienz-Training - nestw\u00e4rme \u00d6sterreich\",\"isPartOf\":{\"@id\":\"https:\/\/www.nestwaerme.org\/at\/#website\"},\"primaryImageOfPage\":{\"@id\":\"https:\/\/www.nestwaerme.org\/at\/angebote\/resilienz-training\/#primaryimage\"},\"image\":{\"@id\":\"https:\/\/www.nestwaerme.org\/at\/angebote\/resilienz-training\/#primaryimage\"},\"thumbnailUrl\":\"https:\/\/www.nestwaerme.org\/at\/wp-content\/uploads\/sites\/2\/2024\/11\/Landingspage_Resilienz-scaled-e1732015810650.jpg\",\"datePublished\":\"2024-02-27T19:07:20+00:00\",\"dateModified\":\"2024-12-04T09:27:57+00:00\",\"description\":\"Workshops und Kursangebote f\u00fcr mehr seelische Gesundheit, individuelle Angebote f\u00fcr Gruppen und Unternehmen.\",\"breadcrumb\":{\"@id\":\"https:\/\/www.nestwaerme.org\/at\/angebote\/resilienz-training\/#breadcrumb\"},\"inLanguage\":\"de\",\"potentialAction\":[{\"@type\":\"ReadAction\",\"target\":[\"https:\/\/www.nestwaerme.org\/at\/angebote\/resilienz-training\/\"]}]},{\"@type\":\"ImageObject\",\"inLanguage\":\"de\",\"@id\":\"https:\/\/www.nestwaerme.org\/at\/angebote\/resilienz-training\/#primaryimage\",\"url\":\"https:\/\/www.nestwaerme.org\/at\/wp-content\/uploads\/sites\/2\/2024\/11\/Landingspage_Resilienz-scaled-e1732015810650.jpg\",\"contentUrl\":\"https:\/\/www.nestwaerme.org\/at\/wp-content\/uploads\/sites\/2\/2024\/11\/Landingspage_Resilienz-scaled-e1732015810650.jpg\",\"width\":2560,\"height\":1181,\"caption\":\"Frau von hinten in Wanderkleidung mit Rucksack und Hut steht auf einem Stein an einem Fluss im Wald und breitet die Arme aus.\"},{\"@type\":\"BreadcrumbList\",\"@id\":\"https:\/\/www.nestwaerme.org\/at\/angebote\/resilienz-training\/#breadcrumb\",\"itemListElement\":[{\"@type\":\"ListItem\",\"position\":1,\"name\":\"Startseite\",\"item\":\"https:\/\/www.nestwaerme.org\/at\/\"},{\"@type\":\"ListItem\",\"position\":2,\"name\":\"Angebote\",\"item\":\"https:\/\/www.nestwaerme.org\/at\/angebote\/\"},{\"@type\":\"ListItem\",\"position\":3,\"name\":\"Resilienz-Training\"}]},{\"@type\":\"WebSite\",\"@id\":\"https:\/\/www.nestwaerme.org\/at\/#website\",\"url\":\"https:\/\/www.nestwaerme.org\/at\/\",\"name\":\"nestw\u00e4rme \u00d6sterreich\",\"description\":\"\",\"potentialAction\":[{\"@type\":\"SearchAction\",\"target\":{\"@type\":\"EntryPoint\",\"urlTemplate\":\"https:\/\/www.nestwaerme.org\/at\/?s={search_term_string}\"},\"query-input\":{\"@type\":\"PropertyValueSpecification\",\"valueRequired\":true,\"valueName\":\"search_term_string\"}}],\"inLanguage\":\"de\"}]}<\/script>\n<!-- \/ Yoast SEO plugin. -->","yoast_head_json":{"title":"Das nestw\u00e4rme Resilienz-Training - nestw\u00e4rme \u00d6sterreich","description":"Workshops und Kursangebote f\u00fcr mehr seelische Gesundheit, individuelle Angebote f\u00fcr Gruppen und Unternehmen.","robots":{"index":"noindex","follow":"follow","max-snippet":"max-snippet:-1","max-image-preview":"max-image-preview:large","max-video-preview":"max-video-preview:-1"},"og_locale":"de_DE","og_type":"article","og_title":"Das nestw\u00e4rme Resilienz-Training - nestw\u00e4rme \u00d6sterreich","og_description":"Workshops und Kursangebote f\u00fcr mehr seelische Gesundheit, individuelle Angebote f\u00fcr Gruppen und Unternehmen.","og_url":"https:\/\/www.nestwaerme.org\/at\/angebote\/resilienz-training\/","og_site_name":"nestw\u00e4rme \u00d6sterreich","article_modified_time":"2024-12-04T09:27:57+00:00","og_image":[{"width":2560,"height":1181,"url":"https:\/\/www.nestwaerme.org\/at\/wp-content\/uploads\/sites\/2\/2024\/11\/Landingspage_Resilienz-scaled-e1732015810650.jpg","type":"image\/jpeg"}],"twitter_card":"summary_large_image","twitter_misc":{"Gesch\u00e4tzte Lesezeit":"2\u00a0Minuten"},"schema":{"@context":"https:\/\/schema.org","@graph":[{"@type":"WebPage","@id":"https:\/\/www.nestwaerme.org\/at\/angebote\/resilienz-training\/","url":"https:\/\/www.nestwaerme.org\/at\/angebote\/resilienz-training\/","name":"Das nestw\u00e4rme Resilienz-Training - nestw\u00e4rme \u00d6sterreich","isPartOf":{"@id":"https:\/\/www.nestwaerme.org\/at\/#website"},"primaryImageOfPage":{"@id":"https:\/\/www.nestwaerme.org\/at\/angebote\/resilienz-training\/#primaryimage"},"image":{"@id":"https:\/\/www.nestwaerme.org\/at\/angebote\/resilienz-training\/#primaryimage"},"thumbnailUrl":"https:\/\/www.nestwaerme.org\/at\/wp-content\/uploads\/sites\/2\/2024\/11\/Landingspage_Resilienz-scaled-e1732015810650.jpg","datePublished":"2024-02-27T19:07:20+00:00","dateModified":"2024-12-04T09:27:57+00:00","description":"Workshops und Kursangebote f\u00fcr mehr seelische Gesundheit, individuelle Angebote f\u00fcr Gruppen und Unternehmen.","breadcrumb":{"@id":"https:\/\/www.nestwaerme.org\/at\/angebote\/resilienz-training\/#breadcrumb"},"inLanguage":"de","potentialAction":[{"@type":"ReadAction","target":["https:\/\/www.nestwaerme.org\/at\/angebote\/resilienz-training\/"]}]},{"@type":"ImageObject","inLanguage":"de","@id":"https:\/\/www.nestwaerme.org\/at\/angebote\/resilienz-training\/#primaryimage","url":"https:\/\/www.nestwaerme.org\/at\/wp-content\/uploads\/sites\/2\/2024\/11\/Landingspage_Resilienz-scaled-e1732015810650.jpg","contentUrl":"https:\/\/www.nestwaerme.org\/at\/wp-content\/uploads\/sites\/2\/2024\/11\/Landingspage_Resilienz-scaled-e1732015810650.jpg","width":2560,"height":1181,"caption":"Frau von hinten in Wanderkleidung mit Rucksack und Hut steht auf einem Stein an einem Fluss im Wald und breitet die Arme aus."},{"@type":"BreadcrumbList","@id":"https:\/\/www.nestwaerme.org\/at\/angebote\/resilienz-training\/#breadcrumb","itemListElement":[{"@type":"ListItem","position":1,"name":"Startseite","item":"https:\/\/www.nestwaerme.org\/at\/"},{"@type":"ListItem","position":2,"name":"Angebote","item":"https:\/\/www.nestwaerme.org\/at\/angebote\/"},{"@type":"ListItem","position":3,"name":"Resilienz-Training"}]},{"@type":"WebSite","@id":"https:\/\/www.nestwaerme.org\/at\/#website","url":"https:\/\/www.nestwaerme.org\/at\/","name":"nestw\u00e4rme \u00d6sterreich","description":"","potentialAction":[{"@type":"SearchAction","target":{"@type":"EntryPoint","urlTemplate":"https:\/\/www.nestwaerme.org\/at\/?s={search_term_string}"},"query-input":{"@type":"PropertyValueSpecification","valueRequired":true,"valueName":"search_term_string"}}],"inLanguage":"de"}]}},"_links":{"self":[{"href":"https:\/\/www.nestwaerme.org\/at\/wp-json\/wp\/v2\/pages\/832","targetHints":{"allow":["GET"]}}],"collection":[{"href":"https:\/\/www.nestwaerme.org\/at\/wp-json\/wp\/v2\/pages"}],"about":[{"href":"https:\/\/www.nestwaerme.org\/at\/wp-json\/wp\/v2\/types\/page"}],"author":[{"embeddable":true,"href":"https:\/\/www.nestwaerme.org\/at\/wp-json\/wp\/v2\/users\/1"}],"replies":[{"embeddable":true,"href":"https:\/\/www.nestwaerme.org\/at\/wp-json\/wp\/v2\/comments?post=832"}],"version-history":[{"count":12,"href":"https:\/\/www.nestwaerme.org\/at\/wp-json\/wp\/v2\/pages\/832\/revisions"}],"predecessor-version":[{"id":1279,"href":"https:\/\/www.nestwaerme.org\/at\/wp-json\/wp\/v2\/pages\/832\/revisions\/1279"}],"up":[{"embeddable":true,"href":"https:\/\/www.nestwaerme.org\/at\/wp-json\/wp\/v2\/pages\/566"}],"wp:featuredmedia":[{"embeddable":true,"href":"https:\/\/www.nestwaerme.org\/at\/wp-json\/wp\/v2\/media\/1245"}],"wp:attachment":[{"href":"https:\/\/www.nestwaerme.org\/at\/wp-json\/wp\/v2\/media?parent=832"}],"curies":[{"name":"wp","href":"https:\/\/api.w.org\/{rel}","templated":true}]}}