{"id":297,"date":"2023-07-24T09:21:11","date_gmt":"2023-07-24T07:21:11","guid":{"rendered":"https:\/\/www.nestwaerme.org\/?page_id=52"},"modified":"2023-10-06T12:49:54","modified_gmt":"2023-10-06T10:49:54","slug":"startseite","status":"publish","type":"page","link":"https:\/\/www.nestwaerme.org\/lu\/","title":{"rendered":"Startseite"},"content":{"rendered":"\n\n<section class=\"c-section alignwide is-style- is-style-col-3\" >\n\n<ul class=\"o-grid o-grid-1-2-3 o-list-bare\">\n    <li class=\"c-card c-card--teaser\">\n\n    \n    \n    \n        \n    \n            \n    \n    \n    <div class=\"c-card__media\"><img decoding=\"async\" alt=\"\" src=\"https:\/\/www.nestwaerme.org\/lu\/wp-content\/uploads\/sites\/4\/2023\/10\/Kinderkrankenpflege-951x951.jpg\"><\/div>    <h3 class=\"c-card__title\">Begleitung ein Leben lang<\/h3>        \n<div class=\"wp-block-button aligncenter is-style-black\"><a class=\"wp-block-button__link \" href=\"https:\/\/www.nestwaerme.org\/lu\/kinderhospiz\/\" target=\"_self\"><svg width=\"21\" height=\"21\" aria-hidden=\"true\" role=\"img\" focusable=\"false\"><use href=\"#utility-arrow-right-heavy\"><\/use><\/svg>Zum geplanten Kinderhospiz<\/a><\/div>\n  <\/li>\n    <li class=\"c-card c-card--teaser\">\n\n    \n    \n    \n        \n    \n            \n    \n    \n    <div class=\"c-card__media\"><img decoding=\"async\" alt=\"\" src=\"https:\/\/www.nestwaerme.org\/lu\/wp-content\/uploads\/sites\/4\/2023\/10\/Resilienz-951x951.jpg\"><\/div>    <h3 class=\"c-card__title\">F\u00fcr das Immunsystem der Seele<\/h3>        \n<div class=\"wp-block-button aligncenter is-style-black\"><a class=\"wp-block-button__link \" href=\"https:\/\/www.nestwaerme.org\/lu\/resilienz\/\" target=\"_self\"><svg width=\"21\" height=\"21\" aria-hidden=\"true\" role=\"img\" focusable=\"false\"><use href=\"#utility-arrow-right-heavy\"><\/use><\/svg>Unsere Resilienz-Angebote <\/a><\/div>\n  <\/li>\n    <li class=\"c-card c-card--teaser\">\n\n    \n    \n    \n        \n    \n            \n    \n    \n    <div class=\"c-card__media\"><img decoding=\"async\" alt=\"\" src=\"https:\/\/www.nestwaerme.org\/lu\/wp-content\/uploads\/sites\/4\/2023\/10\/Blickwechsel-951x951.jpg\"><\/div>    <h3 class=\"c-card__title\">Herausforderungen neu beleuchten<\/h3>        \n<div class=\"wp-block-button aligncenter is-style-black\"><a class=\"wp-block-button__link \" href=\"https:\/\/www.nestwaerme.org\/lu\/coaching-blickwechsel\/\" target=\"_self\"><svg width=\"21\" height=\"21\" aria-hidden=\"true\" role=\"img\" focusable=\"false\"><use href=\"#utility-arrow-right-heavy\"><\/use><\/svg>Unser Online-Coaching<\/a><\/div>\n  <\/li>\n  <\/ul>\n<\/section>\n\n\n\n<div style=\"height:1rem\" aria-hidden=\"true\" class=\"wp-block-spacer\"><\/div>\n\n\n\n<h2 class=\"wp-block-heading\"><strong>Termine<\/strong><\/h2>\n\n\n\n\n\n\n<div style=\"height:1rem\" aria-hidden=\"true\" class=\"wp-block-spacer\"><\/div>\n","protected":false},"excerpt":{"rendered":"<p>Wir unterst\u00fctzen Familien mit beeintr\u00e4chtigten Kindern oder Jugendlichen. Wir setzen uns f\u00fcr eine inklusive, diverse und solidarische Gesellschaft ein.<\/p>\n","protected":false},"author":3,"featured_media":0,"parent":0,"menu_order":100,"comment_status":"open","ping_status":"open","template":"","meta":{"_acf_changed":false,"footnotes":""},"class_list":{"2":"type-page"},"acf":[],"yoast_head":"<!-- This site is optimized with the Yoast SEO plugin v27.4 - https:\/\/yoast.com\/product\/yoast-seo-wordpress\/ -->\n<title>nestw\u00e4rme Luxemburg<\/title>\n<meta name=\"description\" content=\"Wir unterst\u00fctzen Familien mit beeintr\u00e4chtigten Kindern oder Jugendlichen. Wir setzen uns f\u00fcr eine inklusive, diverse und solidarische Gesellschaft ein.\" \/>\n<meta name=\"robots\" content=\"noindex, follow, max-snippet:-1, max-image-preview:large, max-video-preview:-1\" \/>\n<meta property=\"og:locale\" content=\"de_DE\" \/>\n<meta property=\"og:type\" content=\"article\" \/>\n<meta property=\"og:title\" content=\"nestw\u00e4rme Luxemburg\" \/>\n<meta property=\"og:description\" content=\"Wir unterst\u00fctzen Familien mit beeintr\u00e4chtigten Kindern oder Jugendlichen. Wir setzen uns f\u00fcr eine inklusive, diverse und solidarische Gesellschaft ein.\" \/>\n<meta property=\"og:url\" content=\"https:\/\/www.nestwaerme.org\/lu\/\" \/>\n<meta property=\"og:site_name\" content=\"nestw\u00e4rme Luxemburg\" \/>\n<meta property=\"article:modified_time\" content=\"2023-10-06T10:49:54+00:00\" \/>\n<meta name=\"twitter:card\" content=\"summary_large_image\" \/>\n<meta name=\"twitter:label1\" content=\"Gesch\u00e4tzte Lesezeit\" \/>\n\t<meta name=\"twitter:data1\" content=\"1\u00a0Minute\" \/>\n<script type=\"application\/ld+json\" class=\"yoast-schema-graph\">{\"@context\":\"https:\\\/\\\/schema.org\",\"@graph\":[{\"@type\":\"WebPage\",\"@id\":\"https:\\\/\\\/www.nestwaerme.org\\\/lu\\\/\",\"url\":\"https:\\\/\\\/www.nestwaerme.org\\\/lu\\\/\",\"name\":\"nestw\u00e4rme Luxemburg\",\"isPartOf\":{\"@id\":\"https:\\\/\\\/www.nestwaerme.org\\\/lu\\\/#website\"},\"datePublished\":\"2023-07-24T07:21:11+00:00\",\"dateModified\":\"2023-10-06T10:49:54+00:00\",\"description\":\"Wir unterst\u00fctzen Familien mit beeintr\u00e4chtigten Kindern oder Jugendlichen. Wir setzen uns f\u00fcr eine inklusive, diverse und solidarische Gesellschaft ein.\",\"breadcrumb\":{\"@id\":\"https:\\\/\\\/www.nestwaerme.org\\\/lu\\\/#breadcrumb\"},\"inLanguage\":\"de\",\"potentialAction\":[{\"@type\":\"ReadAction\",\"target\":[\"https:\\\/\\\/www.nestwaerme.org\\\/lu\\\/\"]}]},{\"@type\":\"BreadcrumbList\",\"@id\":\"https:\\\/\\\/www.nestwaerme.org\\\/lu\\\/#breadcrumb\",\"itemListElement\":[{\"@type\":\"ListItem\",\"position\":1,\"name\":\"Startseite\",\"item\":\"https:\\\/\\\/www.nestwaerme.org\\\/lu\\\/\"},{\"@type\":\"ListItem\",\"position\":2,\"name\":\"Startseite\"}]},{\"@type\":\"WebSite\",\"@id\":\"https:\\\/\\\/www.nestwaerme.org\\\/lu\\\/#website\",\"url\":\"https:\\\/\\\/www.nestwaerme.org\\\/lu\\\/\",\"name\":\"nestw\u00e4rme Luxemburg\",\"description\":\"\",\"potentialAction\":[{\"@type\":\"SearchAction\",\"target\":{\"@type\":\"EntryPoint\",\"urlTemplate\":\"https:\\\/\\\/www.nestwaerme.org\\\/lu\\\/?s={search_term_string}\"},\"query-input\":{\"@type\":\"PropertyValueSpecification\",\"valueRequired\":true,\"valueName\":\"search_term_string\"}}],\"inLanguage\":\"de\"}]}<\/script>\n<!-- \/ Yoast SEO plugin. -->","yoast_head_json":{"title":"nestw\u00e4rme Luxemburg","description":"Wir unterst\u00fctzen Familien mit beeintr\u00e4chtigten Kindern oder Jugendlichen. Wir setzen uns f\u00fcr eine inklusive, diverse und solidarische Gesellschaft ein.","robots":{"index":"noindex","follow":"follow","max-snippet":"max-snippet:-1","max-image-preview":"max-image-preview:large","max-video-preview":"max-video-preview:-1"},"og_locale":"de_DE","og_type":"article","og_title":"nestw\u00e4rme Luxemburg","og_description":"Wir unterst\u00fctzen Familien mit beeintr\u00e4chtigten Kindern oder Jugendlichen. Wir setzen uns f\u00fcr eine inklusive, diverse und solidarische Gesellschaft ein.","og_url":"https:\/\/www.nestwaerme.org\/lu\/","og_site_name":"nestw\u00e4rme Luxemburg","article_modified_time":"2023-10-06T10:49:54+00:00","twitter_card":"summary_large_image","twitter_misc":{"Gesch\u00e4tzte Lesezeit":"1\u00a0Minute"},"schema":{"@context":"https:\/\/schema.org","@graph":[{"@type":"WebPage","@id":"https:\/\/www.nestwaerme.org\/lu\/","url":"https:\/\/www.nestwaerme.org\/lu\/","name":"nestw\u00e4rme Luxemburg","isPartOf":{"@id":"https:\/\/www.nestwaerme.org\/lu\/#website"},"datePublished":"2023-07-24T07:21:11+00:00","dateModified":"2023-10-06T10:49:54+00:00","description":"Wir unterst\u00fctzen Familien mit beeintr\u00e4chtigten Kindern oder Jugendlichen. Wir setzen uns f\u00fcr eine inklusive, diverse und solidarische Gesellschaft ein.","breadcrumb":{"@id":"https:\/\/www.nestwaerme.org\/lu\/#breadcrumb"},"inLanguage":"de","potentialAction":[{"@type":"ReadAction","target":["https:\/\/www.nestwaerme.org\/lu\/"]}]},{"@type":"BreadcrumbList","@id":"https:\/\/www.nestwaerme.org\/lu\/#breadcrumb","itemListElement":[{"@type":"ListItem","position":1,"name":"Startseite","item":"https:\/\/www.nestwaerme.org\/lu\/"},{"@type":"ListItem","position":2,"name":"Startseite"}]},{"@type":"WebSite","@id":"https:\/\/www.nestwaerme.org\/lu\/#website","url":"https:\/\/www.nestwaerme.org\/lu\/","name":"nestw\u00e4rme Luxemburg","description":"","potentialAction":[{"@type":"SearchAction","target":{"@type":"EntryPoint","urlTemplate":"https:\/\/www.nestwaerme.org\/lu\/?s={search_term_string}"},"query-input":{"@type":"PropertyValueSpecification","valueRequired":true,"valueName":"search_term_string"}}],"inLanguage":"de"}]}},"_links":{"self":[{"href":"https:\/\/www.nestwaerme.org\/lu\/wp-json\/wp\/v2\/pages\/297","targetHints":{"allow":["GET"]}}],"collection":[{"href":"https:\/\/www.nestwaerme.org\/lu\/wp-json\/wp\/v2\/pages"}],"about":[{"href":"https:\/\/www.nestwaerme.org\/lu\/wp-json\/wp\/v2\/types\/page"}],"author":[{"embeddable":true,"href":"https:\/\/www.nestwaerme.org\/lu\/wp-json\/wp\/v2\/users\/3"}],"replies":[{"embeddable":true,"href":"https:\/\/www.nestwaerme.org\/lu\/wp-json\/wp\/v2\/comments?post=297"}],"version-history":[{"count":30,"href":"https:\/\/www.nestwaerme.org\/lu\/wp-json\/wp\/v2\/pages\/297\/revisions"}],"predecessor-version":[{"id":712,"href":"https:\/\/www.nestwaerme.org\/lu\/wp-json\/wp\/v2\/pages\/297\/revisions\/712"}],"wp:attachment":[{"href":"https:\/\/www.nestwaerme.org\/lu\/wp-json\/wp\/v2\/media?parent=297"}],"curies":[{"name":"wp","href":"https:\/\/api.w.org\/{rel}","templated":true}]}}