{"id":323,"date":"2023-08-24T06:54:34","date_gmt":"2023-08-24T04:54:34","guid":{"rendered":"https:\/\/www.nestwaerme.org\/?page_id=909"},"modified":"2023-10-06T10:33:05","modified_gmt":"2023-10-06T08:33:05","slug":"freizeit","status":"publish","type":"page","link":"https:\/\/www.nestwaerme.org\/lu\/freizeit\/","title":{"rendered":"Freizeit"},"content":{"rendered":"\n<h3 class=\"wp-block-heading\">Inklusive Freizeit Momente<\/h3>\n\n\n\n<p>Neben unseren hochqualifizierten Angeboten in der Pflege- und Hospizarbeit ist es unser Anliegen, das Gef\u00fchl von Nestw\u00e4rme in alle Lebensbereiche zu transportieren. Wir haben niedrigschwellige Angebote entwickelt, die inklusive Momente und eine Bereicherung im Alltag erm\u00f6glichen.<\/p>\n\n\n\n<p>Bei den nestw\u00e4rme Freudenmomenten erleben Familien mit beeintr\u00e4chtigten Kindern ganz besondere Begegnungen, die auf die Bed\u00fcrfnisse und Interessen des Kindes und der gesamten Familie zugeschnitten sind.<\/p>\n\n\n\n<p>Unsere <a href=\"https:\/\/www.nestwaerme.org\/lu\/freizeit\/gutenachtgeschichten\/\">Gute-Nacht-Geschichten<\/a> kannst du jederzeit bequem und kostenlos von Zuhause aus anh\u00f6ren. Daf\u00fcr haben viele ehrenamtliche und Prominente ihre Lieblingsgeschichten eingelesen.<\/p>\n\n\n\n<p>Unsere <a href=\"https:\/\/www.nestwaerme.org\/lu\/freizeit\/gute-nestwaerme-gerichte\/\">Gute-nestw\u00e4rme-Gerichte<\/a> liefern tolle Inspiration und leckere Gerichte zum Nachkochen. Immer mit einer gro\u00dfen Portion Nestw\u00e4rme.<\/p>\n\n\n\n<p><a href=\"https:\/\/www.nestwaerme.org\/lu\/freizeit\/nestwaerme-erleben\/\">nestw\u00e4rme erleben<\/a> \u2013 das geht bei unseren inklusiven Online- und Pr\u00e4senzveranstaltungen. Jedes halbe Jahr gibt es ein neues Programm, dass sich insbesondere an Familien mit beeintr\u00e4chtigten Kindern und nestw\u00e4rme Engagierte richtet.<\/p>\n\n\n\n<p>Das ist noch nicht genug? Dann schau mal in unseren <a href=\"\/\/www.nestwaerme.org\/lu\/freizeit\/events\/\">Terminkalender<\/a>. Dort findest du s\u00e4mtliche Veranstaltungen, Feste und Charity Evens die von oder f\u00fcr nestw\u00e4rme geplant sind. Du bist herzlich eingeladen.<\/p>\n\n\n\n\n<section class=\"c-section alignwide is-style-white is-style-col-4\" >\n\n<ul class=\"o-grid o-grid-1-2-3 o-list-bare\">\n    <li class=\"c-card c-card--teaser\">\n\n    \n    \n    \n        \n    \n            \n    \n    \n    <img loading=\"lazy\" decoding=\"async\" width=\"951\" height=\"951\" src=\"https:\/\/www.nestwaerme.org\/lu\/wp-content\/uploads\/sites\/4\/2023\/09\/headerbild_gute-nacht-951x951.jpg\" class=\"attachment-teaser size-teaser wp-post-image\" alt=\"\" srcset=\"https:\/\/www.nestwaerme.org\/lu\/wp-content\/uploads\/sites\/4\/2023\/09\/headerbild_gute-nacht-951x951.jpg 951w, https:\/\/www.nestwaerme.org\/lu\/wp-content\/uploads\/sites\/4\/2023\/09\/headerbild_gute-nacht-150x150.jpg 150w, https:\/\/www.nestwaerme.org\/lu\/wp-content\/uploads\/sites\/4\/2023\/09\/headerbild_gute-nacht-320x320.jpg 320w, https:\/\/www.nestwaerme.org\/lu\/wp-content\/uploads\/sites\/4\/2023\/09\/headerbild_gute-nacht-400x400.jpg 400w, https:\/\/www.nestwaerme.org\/lu\/wp-content\/uploads\/sites\/4\/2023\/09\/headerbild_gute-nacht-441x441.jpg 441w\" sizes=\"auto, (max-width: 800px) 100vw, 800px\" \/>    <h3 class=\"c-card__title\">Gute-Nacht-Geschichten<\/h3>    <div class=\"c-card__text\">Prominente und Ehrenamtliche lesen ihre Lieblingsgeschichten. \u00dcber 200 Geschichten kostenlos und zeitlich flexibel abrufbar. <\/div>    \n<div class=\"wp-block-button aligncenter is-style-black\"><a class=\"wp-block-button__link \" href=\"https:\/\/www.nestwaerme.org\/lu\/freizeit\/gutenachtgeschichten\/\" target=\"_self\"><svg width=\"21\" height=\"21\" aria-hidden=\"true\" role=\"img\" focusable=\"false\"><use href=\"#utility-arrow-right-heavy\"><\/use><\/svg>mehr erfahren<\/a><\/div>\n  <\/li>\n    <li class=\"c-card c-card--teaser\">\n\n    \n    \n    \n        \n    \n            \n    \n    \n    <img loading=\"lazy\" decoding=\"async\" width=\"951\" height=\"951\" src=\"https:\/\/www.nestwaerme.org\/lu\/wp-content\/uploads\/sites\/4\/2023\/09\/headerbild_gerichte-951x951.jpg\" class=\"attachment-teaser size-teaser wp-post-image\" alt=\"\" srcset=\"https:\/\/www.nestwaerme.org\/lu\/wp-content\/uploads\/sites\/4\/2023\/09\/headerbild_gerichte-951x951.jpg 951w, https:\/\/www.nestwaerme.org\/lu\/wp-content\/uploads\/sites\/4\/2023\/09\/headerbild_gerichte-150x150.jpg 150w, https:\/\/www.nestwaerme.org\/lu\/wp-content\/uploads\/sites\/4\/2023\/09\/headerbild_gerichte-320x320.jpg 320w, https:\/\/www.nestwaerme.org\/lu\/wp-content\/uploads\/sites\/4\/2023\/09\/headerbild_gerichte-400x400.jpg 400w, https:\/\/www.nestwaerme.org\/lu\/wp-content\/uploads\/sites\/4\/2023\/09\/headerbild_gerichte-441x441.jpg 441w\" sizes=\"auto, (max-width: 800px) 100vw, 800px\" \/>    <h3 class=\"c-card__title\">Gute-Nestw\u00e4rme-Gerichte<\/h3>    <div class=\"c-card__text\">Leckere Gerichte zum Nachkochen. Eigene Lieblingsgerichte teilen. Expertentipps. <\/div>    \n<div class=\"wp-block-button aligncenter is-style-black\"><a class=\"wp-block-button__link \" href=\"https:\/\/www.nestwaerme.org\/lu\/freizeit\/gute-nestwaerme-gerichte\/\" target=\"_self\"><svg width=\"21\" height=\"21\" aria-hidden=\"true\" role=\"img\" focusable=\"false\"><use href=\"#utility-arrow-right-heavy\"><\/use><\/svg>mehr erfahren<\/a><\/div>\n  <\/li>\n    <li class=\"c-card c-card--teaser\">\n\n    \n    \n    \n        \n    \n            \n    \n    \n    <img loading=\"lazy\" decoding=\"async\" width=\"951\" height=\"951\" src=\"https:\/\/www.nestwaerme.org\/lu\/wp-content\/uploads\/sites\/4\/2023\/09\/Headerbild_nestwaerme-erleben_2-951x951.jpg\" class=\"attachment-teaser size-teaser wp-post-image\" alt=\"\" srcset=\"https:\/\/www.nestwaerme.org\/lu\/wp-content\/uploads\/sites\/4\/2023\/09\/Headerbild_nestwaerme-erleben_2-951x951.jpg 951w, https:\/\/www.nestwaerme.org\/lu\/wp-content\/uploads\/sites\/4\/2023\/09\/Headerbild_nestwaerme-erleben_2-150x150.jpg 150w, https:\/\/www.nestwaerme.org\/lu\/wp-content\/uploads\/sites\/4\/2023\/09\/Headerbild_nestwaerme-erleben_2-320x320.jpg 320w, https:\/\/www.nestwaerme.org\/lu\/wp-content\/uploads\/sites\/4\/2023\/09\/Headerbild_nestwaerme-erleben_2-400x400.jpg 400w, https:\/\/www.nestwaerme.org\/lu\/wp-content\/uploads\/sites\/4\/2023\/09\/Headerbild_nestwaerme-erleben_2-441x441.jpg 441w\" sizes=\"auto, (max-width: 800px) 100vw, 800px\" \/>    <h3 class=\"c-card__title\">nestw\u00e4rme erleben<\/h3>    <div class=\"c-card__text\">Kostenlose Online- und Pr\u00e4senz-Veranstaltungen f\u00fcr Familien mit beeintr\u00e4chtigten Kindern. Begegnung, Spa\u00df, Kreativit\u00e4t, Selbstf\u00fcrsorge.<\/div>    \n<div class=\"wp-block-button aligncenter is-style-black\"><a class=\"wp-block-button__link \" href=\"https:\/\/www.nestwaerme.org\/lu\/freizeit\/nestwaerme-erleben\/\" target=\"_self\"><svg width=\"21\" height=\"21\" aria-hidden=\"true\" role=\"img\" focusable=\"false\"><use href=\"#utility-arrow-right-heavy\"><\/use><\/svg>mehr erfahren<\/a><\/div>\n  <\/li>\n    <li class=\"c-card c-card--teaser\">\n\n    \n    \n    \n        \n    \n            \n    \n    \n    <img loading=\"lazy\" decoding=\"async\" width=\"951\" height=\"951\" src=\"https:\/\/www.nestwaerme.org\/lu\/wp-content\/uploads\/sites\/4\/2023\/09\/headerbild_events1-951x951.jpg\" class=\"attachment-teaser size-teaser wp-post-image\" alt=\"\" srcset=\"https:\/\/www.nestwaerme.org\/lu\/wp-content\/uploads\/sites\/4\/2023\/09\/headerbild_events1-951x951.jpg 951w, https:\/\/www.nestwaerme.org\/lu\/wp-content\/uploads\/sites\/4\/2023\/09\/headerbild_events1-150x150.jpg 150w, https:\/\/www.nestwaerme.org\/lu\/wp-content\/uploads\/sites\/4\/2023\/09\/headerbild_events1-320x320.jpg 320w, https:\/\/www.nestwaerme.org\/lu\/wp-content\/uploads\/sites\/4\/2023\/09\/headerbild_events1-400x400.jpg 400w, https:\/\/www.nestwaerme.org\/lu\/wp-content\/uploads\/sites\/4\/2023\/09\/headerbild_events1-441x441.jpg 441w\" sizes=\"auto, (max-width: 800px) 100vw, 800px\" \/>    <h3 class=\"c-card__title\">Events<\/h3>    <div class=\"c-card__text\">Charity Veranstaltungen, Resilienz-Kurse, Begegnungsfeste, Info-Veranstaltungen. Erlebe Teilhabe, Inklusion, Austausch, sp\u00fcre das Gef\u00fchl von Nestw\u00e4rme. <\/div>    \n<div class=\"wp-block-button aligncenter is-style-black\"><a class=\"wp-block-button__link \" href=\"https:\/\/www.nestwaerme.org\/lu\/freizeit\/events\/\" target=\"_self\"><svg width=\"21\" height=\"21\" aria-hidden=\"true\" role=\"img\" focusable=\"false\"><use href=\"#utility-arrow-right-heavy\"><\/use><\/svg>mehr erfahren<\/a><\/div>\n  <\/li>\n  <\/ul>\n<\/section>\n\n\n\n\n\t\n\n<div class=\"c-cta alignfull\" >\t\n\t<div class=\"c-cta__inner\">\t\n\t\t<div class=\"c-cta__content\">\t\t\t\n\t\t\t<h3 class=\"c-cta__title\">Jetzt inklusive Begegnungen erm\u00f6glichen<\/h3>\t\t\t\t\n\t\t\t<div class=\"c-cta__text\">Inklusion entsteht durch Begegnung. Deine Spende erm\u00f6glicht unsere inklusiven Feste und Veranstaltungen. Damit verhilfst du beeintr\u00e4chtigten Kindern und ihren Familien zu mehr Teilhabe. <\/div>\t\t\t\t\n\t\t<\/div>\n\t\t\t\t\t\t\t\t\t\t\t\t\n\t\t<div class=\"c-cta__link\">\n<div class=\"wp-block-button aligncenter is-style-black-xl\"><a class=\"wp-block-button__link \" href=\"#popup-TFqyvcUrHE\" target=\"_self\"><svg width=\"21\" height=\"21\" aria-hidden=\"true\" role=\"img\" focusable=\"false\"><use href=\"#utility-arrow-right-heavy\"><\/use><\/svg>Jetzt spenden<\/a><\/div>\n<\/div>\t<\/div>\n<\/div>","protected":false},"excerpt":{"rendered":"<p>Freudenmomente f\u00fcr Familien mit beeintr\u00e4chtigten Kindern, kostenlose Gute-Nacht-Geschichten als Podcast, Rezepte f\u00fcr den Alltag und inklusive Events.<\/p>\n","protected":false},"author":3,"featured_media":324,"parent":0,"menu_order":700,"comment_status":"open","ping_status":"open","template":"","meta":{"_acf_changed":false,"footnotes":""},"class_list":{"2":"type-page"},"acf":[],"yoast_head":"<!-- This site is optimized with the Yoast SEO plugin v27.4 - https:\/\/yoast.com\/product\/yoast-seo-wordpress\/ -->\n<title>Erlebe deine nestw\u00e4rme Zeit - nestw\u00e4rme Luxemburg<\/title>\n<meta name=\"description\" content=\"Freudenmomente f\u00fcr Familien mit beeintr\u00e4chtigten Kindern, kostenlose Gute-Nacht-Geschichten als Podcast, Rezepte f\u00fcr den Alltag und inklusive Events.\" \/>\n<meta name=\"robots\" content=\"noindex, follow, max-snippet:-1, max-image-preview:large, max-video-preview:-1\" \/>\n<meta property=\"og:locale\" content=\"de_DE\" \/>\n<meta property=\"og:type\" content=\"article\" \/>\n<meta property=\"og:title\" content=\"Erlebe deine nestw\u00e4rme Zeit - nestw\u00e4rme Luxemburg\" \/>\n<meta property=\"og:description\" content=\"Freudenmomente f\u00fcr Familien mit beeintr\u00e4chtigten Kindern, kostenlose Gute-Nacht-Geschichten als Podcast, Rezepte f\u00fcr den Alltag und inklusive Events.\" \/>\n<meta property=\"og:url\" content=\"https:\/\/www.nestwaerme.org\/lu\/freizeit\/\" \/>\n<meta property=\"og:site_name\" content=\"nestw\u00e4rme Luxemburg\" \/>\n<meta property=\"article:modified_time\" content=\"2023-10-06T08:33:05+00:00\" \/>\n<meta property=\"og:image\" content=\"https:\/\/www.nestwaerme.org\/lu\/wp-content\/uploads\/sites\/4\/2023\/09\/headerbild_freizeit.jpg\" \/>\n\t<meta property=\"og:image:width\" content=\"2400\" \/>\n\t<meta property=\"og:image:height\" content=\"1800\" \/>\n\t<meta property=\"og:image:type\" content=\"image\/jpeg\" \/>\n<meta name=\"twitter:card\" content=\"summary_large_image\" \/>\n<meta name=\"twitter:label1\" content=\"Gesch\u00e4tzte Lesezeit\" \/>\n\t<meta name=\"twitter:data1\" content=\"1\u00a0Minute\" \/>\n<script type=\"application\/ld+json\" class=\"yoast-schema-graph\">{\"@context\":\"https:\\\/\\\/schema.org\",\"@graph\":[{\"@type\":\"WebPage\",\"@id\":\"https:\\\/\\\/www.nestwaerme.org\\\/lu\\\/freizeit\\\/\",\"url\":\"https:\\\/\\\/www.nestwaerme.org\\\/lu\\\/freizeit\\\/\",\"name\":\"Erlebe deine nestw\u00e4rme Zeit - nestw\u00e4rme Luxemburg\",\"isPartOf\":{\"@id\":\"https:\\\/\\\/www.nestwaerme.org\\\/lu\\\/#website\"},\"primaryImageOfPage\":{\"@id\":\"https:\\\/\\\/www.nestwaerme.org\\\/lu\\\/freizeit\\\/#primaryimage\"},\"image\":{\"@id\":\"https:\\\/\\\/www.nestwaerme.org\\\/lu\\\/freizeit\\\/#primaryimage\"},\"thumbnailUrl\":\"https:\\\/\\\/www.nestwaerme.org\\\/lu\\\/wp-content\\\/uploads\\\/sites\\\/4\\\/2023\\\/09\\\/headerbild_freizeit.jpg\",\"datePublished\":\"2023-08-24T04:54:34+00:00\",\"dateModified\":\"2023-10-06T08:33:05+00:00\",\"description\":\"Freudenmomente f\u00fcr Familien mit beeintr\u00e4chtigten Kindern, kostenlose Gute-Nacht-Geschichten als Podcast, Rezepte f\u00fcr den Alltag und inklusive Events.\",\"breadcrumb\":{\"@id\":\"https:\\\/\\\/www.nestwaerme.org\\\/lu\\\/freizeit\\\/#breadcrumb\"},\"inLanguage\":\"de\",\"potentialAction\":[{\"@type\":\"ReadAction\",\"target\":[\"https:\\\/\\\/www.nestwaerme.org\\\/lu\\\/freizeit\\\/\"]}]},{\"@type\":\"ImageObject\",\"inLanguage\":\"de\",\"@id\":\"https:\\\/\\\/www.nestwaerme.org\\\/lu\\\/freizeit\\\/#primaryimage\",\"url\":\"https:\\\/\\\/www.nestwaerme.org\\\/lu\\\/wp-content\\\/uploads\\\/sites\\\/4\\\/2023\\\/09\\\/headerbild_freizeit.jpg\",\"contentUrl\":\"https:\\\/\\\/www.nestwaerme.org\\\/lu\\\/wp-content\\\/uploads\\\/sites\\\/4\\\/2023\\\/09\\\/headerbild_freizeit.jpg\",\"width\":2400,\"height\":1800},{\"@type\":\"BreadcrumbList\",\"@id\":\"https:\\\/\\\/www.nestwaerme.org\\\/lu\\\/freizeit\\\/#breadcrumb\",\"itemListElement\":[{\"@type\":\"ListItem\",\"position\":1,\"name\":\"Startseite\",\"item\":\"https:\\\/\\\/www.nestwaerme.org\\\/lu\\\/\"},{\"@type\":\"ListItem\",\"position\":2,\"name\":\"Freizeit\"}]},{\"@type\":\"WebSite\",\"@id\":\"https:\\\/\\\/www.nestwaerme.org\\\/lu\\\/#website\",\"url\":\"https:\\\/\\\/www.nestwaerme.org\\\/lu\\\/\",\"name\":\"nestw\u00e4rme Luxemburg\",\"description\":\"\",\"potentialAction\":[{\"@type\":\"SearchAction\",\"target\":{\"@type\":\"EntryPoint\",\"urlTemplate\":\"https:\\\/\\\/www.nestwaerme.org\\\/lu\\\/?s={search_term_string}\"},\"query-input\":{\"@type\":\"PropertyValueSpecification\",\"valueRequired\":true,\"valueName\":\"search_term_string\"}}],\"inLanguage\":\"de\"}]}<\/script>\n<!-- \/ Yoast SEO plugin. -->","yoast_head_json":{"title":"Erlebe deine nestw\u00e4rme Zeit - nestw\u00e4rme Luxemburg","description":"Freudenmomente f\u00fcr Familien mit beeintr\u00e4chtigten Kindern, kostenlose Gute-Nacht-Geschichten als Podcast, Rezepte f\u00fcr den Alltag und inklusive Events.","robots":{"index":"noindex","follow":"follow","max-snippet":"max-snippet:-1","max-image-preview":"max-image-preview:large","max-video-preview":"max-video-preview:-1"},"og_locale":"de_DE","og_type":"article","og_title":"Erlebe deine nestw\u00e4rme Zeit - nestw\u00e4rme Luxemburg","og_description":"Freudenmomente f\u00fcr Familien mit beeintr\u00e4chtigten Kindern, kostenlose Gute-Nacht-Geschichten als Podcast, Rezepte f\u00fcr den Alltag und inklusive Events.","og_url":"https:\/\/www.nestwaerme.org\/lu\/freizeit\/","og_site_name":"nestw\u00e4rme Luxemburg","article_modified_time":"2023-10-06T08:33:05+00:00","og_image":[{"width":2400,"height":1800,"url":"https:\/\/www.nestwaerme.org\/lu\/wp-content\/uploads\/sites\/4\/2023\/09\/headerbild_freizeit.jpg","type":"image\/jpeg"}],"twitter_card":"summary_large_image","twitter_misc":{"Gesch\u00e4tzte Lesezeit":"1\u00a0Minute"},"schema":{"@context":"https:\/\/schema.org","@graph":[{"@type":"WebPage","@id":"https:\/\/www.nestwaerme.org\/lu\/freizeit\/","url":"https:\/\/www.nestwaerme.org\/lu\/freizeit\/","name":"Erlebe deine nestw\u00e4rme Zeit - nestw\u00e4rme Luxemburg","isPartOf":{"@id":"https:\/\/www.nestwaerme.org\/lu\/#website"},"primaryImageOfPage":{"@id":"https:\/\/www.nestwaerme.org\/lu\/freizeit\/#primaryimage"},"image":{"@id":"https:\/\/www.nestwaerme.org\/lu\/freizeit\/#primaryimage"},"thumbnailUrl":"https:\/\/www.nestwaerme.org\/lu\/wp-content\/uploads\/sites\/4\/2023\/09\/headerbild_freizeit.jpg","datePublished":"2023-08-24T04:54:34+00:00","dateModified":"2023-10-06T08:33:05+00:00","description":"Freudenmomente f\u00fcr Familien mit beeintr\u00e4chtigten Kindern, kostenlose Gute-Nacht-Geschichten als Podcast, Rezepte f\u00fcr den Alltag und inklusive Events.","breadcrumb":{"@id":"https:\/\/www.nestwaerme.org\/lu\/freizeit\/#breadcrumb"},"inLanguage":"de","potentialAction":[{"@type":"ReadAction","target":["https:\/\/www.nestwaerme.org\/lu\/freizeit\/"]}]},{"@type":"ImageObject","inLanguage":"de","@id":"https:\/\/www.nestwaerme.org\/lu\/freizeit\/#primaryimage","url":"https:\/\/www.nestwaerme.org\/lu\/wp-content\/uploads\/sites\/4\/2023\/09\/headerbild_freizeit.jpg","contentUrl":"https:\/\/www.nestwaerme.org\/lu\/wp-content\/uploads\/sites\/4\/2023\/09\/headerbild_freizeit.jpg","width":2400,"height":1800},{"@type":"BreadcrumbList","@id":"https:\/\/www.nestwaerme.org\/lu\/freizeit\/#breadcrumb","itemListElement":[{"@type":"ListItem","position":1,"name":"Startseite","item":"https:\/\/www.nestwaerme.org\/lu\/"},{"@type":"ListItem","position":2,"name":"Freizeit"}]},{"@type":"WebSite","@id":"https:\/\/www.nestwaerme.org\/lu\/#website","url":"https:\/\/www.nestwaerme.org\/lu\/","name":"nestw\u00e4rme Luxemburg","description":"","potentialAction":[{"@type":"SearchAction","target":{"@type":"EntryPoint","urlTemplate":"https:\/\/www.nestwaerme.org\/lu\/?s={search_term_string}"},"query-input":{"@type":"PropertyValueSpecification","valueRequired":true,"valueName":"search_term_string"}}],"inLanguage":"de"}]}},"_links":{"self":[{"href":"https:\/\/www.nestwaerme.org\/lu\/wp-json\/wp\/v2\/pages\/323","targetHints":{"allow":["GET"]}}],"collection":[{"href":"https:\/\/www.nestwaerme.org\/lu\/wp-json\/wp\/v2\/pages"}],"about":[{"href":"https:\/\/www.nestwaerme.org\/lu\/wp-json\/wp\/v2\/types\/page"}],"author":[{"embeddable":true,"href":"https:\/\/www.nestwaerme.org\/lu\/wp-json\/wp\/v2\/users\/3"}],"replies":[{"embeddable":true,"href":"https:\/\/www.nestwaerme.org\/lu\/wp-json\/wp\/v2\/comments?post=323"}],"version-history":[{"count":6,"href":"https:\/\/www.nestwaerme.org\/lu\/wp-json\/wp\/v2\/pages\/323\/revisions"}],"predecessor-version":[{"id":678,"href":"https:\/\/www.nestwaerme.org\/lu\/wp-json\/wp\/v2\/pages\/323\/revisions\/678"}],"wp:featuredmedia":[{"embeddable":true,"href":"https:\/\/www.nestwaerme.org\/lu\/wp-json\/wp\/v2\/media\/324"}],"wp:attachment":[{"href":"https:\/\/www.nestwaerme.org\/lu\/wp-json\/wp\/v2\/media?parent=323"}],"curies":[{"name":"wp","href":"https:\/\/api.w.org\/{rel}","templated":true}]}}