{"id":331,"date":"2023-08-26T19:13:50","date_gmt":"2023-08-26T17:13:50","guid":{"rendered":"https:\/\/www.nestwaerme.org\/?page_id=1182"},"modified":"2023-12-18T12:36:26","modified_gmt":"2023-12-18T11:36:26","slug":"events","status":"publish","type":"page","link":"https:\/\/www.nestwaerme.org\/lu\/freizeit\/events\/","title":{"rendered":"Events"},"content":{"rendered":"\n<h2 class=\"wp-block-heading\">Es ist immer etwas los<\/h2>\n\n\n\n<blockquote class=\"wp-block-quote is-layout-flow wp-block-quote-is-layout-flow\"><div class=\"wp-block-quote__inner\">\n<p>Es sind die Begegnungen mit Menschen, die das Leben lebenswert machen.<\/p>\n<cite>Guy de Maupassant<\/cite><\/div><\/blockquote>\n\n\n\n<p>Um die Gesellschaft aktiv mitzugestalten ist die Informations-und \u00d6ffentlichkeitsarbeit ein wesentlicher Bestandteil unserer Arbeit. Deshalb initiieren wir regelm\u00e4\u00dfig Veranstaltungen oder nehmen an Events teil, die von anderen organisiert werden. Hier k\u00f6nnen wir \u00fcber unsere Arbeit informieren, Menschen f\u00fcr unsere Vision begeistern, uns austauschen und begegnen, gemeinsam lernen, lachen und feiern.<\/p>\n\n\n\n<p>Wir laden dich herzlich dazu ein.&nbsp;<\/p>\n\n\n\n<hr class=\"wp-block-separator has-alpha-channel-opacity\"\/>\n\n\n\n<h3 class=\"wp-block-heading\">Termine<\/h3>\n\n\n\n\n\n\n<hr class=\"wp-block-separator has-alpha-channel-opacity\"\/>\n\n\n\n\n<section class=\"c-section alignwide is-style-primary is-style-col-4\" >\n\n<ul class=\"o-grid o-grid-1-2-3 o-list-bare\">\n    <li class=\"c-card c-card--teaser\">\n\n    \n    \n    \n        \n    \n            \n    \n    \n                  <\/li>\n    <li class=\"c-card c-card--teaser\">\n\n    \n    \n    \n        \n    \n            \n    \n    \n                  <\/li>\n    <li class=\"c-card c-card--teaser\">\n\n    \n    \n    \n        \n    \n            \n    \n    \n                  <\/li>\n    <li class=\"c-card c-card--teaser\">\n\n    \n    \n    \n        \n    \n            \n    \n    \n                  <\/li>\n  <\/ul>\n<\/section>\n","protected":false},"excerpt":{"rendered":"<p>Charity Veranstaltungen, Resilienz-Kurse, Begegnungsfeste, Info-Veranstaltungen. Erlebe Teilhabe, Inklusion, Austausch, sp\u00fcre das Gef\u00fchl von Nestw\u00e4rme. <\/p>\n","protected":false},"author":3,"featured_media":332,"parent":323,"menu_order":705,"comment_status":"open","ping_status":"open","template":"","meta":{"_acf_changed":false,"footnotes":""},"class_list":{"2":"type-page"},"acf":[],"yoast_head":"<!-- This site is optimized with the Yoast SEO plugin v27.4 - https:\/\/yoast.com\/product\/yoast-seo-wordpress\/ -->\n<title>Nestw\u00e4rme Events - nestw\u00e4rme Luxemburg<\/title>\n<meta name=\"description\" content=\"Charity Veranstaltungen, Resilienz-Kurse, Begegnungsfeste, Info-Veranstaltungen. Erlebe Teilhabe, Inklusion, Austausch, sp\u00fcre das Gef\u00fchl von Nestw\u00e4rme.\" \/>\n<meta name=\"robots\" content=\"noindex, follow, max-snippet:-1, max-image-preview:large, max-video-preview:-1\" \/>\n<meta property=\"og:locale\" content=\"de_DE\" \/>\n<meta property=\"og:type\" content=\"article\" \/>\n<meta property=\"og:title\" content=\"Nestw\u00e4rme Events - nestw\u00e4rme Luxemburg\" \/>\n<meta property=\"og:description\" content=\"Charity Veranstaltungen, Resilienz-Kurse, Begegnungsfeste, Info-Veranstaltungen. Erlebe Teilhabe, Inklusion, Austausch, sp\u00fcre das Gef\u00fchl von Nestw\u00e4rme.\" \/>\n<meta property=\"og:url\" content=\"https:\/\/www.nestwaerme.org\/lu\/freizeit\/events\/\" \/>\n<meta property=\"og:site_name\" content=\"nestw\u00e4rme Luxemburg\" \/>\n<meta property=\"article:modified_time\" content=\"2023-12-18T11:36:26+00:00\" \/>\n<meta property=\"og:image\" content=\"https:\/\/www.nestwaerme.org\/lu\/wp-content\/uploads\/sites\/4\/2023\/09\/headerbild_events1.jpg\" \/>\n\t<meta property=\"og:image:width\" content=\"2400\" \/>\n\t<meta property=\"og:image:height\" content=\"1505\" \/>\n\t<meta property=\"og:image:type\" content=\"image\/jpeg\" \/>\n<meta name=\"twitter:card\" content=\"summary_large_image\" \/>\n<meta name=\"twitter:label1\" content=\"Gesch\u00e4tzte Lesezeit\" \/>\n\t<meta name=\"twitter:data1\" content=\"1\u00a0Minute\" \/>\n<script type=\"application\/ld+json\" class=\"yoast-schema-graph\">{\"@context\":\"https:\\\/\\\/schema.org\",\"@graph\":[{\"@type\":\"WebPage\",\"@id\":\"https:\\\/\\\/www.nestwaerme.org\\\/lu\\\/freizeit\\\/events\\\/\",\"url\":\"https:\\\/\\\/www.nestwaerme.org\\\/lu\\\/freizeit\\\/events\\\/\",\"name\":\"Nestw\u00e4rme Events - nestw\u00e4rme Luxemburg\",\"isPartOf\":{\"@id\":\"https:\\\/\\\/www.nestwaerme.org\\\/lu\\\/#website\"},\"primaryImageOfPage\":{\"@id\":\"https:\\\/\\\/www.nestwaerme.org\\\/lu\\\/freizeit\\\/events\\\/#primaryimage\"},\"image\":{\"@id\":\"https:\\\/\\\/www.nestwaerme.org\\\/lu\\\/freizeit\\\/events\\\/#primaryimage\"},\"thumbnailUrl\":\"https:\\\/\\\/www.nestwaerme.org\\\/lu\\\/wp-content\\\/uploads\\\/sites\\\/4\\\/2023\\\/09\\\/headerbild_events1.jpg\",\"datePublished\":\"2023-08-26T17:13:50+00:00\",\"dateModified\":\"2023-12-18T11:36:26+00:00\",\"description\":\"Charity Veranstaltungen, Resilienz-Kurse, Begegnungsfeste, Info-Veranstaltungen. Erlebe Teilhabe, Inklusion, Austausch, sp\u00fcre das Gef\u00fchl von Nestw\u00e4rme.\",\"breadcrumb\":{\"@id\":\"https:\\\/\\\/www.nestwaerme.org\\\/lu\\\/freizeit\\\/events\\\/#breadcrumb\"},\"inLanguage\":\"de\",\"potentialAction\":[{\"@type\":\"ReadAction\",\"target\":[\"https:\\\/\\\/www.nestwaerme.org\\\/lu\\\/freizeit\\\/events\\\/\"]}]},{\"@type\":\"ImageObject\",\"inLanguage\":\"de\",\"@id\":\"https:\\\/\\\/www.nestwaerme.org\\\/lu\\\/freizeit\\\/events\\\/#primaryimage\",\"url\":\"https:\\\/\\\/www.nestwaerme.org\\\/lu\\\/wp-content\\\/uploads\\\/sites\\\/4\\\/2023\\\/09\\\/headerbild_events1.jpg\",\"contentUrl\":\"https:\\\/\\\/www.nestwaerme.org\\\/lu\\\/wp-content\\\/uploads\\\/sites\\\/4\\\/2023\\\/09\\\/headerbild_events1.jpg\",\"width\":2400,\"height\":1505},{\"@type\":\"BreadcrumbList\",\"@id\":\"https:\\\/\\\/www.nestwaerme.org\\\/lu\\\/freizeit\\\/events\\\/#breadcrumb\",\"itemListElement\":[{\"@type\":\"ListItem\",\"position\":1,\"name\":\"Startseite\",\"item\":\"https:\\\/\\\/www.nestwaerme.org\\\/lu\\\/\"},{\"@type\":\"ListItem\",\"position\":2,\"name\":\"Freizeit\",\"item\":\"https:\\\/\\\/www.nestwaerme.org\\\/lu\\\/freizeit\\\/\"},{\"@type\":\"ListItem\",\"position\":3,\"name\":\"Events\"}]},{\"@type\":\"WebSite\",\"@id\":\"https:\\\/\\\/www.nestwaerme.org\\\/lu\\\/#website\",\"url\":\"https:\\\/\\\/www.nestwaerme.org\\\/lu\\\/\",\"name\":\"nestw\u00e4rme Luxemburg\",\"description\":\"\",\"potentialAction\":[{\"@type\":\"SearchAction\",\"target\":{\"@type\":\"EntryPoint\",\"urlTemplate\":\"https:\\\/\\\/www.nestwaerme.org\\\/lu\\\/?s={search_term_string}\"},\"query-input\":{\"@type\":\"PropertyValueSpecification\",\"valueRequired\":true,\"valueName\":\"search_term_string\"}}],\"inLanguage\":\"de\"}]}<\/script>\n<!-- \/ Yoast SEO plugin. -->","yoast_head_json":{"title":"Nestw\u00e4rme Events - nestw\u00e4rme Luxemburg","description":"Charity Veranstaltungen, Resilienz-Kurse, Begegnungsfeste, Info-Veranstaltungen. Erlebe Teilhabe, Inklusion, Austausch, sp\u00fcre das Gef\u00fchl von Nestw\u00e4rme.","robots":{"index":"noindex","follow":"follow","max-snippet":"max-snippet:-1","max-image-preview":"max-image-preview:large","max-video-preview":"max-video-preview:-1"},"og_locale":"de_DE","og_type":"article","og_title":"Nestw\u00e4rme Events - nestw\u00e4rme Luxemburg","og_description":"Charity Veranstaltungen, Resilienz-Kurse, Begegnungsfeste, Info-Veranstaltungen. Erlebe Teilhabe, Inklusion, Austausch, sp\u00fcre das Gef\u00fchl von Nestw\u00e4rme.","og_url":"https:\/\/www.nestwaerme.org\/lu\/freizeit\/events\/","og_site_name":"nestw\u00e4rme Luxemburg","article_modified_time":"2023-12-18T11:36:26+00:00","og_image":[{"width":2400,"height":1505,"url":"https:\/\/www.nestwaerme.org\/lu\/wp-content\/uploads\/sites\/4\/2023\/09\/headerbild_events1.jpg","type":"image\/jpeg"}],"twitter_card":"summary_large_image","twitter_misc":{"Gesch\u00e4tzte Lesezeit":"1\u00a0Minute"},"schema":{"@context":"https:\/\/schema.org","@graph":[{"@type":"WebPage","@id":"https:\/\/www.nestwaerme.org\/lu\/freizeit\/events\/","url":"https:\/\/www.nestwaerme.org\/lu\/freizeit\/events\/","name":"Nestw\u00e4rme Events - nestw\u00e4rme Luxemburg","isPartOf":{"@id":"https:\/\/www.nestwaerme.org\/lu\/#website"},"primaryImageOfPage":{"@id":"https:\/\/www.nestwaerme.org\/lu\/freizeit\/events\/#primaryimage"},"image":{"@id":"https:\/\/www.nestwaerme.org\/lu\/freizeit\/events\/#primaryimage"},"thumbnailUrl":"https:\/\/www.nestwaerme.org\/lu\/wp-content\/uploads\/sites\/4\/2023\/09\/headerbild_events1.jpg","datePublished":"2023-08-26T17:13:50+00:00","dateModified":"2023-12-18T11:36:26+00:00","description":"Charity Veranstaltungen, Resilienz-Kurse, Begegnungsfeste, Info-Veranstaltungen. Erlebe Teilhabe, Inklusion, Austausch, sp\u00fcre das Gef\u00fchl von Nestw\u00e4rme.","breadcrumb":{"@id":"https:\/\/www.nestwaerme.org\/lu\/freizeit\/events\/#breadcrumb"},"inLanguage":"de","potentialAction":[{"@type":"ReadAction","target":["https:\/\/www.nestwaerme.org\/lu\/freizeit\/events\/"]}]},{"@type":"ImageObject","inLanguage":"de","@id":"https:\/\/www.nestwaerme.org\/lu\/freizeit\/events\/#primaryimage","url":"https:\/\/www.nestwaerme.org\/lu\/wp-content\/uploads\/sites\/4\/2023\/09\/headerbild_events1.jpg","contentUrl":"https:\/\/www.nestwaerme.org\/lu\/wp-content\/uploads\/sites\/4\/2023\/09\/headerbild_events1.jpg","width":2400,"height":1505},{"@type":"BreadcrumbList","@id":"https:\/\/www.nestwaerme.org\/lu\/freizeit\/events\/#breadcrumb","itemListElement":[{"@type":"ListItem","position":1,"name":"Startseite","item":"https:\/\/www.nestwaerme.org\/lu\/"},{"@type":"ListItem","position":2,"name":"Freizeit","item":"https:\/\/www.nestwaerme.org\/lu\/freizeit\/"},{"@type":"ListItem","position":3,"name":"Events"}]},{"@type":"WebSite","@id":"https:\/\/www.nestwaerme.org\/lu\/#website","url":"https:\/\/www.nestwaerme.org\/lu\/","name":"nestw\u00e4rme Luxemburg","description":"","potentialAction":[{"@type":"SearchAction","target":{"@type":"EntryPoint","urlTemplate":"https:\/\/www.nestwaerme.org\/lu\/?s={search_term_string}"},"query-input":{"@type":"PropertyValueSpecification","valueRequired":true,"valueName":"search_term_string"}}],"inLanguage":"de"}]}},"_links":{"self":[{"href":"https:\/\/www.nestwaerme.org\/lu\/wp-json\/wp\/v2\/pages\/331","targetHints":{"allow":["GET"]}}],"collection":[{"href":"https:\/\/www.nestwaerme.org\/lu\/wp-json\/wp\/v2\/pages"}],"about":[{"href":"https:\/\/www.nestwaerme.org\/lu\/wp-json\/wp\/v2\/types\/page"}],"author":[{"embeddable":true,"href":"https:\/\/www.nestwaerme.org\/lu\/wp-json\/wp\/v2\/users\/3"}],"replies":[{"embeddable":true,"href":"https:\/\/www.nestwaerme.org\/lu\/wp-json\/wp\/v2\/comments?post=331"}],"version-history":[{"count":10,"href":"https:\/\/www.nestwaerme.org\/lu\/wp-json\/wp\/v2\/pages\/331\/revisions"}],"predecessor-version":[{"id":790,"href":"https:\/\/www.nestwaerme.org\/lu\/wp-json\/wp\/v2\/pages\/331\/revisions\/790"}],"up":[{"embeddable":true,"href":"https:\/\/www.nestwaerme.org\/lu\/wp-json\/wp\/v2\/pages\/323"}],"wp:featuredmedia":[{"embeddable":true,"href":"https:\/\/www.nestwaerme.org\/lu\/wp-json\/wp\/v2\/media\/332"}],"wp:attachment":[{"href":"https:\/\/www.nestwaerme.org\/lu\/wp-json\/wp\/v2\/media?parent=331"}],"curies":[{"name":"wp","href":"https:\/\/api.w.org\/{rel}","templated":true}]}}