{"id":333,"date":"2023-08-24T09:24:14","date_gmt":"2023-08-24T07:24:14","guid":{"rendered":"https:\/\/www.nestwaerme.org\/?page_id=915"},"modified":"2023-10-05T13:12:33","modified_gmt":"2023-10-05T11:12:33","slug":"spenden","status":"publish","type":"page","link":"https:\/\/www.nestwaerme.org\/lu\/spenden\/","title":{"rendered":"Spenden"},"content":{"rendered":"\n<h2 class=\"wp-block-heading\">Deine Spende hilft<\/h2>\n\n\n\n<p>Wenn du f\u00fcr nestw\u00e4rme Luxembourg asbl spenden willst:<br><em>Si vous voulez faire des dons \u00e0 nestw\u00e4rme Luxemburg asbl<\/em>:<br>If you want to donate to nestw\u00e4rme Luxemburg asbl:<\/p>\n\n\n\n<p>BGL BNP Parisbas, Kirchberg Luxemburg<br>IBAN: LU 68 0030 5207 8021 0000<br>BIC: BGLLLULL<\/p>\n\n\n\n<p>Banque de Luxembourg, Luxemburg<br>IBAN:\u202fLU62 0080 3771 2070 2001<br>BIC:\u202fBLUXLULL<\/p>\n\n\n\n<hr class=\"wp-block-separator has-alpha-channel-opacity\"\/>\n\n\n\n<h2 class=\"wp-block-heading\">SPENDEN MIT DEM LUXMBURG RING <br><em>DONATION VIA L`ANNEAU DE LUXEMBOURG<\/em><\/h2>\n\n\n\n<div class=\"wp-block-columns is-layout-flex wp-container-core-columns-is-layout-28f84493 wp-block-columns-is-layout-flex\">\n<div class=\"wp-block-column is-layout-flow wp-block-column-is-layout-flow\">\n<figure class=\"wp-block-image size-full\"><img loading=\"lazy\" decoding=\"async\" width=\"800\" height=\"533\" src=\"https:\/\/www.nestwaerme.org\/lu\/wp-content\/uploads\/sites\/4\/2023\/10\/Luxembourg_Ring.jpg\" alt=\"\" class=\"wp-image-615\" srcset=\"https:\/\/www.nestwaerme.org\/lu\/wp-content\/uploads\/sites\/4\/2023\/10\/Luxembourg_Ring.jpg 800w, https:\/\/www.nestwaerme.org\/lu\/wp-content\/uploads\/sites\/4\/2023\/10\/Luxembourg_Ring-300x200.jpg 300w, https:\/\/www.nestwaerme.org\/lu\/wp-content\/uploads\/sites\/4\/2023\/10\/Luxembourg_Ring-768x512.jpg 768w, https:\/\/www.nestwaerme.org\/lu\/wp-content\/uploads\/sites\/4\/2023\/10\/Luxembourg_Ring-431x287.jpg 431w, https:\/\/www.nestwaerme.org\/lu\/wp-content\/uploads\/sites\/4\/2023\/10\/Luxembourg_Ring-758x505.jpg 758w, https:\/\/www.nestwaerme.org\/lu\/wp-content\/uploads\/sites\/4\/2023\/10\/Luxembourg_Ring-780x520.jpg 780w\" sizes=\"auto, (max-width: 800px) 100vw, 800px\" \/><\/figure>\n<\/div>\n\n\n\n<div class=\"wp-block-column is-layout-flow wp-block-column-is-layout-flow\">\n<p>Luxemburg Ring \u2013 Ein Zeichen von Solidarit\u00e4t und Zugeh\u00f6rigkeit<\/p>\n\n\n\n<p><em>L\u2018 anneau de Luxembourg \u2013 un symbole de solidarit\u00e9 et appartenance<\/em><\/p>\n<\/div>\n<\/div>\n\n\n\n<hr class=\"wp-block-separator has-alpha-channel-opacity\"\/>\n\n\n\n\n<div class=\"c-section\" >\t<h3 class=\"c-section__title\">Dein Ansprechpartner<\/h3>\t\t\t\n\n\t\t\t\n\t<div class=\"c-person\">\n\t\t\t\t\n\t\t\t\t\t<div class=\"c-person__media\">\n\t\t\t\t\t\t\n\t\t\t\t\t\t\t\t<img decoding=\"async\" src=\"https:\/\/www.nestwaerme.org\/lu\/wp-content\/uploads\/sites\/4\/2023\/08\/Dirk-Hense-400x400.webp\"  \/>\t\t\t<\/div>\n\t\t\t<div class=\"c-person__content\">\n\t\t\t\t\t\t\t\t\t\t\t\t<h3 class=\"c-person__heading\">Dirk Hense<\/h3>\t\t\t\n\t\t\t\t<p class=\"c-person__title\">Vize-Pr\u00e4sident nestw\u00e4rme Luxemburg<\/p>\t\t\t\t\t\t\t\t\t\t\t\t\t\t\t\t\t\t\t\t\t<ul class=\"c-person__list\">\t\t\t\t\n\t\t\t\t\t\t\t\t\t\t\t<li class=\"c-person__mail\">\n\t\t\t\t\t\t\t<a href=\"mailto:info@nestwaerme.lu\"><svg width=\"21\" height=\"21\" aria-hidden=\"true\" role=\"img\" focusable=\"false\"><use href=\"#utility-mail\"><\/use><\/svg>info@nestwaerme.lu<\/a>\n\t\t\t\t\t\t<\/li>\t\t\t\t\t\t\t\t\n\t\t\t\t\t\t\t\t\t\t\t\t\t\t\t\t<li class=\"c-person__phone\">\n\t\t\t\t\t\t\t<a href=\"tel:+35 2 20 60 09 33\"> <svg width=\"21\" height=\"21\" aria-hidden=\"true\" role=\"img\" focusable=\"false\"><use href=\"#utility-phone\"><\/use><\/svg>+35 2 20 60 09 33<\/a>\n\t\t\t\t\t\t<\/li>\n\t\t\t\t\t\t\t\t\t\n\t\t\t\t\t    \t\t\t\t\n\t\t\t\t<\/ul>\n\t\t\t\t\t\t\t<\/div>\n\t\t\t<\/div>\n<\/div>\n\n\n<div style=\"height:1rem\" aria-hidden=\"true\" class=\"wp-block-spacer\"><\/div>\n","protected":false},"excerpt":{"rendered":"<p>Unterst\u00fctze das Unterst\u00fctzungsnetzwerk f\u00fcr Familien mit beeintr\u00e4chtigten Kindern mit deiner spende. <\/p>\n","protected":false},"author":3,"featured_media":628,"parent":0,"menu_order":800,"comment_status":"open","ping_status":"open","template":"","meta":{"_acf_changed":false,"footnotes":""},"class_list":{"2":"type-page"},"acf":[],"yoast_head":"<!-- This site is optimized with the Yoast SEO plugin v27.4 - https:\/\/yoast.com\/product\/yoast-seo-wordpress\/ -->\n<title>Mit deiner Spende nestw\u00e4rme luxemburg unterst\u00fctzen - nestw\u00e4rme Luxemburg<\/title>\n<meta name=\"description\" content=\"Unterst\u00fctze das Unterst\u00fctzungsnetzwerk f\u00fcr Familien mit beeintr\u00e4chtigten Kindern mit deiner spende.\" \/>\n<meta name=\"robots\" content=\"noindex, follow, max-snippet:-1, max-image-preview:large, max-video-preview:-1\" \/>\n<meta property=\"og:locale\" content=\"de_DE\" \/>\n<meta property=\"og:type\" content=\"article\" \/>\n<meta property=\"og:title\" content=\"Mit deiner Spende nestw\u00e4rme luxemburg unterst\u00fctzen - nestw\u00e4rme Luxemburg\" \/>\n<meta property=\"og:description\" content=\"Unterst\u00fctze das Unterst\u00fctzungsnetzwerk f\u00fcr Familien mit beeintr\u00e4chtigten Kindern mit deiner spende.\" \/>\n<meta property=\"og:url\" content=\"https:\/\/www.nestwaerme.org\/lu\/spenden\/\" \/>\n<meta property=\"og:site_name\" content=\"nestw\u00e4rme Luxemburg\" \/>\n<meta property=\"article:modified_time\" content=\"2023-10-05T11:12:33+00:00\" \/>\n<meta property=\"og:image\" content=\"https:\/\/www.nestwaerme.org\/lu\/wp-content\/uploads\/sites\/4\/2023\/10\/Headerbild_Spenden_Lux_2.jpg\" \/>\n\t<meta property=\"og:image:width\" content=\"2070\" \/>\n\t<meta property=\"og:image:height\" content=\"1380\" \/>\n\t<meta property=\"og:image:type\" content=\"image\/jpeg\" \/>\n<meta name=\"twitter:card\" content=\"summary_large_image\" \/>\n<meta name=\"twitter:label1\" content=\"Gesch\u00e4tzte Lesezeit\" \/>\n\t<meta name=\"twitter:data1\" content=\"1\u00a0Minute\" \/>\n<script type=\"application\/ld+json\" class=\"yoast-schema-graph\">{\"@context\":\"https:\\\/\\\/schema.org\",\"@graph\":[{\"@type\":\"WebPage\",\"@id\":\"https:\\\/\\\/www.nestwaerme.org\\\/lu\\\/spenden\\\/\",\"url\":\"https:\\\/\\\/www.nestwaerme.org\\\/lu\\\/spenden\\\/\",\"name\":\"Mit deiner Spende nestw\u00e4rme luxemburg unterst\u00fctzen - nestw\u00e4rme Luxemburg\",\"isPartOf\":{\"@id\":\"https:\\\/\\\/www.nestwaerme.org\\\/lu\\\/#website\"},\"primaryImageOfPage\":{\"@id\":\"https:\\\/\\\/www.nestwaerme.org\\\/lu\\\/spenden\\\/#primaryimage\"},\"image\":{\"@id\":\"https:\\\/\\\/www.nestwaerme.org\\\/lu\\\/spenden\\\/#primaryimage\"},\"thumbnailUrl\":\"https:\\\/\\\/www.nestwaerme.org\\\/lu\\\/wp-content\\\/uploads\\\/sites\\\/4\\\/2023\\\/10\\\/Headerbild_Spenden_Lux_2.jpg\",\"datePublished\":\"2023-08-24T07:24:14+00:00\",\"dateModified\":\"2023-10-05T11:12:33+00:00\",\"description\":\"Unterst\u00fctze das Unterst\u00fctzungsnetzwerk f\u00fcr Familien mit beeintr\u00e4chtigten Kindern mit deiner spende.\",\"breadcrumb\":{\"@id\":\"https:\\\/\\\/www.nestwaerme.org\\\/lu\\\/spenden\\\/#breadcrumb\"},\"inLanguage\":\"de\",\"potentialAction\":[{\"@type\":\"ReadAction\",\"target\":[\"https:\\\/\\\/www.nestwaerme.org\\\/lu\\\/spenden\\\/\"]}]},{\"@type\":\"ImageObject\",\"inLanguage\":\"de\",\"@id\":\"https:\\\/\\\/www.nestwaerme.org\\\/lu\\\/spenden\\\/#primaryimage\",\"url\":\"https:\\\/\\\/www.nestwaerme.org\\\/lu\\\/wp-content\\\/uploads\\\/sites\\\/4\\\/2023\\\/10\\\/Headerbild_Spenden_Lux_2.jpg\",\"contentUrl\":\"https:\\\/\\\/www.nestwaerme.org\\\/lu\\\/wp-content\\\/uploads\\\/sites\\\/4\\\/2023\\\/10\\\/Headerbild_Spenden_Lux_2.jpg\",\"width\":2070,\"height\":1380},{\"@type\":\"BreadcrumbList\",\"@id\":\"https:\\\/\\\/www.nestwaerme.org\\\/lu\\\/spenden\\\/#breadcrumb\",\"itemListElement\":[{\"@type\":\"ListItem\",\"position\":1,\"name\":\"Startseite\",\"item\":\"https:\\\/\\\/www.nestwaerme.org\\\/lu\\\/\"},{\"@type\":\"ListItem\",\"position\":2,\"name\":\"Spenden\"}]},{\"@type\":\"WebSite\",\"@id\":\"https:\\\/\\\/www.nestwaerme.org\\\/lu\\\/#website\",\"url\":\"https:\\\/\\\/www.nestwaerme.org\\\/lu\\\/\",\"name\":\"nestw\u00e4rme Luxemburg\",\"description\":\"\",\"potentialAction\":[{\"@type\":\"SearchAction\",\"target\":{\"@type\":\"EntryPoint\",\"urlTemplate\":\"https:\\\/\\\/www.nestwaerme.org\\\/lu\\\/?s={search_term_string}\"},\"query-input\":{\"@type\":\"PropertyValueSpecification\",\"valueRequired\":true,\"valueName\":\"search_term_string\"}}],\"inLanguage\":\"de\"}]}<\/script>\n<!-- \/ Yoast SEO plugin. -->","yoast_head_json":{"title":"Mit deiner Spende nestw\u00e4rme luxemburg unterst\u00fctzen - nestw\u00e4rme Luxemburg","description":"Unterst\u00fctze das Unterst\u00fctzungsnetzwerk f\u00fcr Familien mit beeintr\u00e4chtigten Kindern mit deiner spende.","robots":{"index":"noindex","follow":"follow","max-snippet":"max-snippet:-1","max-image-preview":"max-image-preview:large","max-video-preview":"max-video-preview:-1"},"og_locale":"de_DE","og_type":"article","og_title":"Mit deiner Spende nestw\u00e4rme luxemburg unterst\u00fctzen - nestw\u00e4rme Luxemburg","og_description":"Unterst\u00fctze das Unterst\u00fctzungsnetzwerk f\u00fcr Familien mit beeintr\u00e4chtigten Kindern mit deiner spende.","og_url":"https:\/\/www.nestwaerme.org\/lu\/spenden\/","og_site_name":"nestw\u00e4rme Luxemburg","article_modified_time":"2023-10-05T11:12:33+00:00","og_image":[{"width":2070,"height":1380,"url":"https:\/\/www.nestwaerme.org\/lu\/wp-content\/uploads\/sites\/4\/2023\/10\/Headerbild_Spenden_Lux_2.jpg","type":"image\/jpeg"}],"twitter_card":"summary_large_image","twitter_misc":{"Gesch\u00e4tzte Lesezeit":"1\u00a0Minute"},"schema":{"@context":"https:\/\/schema.org","@graph":[{"@type":"WebPage","@id":"https:\/\/www.nestwaerme.org\/lu\/spenden\/","url":"https:\/\/www.nestwaerme.org\/lu\/spenden\/","name":"Mit deiner Spende nestw\u00e4rme luxemburg unterst\u00fctzen - nestw\u00e4rme Luxemburg","isPartOf":{"@id":"https:\/\/www.nestwaerme.org\/lu\/#website"},"primaryImageOfPage":{"@id":"https:\/\/www.nestwaerme.org\/lu\/spenden\/#primaryimage"},"image":{"@id":"https:\/\/www.nestwaerme.org\/lu\/spenden\/#primaryimage"},"thumbnailUrl":"https:\/\/www.nestwaerme.org\/lu\/wp-content\/uploads\/sites\/4\/2023\/10\/Headerbild_Spenden_Lux_2.jpg","datePublished":"2023-08-24T07:24:14+00:00","dateModified":"2023-10-05T11:12:33+00:00","description":"Unterst\u00fctze das Unterst\u00fctzungsnetzwerk f\u00fcr Familien mit beeintr\u00e4chtigten Kindern mit deiner spende.","breadcrumb":{"@id":"https:\/\/www.nestwaerme.org\/lu\/spenden\/#breadcrumb"},"inLanguage":"de","potentialAction":[{"@type":"ReadAction","target":["https:\/\/www.nestwaerme.org\/lu\/spenden\/"]}]},{"@type":"ImageObject","inLanguage":"de","@id":"https:\/\/www.nestwaerme.org\/lu\/spenden\/#primaryimage","url":"https:\/\/www.nestwaerme.org\/lu\/wp-content\/uploads\/sites\/4\/2023\/10\/Headerbild_Spenden_Lux_2.jpg","contentUrl":"https:\/\/www.nestwaerme.org\/lu\/wp-content\/uploads\/sites\/4\/2023\/10\/Headerbild_Spenden_Lux_2.jpg","width":2070,"height":1380},{"@type":"BreadcrumbList","@id":"https:\/\/www.nestwaerme.org\/lu\/spenden\/#breadcrumb","itemListElement":[{"@type":"ListItem","position":1,"name":"Startseite","item":"https:\/\/www.nestwaerme.org\/lu\/"},{"@type":"ListItem","position":2,"name":"Spenden"}]},{"@type":"WebSite","@id":"https:\/\/www.nestwaerme.org\/lu\/#website","url":"https:\/\/www.nestwaerme.org\/lu\/","name":"nestw\u00e4rme Luxemburg","description":"","potentialAction":[{"@type":"SearchAction","target":{"@type":"EntryPoint","urlTemplate":"https:\/\/www.nestwaerme.org\/lu\/?s={search_term_string}"},"query-input":{"@type":"PropertyValueSpecification","valueRequired":true,"valueName":"search_term_string"}}],"inLanguage":"de"}]}},"_links":{"self":[{"href":"https:\/\/www.nestwaerme.org\/lu\/wp-json\/wp\/v2\/pages\/333","targetHints":{"allow":["GET"]}}],"collection":[{"href":"https:\/\/www.nestwaerme.org\/lu\/wp-json\/wp\/v2\/pages"}],"about":[{"href":"https:\/\/www.nestwaerme.org\/lu\/wp-json\/wp\/v2\/types\/page"}],"author":[{"embeddable":true,"href":"https:\/\/www.nestwaerme.org\/lu\/wp-json\/wp\/v2\/users\/3"}],"replies":[{"embeddable":true,"href":"https:\/\/www.nestwaerme.org\/lu\/wp-json\/wp\/v2\/comments?post=333"}],"version-history":[{"count":18,"href":"https:\/\/www.nestwaerme.org\/lu\/wp-json\/wp\/v2\/pages\/333\/revisions"}],"predecessor-version":[{"id":808,"href":"https:\/\/www.nestwaerme.org\/lu\/wp-json\/wp\/v2\/pages\/333\/revisions\/808"}],"wp:featuredmedia":[{"embeddable":true,"href":"https:\/\/www.nestwaerme.org\/lu\/wp-json\/wp\/v2\/media\/628"}],"wp:attachment":[{"href":"https:\/\/www.nestwaerme.org\/lu\/wp-json\/wp\/v2\/media?parent=333"}],"curies":[{"name":"wp","href":"https:\/\/api.w.org\/{rel}","templated":true}]}}