{"id":335,"date":"2023-08-24T20:40:23","date_gmt":"2023-08-24T18:40:23","guid":{"rendered":"https:\/\/www.nestwaerme.org\/?page_id=957"},"modified":"2023-10-05T13:12:36","modified_gmt":"2023-10-05T11:12:36","slug":"engagieren","status":"publish","type":"page","link":"https:\/\/www.nestwaerme.org\/lu\/engagieren\/","title":{"rendered":"Engagement"},"content":{"rendered":"\n<h2 class=\"wp-block-heading\">Engagement bei nestw\u00e4rme<\/h2>\n\n\n\n<p>Engagement wird bei nestw\u00e4rme gro\u00df geschrieben. Engagement ist der Baustein f\u00fcr Gemeinschaft, Begegnung und Austausch. Wir glauben an eine Gesellschaft, in der Unterschiede ganz normal sind. Deshalb sind&nbsp;Inklusion&nbsp;und&nbsp;Diversit\u00e4t&nbsp;bei uns die zentralen Bausteine f\u00fcr ein Gemeinschaftsgef\u00fchl, das wir alle gemeinsam durch unsere Einzigartigkeit mitgestalten. Wir alle haben den Wunsch, Teil einer Gemeinschaft zu sein. Bei nestw\u00e4rme kannst Du sie erleben, gestalten und sp\u00fcren.<\/p>\n\n\n\n<p>F\u00fchl Dich herzlich eingeladen, Teil der Engagement Community von nestw\u00e4rme zu werden. Lass Dich inspirieren, sprich mit uns und finde Deinen Platz in der Gemeinschaft von nestw\u00e4rme.<\/p>\n\n\n\n<hr class=\"wp-block-separator has-alpha-channel-opacity\"\/>\n\n\n\n<h2 class=\"wp-block-heading\"><em>Engagement \u00e0 Nestw\u00e4rme<\/em><\/h2>\n\n\n\n<p><em>Engagement est un pilier important de notre mission chez nestw\u00e4rme. L&#8217;engagement est la pierre angulaire de la communaut\u00e9, de la rencontre et de l&#8217;\u00e9change. Nous croyons en une soci\u00e9t\u00e9 dans laquelle les diff\u00e9rences sont tout \u00e0 fait normales. C&#8217;est pourquoi l&#8217;inclusion et la diversit\u00e9 sont chez nous les \u00e9l\u00e9ments centraux d&#8217;un sentiment de communaut\u00e9 que nous contribuons tous \u00e0 cr\u00e9er ensemble gr\u00e2ce \u00e0 notre singularit\u00e9. Nous avons tous le d\u00e9sir de faire partie d&#8217;une communaut\u00e9.<\/em><\/p>\n\n\n\n<p><em>Chez nestw\u00e4rme, tu peux la vivre, la cr\u00e9er et la ressentir.<\/em><\/p>\n\n\n\n<p><em>N&#8217;h\u00e9site pas \u00e0 faire partie de la communaut\u00e9 d&#8217;engagement de nestw\u00e4rme. Laisse-toi inspirer, parle avec nous et trouve ta place dans la communaut\u00e9 de nestw\u00e4rme.<\/em><\/p>\n\n\n\n<hr class=\"wp-block-separator has-alpha-channel-opacity\"\/>\n\n\n\n<div class=\"wp-block-columns is-layout-flex wp-container-core-columns-is-layout-28f84493 wp-block-columns-is-layout-flex\">\n<div class=\"wp-block-column is-layout-flow wp-block-column-is-layout-flow\">\n<h3 class=\"wp-block-heading\">Engagement \u2013 ganz individuell<\/h3>\n\n\n\n<p>Lokal \u2013 (inter)national \u2013 digital oder live vor Ort\u00a0<br><br>#\u00a0digitale und analoge Projekte<br>#\u00a0Teamwork und praktisches Handeln<br>#\u00a0Vielseitigkeit<\/p>\n<\/div>\n\n\n\n<div class=\"wp-block-column is-layout-flow wp-block-column-is-layout-flow\">\n<h3 class=\"wp-block-heading\"><em>Engagement &#8211; tr\u00e8s individuel<\/em><\/h3>\n\n\n\n<p><em>Local &#8211; (inter)national &#8211; num\u00e9rique ou en direct sur place<br><br># projets num\u00e9riques et analogiques<br># travail d&#8217;\u00e9quipe et action pratique<br># polyvalence<\/em><\/p>\n<\/div>\n<\/div>\n\n\n\n<hr class=\"wp-block-separator has-alpha-channel-opacity\"\/>\n\n\n\n<div class=\"wp-block-columns is-layout-flex wp-container-core-columns-is-layout-28f84493 wp-block-columns-is-layout-flex\">\n<div class=\"wp-block-column is-layout-flow wp-block-column-is-layout-flow\">\n<p>Du bist spontan und springst gerne mal ein, um tatkr\u00e4ftig mit anzupacken? Oder du m\u00f6chtest dich gerne flexibel von Zuhause und am liebsten digitaleinbringen?<br>F\u00fcr bestimmte Anl\u00e4sse wie Veranstaltungen, Infost\u00e4nde oder Sportevents suchen wir immer wieder Menschen, die vor Ort mit anpacken und unser Team unterst\u00fctzen<br>Daneben gibt es spannende digitale Projekte, bei denen du in einem frei w\u00e4hlbaren Zeitraum deine F\u00e4higkeiten einsetzen kannst. Hierf\u00fcr braucht es lediglich deine Bereitschaft, online und kreativ mit uns zusammenzuarbeiten \u2013 und deinen Wunsch, mit Spa\u00df und Sinnhaftigkeit etwas zu bewegen!<br>Wenn das f\u00fcr Dich passend ist, schreib uns eine Nachricht und sage uns in ein paar S\u00e4tzen, f\u00fcr welches Einsatz- und Themengebiet Du Dich interessierst.<\/p>\n<\/div>\n\n\n\n<div class=\"wp-block-column is-layout-flow wp-block-column-is-layout-flow\">\n<p><em>Tu es spontan\u00e9 et tu aimes donner un coup de main ? Ou tu souhaites t&#8217;investir de mani\u00e8re flexible depuis chez toi et de pr\u00e9f\u00e9rence de mani\u00e8re num\u00e9rique ?<br>Pour certains \u00e9v\u00e9nements, comme des manifestations, des stands d&#8217;information ou des \u00e9v\u00e9nements sportifs, nous recherchons toujours des personnes qui peuvent donner un coup de main sur place et soutenir notre \u00e9quipe.<br>En outre, il existe des projets num\u00e9riques passionnants pour lesquels tu peux utiliser tes comp\u00e9tences pendant une p\u00e9riode librement choisie. Pour cela, il suffit que tu sois pr\u00eat \u00e0 collaborer avec nous en ligne et de mani\u00e8re cr\u00e9ative &#8211; et que tu aies envie de faire bouger les choses avec plaisir et sens !<br>Si cela te convient, \u00e9cris-nous un message et dis-nous en quelques phrases quel domaine d&#8217;intervention et quel th\u00e8me t&#8217;int\u00e9ressent.<\/em><\/p>\n<\/div>\n<\/div>\n\n\n\n<hr class=\"wp-block-separator has-alpha-channel-opacity\"\/>\n\n\n\n\n<div class=\"c-section\" >\t<h3 class=\"c-section__title\">Kontakt \/ contact: <\/h3>\t\t\t\n\n\t\t\t\n\t<div class=\"c-person\">\n\t\t\t\t\n\t\t\t\t\t<div class=\"c-person__media\">\n\t\t\t\t\t\t\n\t\t\t\t\t\t\t\t<img decoding=\"async\" src=\"https:\/\/www.nestwaerme.org\/lu\/wp-content\/uploads\/sites\/4\/2023\/08\/Dirk-Hense-400x400.webp\"  \/>\t\t\t<\/div>\n\t\t\t<div class=\"c-person__content\">\n\t\t\t\t\t\t\t\t\t\t\t\t<h3 class=\"c-person__heading\">Dirk Hense<\/h3>\t\t\t\n\t\t\t\t<p class=\"c-person__title\">Vize-Pr\u00e4sident nestw\u00e4rme Luxemburg<\/p>\t\t\t\t\t\t\t\t\t\t\t\t\t\t\t\t\t\t\t\t\t<ul class=\"c-person__list\">\t\t\t\t\n\t\t\t\t\t\t\t\t\t\t\t<li class=\"c-person__mail\">\n\t\t\t\t\t\t\t<a href=\"mailto:info@nestwaerme.lu\"><svg width=\"21\" height=\"21\" aria-hidden=\"true\" role=\"img\" focusable=\"false\"><use href=\"#utility-mail\"><\/use><\/svg>info@nestwaerme.lu<\/a>\n\t\t\t\t\t\t<\/li>\t\t\t\t\t\t\t\t\n\t\t\t\t\t\t\t\t\t\t\t\t\t\t\t\t<li class=\"c-person__phone\">\n\t\t\t\t\t\t\t<a href=\"tel:+35 2 20 60 09 33\"> <svg width=\"21\" height=\"21\" aria-hidden=\"true\" role=\"img\" focusable=\"false\"><use href=\"#utility-phone\"><\/use><\/svg>+35 2 20 60 09 33<\/a>\n\t\t\t\t\t\t<\/li>\n\t\t\t\t\t\t\t\t\t\n\t\t\t\t\t    \t\t\t\t\n\t\t\t\t<\/ul>\n\t\t\t\t\t\t\t<\/div>\n\t\t\t<\/div>\n<\/div>\n\n\n<div style=\"height:1rem\" aria-hidden=\"true\" class=\"wp-block-spacer\"><\/div>\n","protected":false},"excerpt":{"rendered":"<p>Finde dein Engagement bei nestw\u00e4rme Luxemburg und werde Teil unserer Gemeinschaft. Jetzt informieren!<\/p>\n","protected":false},"author":3,"featured_media":633,"parent":0,"menu_order":900,"comment_status":"open","ping_status":"open","template":"","meta":{"_acf_changed":false,"footnotes":""},"class_list":{"2":"type-page"},"acf":[],"yoast_head":"<!-- This site is optimized with the Yoast SEO plugin v27.4 - https:\/\/yoast.com\/product\/yoast-seo-wordpress\/ -->\n<title>Dein Engagement bei nestw\u00e4rme Luxemburg - nestw\u00e4rme Luxemburg<\/title>\n<meta name=\"description\" content=\"Finde dein Engagement bei nestw\u00e4rme Luxemburg und werde Teil unserer Gemeinschaft. Jetzt informieren!\" \/>\n<meta name=\"robots\" content=\"noindex, follow, max-snippet:-1, max-image-preview:large, max-video-preview:-1\" \/>\n<meta property=\"og:locale\" content=\"de_DE\" \/>\n<meta property=\"og:type\" content=\"article\" \/>\n<meta property=\"og:title\" content=\"Dein Engagement bei nestw\u00e4rme Luxemburg - nestw\u00e4rme Luxemburg\" \/>\n<meta property=\"og:description\" content=\"Finde dein Engagement bei nestw\u00e4rme Luxemburg und werde Teil unserer Gemeinschaft. Jetzt informieren!\" \/>\n<meta property=\"og:url\" content=\"https:\/\/www.nestwaerme.org\/lu\/engagieren\/\" \/>\n<meta property=\"og:site_name\" content=\"nestw\u00e4rme Luxemburg\" \/>\n<meta property=\"article:modified_time\" content=\"2023-10-05T11:12:36+00:00\" \/>\n<meta property=\"og:image\" content=\"https:\/\/www.nestwaerme.org\/lu\/wp-content\/uploads\/sites\/4\/2023\/10\/Headerbild_Engagieren.jpg\" \/>\n\t<meta property=\"og:image:width\" content=\"2071\" \/>\n\t<meta property=\"og:image:height\" content=\"1381\" \/>\n\t<meta property=\"og:image:type\" content=\"image\/jpeg\" \/>\n<meta name=\"twitter:card\" content=\"summary_large_image\" \/>\n<meta name=\"twitter:label1\" content=\"Gesch\u00e4tzte Lesezeit\" \/>\n\t<meta name=\"twitter:data1\" content=\"3\u00a0Minuten\" \/>\n<script type=\"application\/ld+json\" class=\"yoast-schema-graph\">{\"@context\":\"https:\\\/\\\/schema.org\",\"@graph\":[{\"@type\":\"WebPage\",\"@id\":\"https:\\\/\\\/www.nestwaerme.org\\\/lu\\\/engagieren\\\/\",\"url\":\"https:\\\/\\\/www.nestwaerme.org\\\/lu\\\/engagieren\\\/\",\"name\":\"Dein Engagement bei nestw\u00e4rme Luxemburg - nestw\u00e4rme Luxemburg\",\"isPartOf\":{\"@id\":\"https:\\\/\\\/www.nestwaerme.org\\\/lu\\\/#website\"},\"primaryImageOfPage\":{\"@id\":\"https:\\\/\\\/www.nestwaerme.org\\\/lu\\\/engagieren\\\/#primaryimage\"},\"image\":{\"@id\":\"https:\\\/\\\/www.nestwaerme.org\\\/lu\\\/engagieren\\\/#primaryimage\"},\"thumbnailUrl\":\"https:\\\/\\\/www.nestwaerme.org\\\/lu\\\/wp-content\\\/uploads\\\/sites\\\/4\\\/2023\\\/10\\\/Headerbild_Engagieren.jpg\",\"datePublished\":\"2023-08-24T18:40:23+00:00\",\"dateModified\":\"2023-10-05T11:12:36+00:00\",\"description\":\"Finde dein Engagement bei nestw\u00e4rme Luxemburg und werde Teil unserer Gemeinschaft. Jetzt informieren!\",\"breadcrumb\":{\"@id\":\"https:\\\/\\\/www.nestwaerme.org\\\/lu\\\/engagieren\\\/#breadcrumb\"},\"inLanguage\":\"de\",\"potentialAction\":[{\"@type\":\"ReadAction\",\"target\":[\"https:\\\/\\\/www.nestwaerme.org\\\/lu\\\/engagieren\\\/\"]}]},{\"@type\":\"ImageObject\",\"inLanguage\":\"de\",\"@id\":\"https:\\\/\\\/www.nestwaerme.org\\\/lu\\\/engagieren\\\/#primaryimage\",\"url\":\"https:\\\/\\\/www.nestwaerme.org\\\/lu\\\/wp-content\\\/uploads\\\/sites\\\/4\\\/2023\\\/10\\\/Headerbild_Engagieren.jpg\",\"contentUrl\":\"https:\\\/\\\/www.nestwaerme.org\\\/lu\\\/wp-content\\\/uploads\\\/sites\\\/4\\\/2023\\\/10\\\/Headerbild_Engagieren.jpg\",\"width\":2071,\"height\":1381},{\"@type\":\"BreadcrumbList\",\"@id\":\"https:\\\/\\\/www.nestwaerme.org\\\/lu\\\/engagieren\\\/#breadcrumb\",\"itemListElement\":[{\"@type\":\"ListItem\",\"position\":1,\"name\":\"Startseite\",\"item\":\"https:\\\/\\\/www.nestwaerme.org\\\/lu\\\/\"},{\"@type\":\"ListItem\",\"position\":2,\"name\":\"Engagement\"}]},{\"@type\":\"WebSite\",\"@id\":\"https:\\\/\\\/www.nestwaerme.org\\\/lu\\\/#website\",\"url\":\"https:\\\/\\\/www.nestwaerme.org\\\/lu\\\/\",\"name\":\"nestw\u00e4rme Luxemburg\",\"description\":\"\",\"potentialAction\":[{\"@type\":\"SearchAction\",\"target\":{\"@type\":\"EntryPoint\",\"urlTemplate\":\"https:\\\/\\\/www.nestwaerme.org\\\/lu\\\/?s={search_term_string}\"},\"query-input\":{\"@type\":\"PropertyValueSpecification\",\"valueRequired\":true,\"valueName\":\"search_term_string\"}}],\"inLanguage\":\"de\"}]}<\/script>\n<!-- \/ Yoast SEO plugin. -->","yoast_head_json":{"title":"Dein Engagement bei nestw\u00e4rme Luxemburg - nestw\u00e4rme Luxemburg","description":"Finde dein Engagement bei nestw\u00e4rme Luxemburg und werde Teil unserer Gemeinschaft. Jetzt informieren!","robots":{"index":"noindex","follow":"follow","max-snippet":"max-snippet:-1","max-image-preview":"max-image-preview:large","max-video-preview":"max-video-preview:-1"},"og_locale":"de_DE","og_type":"article","og_title":"Dein Engagement bei nestw\u00e4rme Luxemburg - nestw\u00e4rme Luxemburg","og_description":"Finde dein Engagement bei nestw\u00e4rme Luxemburg und werde Teil unserer Gemeinschaft. Jetzt informieren!","og_url":"https:\/\/www.nestwaerme.org\/lu\/engagieren\/","og_site_name":"nestw\u00e4rme Luxemburg","article_modified_time":"2023-10-05T11:12:36+00:00","og_image":[{"width":2071,"height":1381,"url":"https:\/\/www.nestwaerme.org\/lu\/wp-content\/uploads\/sites\/4\/2023\/10\/Headerbild_Engagieren.jpg","type":"image\/jpeg"}],"twitter_card":"summary_large_image","twitter_misc":{"Gesch\u00e4tzte Lesezeit":"3\u00a0Minuten"},"schema":{"@context":"https:\/\/schema.org","@graph":[{"@type":"WebPage","@id":"https:\/\/www.nestwaerme.org\/lu\/engagieren\/","url":"https:\/\/www.nestwaerme.org\/lu\/engagieren\/","name":"Dein Engagement bei nestw\u00e4rme Luxemburg - nestw\u00e4rme Luxemburg","isPartOf":{"@id":"https:\/\/www.nestwaerme.org\/lu\/#website"},"primaryImageOfPage":{"@id":"https:\/\/www.nestwaerme.org\/lu\/engagieren\/#primaryimage"},"image":{"@id":"https:\/\/www.nestwaerme.org\/lu\/engagieren\/#primaryimage"},"thumbnailUrl":"https:\/\/www.nestwaerme.org\/lu\/wp-content\/uploads\/sites\/4\/2023\/10\/Headerbild_Engagieren.jpg","datePublished":"2023-08-24T18:40:23+00:00","dateModified":"2023-10-05T11:12:36+00:00","description":"Finde dein Engagement bei nestw\u00e4rme Luxemburg und werde Teil unserer Gemeinschaft. Jetzt informieren!","breadcrumb":{"@id":"https:\/\/www.nestwaerme.org\/lu\/engagieren\/#breadcrumb"},"inLanguage":"de","potentialAction":[{"@type":"ReadAction","target":["https:\/\/www.nestwaerme.org\/lu\/engagieren\/"]}]},{"@type":"ImageObject","inLanguage":"de","@id":"https:\/\/www.nestwaerme.org\/lu\/engagieren\/#primaryimage","url":"https:\/\/www.nestwaerme.org\/lu\/wp-content\/uploads\/sites\/4\/2023\/10\/Headerbild_Engagieren.jpg","contentUrl":"https:\/\/www.nestwaerme.org\/lu\/wp-content\/uploads\/sites\/4\/2023\/10\/Headerbild_Engagieren.jpg","width":2071,"height":1381},{"@type":"BreadcrumbList","@id":"https:\/\/www.nestwaerme.org\/lu\/engagieren\/#breadcrumb","itemListElement":[{"@type":"ListItem","position":1,"name":"Startseite","item":"https:\/\/www.nestwaerme.org\/lu\/"},{"@type":"ListItem","position":2,"name":"Engagement"}]},{"@type":"WebSite","@id":"https:\/\/www.nestwaerme.org\/lu\/#website","url":"https:\/\/www.nestwaerme.org\/lu\/","name":"nestw\u00e4rme Luxemburg","description":"","potentialAction":[{"@type":"SearchAction","target":{"@type":"EntryPoint","urlTemplate":"https:\/\/www.nestwaerme.org\/lu\/?s={search_term_string}"},"query-input":{"@type":"PropertyValueSpecification","valueRequired":true,"valueName":"search_term_string"}}],"inLanguage":"de"}]}},"_links":{"self":[{"href":"https:\/\/www.nestwaerme.org\/lu\/wp-json\/wp\/v2\/pages\/335","targetHints":{"allow":["GET"]}}],"collection":[{"href":"https:\/\/www.nestwaerme.org\/lu\/wp-json\/wp\/v2\/pages"}],"about":[{"href":"https:\/\/www.nestwaerme.org\/lu\/wp-json\/wp\/v2\/types\/page"}],"author":[{"embeddable":true,"href":"https:\/\/www.nestwaerme.org\/lu\/wp-json\/wp\/v2\/users\/3"}],"replies":[{"embeddable":true,"href":"https:\/\/www.nestwaerme.org\/lu\/wp-json\/wp\/v2\/comments?post=335"}],"version-history":[{"count":14,"href":"https:\/\/www.nestwaerme.org\/lu\/wp-json\/wp\/v2\/pages\/335\/revisions"}],"predecessor-version":[{"id":648,"href":"https:\/\/www.nestwaerme.org\/lu\/wp-json\/wp\/v2\/pages\/335\/revisions\/648"}],"wp:featuredmedia":[{"embeddable":true,"href":"https:\/\/www.nestwaerme.org\/lu\/wp-json\/wp\/v2\/media\/633"}],"wp:attachment":[{"href":"https:\/\/www.nestwaerme.org\/lu\/wp-json\/wp\/v2\/media?parent=335"}],"curies":[{"name":"wp","href":"https:\/\/api.w.org\/{rel}","templated":true}]}}