{"id":338,"date":"2023-08-27T07:16:54","date_gmt":"2023-08-27T05:16:54","guid":{"rendered":"https:\/\/www.nestwaerme.org\/?page_id=1218"},"modified":"2024-01-09T13:47:20","modified_gmt":"2024-01-09T12:47:20","slug":"ueber-uns","status":"publish","type":"page","link":"https:\/\/www.nestwaerme.org\/lu\/ueber-uns\/","title":{"rendered":"nestw\u00e4rme Luxemburg"},"content":{"rendered":"\n<h2 class=\"wp-block-heading\">Das Unterst\u00fctzungsnetzwerk f\u00fcr Familien mit beeintr\u00e4chtigten Kindern<\/h2>\n\n\n\n<p>nestw\u00e4rme Luxembourg asbl, angemeldet unter der Nummer F11599 ist eine Organisation die ein Entlastungsnetzwerk f\u00fcr Familien mit kranken und behinderten Kindern unterh\u00e4lt und dies allen Familien in Luxemburg zug\u00e4nglich machen m\u00f6chte.&nbsp;<\/p>\n\n\n\n<p>nestw\u00e4rme Deutschland und nestw\u00e4rme Luxemburg arbeiten im Verbund f\u00fcr die Gro\u00dfregion und haben eine Expertise von \u00fcber 20 Jahren in der Betreuung, Begleitung und Unterst\u00fctzung von Familien in herausfordernden Lebenssituationen, insbesondere durch Beeintr\u00e4chtigungen von Kindern.&nbsp;<\/p>\n\n\n\n<p><em>nestw\u00e4rme Luxembourg asbl, enregistr\u00e9e sur le N\u00b0 F11599 est une organisation qui met a disposition un r\u00e9seau <\/em><br><em>d\u00b4aide pour des familles avec enfants handicap\u00e9s ou malades, qui sera accessible \u00e0 toutes les familles concern\u00e9es, qui vivent au Luxembourg.&nbsp;<\/em><\/p>\n\n\n\n<p><em>nestw\u00e4rme Allemagne et nestw\u00e4rme Luxembourg travaillent en association pour la Grande R\u00e9gion et ont une expertise de plus de 20 ans dans l\u2019encadrement, l\u2019accompagnement et le soutien des familles dans des situations de vie difficiles, notamment en raison de handicaps d\u2019enfants.&nbsp;<\/em><\/p>\n\n\n\n<hr class=\"wp-block-separator has-alpha-channel-opacity\"\/>\n\n\n\n<h3 class=\"wp-block-heading\">Vorstand \/ <em>Comit\u00e9 de direction&nbsp;<\/em><\/h3>\n\n\n\n<figure class=\"wp-block-image size-full\"><img loading=\"lazy\" decoding=\"async\" width=\"800\" height=\"318\" src=\"https:\/\/www.nestwaerme.org\/lu\/wp-content\/uploads\/sites\/4\/2023\/10\/Vorstand.jpg\" alt=\"\" class=\"wp-image-526\" srcset=\"https:\/\/www.nestwaerme.org\/lu\/wp-content\/uploads\/sites\/4\/2023\/10\/Vorstand.jpg 800w, https:\/\/www.nestwaerme.org\/lu\/wp-content\/uploads\/sites\/4\/2023\/10\/Vorstand-300x119.jpg 300w, https:\/\/www.nestwaerme.org\/lu\/wp-content\/uploads\/sites\/4\/2023\/10\/Vorstand-768x305.jpg 768w, https:\/\/www.nestwaerme.org\/lu\/wp-content\/uploads\/sites\/4\/2023\/10\/Vorstand-431x171.jpg 431w, https:\/\/www.nestwaerme.org\/lu\/wp-content\/uploads\/sites\/4\/2023\/10\/Vorstand-780x310.jpg 780w\" sizes=\"auto, (max-width: 800px) 100vw, 800px\" \/><\/figure>\n\n\n\n<p>Von links nach rechts \/ <em>de gauche \u00e0 droite<\/em><\/p>\n\n\n\n<p>Dirk Hense &#8211; Vize-Pr\u00e4sident \/ <em>Vice-Pr\u00e9sident<\/em><br>Elisabeth Schuh \u2013 Vorst\u00e4ndin \/ <em>membre du comit\u00e9 de direction<\/em><br>Petra Moske \u2013 Vorst\u00e4ndin \/ <em>membre du comit\u00e9 de direction<\/em><br>L\u00e9a Linster \u2013 Pr\u00e4sidentin \/ <em>Pr\u00e9sidente<\/em><\/p>\n\n\n\n<hr class=\"wp-block-separator has-alpha-channel-opacity\"\/>\n\n\n\n<h3 class=\"wp-block-heading\">Beirat \/ <em>comit\u00e9 consultatif&nbsp;&nbsp;<\/em><\/h3>\n\n\n\n<div class=\"wp-block-columns is-layout-flex wp-container-core-columns-is-layout-28f84493 wp-block-columns-is-layout-flex\">\n<div class=\"wp-block-column is-layout-flow wp-block-column-is-layout-flow\">\n<figure class=\"wp-block-image size-full\"><img loading=\"lazy\" decoding=\"async\" width=\"220\" height=\"300\" src=\"https:\/\/www.nestwaerme.org\/lu\/wp-content\/uploads\/sites\/4\/2023\/10\/Henry-Munster.jpg\" alt=\"\" class=\"wp-image-533\"\/><\/figure>\n<\/div>\n\n\n\n<div class=\"wp-block-column is-layout-flow wp-block-column-is-layout-flow\">\n<figure class=\"wp-block-image size-full\"><img loading=\"lazy\" decoding=\"async\" width=\"208\" height=\"300\" src=\"https:\/\/www.nestwaerme.org\/lu\/wp-content\/uploads\/sites\/4\/2023\/10\/Ralf-Britten.jpg\" alt=\"\" class=\"wp-image-534\"\/><\/figure>\n<\/div>\n<\/div>\n\n\n\n<p>Wir freuen uns anl\u00e4sslich der Wahl zum\u202fneu konstituierten Beirat\u202fbekannt zu geben, dass\u202fHenry Munster und Ralf Britten\u202fin den nestw\u00e4rme Luxembourg Beirat gew\u00e4hlt wurden.<br>Herr Munster\u202fwohnt nach mehreren Jahren Auslandsaufenthalt seit mehr als 20 Jahren in Luxembourg und hat seine berufliche Laufbahn in der Finanzbranche gemacht.<br>Seine Motivation : \u201cDie Welt braucht Menschen, die f\u00fcr andere da sind.\u201d<br>Herr Britten\u202fhat berufliche Erfahrungen in Deutschland und Luxembourg gemacht und ist aktuell Dezernent der Stadt Trier.<\/p>\n\n\n\n<p><em>Nous avons le plaisir d\u2019annoncer, \u00e0 l\u2019occasion de l\u2019\u00e9lection du\u202fcomit\u00e9 consultatif nouvellement\u202fconstitu\u00e9, que\u202fHenry Munster et Ralf Britten\u202font \u00e9t\u00e9 \u00e9lus au sein du comit\u00e9 consultatif de nestw\u00e4rme Luxembourg.<br>Apr\u00e8s plusieurs ann\u00e9es pass\u00e9es \u00e0 l\u2019\u00e9tranger,\u202fMonsieur Munster\u202fhabite depuis plus de 20 ans au Luxembourg et a fait sa carri\u00e8re professionnelle dans le secteur financier.<br>Sa motivation : \u201eLe monde a besoin de gens qui sont l\u00e0 pour les autres\u201c.<br>Monsieur Britten\u202fa fait des exp\u00e9riences professionnelles en Allemagne et au Luxembourg et est actuellement chef de service \u00e0 la ville de Tr\u00e8ves.<\/em><\/p>\n\n\n\n<div style=\"height:1rem\" aria-hidden=\"true\" class=\"wp-block-spacer\"><\/div>\n\n\n\n<h2 class=\"wp-block-heading\">Ehrenamtlich Engagierte \/ <em>B\u00e9n\u00e9voles<\/em><\/h2>\n\n\n\n\n<div class=\"c-section\" >\t\t\t\t\n\n\t\t\t\n\t<div class=\"c-person\">\n\t\t\t\t\n\t\t\t\t\t<div class=\"c-person__media\">\n\t\t\t\t\t\t\n\t\t\t\t\t\t\t\t<img decoding=\"async\" src=\"https:\/\/www.nestwaerme.org\/lu\/wp-content\/uploads\/sites\/4\/2024\/01\/Joerg-Luedeking-1-400x400.jpg\"  \/>\t\t\t<\/div>\n\t\t\t<div class=\"c-person__content\">\n\t\t\t\t\t\t\t\t\t\t\t\t<h3 class=\"c-person__heading\">J\u00f6rg  L\u00fcdeking<\/h3>\t\t\t\n\t\t\t\t<p class=\"c-person__title\">Fundraising<\/p>\t\t\t\t\t\t\t\t\t\t\t\t\t\t\t\t\t\t\t\t\t<ul class=\"c-person__list\">\t\t\t\t\n\t\t\t\t\t\t\t\t\t\t\t<li class=\"c-person__mail\">\n\t\t\t\t\t\t\t<a href=\"mailto:joerg.luedeking@nestwaerme.org\"><svg width=\"21\" height=\"21\" aria-hidden=\"true\" role=\"img\" focusable=\"false\"><use href=\"#utility-mail\"><\/use><\/svg>joerg.luedeking@nestwaerme.org<\/a>\n\t\t\t\t\t\t<\/li>\t\t\t\t\t\t\t\t\n\t\t\t\t\t\t\t\t\t\t\t\t\t\t\n\t\t\t\t\t    \t\t\t\t\n\t\t\t\t<\/ul>\n\t\t\t\t\t\t\t<\/div>\n\t\t\t<\/div>\n<\/div>","protected":false},"excerpt":{"rendered":"<p>Angebote zur Unterst\u00fctzung von Familien mit schwerkranken, pflegebed\u00fcrftigen oder beeintr\u00e4chtigen Kindern oder Jugendlichen. <\/p>\n","protected":false},"author":3,"featured_media":0,"parent":0,"menu_order":1002,"comment_status":"open","ping_status":"open","template":"","meta":{"_acf_changed":false,"footnotes":""},"class_list":{"2":"type-page"},"acf":[],"yoast_head":"<!-- This site is optimized with the Yoast SEO plugin v27.4 - https:\/\/yoast.com\/product\/yoast-seo-wordpress\/ -->\n<title>Das Unterst\u00fctzungsnetzwerk nestw\u00e4rme Luxemburg - nestw\u00e4rme Luxemburg<\/title>\n<meta name=\"description\" content=\"Angebote zur Unterst\u00fctzung von Familien mit schwerkranken, pflegebed\u00fcrftigen oder beeintr\u00e4chtigen Kindern oder Jugendlichen.\" \/>\n<meta name=\"robots\" content=\"noindex, follow, max-snippet:-1, max-image-preview:large, max-video-preview:-1\" \/>\n<meta property=\"og:locale\" content=\"de_DE\" \/>\n<meta property=\"og:type\" content=\"article\" \/>\n<meta property=\"og:title\" content=\"Das Unterst\u00fctzungsnetzwerk nestw\u00e4rme Luxemburg - nestw\u00e4rme Luxemburg\" \/>\n<meta property=\"og:description\" content=\"Angebote zur Unterst\u00fctzung von Familien mit schwerkranken, pflegebed\u00fcrftigen oder beeintr\u00e4chtigen Kindern oder Jugendlichen.\" \/>\n<meta property=\"og:url\" content=\"https:\/\/www.nestwaerme.org\/lu\/ueber-uns\/\" \/>\n<meta property=\"og:site_name\" content=\"nestw\u00e4rme Luxemburg\" \/>\n<meta property=\"article:modified_time\" content=\"2024-01-09T12:47:20+00:00\" \/>\n<meta property=\"og:image\" content=\"https:\/\/www.nestwaerme.org\/lu\/wp-content\/uploads\/sites\/4\/2023\/10\/Vorstand.jpg\" \/>\n<meta name=\"twitter:card\" content=\"summary_large_image\" \/>\n<meta name=\"twitter:label1\" content=\"Gesch\u00e4tzte Lesezeit\" \/>\n\t<meta name=\"twitter:data1\" content=\"3\u00a0Minuten\" \/>\n<script type=\"application\/ld+json\" class=\"yoast-schema-graph\">{\"@context\":\"https:\\\/\\\/schema.org\",\"@graph\":[{\"@type\":\"WebPage\",\"@id\":\"https:\\\/\\\/www.nestwaerme.org\\\/lu\\\/ueber-uns\\\/\",\"url\":\"https:\\\/\\\/www.nestwaerme.org\\\/lu\\\/ueber-uns\\\/\",\"name\":\"Das Unterst\u00fctzungsnetzwerk nestw\u00e4rme Luxemburg - nestw\u00e4rme Luxemburg\",\"isPartOf\":{\"@id\":\"https:\\\/\\\/www.nestwaerme.org\\\/lu\\\/#website\"},\"primaryImageOfPage\":{\"@id\":\"https:\\\/\\\/www.nestwaerme.org\\\/lu\\\/ueber-uns\\\/#primaryimage\"},\"image\":{\"@id\":\"https:\\\/\\\/www.nestwaerme.org\\\/lu\\\/ueber-uns\\\/#primaryimage\"},\"thumbnailUrl\":\"https:\\\/\\\/www.nestwaerme.org\\\/lu\\\/wp-content\\\/uploads\\\/sites\\\/4\\\/2023\\\/10\\\/Vorstand.jpg\",\"datePublished\":\"2023-08-27T05:16:54+00:00\",\"dateModified\":\"2024-01-09T12:47:20+00:00\",\"description\":\"Angebote zur Unterst\u00fctzung von Familien mit schwerkranken, pflegebed\u00fcrftigen oder beeintr\u00e4chtigen Kindern oder Jugendlichen.\",\"breadcrumb\":{\"@id\":\"https:\\\/\\\/www.nestwaerme.org\\\/lu\\\/ueber-uns\\\/#breadcrumb\"},\"inLanguage\":\"de\",\"potentialAction\":[{\"@type\":\"ReadAction\",\"target\":[\"https:\\\/\\\/www.nestwaerme.org\\\/lu\\\/ueber-uns\\\/\"]}]},{\"@type\":\"ImageObject\",\"inLanguage\":\"de\",\"@id\":\"https:\\\/\\\/www.nestwaerme.org\\\/lu\\\/ueber-uns\\\/#primaryimage\",\"url\":\"https:\\\/\\\/www.nestwaerme.org\\\/lu\\\/wp-content\\\/uploads\\\/sites\\\/4\\\/2023\\\/10\\\/Vorstand.jpg\",\"contentUrl\":\"https:\\\/\\\/www.nestwaerme.org\\\/lu\\\/wp-content\\\/uploads\\\/sites\\\/4\\\/2023\\\/10\\\/Vorstand.jpg\",\"width\":800,\"height\":318},{\"@type\":\"BreadcrumbList\",\"@id\":\"https:\\\/\\\/www.nestwaerme.org\\\/lu\\\/ueber-uns\\\/#breadcrumb\",\"itemListElement\":[{\"@type\":\"ListItem\",\"position\":1,\"name\":\"Startseite\",\"item\":\"https:\\\/\\\/www.nestwaerme.org\\\/lu\\\/\"},{\"@type\":\"ListItem\",\"position\":2,\"name\":\"nestw\u00e4rme Luxemburg\"}]},{\"@type\":\"WebSite\",\"@id\":\"https:\\\/\\\/www.nestwaerme.org\\\/lu\\\/#website\",\"url\":\"https:\\\/\\\/www.nestwaerme.org\\\/lu\\\/\",\"name\":\"nestw\u00e4rme Luxemburg\",\"description\":\"\",\"potentialAction\":[{\"@type\":\"SearchAction\",\"target\":{\"@type\":\"EntryPoint\",\"urlTemplate\":\"https:\\\/\\\/www.nestwaerme.org\\\/lu\\\/?s={search_term_string}\"},\"query-input\":{\"@type\":\"PropertyValueSpecification\",\"valueRequired\":true,\"valueName\":\"search_term_string\"}}],\"inLanguage\":\"de\"}]}<\/script>\n<!-- \/ Yoast SEO plugin. -->","yoast_head_json":{"title":"Das Unterst\u00fctzungsnetzwerk nestw\u00e4rme Luxemburg - nestw\u00e4rme Luxemburg","description":"Angebote zur Unterst\u00fctzung von Familien mit schwerkranken, pflegebed\u00fcrftigen oder beeintr\u00e4chtigen Kindern oder Jugendlichen.","robots":{"index":"noindex","follow":"follow","max-snippet":"max-snippet:-1","max-image-preview":"max-image-preview:large","max-video-preview":"max-video-preview:-1"},"og_locale":"de_DE","og_type":"article","og_title":"Das Unterst\u00fctzungsnetzwerk nestw\u00e4rme Luxemburg - nestw\u00e4rme Luxemburg","og_description":"Angebote zur Unterst\u00fctzung von Familien mit schwerkranken, pflegebed\u00fcrftigen oder beeintr\u00e4chtigen Kindern oder Jugendlichen.","og_url":"https:\/\/www.nestwaerme.org\/lu\/ueber-uns\/","og_site_name":"nestw\u00e4rme Luxemburg","article_modified_time":"2024-01-09T12:47:20+00:00","og_image":[{"url":"https:\/\/www.nestwaerme.org\/lu\/wp-content\/uploads\/sites\/4\/2023\/10\/Vorstand.jpg","type":"","width":"","height":""}],"twitter_card":"summary_large_image","twitter_misc":{"Gesch\u00e4tzte Lesezeit":"3\u00a0Minuten"},"schema":{"@context":"https:\/\/schema.org","@graph":[{"@type":"WebPage","@id":"https:\/\/www.nestwaerme.org\/lu\/ueber-uns\/","url":"https:\/\/www.nestwaerme.org\/lu\/ueber-uns\/","name":"Das Unterst\u00fctzungsnetzwerk nestw\u00e4rme Luxemburg - nestw\u00e4rme Luxemburg","isPartOf":{"@id":"https:\/\/www.nestwaerme.org\/lu\/#website"},"primaryImageOfPage":{"@id":"https:\/\/www.nestwaerme.org\/lu\/ueber-uns\/#primaryimage"},"image":{"@id":"https:\/\/www.nestwaerme.org\/lu\/ueber-uns\/#primaryimage"},"thumbnailUrl":"https:\/\/www.nestwaerme.org\/lu\/wp-content\/uploads\/sites\/4\/2023\/10\/Vorstand.jpg","datePublished":"2023-08-27T05:16:54+00:00","dateModified":"2024-01-09T12:47:20+00:00","description":"Angebote zur Unterst\u00fctzung von Familien mit schwerkranken, pflegebed\u00fcrftigen oder beeintr\u00e4chtigen Kindern oder Jugendlichen.","breadcrumb":{"@id":"https:\/\/www.nestwaerme.org\/lu\/ueber-uns\/#breadcrumb"},"inLanguage":"de","potentialAction":[{"@type":"ReadAction","target":["https:\/\/www.nestwaerme.org\/lu\/ueber-uns\/"]}]},{"@type":"ImageObject","inLanguage":"de","@id":"https:\/\/www.nestwaerme.org\/lu\/ueber-uns\/#primaryimage","url":"https:\/\/www.nestwaerme.org\/lu\/wp-content\/uploads\/sites\/4\/2023\/10\/Vorstand.jpg","contentUrl":"https:\/\/www.nestwaerme.org\/lu\/wp-content\/uploads\/sites\/4\/2023\/10\/Vorstand.jpg","width":800,"height":318},{"@type":"BreadcrumbList","@id":"https:\/\/www.nestwaerme.org\/lu\/ueber-uns\/#breadcrumb","itemListElement":[{"@type":"ListItem","position":1,"name":"Startseite","item":"https:\/\/www.nestwaerme.org\/lu\/"},{"@type":"ListItem","position":2,"name":"nestw\u00e4rme Luxemburg"}]},{"@type":"WebSite","@id":"https:\/\/www.nestwaerme.org\/lu\/#website","url":"https:\/\/www.nestwaerme.org\/lu\/","name":"nestw\u00e4rme Luxemburg","description":"","potentialAction":[{"@type":"SearchAction","target":{"@type":"EntryPoint","urlTemplate":"https:\/\/www.nestwaerme.org\/lu\/?s={search_term_string}"},"query-input":{"@type":"PropertyValueSpecification","valueRequired":true,"valueName":"search_term_string"}}],"inLanguage":"de"}]}},"_links":{"self":[{"href":"https:\/\/www.nestwaerme.org\/lu\/wp-json\/wp\/v2\/pages\/338","targetHints":{"allow":["GET"]}}],"collection":[{"href":"https:\/\/www.nestwaerme.org\/lu\/wp-json\/wp\/v2\/pages"}],"about":[{"href":"https:\/\/www.nestwaerme.org\/lu\/wp-json\/wp\/v2\/types\/page"}],"author":[{"embeddable":true,"href":"https:\/\/www.nestwaerme.org\/lu\/wp-json\/wp\/v2\/users\/3"}],"replies":[{"embeddable":true,"href":"https:\/\/www.nestwaerme.org\/lu\/wp-json\/wp\/v2\/comments?post=338"}],"version-history":[{"count":26,"href":"https:\/\/www.nestwaerme.org\/lu\/wp-json\/wp\/v2\/pages\/338\/revisions"}],"predecessor-version":[{"id":811,"href":"https:\/\/www.nestwaerme.org\/lu\/wp-json\/wp\/v2\/pages\/338\/revisions\/811"}],"wp:attachment":[{"href":"https:\/\/www.nestwaerme.org\/lu\/wp-json\/wp\/v2\/media?parent=338"}],"curies":[{"name":"wp","href":"https:\/\/api.w.org\/{rel}","templated":true}]}}