{"id":339,"date":"2023-08-27T07:19:36","date_gmt":"2023-08-27T05:19:36","guid":{"rendered":"https:\/\/www.nestwaerme.org\/?page_id=1230"},"modified":"2023-10-02T18:57:01","modified_gmt":"2023-10-02T16:57:01","slug":"kontakt","status":"publish","type":"page","link":"https:\/\/www.nestwaerme.org\/lu\/kontakt\/","title":{"rendered":"Kontakt"},"content":{"rendered":"\n<h2 class=\"wp-block-heading\">Wenn du direkten Kontakt mit uns aufnehmen m\u00f6chtest \/ <em>Si vous souhaitez nous contacter<\/em><\/h2>\n\n\n\n<section class=\"c-textbox  is-style-white\" ><div class=\"acf-innerblocks-container\">\n\n<p>e-mail: <a href=\"mailto:info@nestwaerme.lu\">info@nestwaerme.lu<\/a><br>nestw\u00e4rme Luxembourg asbl<br>46, Grand Rue<br>6630 Wasserbillig, Luxembourg<br>Phone: 00352 20 60 09 33<\/p>\n\n<\/div><\/section>\n\n\n<div style=\"height:2rem\" aria-hidden=\"true\" class=\"wp-block-spacer\"><\/div>\n","protected":false},"excerpt":{"rendered":"<p>Nestw\u00e4rme Luxemburg. Wir sind f\u00fcr dich da. <\/p>\n","protected":false},"author":3,"featured_media":0,"parent":0,"menu_order":1006,"comment_status":"open","ping_status":"open","template":"","meta":{"_acf_changed":false,"footnotes":""},"class_list":{"2":"type-page"},"acf":[],"yoast_head":"<!-- This site is optimized with the Yoast SEO plugin v27.4 - https:\/\/yoast.com\/product\/yoast-seo-wordpress\/ -->\n<title>Kontakt - nestw\u00e4rme Luxemburg<\/title>\n<meta name=\"description\" content=\"Nestw\u00e4rme Luxemburg. Wir sind f\u00fcr dich da.\" \/>\n<meta name=\"robots\" content=\"noindex, follow, max-snippet:-1, max-image-preview:large, max-video-preview:-1\" \/>\n<meta property=\"og:locale\" content=\"de_DE\" \/>\n<meta property=\"og:type\" content=\"article\" \/>\n<meta property=\"og:title\" content=\"Kontakt - nestw\u00e4rme Luxemburg\" \/>\n<meta property=\"og:description\" content=\"Nestw\u00e4rme Luxemburg. Wir sind f\u00fcr dich da.\" \/>\n<meta property=\"og:url\" content=\"https:\/\/www.nestwaerme.org\/lu\/kontakt\/\" \/>\n<meta property=\"og:site_name\" content=\"nestw\u00e4rme Luxemburg\" \/>\n<meta property=\"article:modified_time\" content=\"2023-10-02T16:57:01+00:00\" \/>\n<meta name=\"twitter:card\" content=\"summary_large_image\" \/>\n<meta name=\"twitter:label1\" content=\"Gesch\u00e4tzte Lesezeit\" \/>\n\t<meta name=\"twitter:data1\" content=\"1\u00a0Minute\" \/>\n<script type=\"application\/ld+json\" class=\"yoast-schema-graph\">{\"@context\":\"https:\\\/\\\/schema.org\",\"@graph\":[{\"@type\":\"WebPage\",\"@id\":\"https:\\\/\\\/www.nestwaerme.org\\\/lu\\\/kontakt\\\/\",\"url\":\"https:\\\/\\\/www.nestwaerme.org\\\/lu\\\/kontakt\\\/\",\"name\":\"Kontakt - nestw\u00e4rme Luxemburg\",\"isPartOf\":{\"@id\":\"https:\\\/\\\/www.nestwaerme.org\\\/lu\\\/#website\"},\"datePublished\":\"2023-08-27T05:19:36+00:00\",\"dateModified\":\"2023-10-02T16:57:01+00:00\",\"description\":\"Nestw\u00e4rme Luxemburg. Wir sind f\u00fcr dich da.\",\"breadcrumb\":{\"@id\":\"https:\\\/\\\/www.nestwaerme.org\\\/lu\\\/kontakt\\\/#breadcrumb\"},\"inLanguage\":\"de\",\"potentialAction\":[{\"@type\":\"ReadAction\",\"target\":[\"https:\\\/\\\/www.nestwaerme.org\\\/lu\\\/kontakt\\\/\"]}]},{\"@type\":\"BreadcrumbList\",\"@id\":\"https:\\\/\\\/www.nestwaerme.org\\\/lu\\\/kontakt\\\/#breadcrumb\",\"itemListElement\":[{\"@type\":\"ListItem\",\"position\":1,\"name\":\"Startseite\",\"item\":\"https:\\\/\\\/www.nestwaerme.org\\\/lu\\\/\"},{\"@type\":\"ListItem\",\"position\":2,\"name\":\"Kontakt\"}]},{\"@type\":\"WebSite\",\"@id\":\"https:\\\/\\\/www.nestwaerme.org\\\/lu\\\/#website\",\"url\":\"https:\\\/\\\/www.nestwaerme.org\\\/lu\\\/\",\"name\":\"nestw\u00e4rme Luxemburg\",\"description\":\"\",\"potentialAction\":[{\"@type\":\"SearchAction\",\"target\":{\"@type\":\"EntryPoint\",\"urlTemplate\":\"https:\\\/\\\/www.nestwaerme.org\\\/lu\\\/?s={search_term_string}\"},\"query-input\":{\"@type\":\"PropertyValueSpecification\",\"valueRequired\":true,\"valueName\":\"search_term_string\"}}],\"inLanguage\":\"de\"}]}<\/script>\n<!-- \/ Yoast SEO plugin. -->","yoast_head_json":{"title":"Kontakt - nestw\u00e4rme Luxemburg","description":"Nestw\u00e4rme Luxemburg. Wir sind f\u00fcr dich da.","robots":{"index":"noindex","follow":"follow","max-snippet":"max-snippet:-1","max-image-preview":"max-image-preview:large","max-video-preview":"max-video-preview:-1"},"og_locale":"de_DE","og_type":"article","og_title":"Kontakt - nestw\u00e4rme Luxemburg","og_description":"Nestw\u00e4rme Luxemburg. Wir sind f\u00fcr dich da.","og_url":"https:\/\/www.nestwaerme.org\/lu\/kontakt\/","og_site_name":"nestw\u00e4rme Luxemburg","article_modified_time":"2023-10-02T16:57:01+00:00","twitter_card":"summary_large_image","twitter_misc":{"Gesch\u00e4tzte Lesezeit":"1\u00a0Minute"},"schema":{"@context":"https:\/\/schema.org","@graph":[{"@type":"WebPage","@id":"https:\/\/www.nestwaerme.org\/lu\/kontakt\/","url":"https:\/\/www.nestwaerme.org\/lu\/kontakt\/","name":"Kontakt - nestw\u00e4rme Luxemburg","isPartOf":{"@id":"https:\/\/www.nestwaerme.org\/lu\/#website"},"datePublished":"2023-08-27T05:19:36+00:00","dateModified":"2023-10-02T16:57:01+00:00","description":"Nestw\u00e4rme Luxemburg. Wir sind f\u00fcr dich da.","breadcrumb":{"@id":"https:\/\/www.nestwaerme.org\/lu\/kontakt\/#breadcrumb"},"inLanguage":"de","potentialAction":[{"@type":"ReadAction","target":["https:\/\/www.nestwaerme.org\/lu\/kontakt\/"]}]},{"@type":"BreadcrumbList","@id":"https:\/\/www.nestwaerme.org\/lu\/kontakt\/#breadcrumb","itemListElement":[{"@type":"ListItem","position":1,"name":"Startseite","item":"https:\/\/www.nestwaerme.org\/lu\/"},{"@type":"ListItem","position":2,"name":"Kontakt"}]},{"@type":"WebSite","@id":"https:\/\/www.nestwaerme.org\/lu\/#website","url":"https:\/\/www.nestwaerme.org\/lu\/","name":"nestw\u00e4rme Luxemburg","description":"","potentialAction":[{"@type":"SearchAction","target":{"@type":"EntryPoint","urlTemplate":"https:\/\/www.nestwaerme.org\/lu\/?s={search_term_string}"},"query-input":{"@type":"PropertyValueSpecification","valueRequired":true,"valueName":"search_term_string"}}],"inLanguage":"de"}]}},"_links":{"self":[{"href":"https:\/\/www.nestwaerme.org\/lu\/wp-json\/wp\/v2\/pages\/339","targetHints":{"allow":["GET"]}}],"collection":[{"href":"https:\/\/www.nestwaerme.org\/lu\/wp-json\/wp\/v2\/pages"}],"about":[{"href":"https:\/\/www.nestwaerme.org\/lu\/wp-json\/wp\/v2\/types\/page"}],"author":[{"embeddable":true,"href":"https:\/\/www.nestwaerme.org\/lu\/wp-json\/wp\/v2\/users\/3"}],"replies":[{"embeddable":true,"href":"https:\/\/www.nestwaerme.org\/lu\/wp-json\/wp\/v2\/comments?post=339"}],"version-history":[{"count":4,"href":"https:\/\/www.nestwaerme.org\/lu\/wp-json\/wp\/v2\/pages\/339\/revisions"}],"predecessor-version":[{"id":548,"href":"https:\/\/www.nestwaerme.org\/lu\/wp-json\/wp\/v2\/pages\/339\/revisions\/548"}],"wp:attachment":[{"href":"https:\/\/www.nestwaerme.org\/lu\/wp-json\/wp\/v2\/media?parent=339"}],"curies":[{"name":"wp","href":"https:\/\/api.w.org\/{rel}","templated":true}]}}