{"id":341,"date":"2023-07-21T16:15:44","date_gmt":"2023-07-21T14:15:44","guid":{"rendered":"https:\/\/www.nestwaerme.org\/?page_id=10"},"modified":"2023-10-04T12:30:12","modified_gmt":"2023-10-04T10:30:12","slug":"impressum","status":"publish","type":"page","link":"https:\/\/www.nestwaerme.org\/lu\/impressum\/","title":{"rendered":"Impressum"},"content":{"rendered":"\n<h3 class=\"wp-block-heading\">Verantwortlich f\u00fcr den Inhalt:<\/h3>\n\n\n\n<p>nestw\u00e4rme Luxembourg asbl<br>46, Grande Rue<br>6630 Wasserbillig, Luxembourg<br>Telefon: +352 20 60 09 33<\/p>\n\n\n\n<p>E-Mail: info@nestwaerme.lu<br>Internet: www.nestwaerme.lu<\/p>\n\n\n\n<hr class=\"wp-block-separator has-alpha-channel-opacity\" \/>\n\n\n\n<p>Pr\u00e4sidentin: Frau L\u00e9a Linster<br>Vize-Pr\u00e4sident: Herr Dirk Hense<br>Vorstand: Frau Petra Moske, Frau Elisabeth Schuh, Frau Anne Contreras Muller<\/p>\n\n\n\n<hr class=\"wp-block-separator has-alpha-channel-opacity\" \/>\n\n\n\n<p>Registre de Commerce et des Soci\u00e9t\u00e9s:<br>Num\u00e9ro RCS: F11599<br>R\u00e9f\u00e9rence de d\u00e9p\u00f4t: L170241874<br>D\u00e9pos\u00e9 et enregistr\u00e9 le 12\/12\/2017<\/p>\n\n\n\n<hr class=\"wp-block-separator has-alpha-channel-opacity\" \/>\n\n\n\n<h3 class=\"wp-block-heading\">Spendenkonto<\/h3>\n\n\n\n<p>BGL BNP Parisbas, Kirchberg Luxemburg<\/p>\n\n\n\n<p>IBAN: LU 68 0030 5207 8021 0000<br>BIC: BGLLLULL<br>Banque de Luxembourg, Luxemburg<br>IBAN: LU62 0080 3771 2070 2001<br>BIC: BLUXLULL<\/p>\n\n\n\n<hr class=\"wp-block-separator has-alpha-channel-opacity\" \/>\n\n\n\n<h3 class=\"wp-block-heading\">Disclaimer<\/h3>\n\n\n\n<p>Hiermit distanziert sich nestw\u00e4rme Luxembourg asbl ausdr\u00fccklich von allen Inhalten zu gelinkten Seiten auf diesem Internet-Angebot, da diese von Fremdanbietern zug\u00e4nglich gemacht werden und wir auf deren wahrheitsgem\u00e4\u00dfen Inhalt keinerlei Einfluss haben. Diese Erkl\u00e4rung gilt f\u00fcr alle auf den Seiten angebrachten Links.<\/p>\n\n\n\n<div style=\"height:2rem\" aria-hidden=\"true\" class=\"wp-block-spacer\"><\/div>\n","protected":false},"excerpt":{"rendered":"<p>Impressum. Verantwortlich f\u00fcr den Inhalt: nestw\u00e4rme Luxembourg asbl, 46, Grande Rue<br \/>\n6630 Wasserbillig, Luxembourg<\/p>\n","protected":false},"author":1,"featured_media":0,"parent":0,"menu_order":1100,"comment_status":"open","ping_status":"open","template":"","meta":{"_acf_changed":false,"footnotes":""},"class_list":{"2":"type-page"},"acf":[],"yoast_head":"<!-- This site is optimized with the Yoast SEO plugin v27.4 - https:\/\/yoast.com\/product\/yoast-seo-wordpress\/ -->\n<title>Impressum nestw\u00e4rme Luxemburg - nestw\u00e4rme Luxemburg<\/title>\n<meta name=\"description\" content=\"Impressum. Verantwortlich f\u00fcr den Inhalt: nestw\u00e4rme Luxembourg asbl, 46, Grande Rue 6630 Wasserbillig, Luxembourg\" \/>\n<meta name=\"robots\" content=\"noindex, follow, max-snippet:-1, max-image-preview:large, max-video-preview:-1\" \/>\n<meta property=\"og:locale\" content=\"de_DE\" \/>\n<meta property=\"og:type\" content=\"article\" \/>\n<meta property=\"og:title\" content=\"Impressum nestw\u00e4rme Luxemburg - nestw\u00e4rme Luxemburg\" \/>\n<meta property=\"og:description\" content=\"Impressum. Verantwortlich f\u00fcr den Inhalt: nestw\u00e4rme Luxembourg asbl, 46, Grande Rue 6630 Wasserbillig, Luxembourg\" \/>\n<meta property=\"og:url\" content=\"https:\/\/www.nestwaerme.org\/lu\/impressum\/\" \/>\n<meta property=\"og:site_name\" content=\"nestw\u00e4rme Luxemburg\" \/>\n<meta property=\"article:modified_time\" content=\"2023-10-04T10:30:12+00:00\" \/>\n<meta name=\"twitter:card\" content=\"summary_large_image\" \/>\n<meta name=\"twitter:label1\" content=\"Gesch\u00e4tzte Lesezeit\" \/>\n\t<meta name=\"twitter:data1\" content=\"1\u00a0Minute\" \/>\n<script type=\"application\/ld+json\" class=\"yoast-schema-graph\">{\"@context\":\"https:\\\/\\\/schema.org\",\"@graph\":[{\"@type\":\"WebPage\",\"@id\":\"https:\\\/\\\/www.nestwaerme.org\\\/lu\\\/impressum\\\/\",\"url\":\"https:\\\/\\\/www.nestwaerme.org\\\/lu\\\/impressum\\\/\",\"name\":\"Impressum nestw\u00e4rme Luxemburg - nestw\u00e4rme Luxemburg\",\"isPartOf\":{\"@id\":\"https:\\\/\\\/www.nestwaerme.org\\\/lu\\\/#website\"},\"datePublished\":\"2023-07-21T14:15:44+00:00\",\"dateModified\":\"2023-10-04T10:30:12+00:00\",\"description\":\"Impressum. Verantwortlich f\u00fcr den Inhalt: nestw\u00e4rme Luxembourg asbl, 46, Grande Rue 6630 Wasserbillig, Luxembourg\",\"breadcrumb\":{\"@id\":\"https:\\\/\\\/www.nestwaerme.org\\\/lu\\\/impressum\\\/#breadcrumb\"},\"inLanguage\":\"de\",\"potentialAction\":[{\"@type\":\"ReadAction\",\"target\":[\"https:\\\/\\\/www.nestwaerme.org\\\/lu\\\/impressum\\\/\"]}]},{\"@type\":\"BreadcrumbList\",\"@id\":\"https:\\\/\\\/www.nestwaerme.org\\\/lu\\\/impressum\\\/#breadcrumb\",\"itemListElement\":[{\"@type\":\"ListItem\",\"position\":1,\"name\":\"Startseite\",\"item\":\"https:\\\/\\\/www.nestwaerme.org\\\/lu\\\/\"},{\"@type\":\"ListItem\",\"position\":2,\"name\":\"Impressum\"}]},{\"@type\":\"WebSite\",\"@id\":\"https:\\\/\\\/www.nestwaerme.org\\\/lu\\\/#website\",\"url\":\"https:\\\/\\\/www.nestwaerme.org\\\/lu\\\/\",\"name\":\"nestw\u00e4rme Luxemburg\",\"description\":\"\",\"potentialAction\":[{\"@type\":\"SearchAction\",\"target\":{\"@type\":\"EntryPoint\",\"urlTemplate\":\"https:\\\/\\\/www.nestwaerme.org\\\/lu\\\/?s={search_term_string}\"},\"query-input\":{\"@type\":\"PropertyValueSpecification\",\"valueRequired\":true,\"valueName\":\"search_term_string\"}}],\"inLanguage\":\"de\"}]}<\/script>\n<!-- \/ Yoast SEO plugin. -->","yoast_head_json":{"title":"Impressum nestw\u00e4rme Luxemburg - nestw\u00e4rme Luxemburg","description":"Impressum. Verantwortlich f\u00fcr den Inhalt: nestw\u00e4rme Luxembourg asbl, 46, Grande Rue 6630 Wasserbillig, Luxembourg","robots":{"index":"noindex","follow":"follow","max-snippet":"max-snippet:-1","max-image-preview":"max-image-preview:large","max-video-preview":"max-video-preview:-1"},"og_locale":"de_DE","og_type":"article","og_title":"Impressum nestw\u00e4rme Luxemburg - nestw\u00e4rme Luxemburg","og_description":"Impressum. Verantwortlich f\u00fcr den Inhalt: nestw\u00e4rme Luxembourg asbl, 46, Grande Rue 6630 Wasserbillig, Luxembourg","og_url":"https:\/\/www.nestwaerme.org\/lu\/impressum\/","og_site_name":"nestw\u00e4rme Luxemburg","article_modified_time":"2023-10-04T10:30:12+00:00","twitter_card":"summary_large_image","twitter_misc":{"Gesch\u00e4tzte Lesezeit":"1\u00a0Minute"},"schema":{"@context":"https:\/\/schema.org","@graph":[{"@type":"WebPage","@id":"https:\/\/www.nestwaerme.org\/lu\/impressum\/","url":"https:\/\/www.nestwaerme.org\/lu\/impressum\/","name":"Impressum nestw\u00e4rme Luxemburg - nestw\u00e4rme Luxemburg","isPartOf":{"@id":"https:\/\/www.nestwaerme.org\/lu\/#website"},"datePublished":"2023-07-21T14:15:44+00:00","dateModified":"2023-10-04T10:30:12+00:00","description":"Impressum. Verantwortlich f\u00fcr den Inhalt: nestw\u00e4rme Luxembourg asbl, 46, Grande Rue 6630 Wasserbillig, Luxembourg","breadcrumb":{"@id":"https:\/\/www.nestwaerme.org\/lu\/impressum\/#breadcrumb"},"inLanguage":"de","potentialAction":[{"@type":"ReadAction","target":["https:\/\/www.nestwaerme.org\/lu\/impressum\/"]}]},{"@type":"BreadcrumbList","@id":"https:\/\/www.nestwaerme.org\/lu\/impressum\/#breadcrumb","itemListElement":[{"@type":"ListItem","position":1,"name":"Startseite","item":"https:\/\/www.nestwaerme.org\/lu\/"},{"@type":"ListItem","position":2,"name":"Impressum"}]},{"@type":"WebSite","@id":"https:\/\/www.nestwaerme.org\/lu\/#website","url":"https:\/\/www.nestwaerme.org\/lu\/","name":"nestw\u00e4rme Luxemburg","description":"","potentialAction":[{"@type":"SearchAction","target":{"@type":"EntryPoint","urlTemplate":"https:\/\/www.nestwaerme.org\/lu\/?s={search_term_string}"},"query-input":{"@type":"PropertyValueSpecification","valueRequired":true,"valueName":"search_term_string"}}],"inLanguage":"de"}]}},"_links":{"self":[{"href":"https:\/\/www.nestwaerme.org\/lu\/wp-json\/wp\/v2\/pages\/341","targetHints":{"allow":["GET"]}}],"collection":[{"href":"https:\/\/www.nestwaerme.org\/lu\/wp-json\/wp\/v2\/pages"}],"about":[{"href":"https:\/\/www.nestwaerme.org\/lu\/wp-json\/wp\/v2\/types\/page"}],"author":[{"embeddable":true,"href":"https:\/\/www.nestwaerme.org\/lu\/wp-json\/wp\/v2\/users\/1"}],"replies":[{"embeddable":true,"href":"https:\/\/www.nestwaerme.org\/lu\/wp-json\/wp\/v2\/comments?post=341"}],"version-history":[{"count":3,"href":"https:\/\/www.nestwaerme.org\/lu\/wp-json\/wp\/v2\/pages\/341\/revisions"}],"predecessor-version":[{"id":565,"href":"https:\/\/www.nestwaerme.org\/lu\/wp-json\/wp\/v2\/pages\/341\/revisions\/565"}],"wp:attachment":[{"href":"https:\/\/www.nestwaerme.org\/lu\/wp-json\/wp\/v2\/media?parent=341"}],"curies":[{"name":"wp","href":"https:\/\/api.w.org\/{rel}","templated":true}]}}