{"id":970,"date":"2025-04-10T08:18:35","date_gmt":"2025-04-10T06:18:35","guid":{"rendered":"https:\/\/www.nestwaerme.org\/lu\/?page_id=970"},"modified":"2025-04-10T08:57:39","modified_gmt":"2025-04-10T06:57:39","slug":"careyoo","status":"publish","type":"page","link":"https:\/\/www.nestwaerme.org\/lu\/akademie\/careyoo\/","title":{"rendered":"careyoo"},"content":{"rendered":"\n<p>careyoo ist ein Angebot rund um das Thema seelische Gesundheit und Selbstf\u00fcrsorge \u2013 speziell entwickelt f\u00fcr Familien von Kindern mit Beeintr\u00e4chtigung, ehrenamtlich Engagierte sowie Menschen in herausfordernden Lebenssituationen.<\/p>\n\n\n\n<p>&#8211;<\/p>\n\n\n\n<p>careyoo est une offre autour du th\u00e8me de la sant\u00e9 mentale et des soins personnels &#8211; sp\u00e9cialement con\u00e7ue pour les familles avec des enfants \u00e0 besoins sp\u00e9cifiques, les b\u00e9n\u00e9voles et les personnes en situation de d\u00e9fi.<\/p>\n\n\n\n<figure class=\"wp-block-image size-large\"><img loading=\"lazy\" decoding=\"async\" width=\"1024\" height=\"722\" src=\"https:\/\/www.nestwaerme.org\/lu\/wp-content\/uploads\/sites\/4\/2025\/04\/careyoo_Titelbild_Plattform-1024x722.webp\" alt=\"\" class=\"wp-image-971\" srcset=\"https:\/\/www.nestwaerme.org\/lu\/wp-content\/uploads\/sites\/4\/2025\/04\/careyoo_Titelbild_Plattform-1024x722.webp 1024w, https:\/\/www.nestwaerme.org\/lu\/wp-content\/uploads\/sites\/4\/2025\/04\/careyoo_Titelbild_Plattform-300x212.webp 300w, https:\/\/www.nestwaerme.org\/lu\/wp-content\/uploads\/sites\/4\/2025\/04\/careyoo_Titelbild_Plattform-768x541.webp 768w, https:\/\/www.nestwaerme.org\/lu\/wp-content\/uploads\/sites\/4\/2025\/04\/careyoo_Titelbild_Plattform-431x304.webp 431w, https:\/\/www.nestwaerme.org\/lu\/wp-content\/uploads\/sites\/4\/2025\/04\/careyoo_Titelbild_Plattform-716x505.webp 716w, https:\/\/www.nestwaerme.org\/lu\/wp-content\/uploads\/sites\/4\/2025\/04\/careyoo_Titelbild_Plattform-780x550.webp 780w\" sizes=\"auto, (max-width: 800px) 100vw, 800px\" \/><\/figure>\n","protected":false},"excerpt":{"rendered":"<p>careyoo ist ein Angebot rund um das Thema seelische Gesundheit und Selbstf\u00fcrsorge \u2013 speziell entwickelt f\u00fcr Familien von Kindern mit Beeintr\u00e4chtigung, ehrenamtlich Engagierte sowie Menschen in herausfordernden Lebenssituationen. &#8211; careyoo est une offre autour du th\u00e8me de la sant\u00e9 mentale et des soins personnels &#8211; sp\u00e9cialement con\u00e7ue pour les familles avec des enfants \u00e0 besoins&hellip;<\/p>\n","protected":false},"author":1,"featured_media":0,"parent":965,"menu_order":100,"comment_status":"closed","ping_status":"closed","template":"","meta":{"_acf_changed":false,"footnotes":""},"class_list":{"2":"type-page"},"acf":[],"yoast_head":"<!-- This site is optimized with the Yoast SEO plugin v27.4 - https:\/\/yoast.com\/product\/yoast-seo-wordpress\/ -->\n<title>careyoo - nestw\u00e4rme Luxemburg<\/title>\n<meta name=\"robots\" content=\"noindex, follow, max-snippet:-1, max-image-preview:large, max-video-preview:-1\" \/>\n<meta property=\"og:locale\" content=\"de_DE\" \/>\n<meta property=\"og:type\" content=\"article\" \/>\n<meta property=\"og:title\" content=\"careyoo - nestw\u00e4rme Luxemburg\" \/>\n<meta property=\"og:description\" content=\"careyoo ist ein Angebot rund um das Thema seelische Gesundheit und Selbstf\u00fcrsorge \u2013 speziell entwickelt f\u00fcr Familien von Kindern mit Beeintr\u00e4chtigung, ehrenamtlich Engagierte sowie Menschen in herausfordernden Lebenssituationen. &#8211; careyoo est une offre autour du th\u00e8me de la sant\u00e9 mentale et des soins personnels &#8211; sp\u00e9cialement con\u00e7ue pour les familles avec des enfants \u00e0 besoins&hellip;\" \/>\n<meta property=\"og:url\" content=\"https:\/\/www.nestwaerme.org\/lu\/akademie\/careyoo\/\" \/>\n<meta property=\"og:site_name\" content=\"nestw\u00e4rme Luxemburg\" \/>\n<meta property=\"article:modified_time\" content=\"2025-04-10T06:57:39+00:00\" \/>\n<meta property=\"og:image\" content=\"https:\/\/www.nestwaerme.org\/lu\/wp-content\/uploads\/sites\/4\/2025\/04\/careyoo_Titelbild_Plattform.webp\" \/>\n\t<meta property=\"og:image:width\" content=\"2400\" \/>\n\t<meta property=\"og:image:height\" content=\"1692\" \/>\n\t<meta property=\"og:image:type\" content=\"image\/webp\" \/>\n<meta name=\"twitter:card\" content=\"summary_large_image\" \/>\n<meta name=\"twitter:label1\" content=\"Gesch\u00e4tzte Lesezeit\" \/>\n\t<meta name=\"twitter:data1\" content=\"1\u00a0Minute\" \/>\n<script type=\"application\/ld+json\" class=\"yoast-schema-graph\">{\"@context\":\"https:\\\/\\\/schema.org\",\"@graph\":[{\"@type\":\"WebPage\",\"@id\":\"https:\\\/\\\/www.nestwaerme.org\\\/lu\\\/akademie\\\/careyoo\\\/\",\"url\":\"https:\\\/\\\/www.nestwaerme.org\\\/lu\\\/akademie\\\/careyoo\\\/\",\"name\":\"careyoo - nestw\u00e4rme Luxemburg\",\"isPartOf\":{\"@id\":\"https:\\\/\\\/www.nestwaerme.org\\\/lu\\\/#website\"},\"primaryImageOfPage\":{\"@id\":\"https:\\\/\\\/www.nestwaerme.org\\\/lu\\\/akademie\\\/careyoo\\\/#primaryimage\"},\"image\":{\"@id\":\"https:\\\/\\\/www.nestwaerme.org\\\/lu\\\/akademie\\\/careyoo\\\/#primaryimage\"},\"thumbnailUrl\":\"https:\\\/\\\/www.nestwaerme.org\\\/lu\\\/wp-content\\\/uploads\\\/sites\\\/4\\\/2025\\\/04\\\/careyoo_Titelbild_Plattform-1024x722.webp\",\"datePublished\":\"2025-04-10T06:18:35+00:00\",\"dateModified\":\"2025-04-10T06:57:39+00:00\",\"breadcrumb\":{\"@id\":\"https:\\\/\\\/www.nestwaerme.org\\\/lu\\\/akademie\\\/careyoo\\\/#breadcrumb\"},\"inLanguage\":\"de\",\"potentialAction\":[{\"@type\":\"ReadAction\",\"target\":[\"https:\\\/\\\/www.nestwaerme.org\\\/lu\\\/akademie\\\/careyoo\\\/\"]}]},{\"@type\":\"ImageObject\",\"inLanguage\":\"de\",\"@id\":\"https:\\\/\\\/www.nestwaerme.org\\\/lu\\\/akademie\\\/careyoo\\\/#primaryimage\",\"url\":\"https:\\\/\\\/www.nestwaerme.org\\\/lu\\\/wp-content\\\/uploads\\\/sites\\\/4\\\/2025\\\/04\\\/careyoo_Titelbild_Plattform.webp\",\"contentUrl\":\"https:\\\/\\\/www.nestwaerme.org\\\/lu\\\/wp-content\\\/uploads\\\/sites\\\/4\\\/2025\\\/04\\\/careyoo_Titelbild_Plattform.webp\",\"width\":2400,\"height\":1692},{\"@type\":\"BreadcrumbList\",\"@id\":\"https:\\\/\\\/www.nestwaerme.org\\\/lu\\\/akademie\\\/careyoo\\\/#breadcrumb\",\"itemListElement\":[{\"@type\":\"ListItem\",\"position\":1,\"name\":\"Startseite\",\"item\":\"https:\\\/\\\/www.nestwaerme.org\\\/lu\\\/\"},{\"@type\":\"ListItem\",\"position\":2,\"name\":\"Akademie\",\"item\":\"https:\\\/\\\/www.nestwaerme.org\\\/lu\\\/akademie\\\/\"},{\"@type\":\"ListItem\",\"position\":3,\"name\":\"careyoo\"}]},{\"@type\":\"WebSite\",\"@id\":\"https:\\\/\\\/www.nestwaerme.org\\\/lu\\\/#website\",\"url\":\"https:\\\/\\\/www.nestwaerme.org\\\/lu\\\/\",\"name\":\"nestw\u00e4rme Luxemburg\",\"description\":\"\",\"potentialAction\":[{\"@type\":\"SearchAction\",\"target\":{\"@type\":\"EntryPoint\",\"urlTemplate\":\"https:\\\/\\\/www.nestwaerme.org\\\/lu\\\/?s={search_term_string}\"},\"query-input\":{\"@type\":\"PropertyValueSpecification\",\"valueRequired\":true,\"valueName\":\"search_term_string\"}}],\"inLanguage\":\"de\"}]}<\/script>\n<!-- \/ Yoast SEO plugin. -->","yoast_head_json":{"title":"careyoo - nestw\u00e4rme Luxemburg","robots":{"index":"noindex","follow":"follow","max-snippet":"max-snippet:-1","max-image-preview":"max-image-preview:large","max-video-preview":"max-video-preview:-1"},"og_locale":"de_DE","og_type":"article","og_title":"careyoo - nestw\u00e4rme Luxemburg","og_description":"careyoo ist ein Angebot rund um das Thema seelische Gesundheit und Selbstf\u00fcrsorge \u2013 speziell entwickelt f\u00fcr Familien von Kindern mit Beeintr\u00e4chtigung, ehrenamtlich Engagierte sowie Menschen in herausfordernden Lebenssituationen. &#8211; careyoo est une offre autour du th\u00e8me de la sant\u00e9 mentale et des soins personnels &#8211; sp\u00e9cialement con\u00e7ue pour les familles avec des enfants \u00e0 besoins&hellip;","og_url":"https:\/\/www.nestwaerme.org\/lu\/akademie\/careyoo\/","og_site_name":"nestw\u00e4rme Luxemburg","article_modified_time":"2025-04-10T06:57:39+00:00","og_image":[{"width":2400,"height":1692,"url":"https:\/\/www.nestwaerme.org\/lu\/wp-content\/uploads\/sites\/4\/2025\/04\/careyoo_Titelbild_Plattform.webp","type":"image\/webp"}],"twitter_card":"summary_large_image","twitter_misc":{"Gesch\u00e4tzte Lesezeit":"1\u00a0Minute"},"schema":{"@context":"https:\/\/schema.org","@graph":[{"@type":"WebPage","@id":"https:\/\/www.nestwaerme.org\/lu\/akademie\/careyoo\/","url":"https:\/\/www.nestwaerme.org\/lu\/akademie\/careyoo\/","name":"careyoo - nestw\u00e4rme Luxemburg","isPartOf":{"@id":"https:\/\/www.nestwaerme.org\/lu\/#website"},"primaryImageOfPage":{"@id":"https:\/\/www.nestwaerme.org\/lu\/akademie\/careyoo\/#primaryimage"},"image":{"@id":"https:\/\/www.nestwaerme.org\/lu\/akademie\/careyoo\/#primaryimage"},"thumbnailUrl":"https:\/\/www.nestwaerme.org\/lu\/wp-content\/uploads\/sites\/4\/2025\/04\/careyoo_Titelbild_Plattform-1024x722.webp","datePublished":"2025-04-10T06:18:35+00:00","dateModified":"2025-04-10T06:57:39+00:00","breadcrumb":{"@id":"https:\/\/www.nestwaerme.org\/lu\/akademie\/careyoo\/#breadcrumb"},"inLanguage":"de","potentialAction":[{"@type":"ReadAction","target":["https:\/\/www.nestwaerme.org\/lu\/akademie\/careyoo\/"]}]},{"@type":"ImageObject","inLanguage":"de","@id":"https:\/\/www.nestwaerme.org\/lu\/akademie\/careyoo\/#primaryimage","url":"https:\/\/www.nestwaerme.org\/lu\/wp-content\/uploads\/sites\/4\/2025\/04\/careyoo_Titelbild_Plattform.webp","contentUrl":"https:\/\/www.nestwaerme.org\/lu\/wp-content\/uploads\/sites\/4\/2025\/04\/careyoo_Titelbild_Plattform.webp","width":2400,"height":1692},{"@type":"BreadcrumbList","@id":"https:\/\/www.nestwaerme.org\/lu\/akademie\/careyoo\/#breadcrumb","itemListElement":[{"@type":"ListItem","position":1,"name":"Startseite","item":"https:\/\/www.nestwaerme.org\/lu\/"},{"@type":"ListItem","position":2,"name":"Akademie","item":"https:\/\/www.nestwaerme.org\/lu\/akademie\/"},{"@type":"ListItem","position":3,"name":"careyoo"}]},{"@type":"WebSite","@id":"https:\/\/www.nestwaerme.org\/lu\/#website","url":"https:\/\/www.nestwaerme.org\/lu\/","name":"nestw\u00e4rme Luxemburg","description":"","potentialAction":[{"@type":"SearchAction","target":{"@type":"EntryPoint","urlTemplate":"https:\/\/www.nestwaerme.org\/lu\/?s={search_term_string}"},"query-input":{"@type":"PropertyValueSpecification","valueRequired":true,"valueName":"search_term_string"}}],"inLanguage":"de"}]}},"_links":{"self":[{"href":"https:\/\/www.nestwaerme.org\/lu\/wp-json\/wp\/v2\/pages\/970","targetHints":{"allow":["GET"]}}],"collection":[{"href":"https:\/\/www.nestwaerme.org\/lu\/wp-json\/wp\/v2\/pages"}],"about":[{"href":"https:\/\/www.nestwaerme.org\/lu\/wp-json\/wp\/v2\/types\/page"}],"author":[{"embeddable":true,"href":"https:\/\/www.nestwaerme.org\/lu\/wp-json\/wp\/v2\/users\/1"}],"replies":[{"embeddable":true,"href":"https:\/\/www.nestwaerme.org\/lu\/wp-json\/wp\/v2\/comments?post=970"}],"version-history":[{"count":3,"href":"https:\/\/www.nestwaerme.org\/lu\/wp-json\/wp\/v2\/pages\/970\/revisions"}],"predecessor-version":[{"id":981,"href":"https:\/\/www.nestwaerme.org\/lu\/wp-json\/wp\/v2\/pages\/970\/revisions\/981"}],"up":[{"embeddable":true,"href":"https:\/\/www.nestwaerme.org\/lu\/wp-json\/wp\/v2\/pages\/965"}],"wp:attachment":[{"href":"https:\/\/www.nestwaerme.org\/lu\/wp-json\/wp\/v2\/media?parent=970"}],"curies":[{"name":"wp","href":"https:\/\/api.w.org\/{rel}","templated":true}]}}