{"id":998,"date":"2025-04-10T13:45:33","date_gmt":"2025-04-10T11:45:33","guid":{"rendered":"https:\/\/www.nestwaerme.org\/lu\/?page_id=998"},"modified":"2025-04-16T16:24:32","modified_gmt":"2025-04-16T14:24:32","slug":"e-learning","status":"publish","type":"page","link":"https:\/\/www.nestwaerme.org\/lu\/akademie\/careyoo\/e-learning\/","title":{"rendered":"careyoo e-learning"},"content":{"rendered":"\n<p>Wir wissen, dass du wenig Zeit hast. Dank kurzer, zeitlich flexibler Module l\u00e4sst sich careyoo wunderbar in deinen Alltag integrieren. Nur wenige Minuten am Tag helfen dir bereits Stress abzubauen. Neben vielen Microlerneinheiten findest du au\u00dferdem die M\u00f6glichkeit, dich mit der careyoo Community auszutauschen. Fabienne und Claudia begleiten dich dabei.<\/p>\n\n\n\n<div class=\"wp-block-buttons is-layout-flex wp-block-buttons-is-layout-flex\">\n<div class=\"wp-block-button\"><a class=\"wp-block-button__link wp-element-button\" href=\"https:\/\/www.careyoo.org\/\" target=\"_blank\" rel=\" noreferrer noopener nofollow\"><svg width=\"21\" height=\"21\" aria-hidden=\"true\" role=\"img\" focusable=\"false\"><use href=\"#utility-arrow-right-heavy\"><\/use><\/svg>Zu careyoo<\/a><\/div>\n<\/div>\n\n\n\n<p>&#8211;<\/p>\n\n\n\n<p>Nous savons que tu as peu de temps. Gr\u00e2ce \u00e0 des modules courts et flexibles, careyoo s&#8217;int\u00e8gre parfaitement dans ton quotidien. Quelques minutes par jour seulement t&#8217;aident d\u00e9j\u00e0 \u00e0 r\u00e9duire ton stress. En plus de nombreuses micro-unit\u00e9s d&#8217;apprentissage, tu trouveras \u00e9galement la possibilit\u00e9 d&#8217;\u00e9changer avec la communaut\u00e9 careyoo. Tu sera accompagne de Fabienne<\/p>\n\n\n\n<div class=\"wp-block-buttons is-layout-flex wp-block-buttons-is-layout-flex\">\n<div class=\"wp-block-button\"><a class=\"wp-block-button__link wp-element-button\" href=\"https:\/\/www.careyoo.org\/fr\/\" target=\"_blank\" rel=\" noreferrer noopener nofollow\"><svg width=\"21\" height=\"21\" aria-hidden=\"true\" role=\"img\" focusable=\"false\"><use href=\"#utility-arrow-right-heavy\"><\/use><\/svg>vers careyoo<\/a><\/div>\n<\/div>\n","protected":false},"excerpt":{"rendered":"<p>Wir wissen, dass du wenig Zeit hast. Dank kurzer, zeitlich flexibler Module l\u00e4sst sich careyoo wunderbar in deinen Alltag integrieren. Nur wenige Minuten am Tag helfen dir bereits Stress abzubauen. Neben vielen Microlerneinheiten findest du au\u00dferdem die M\u00f6glichkeit, dich mit der careyoo Community auszutauschen. Fabienne und Claudia begleiten dich dabei. &#8211; Nous savons que tu&hellip;<\/p>\n","protected":false},"author":1,"featured_media":0,"parent":970,"menu_order":100,"comment_status":"closed","ping_status":"closed","template":"","meta":{"_acf_changed":false,"footnotes":""},"class_list":{"2":"type-page"},"acf":[],"yoast_head":"<!-- This site is optimized with the Yoast SEO plugin v27.4 - https:\/\/yoast.com\/product\/yoast-seo-wordpress\/ -->\n<title>careyoo e-learning - nestw\u00e4rme Luxemburg<\/title>\n<meta name=\"robots\" content=\"noindex, follow, max-snippet:-1, max-image-preview:large, max-video-preview:-1\" \/>\n<meta property=\"og:locale\" content=\"de_DE\" \/>\n<meta property=\"og:type\" content=\"article\" \/>\n<meta property=\"og:title\" content=\"careyoo e-learning - nestw\u00e4rme Luxemburg\" \/>\n<meta property=\"og:description\" content=\"Wir wissen, dass du wenig Zeit hast. Dank kurzer, zeitlich flexibler Module l\u00e4sst sich careyoo wunderbar in deinen Alltag integrieren. Nur wenige Minuten am Tag helfen dir bereits Stress abzubauen. Neben vielen Microlerneinheiten findest du au\u00dferdem die M\u00f6glichkeit, dich mit der careyoo Community auszutauschen. Fabienne und Claudia begleiten dich dabei. &#8211; Nous savons que tu&hellip;\" \/>\n<meta property=\"og:url\" content=\"https:\/\/www.nestwaerme.org\/lu\/akademie\/careyoo\/e-learning\/\" \/>\n<meta property=\"og:site_name\" content=\"nestw\u00e4rme Luxemburg\" \/>\n<meta property=\"article:modified_time\" content=\"2025-04-16T14:24:32+00:00\" \/>\n<meta name=\"twitter:card\" content=\"summary_large_image\" \/>\n<meta name=\"twitter:label1\" content=\"Gesch\u00e4tzte Lesezeit\" \/>\n\t<meta name=\"twitter:data1\" content=\"1\u00a0Minute\" \/>\n<script type=\"application\/ld+json\" class=\"yoast-schema-graph\">{\"@context\":\"https:\\\/\\\/schema.org\",\"@graph\":[{\"@type\":\"WebPage\",\"@id\":\"https:\\\/\\\/www.nestwaerme.org\\\/lu\\\/akademie\\\/careyoo\\\/e-learning\\\/\",\"url\":\"https:\\\/\\\/www.nestwaerme.org\\\/lu\\\/akademie\\\/careyoo\\\/e-learning\\\/\",\"name\":\"careyoo e-learning - nestw\u00e4rme Luxemburg\",\"isPartOf\":{\"@id\":\"https:\\\/\\\/www.nestwaerme.org\\\/lu\\\/#website\"},\"datePublished\":\"2025-04-10T11:45:33+00:00\",\"dateModified\":\"2025-04-16T14:24:32+00:00\",\"breadcrumb\":{\"@id\":\"https:\\\/\\\/www.nestwaerme.org\\\/lu\\\/akademie\\\/careyoo\\\/e-learning\\\/#breadcrumb\"},\"inLanguage\":\"de\",\"potentialAction\":[{\"@type\":\"ReadAction\",\"target\":[\"https:\\\/\\\/www.nestwaerme.org\\\/lu\\\/akademie\\\/careyoo\\\/e-learning\\\/\"]}]},{\"@type\":\"BreadcrumbList\",\"@id\":\"https:\\\/\\\/www.nestwaerme.org\\\/lu\\\/akademie\\\/careyoo\\\/e-learning\\\/#breadcrumb\",\"itemListElement\":[{\"@type\":\"ListItem\",\"position\":1,\"name\":\"Startseite\",\"item\":\"https:\\\/\\\/www.nestwaerme.org\\\/lu\\\/\"},{\"@type\":\"ListItem\",\"position\":2,\"name\":\"Akademie\",\"item\":\"https:\\\/\\\/www.nestwaerme.org\\\/lu\\\/akademie\\\/\"},{\"@type\":\"ListItem\",\"position\":3,\"name\":\"careyoo\",\"item\":\"https:\\\/\\\/www.nestwaerme.org\\\/lu\\\/akademie\\\/careyoo\\\/\"},{\"@type\":\"ListItem\",\"position\":4,\"name\":\"careyoo e-learning\"}]},{\"@type\":\"WebSite\",\"@id\":\"https:\\\/\\\/www.nestwaerme.org\\\/lu\\\/#website\",\"url\":\"https:\\\/\\\/www.nestwaerme.org\\\/lu\\\/\",\"name\":\"nestw\u00e4rme Luxemburg\",\"description\":\"\",\"potentialAction\":[{\"@type\":\"SearchAction\",\"target\":{\"@type\":\"EntryPoint\",\"urlTemplate\":\"https:\\\/\\\/www.nestwaerme.org\\\/lu\\\/?s={search_term_string}\"},\"query-input\":{\"@type\":\"PropertyValueSpecification\",\"valueRequired\":true,\"valueName\":\"search_term_string\"}}],\"inLanguage\":\"de\"}]}<\/script>\n<!-- \/ Yoast SEO plugin. -->","yoast_head_json":{"title":"careyoo e-learning - nestw\u00e4rme Luxemburg","robots":{"index":"noindex","follow":"follow","max-snippet":"max-snippet:-1","max-image-preview":"max-image-preview:large","max-video-preview":"max-video-preview:-1"},"og_locale":"de_DE","og_type":"article","og_title":"careyoo e-learning - nestw\u00e4rme Luxemburg","og_description":"Wir wissen, dass du wenig Zeit hast. Dank kurzer, zeitlich flexibler Module l\u00e4sst sich careyoo wunderbar in deinen Alltag integrieren. Nur wenige Minuten am Tag helfen dir bereits Stress abzubauen. Neben vielen Microlerneinheiten findest du au\u00dferdem die M\u00f6glichkeit, dich mit der careyoo Community auszutauschen. Fabienne und Claudia begleiten dich dabei. &#8211; Nous savons que tu&hellip;","og_url":"https:\/\/www.nestwaerme.org\/lu\/akademie\/careyoo\/e-learning\/","og_site_name":"nestw\u00e4rme Luxemburg","article_modified_time":"2025-04-16T14:24:32+00:00","twitter_card":"summary_large_image","twitter_misc":{"Gesch\u00e4tzte Lesezeit":"1\u00a0Minute"},"schema":{"@context":"https:\/\/schema.org","@graph":[{"@type":"WebPage","@id":"https:\/\/www.nestwaerme.org\/lu\/akademie\/careyoo\/e-learning\/","url":"https:\/\/www.nestwaerme.org\/lu\/akademie\/careyoo\/e-learning\/","name":"careyoo e-learning - nestw\u00e4rme Luxemburg","isPartOf":{"@id":"https:\/\/www.nestwaerme.org\/lu\/#website"},"datePublished":"2025-04-10T11:45:33+00:00","dateModified":"2025-04-16T14:24:32+00:00","breadcrumb":{"@id":"https:\/\/www.nestwaerme.org\/lu\/akademie\/careyoo\/e-learning\/#breadcrumb"},"inLanguage":"de","potentialAction":[{"@type":"ReadAction","target":["https:\/\/www.nestwaerme.org\/lu\/akademie\/careyoo\/e-learning\/"]}]},{"@type":"BreadcrumbList","@id":"https:\/\/www.nestwaerme.org\/lu\/akademie\/careyoo\/e-learning\/#breadcrumb","itemListElement":[{"@type":"ListItem","position":1,"name":"Startseite","item":"https:\/\/www.nestwaerme.org\/lu\/"},{"@type":"ListItem","position":2,"name":"Akademie","item":"https:\/\/www.nestwaerme.org\/lu\/akademie\/"},{"@type":"ListItem","position":3,"name":"careyoo","item":"https:\/\/www.nestwaerme.org\/lu\/akademie\/careyoo\/"},{"@type":"ListItem","position":4,"name":"careyoo e-learning"}]},{"@type":"WebSite","@id":"https:\/\/www.nestwaerme.org\/lu\/#website","url":"https:\/\/www.nestwaerme.org\/lu\/","name":"nestw\u00e4rme Luxemburg","description":"","potentialAction":[{"@type":"SearchAction","target":{"@type":"EntryPoint","urlTemplate":"https:\/\/www.nestwaerme.org\/lu\/?s={search_term_string}"},"query-input":{"@type":"PropertyValueSpecification","valueRequired":true,"valueName":"search_term_string"}}],"inLanguage":"de"}]}},"_links":{"self":[{"href":"https:\/\/www.nestwaerme.org\/lu\/wp-json\/wp\/v2\/pages\/998","targetHints":{"allow":["GET"]}}],"collection":[{"href":"https:\/\/www.nestwaerme.org\/lu\/wp-json\/wp\/v2\/pages"}],"about":[{"href":"https:\/\/www.nestwaerme.org\/lu\/wp-json\/wp\/v2\/types\/page"}],"author":[{"embeddable":true,"href":"https:\/\/www.nestwaerme.org\/lu\/wp-json\/wp\/v2\/users\/1"}],"replies":[{"embeddable":true,"href":"https:\/\/www.nestwaerme.org\/lu\/wp-json\/wp\/v2\/comments?post=998"}],"version-history":[{"count":3,"href":"https:\/\/www.nestwaerme.org\/lu\/wp-json\/wp\/v2\/pages\/998\/revisions"}],"predecessor-version":[{"id":1011,"href":"https:\/\/www.nestwaerme.org\/lu\/wp-json\/wp\/v2\/pages\/998\/revisions\/1011"}],"up":[{"embeddable":true,"href":"https:\/\/www.nestwaerme.org\/lu\/wp-json\/wp\/v2\/pages\/970"}],"wp:attachment":[{"href":"https:\/\/www.nestwaerme.org\/lu\/wp-json\/wp\/v2\/media?parent=998"}],"curies":[{"name":"wp","href":"https:\/\/api.w.org\/{rel}","templated":true}]}}